{"id":977,"date":"2025-06-24T13:34:19","date_gmt":"2025-06-24T10:34:19","guid":{"rendered":"https:\/\/egyptologytr.wordpress.com\/?page_id=977"},"modified":"2025-11-28T10:03:58","modified_gmt":"2025-11-28T10:03:58","slug":"antik-kasaba-ve-sehirler","status":"publish","type":"page","link":"https:\/\/egyptologyencyclopedia.org\/de\/antik-kasaba-ve-sehirler\/","title":{"rendered":"Antike St\u00e4dte und D\u00f6rfer"},"content":{"rendered":"<p class=\"has-black-color has-text-color has-link-color wp-elements-a31b71ee37c41aee11e49d447b208525\">Antik M\u0131s\u0131r&#8217;\u0131n 3.000 y\u0131l\u0131 a\u015fan tarihi boyunca, bilinen b\u00fcy\u00fck ba\u015fkentlerden hen\u00fcz ke\u015ffedilmemi\u015f veya modern \u015fehirlerin alt\u0131nda kalm\u0131\u015f binlerce k\u00fc\u00e7\u00fck kasaba ve k\u00f6ye kadar say\u0131s\u0131z yerle\u015fim yeri olmu\u015ftur. Bu nedenle, M\u0131s\u0131rbilimcilerin bile tam bir listesini \u00e7\u0131karamad\u0131\u011f\u0131 <em>b\u00fct\u00fcn<\/em> antik \u015fehirleri listelemek imkans\u0131zd\u0131r.<\/p>\n\n\n\n<p class=\"has-black-color has-text-color has-link-color wp-elements-c1ac881f96e15eca651079570eadfcf2\"><strong>Ancak, M\u0131s\u0131r tarihini \u015fekillendiren en \u00f6nemli idari (Nome\/B\u00f6lge ba\u015fkentleri), dini (k\u00fclt merkezleri) ve siyasi (krall\u0131k ba\u015fkentleri) merkezleri i\u00e7eren en kapsaml\u0131 tabloyu sizin i\u00e7in haz\u0131rlad\u0131k<\/strong><\/p>\n\n\n\n<p><\/p>\n\n\n\n<p class=\"has-black-color has-text-color has-link-color wp-elements-ec19a37e48347ee1defc70191c747cac\">Liste, M\u0131s\u0131r&#8217;\u0131n co\u011frafi yap\u0131s\u0131na g\u00f6re iki ana b\u00f6l\u00fcme ayr\u0131lm\u0131\u015ft\u0131r:<\/p>\n\n\n\n<p class=\"has-black-color has-text-color has-link-color wp-elements-7e3e6c8cfbd3d6a663db80a3d5e76d9d\"><strong>A\u015fa\u011f\u0131 M\u0131s\u0131r:<\/strong> Kuzeydeki verimli Nil Deltas\u0131 b\u00f6lgesi.<\/p>\n\n\n\n<p class=\"has-black-color has-text-color has-link-color wp-elements-84b9291bda4bf066ac7bb7d5be6af597\"><strong>Yukar\u0131 M\u0131s\u0131r:<\/strong> G\u00fcneydeki dar Nil Vadisi b\u00f6lgesi (Memfis&#8217;ten Asvan&#8217;a kadar).<\/p>\n\n\n\n<p><\/p>\n\n\n\n<p><strong>A\u015eA\u011eI MISIR (KUZEY \/ N\u0130L DELTASI)<\/strong><\/p>\n\n\n\n<figure class=\"wp-block-table is-style-stripes\"><table class=\"has-black-color has-text-color has-link-color has-fixed-layout\"><thead><tr><td><strong>Antik Ad\u0131 (M\u0131s\u0131r \/ Yunanca)<\/strong><\/td><td><strong>Modern Yeri (Arkeolojik Alan)<\/strong><\/td><td><strong>B\u00f6lge (Antik Nome)<\/strong><\/td><td><strong>Tarihsel \u00d6nemi \/ Notlar<\/strong><\/td><\/tr><\/thead><tbody><tr><td><strong>Ineb-Hedj \/ Memfis<\/strong><\/td><td>Mit Rahina<\/td><td>A\u015fa\u011f\u0131 M\u0131s\u0131r &#8211; 1. Nome<\/td><td>Eski Krall\u0131k&#8217;\u0131n ba\u015fkenti. M\u0131s\u0131r&#8217;\u0131n ilk birle\u015fik ba\u015fkenti.<\/td><\/tr><tr><td><strong>Iunu \/ Heliopolis<\/strong><\/td><td>Ain Shams (Kahire)<\/td><td>A\u015fa\u011f\u0131 M\u0131s\u0131r &#8211; 13. Nome<\/td><td>G\u00fcne\u015f tanr\u0131s\u0131 Ra k\u00fclt\u00fcn\u00fcn ana merkezi. En \u00f6nemli dini \u015fehirlerden biri.<\/td><\/tr><tr><td><strong>Saj \/ Sais<\/strong><\/td><td>Sa el-Hagar<\/td><td>A\u015fa\u011f\u0131 M\u0131s\u0131r &#8211; 5. Nome<\/td><td>24. ve 26. Hanedanlar\u0131n ba\u015fkenti (Ge\u00e7 D\u00f6nem). Neith k\u00fclt merkezi.<\/td><\/tr><tr><td><strong>Djedet \/ Mendes<\/strong><\/td><td>Tell el-Rub&#8217;a<\/td><td>A\u015fa\u011f\u0131 M\u0131s\u0131r &#8211; 16. Nome<\/td><td>29. Hanedan&#8217;\u0131n ba\u015fkenti. Ko\u00e7 tanr\u0131 Banebdjedet k\u00fclt merkezi.<\/td><\/tr><tr><td><strong>Per-Bastet \/ Bubastis<\/strong><\/td><td>Tell Basta<\/td><td>A\u015fa\u011f\u0131 M\u0131s\u0131r &#8211; 18. Nome<\/td><td>22. Hanedan&#8217;\u0131n (Libya) merkezi. Kedi tanr\u0131\u00e7a Bastet k\u00fclt\u00fc.<\/td><\/tr><tr><td><strong>Djanet \/ Tanis<\/strong><\/td><td>San el-Hagar<\/td><td>A\u015fa\u011f\u0131 M\u0131s\u0131r &#8211; 19. Nome<\/td><td>21. ve 22. Hanedanlar\u0131n ba\u015fkenti (\u00dc\u00e7\u00fcnc\u00fc Ara D\u00f6nem).<\/td><\/tr><tr><td><strong>Hut-waret \/ Avaris<\/strong><\/td><td>Tell el-Dab&#8217;a<\/td><td>A\u015fa\u011f\u0131 M\u0131s\u0131r &#8211; 14. Nome<\/td><td>Hiksoslar\u0131n (15. Hanedan) ba\u015fkenti.<\/td><\/tr><tr><td><strong>Per-Ramesses<\/strong><\/td><td>Qantir<\/td><td>A\u015fa\u011f\u0131 M\u0131s\u0131r &#8211; 19. Nome<\/td><td>Ramesses II taraf\u0131ndan kurulan Yeni Krall\u0131k ba\u015fkenti (Avaris&#8217;in yan\u0131).<\/td><\/tr><tr><td><strong>Tjel \/ Pelusium<\/strong><\/td><td>Tell el-Farama<\/td><td>A\u015fa\u011f\u0131 M\u0131s\u0131r &#8211; 14. Nome<\/td><td>M\u0131s\u0131r&#8217;\u0131n do\u011fu s\u0131n\u0131r\u0131ndaki en \u00f6nemli kale ve g\u00fcmr\u00fck \u015fehri.<\/td><\/tr><tr><td><strong>Tjebnutjer \/ Sebennytos<\/strong><\/td><td>Samannoud<\/td><td>A\u015fa\u011f\u0131 M\u0131s\u0131r &#8211; 12. Nome<\/td><td>30. Hanedan&#8217;\u0131n (son yerli hanedan) ba\u015fkenti.<\/td><\/tr><tr><td><strong>Naukratis<\/strong><\/td><td>Kom Gi&#8217;eif<\/td><td>A\u015fa\u011f\u0131 M\u0131s\u0131r &#8211; 7. Nome<\/td><td>Ge\u00e7 D\u00f6nem&#8217;de M\u0131s\u0131r&#8217;a yerle\u015fen Yunanl\u0131lar i\u00e7in kurulan ticaret kolonisi.<\/td><\/tr><tr><td><strong>Per-Wadjet \/ Buto<\/strong><\/td><td>Tell el-Fara&#8217;in<\/td><td>A\u015fa\u011f\u0131 M\u0131s\u0131r &#8211; 6. Nome<\/td><td>Hanedan \u00d6ncesi D\u00f6nem&#8217;de A\u015fa\u011f\u0131 M\u0131s\u0131r&#8217;\u0131n efsanevi ba\u015fkenti.<\/td><\/tr><tr><td><strong>Raqote \/ Alexandria (\u0130skenderiye)<\/strong><\/td><td>\u0130skenderiye<\/td><td>(Ptolemaios D\u00f6nemi)<\/td><td>B\u00fcy\u00fck \u0130skender taraf\u0131ndan kuruldu. Ptolemaios Hanedan\u0131&#8217;n\u0131n ba\u015fkenti.<\/td><\/tr><tr><td><strong>Thonis \/ Heracleion<\/strong><\/td><td>Ebu Kir K\u00f6rfezi (Sular alt\u0131nda)<\/td><td>A\u015fa\u011f\u0131 M\u0131s\u0131r<\/td><td>Ptolemaios \u00f6ncesi M\u0131s\u0131r&#8217;\u0131n Akdeniz&#8217;deki ana liman\u0131.<\/td><\/tr><tr><td><strong>Per-Atum \/ Pithom<\/strong><\/td><td>Tell el-Maskhuta<\/td><td>A\u015fa\u011f\u0131 M\u0131s\u0131r &#8211; 8. Nome<\/td><td>Ramesses II d\u00f6neminde in\u015fa edilen \u00f6nemli bir depo \u015fehir.<\/td><\/tr><tr><td><strong>Athribis<\/strong><\/td><td>Tell Atrib<\/td><td>A\u015fa\u011f\u0131 M\u0131s\u0131r &#8211; 10. Nome<\/td><td>\u00d6nemli bir idari merkez.<\/td><\/tr><tr><td><strong>Busiris<\/strong><\/td><td>Bana Abu Sir<\/td><td>A\u015fa\u011f\u0131 M\u0131s\u0131r &#8211; 9. Nome<\/td><td>\u00d6nemli bir Osiris k\u00fclt merkezi.<\/td><\/tr><tr><td><strong>Khaset \/ Xois<\/strong><\/td><td>Sakha<\/td><td>A\u015fa\u011f\u0131 M\u0131s\u0131r &#8211; 6. Nome<\/td><td>\u0130kinci Ara D\u00f6nem&#8217;de 14. Hanedan&#8217;\u0131n merkezi oldu\u011fu d\u00fc\u015f\u00fcn\u00fcl\u00fcr.<\/td><\/tr><tr><td><strong>Letopolis<\/strong><\/td><td>Kom Ausim<\/td><td>A\u015fa\u011f\u0131 M\u0131s\u0131r &#8211; 2. Nome<\/td><td>Eski bir dini merkez.<\/td><\/tr><\/tbody><\/table><\/figure>\n\n\n\n<ol start=\"1\" class=\"wp-block-list\"><\/ol>\n\n\n\n<p class=\"has-black-color has-text-color has-link-color wp-elements-d7fa1a48b4f35c3fbfd02a6060b1dab4\"><strong>YUKARI MISIR (G\u00dcNEY \/ N\u0130L VAD\u0130S\u0130)<\/strong><\/p>\n\n\n\n<figure class=\"wp-block-table is-style-stripes\"><table class=\"has-black-color has-text-color has-link-color has-fixed-layout\"><thead><tr><td><strong>Antik Ad\u0131 (M\u0131s\u0131r \/ Yunanca)<\/strong><\/td><td><strong>Modern Yeri (Arkeolojik Alan)<\/strong><\/td><td><strong>B\u00f6lge (Antik Nome)<\/strong><\/td><td><strong>Tarihsel \u00d6nemi \/ Notlar<\/strong><\/td><\/tr><\/thead><tbody><tr><td><strong>Waset \/ Thebes (Teb)<\/strong><\/td><td>Luksor \/ Karnak<\/td><td>Yukar\u0131 M\u0131s\u0131r &#8211; 4. Nome<\/td><td>Yeni Krall\u0131k&#8217;\u0131n ba\u015fkenti. Amon-Ra k\u00fclt\u00fcn\u00fcn merkezi. (Krallar Vadisi)<\/td><\/tr><tr><td><strong>Abdju \/ Abydos<\/strong><\/td><td>Umm el-Qa&#8217;ab<\/td><td>Yukar\u0131 M\u0131s\u0131r &#8211; 8. Nome<\/td><td>Osiris k\u00fclt\u00fcn\u00fcn ana merkezi. \u0130lk firavunlar\u0131n mezar yeri.<\/td><\/tr><tr><td><strong>Nekhen \/ Hierakonpolis<\/strong><\/td><td>Kom el-Ahmar<\/td><td>Yukar\u0131 M\u0131s\u0131r &#8211; 3. Nome<\/td><td>Hanedan \u00d6ncesi D\u00f6nem&#8217;de Yukar\u0131 M\u0131s\u0131r&#8217;\u0131n ba\u015fkenti. Birle\u015fme \u00f6ncesi krallar\u0131n merkezi.<\/td><\/tr><tr><td><strong>Akhetaten \/ Amarna<\/strong><\/td><td>Tell el-Amarna<\/td><td>Yukar\u0131 M\u0131s\u0131r<\/td><td>Firavun Akhenaten taraf\u0131ndan kurulan k\u0131sa s\u00fcreli ba\u015fkent (Aton k\u00fclt\u00fc).<\/td><\/tr><tr><td><strong>Iunet \/ Dendera<\/strong><\/td><td>Dendera<\/td><td>Yukar\u0131 M\u0131s\u0131r &#8211; 6. Nome<\/td><td>Hathor k\u00fclt\u00fcn\u00fcn ana merkezi. (Ptolemaios d\u00f6nemi tap\u0131na\u011f\u0131 ile \u00fcnl\u00fc).<\/td><\/tr><tr><td><strong>Behdet \/ Edfu (Apollinopolis Magna)<\/strong><\/td><td>Edfu<\/td><td>Yukar\u0131 M\u0131s\u0131r &#8211; 2. Nome<\/td><td>Horus k\u00fclt\u00fcn\u00fcn ana merkezi. (En iyi korunmu\u015f M\u0131s\u0131r tap\u0131na\u011f\u0131).<\/td><\/tr><tr><td><strong>Nubt \/ Kom Ombo (Ombos)<\/strong><\/td><td>Kom Ombo<\/td><td>Yukar\u0131 M\u0131s\u0131r &#8211; 1. Nome<\/td><td>Sobek (timsah) ve Haroeris (\u015fahin) tanr\u0131lar\u0131na adanm\u0131\u015f \u00e7ift tap\u0131nak.<\/td><\/tr><tr><td><strong>Abu \/ Elephantine<\/strong><\/td><td>Asvan<\/td><td>Yukar\u0131 M\u0131s\u0131r &#8211; 1. Nome<\/td><td>M\u0131s\u0131r&#8217;\u0131n Nubya s\u0131n\u0131r\u0131ndaki kalesi. Khnum k\u00fclt merkezi.<\/td><\/tr><tr><td><strong>Shedet \/ Crocodilopolis<\/strong><\/td><td>Medinet el-Faiyum<\/td><td><strong>Faiyum Vahas\u0131<\/strong><\/td><td>Timsah tanr\u0131 Sobek k\u00fclt\u00fcn\u00fcn ana merkezi.<\/td><\/tr><tr><td><strong>Tjenu \/ Thinis<\/strong><\/td><td>(Yeri tam bilinmiyor, Girga yak\u0131n\u0131)<\/td><td>Yukar\u0131 M\u0131s\u0131r &#8211; 8. Nome<\/td><td>\u0130lk hanedanlar\u0131n (1. ve 2.) efsanevi ba\u015fkenti.<\/td><\/tr><tr><td><strong>Zawty \/ Asyut (Lycopolis)<\/strong><\/td><td>Asyut<\/td><td>Yukar\u0131 M\u0131s\u0131r &#8211; 13. Nome<\/td><td>\u00d6nemli bir idari merkez. Wepwawet k\u00fclt merkezi.<\/td><\/tr><tr><td><strong>Khebenu \/ Al Ashmunin (Hermopolis Magna)<\/strong><\/td><td>Al Ashmunin<\/td><td>Yukar\u0131 M\u0131s\u0131r &#8211; 15. Nome<\/td><td>Bilgelik tanr\u0131s\u0131 Thoth&#8217;un (Hermes) ana k\u00fclt merkezi.<\/td><\/tr><tr><td><strong>Per-Montu \/ Armant (Hermonthis)<\/strong><\/td><td>Armant<\/td><td>Yukar\u0131 M\u0131s\u0131r &#8211; 4. Nome<\/td><td>Sava\u015f tanr\u0131s\u0131 Montu&#8217;nun \u00f6nemli bir k\u00fclt merkezi (Teb&#8217;den \u00f6nce).<\/td><\/tr><tr><td><strong>Iuny \/ Esna (Latopolis)<\/strong><\/td><td>Esna<\/td><td>Yukar\u0131 M\u0131s\u0131r &#8211; 3. Nome<\/td><td>Khnum k\u00fclt merkezi (Tap\u0131na\u011f\u0131 ile bilinir).<\/td><\/tr><tr><td><strong>Gebtu \/ Qift (Coptos)<\/strong><\/td><td>Qift<\/td><td>Yukar\u0131 M\u0131s\u0131r &#8211; 5. Nome<\/td><td>Do\u011fu \u00c7\u00f6l\u00fc&#8217;ne (K\u0131z\u0131ldeniz) giden ticaret yollar\u0131n\u0131n ba\u015flang\u0131\u00e7 noktas\u0131.<\/td><\/tr><tr><td><strong>Kus \/ El Quseyya (Cusae)<\/strong><\/td><td>El Quseyya<\/td><td>Yukar\u0131 M\u0131s\u0131r &#8211; 14. Nome<\/td><td>\u00d6nemli bir idari merkez. Hathor k\u00fclt\u00fc.<\/td><\/tr><tr><td><strong>Panopolis \/ Akhmim<\/strong><\/td><td>Ahmim<\/td><td>Yukar\u0131 M\u0131s\u0131r &#8211; 9. Nome<\/td><td>Tanr\u0131 Min&#8217;in ana k\u00fclt merkezi.<\/td><\/tr><\/tbody><\/table><\/figure>\n\n\n\n<p>  <\/p>\n\n\n\n<p><\/p>\n\n\n\n<p><\/p>\n\n\n\n<p><\/p>\n\n\n\n<p><\/p>","protected":false},"excerpt":{"rendered":"<p>Antik M\u0131s\u0131r&#8217;\u0131n 3.000 y\u0131l\u0131 a\u015fan tarihi boyunca, bilinen b\u00fcy\u00fck ba\u015fkentlerden hen\u00fcz ke\u015ffedilmemi\u015f veya modern \u015fehirlerin alt\u0131nda kalm\u0131\u015f binlerce k\u00fc\u00e7\u00fck kasaba ve k\u00f6ye kadar say\u0131s\u0131z yerle\u015fim yeri olmu\u015ftur. Bu nedenle, M\u0131s\u0131rbilimcilerin bile tam bir listesini \u00e7\u0131karamad\u0131\u011f\u0131 b\u00fct\u00fcn antik \u015fehirleri listelemek imkans\u0131zd\u0131r. Ancak, M\u0131s\u0131r tarihini \u015fekillendiren en \u00f6nemli idari (Nome\/B\u00f6lge ba\u015fkentleri), dini (k\u00fclt merkezleri) ve siyasi (krall\u0131k &hellip; <\/p>\n<p class=\"link-more\"><a href=\"https:\/\/egyptologyencyclopedia.org\/de\/antik-kasaba-ve-sehirler\/\" class=\"more-link\">Continue reading<span class=\"screen-reader-text\"> &#8220;Antik Kasaba ve \u015eehirler&#8221;<\/span><\/a><\/p>","protected":false},"author":1,"featured_media":0,"parent":0,"menu_order":0,"comment_status":"closed","ping_status":"closed","template":"","meta":{"_regular_price":[],"currency_symbol":[],"_uag_custom_page_level_css":"","jetpack_post_was_ever_published":false,"footnotes":""},"class_list":["post-977","page","type-page","status-publish","hentry"],"post_slider_layout_featured_media_urls":{"thumbnail":"","post_slider_layout_landscape_large":"","post_slider_layout_portrait_large":"","post_slider_layout_square_large":"","post_slider_layout_landscape":"","post_slider_layout_portrait":"","post_slider_layout_square":"","full":""},"yoast_head":"<!-- This site is optimized with the Yoast SEO plugin v27.4 - https:\/\/yoast.com\/product\/yoast-seo-wordpress\/ -->\n<title>Antik Kasaba ve \u015eehirler - M\u0131s\u0131rbilim Ansiklopedisi - Egyptology Encyclopedia<\/title>\n<meta name=\"robots\" content=\"index, follow, max-snippet:-1, max-image-preview:large, max-video-preview:-1\" \/>\n<link rel=\"canonical\" href=\"https:\/\/egyptologyencyclopedia.org\/de\/antik-kasaba-ve-sehirler\/\" \/>\n<meta property=\"og:locale\" content=\"de_DE\" \/>\n<meta property=\"og:type\" content=\"article\" \/>\n<meta property=\"og:title\" content=\"Antik Kasaba ve \u015eehirler - M\u0131s\u0131rbilim Ansiklopedisi - Egyptology Encyclopedia\" \/>\n<meta property=\"og:description\" content=\"Antik M\u0131s\u0131r&#8217;\u0131n 3.000 y\u0131l\u0131 a\u015fan tarihi boyunca, bilinen b\u00fcy\u00fck ba\u015fkentlerden hen\u00fcz ke\u015ffedilmemi\u015f veya modern \u015fehirlerin alt\u0131nda kalm\u0131\u015f binlerce k\u00fc\u00e7\u00fck kasaba ve k\u00f6ye kadar say\u0131s\u0131z yerle\u015fim yeri olmu\u015ftur. Bu nedenle, M\u0131s\u0131rbilimcilerin bile tam bir listesini \u00e7\u0131karamad\u0131\u011f\u0131 b\u00fct\u00fcn antik \u015fehirleri listelemek imkans\u0131zd\u0131r. Ancak, M\u0131s\u0131r tarihini \u015fekillendiren en \u00f6nemli idari (Nome\/B\u00f6lge ba\u015fkentleri), dini (k\u00fclt merkezleri) ve siyasi (krall\u0131k &hellip; Continue reading &quot;Antik Kasaba ve \u015eehirler&quot;\" \/>\n<meta property=\"og:url\" content=\"https:\/\/egyptologyencyclopedia.org\/de\/antik-kasaba-ve-sehirler\/\" \/>\n<meta property=\"og:site_name\" content=\"M\u0131s\u0131rbilim Ansiklopedisi - Egyptology Encyclopedia\" \/>\n<meta property=\"article:modified_time\" content=\"2025-11-28T10:03:58+00:00\" \/>\n<meta name=\"twitter:card\" content=\"summary_large_image\" \/>\n<meta name=\"twitter:label1\" content=\"Gesch\u00e4tzte Lesezeit\" \/>\n\t<meta name=\"twitter:data1\" content=\"4\u00a0Minuten\" \/>\n<script type=\"application\/ld+json\" class=\"yoast-schema-graph\">{\"@context\":\"https:\\\/\\\/schema.org\",\"@graph\":[{\"@type\":\"WebPage\",\"@id\":\"https:\\\/\\\/egyptologyencyclopedia.org\\\/antik-kasaba-ve-sehirler\\\/\",\"url\":\"https:\\\/\\\/egyptologyencyclopedia.org\\\/antik-kasaba-ve-sehirler\\\/\",\"name\":\"Antik Kasaba ve \u015eehirler - M\u0131s\u0131rbilim Ansiklopedisi - Egyptology Encyclopedia\",\"isPartOf\":{\"@id\":\"https:\\\/\\\/egyptologyencyclopedia.org\\\/#website\"},\"datePublished\":\"2025-06-24T10:34:19+00:00\",\"dateModified\":\"2025-11-28T10:03:58+00:00\",\"breadcrumb\":{\"@id\":\"https:\\\/\\\/egyptologyencyclopedia.org\\\/antik-kasaba-ve-sehirler\\\/#breadcrumb\"},\"inLanguage\":\"de\",\"potentialAction\":[{\"@type\":\"ReadAction\",\"target\":[\"https:\\\/\\\/egyptologyencyclopedia.org\\\/antik-kasaba-ve-sehirler\\\/\"]}]},{\"@type\":\"BreadcrumbList\",\"@id\":\"https:\\\/\\\/egyptologyencyclopedia.org\\\/antik-kasaba-ve-sehirler\\\/#breadcrumb\",\"itemListElement\":[{\"@type\":\"ListItem\",\"position\":1,\"name\":\"Anasayfa\",\"item\":\"https:\\\/\\\/saddlebrown-ant-958972.hostingersite.com\\\/de\\\/\"},{\"@type\":\"ListItem\",\"position\":2,\"name\":\"Antik Kasaba ve \u015eehirler\"}]},{\"@type\":\"WebSite\",\"@id\":\"https:\\\/\\\/egyptologyencyclopedia.org\\\/#website\",\"url\":\"https:\\\/\\\/egyptologyencyclopedia.org\\\/\",\"name\":\"M\u0131s\u0131rbilim Ansiklopedisi - Egyptology Encyclopedia\",\"description\":\"\",\"publisher\":{\"@id\":\"https:\\\/\\\/egyptologyencyclopedia.org\\\/#organization\"},\"potentialAction\":[{\"@type\":\"SearchAction\",\"target\":{\"@type\":\"EntryPoint\",\"urlTemplate\":\"https:\\\/\\\/egyptologyencyclopedia.org\\\/?s={search_term_string}\"},\"query-input\":{\"@type\":\"PropertyValueSpecification\",\"valueRequired\":true,\"valueName\":\"search_term_string\"}}],\"inLanguage\":\"de\"},{\"@type\":\"Organization\",\"@id\":\"https:\\\/\\\/egyptologyencyclopedia.org\\\/#organization\",\"name\":\"M\u0131s\u0131rbilim Ansiklopedisi - Egyptology Encyclopedia\",\"url\":\"https:\\\/\\\/egyptologyencyclopedia.org\\\/\",\"logo\":{\"@type\":\"ImageObject\",\"inLanguage\":\"de\",\"@id\":\"https:\\\/\\\/egyptologyencyclopedia.org\\\/#\\\/schema\\\/logo\\\/image\\\/\",\"url\":\"https:\\\/\\\/egyptologyencyclopedia.org\\\/wp-content\\\/uploads\\\/2025\\\/10\\\/cropped-Misirbilim-Ansiklopedisi-2.png\",\"contentUrl\":\"https:\\\/\\\/egyptologyencyclopedia.org\\\/wp-content\\\/uploads\\\/2025\\\/10\\\/cropped-Misirbilim-Ansiklopedisi-2.png\",\"width\":181,\"height\":73,\"caption\":\"M\u0131s\u0131rbilim Ansiklopedisi - Egyptology Encyclopedia\"},\"image\":{\"@id\":\"https:\\\/\\\/egyptologyencyclopedia.org\\\/#\\\/schema\\\/logo\\\/image\\\/\"}}]}<\/script>\n<!-- \/ Yoast SEO plugin. -->","yoast_head_json":{"title":"Antik Kasaba ve \u015eehirler - M\u0131s\u0131rbilim Ansiklopedisi - Egyptology Encyclopedia","robots":{"index":"index","follow":"follow","max-snippet":"max-snippet:-1","max-image-preview":"max-image-preview:large","max-video-preview":"max-video-preview:-1"},"canonical":"https:\/\/egyptologyencyclopedia.org\/de\/antik-kasaba-ve-sehirler\/","og_locale":"de_DE","og_type":"article","og_title":"Antik Kasaba ve \u015eehirler - M\u0131s\u0131rbilim Ansiklopedisi - Egyptology Encyclopedia","og_description":"Antik M\u0131s\u0131r&#8217;\u0131n 3.000 y\u0131l\u0131 a\u015fan tarihi boyunca, bilinen b\u00fcy\u00fck ba\u015fkentlerden hen\u00fcz ke\u015ffedilmemi\u015f veya modern \u015fehirlerin alt\u0131nda kalm\u0131\u015f binlerce k\u00fc\u00e7\u00fck kasaba ve k\u00f6ye kadar say\u0131s\u0131z yerle\u015fim yeri olmu\u015ftur. Bu nedenle, M\u0131s\u0131rbilimcilerin bile tam bir listesini \u00e7\u0131karamad\u0131\u011f\u0131 b\u00fct\u00fcn antik \u015fehirleri listelemek imkans\u0131zd\u0131r. Ancak, M\u0131s\u0131r tarihini \u015fekillendiren en \u00f6nemli idari (Nome\/B\u00f6lge ba\u015fkentleri), dini (k\u00fclt merkezleri) ve siyasi (krall\u0131k &hellip; Continue reading \"Antik Kasaba ve \u015eehirler\"","og_url":"https:\/\/egyptologyencyclopedia.org\/de\/antik-kasaba-ve-sehirler\/","og_site_name":"M\u0131s\u0131rbilim Ansiklopedisi - Egyptology Encyclopedia","article_modified_time":"2025-11-28T10:03:58+00:00","twitter_card":"summary_large_image","twitter_misc":{"Gesch\u00e4tzte Lesezeit":"4\u00a0Minuten"},"schema":{"@context":"https:\/\/schema.org","@graph":[{"@type":"WebPage","@id":"https:\/\/egyptologyencyclopedia.org\/antik-kasaba-ve-sehirler\/","url":"https:\/\/egyptologyencyclopedia.org\/antik-kasaba-ve-sehirler\/","name":"Antik Kasaba ve \u015eehirler - M\u0131s\u0131rbilim Ansiklopedisi - Egyptology Encyclopedia","isPartOf":{"@id":"https:\/\/egyptologyencyclopedia.org\/#website"},"datePublished":"2025-06-24T10:34:19+00:00","dateModified":"2025-11-28T10:03:58+00:00","breadcrumb":{"@id":"https:\/\/egyptologyencyclopedia.org\/antik-kasaba-ve-sehirler\/#breadcrumb"},"inLanguage":"de","potentialAction":[{"@type":"ReadAction","target":["https:\/\/egyptologyencyclopedia.org\/antik-kasaba-ve-sehirler\/"]}]},{"@type":"BreadcrumbList","@id":"https:\/\/egyptologyencyclopedia.org\/antik-kasaba-ve-sehirler\/#breadcrumb","itemListElement":[{"@type":"ListItem","position":1,"name":"Anasayfa","item":"https:\/\/saddlebrown-ant-958972.hostingersite.com\/de\/"},{"@type":"ListItem","position":2,"name":"Antik Kasaba ve \u015eehirler"}]},{"@type":"WebSite","@id":"https:\/\/egyptologyencyclopedia.org\/#website","url":"https:\/\/egyptologyencyclopedia.org\/","name":"M\u0131s\u0131rbilim Ansiklopedisi - Egyptology Encyclopedia","description":"","publisher":{"@id":"https:\/\/egyptologyencyclopedia.org\/#organization"},"potentialAction":[{"@type":"SearchAction","target":{"@type":"EntryPoint","urlTemplate":"https:\/\/egyptologyencyclopedia.org\/?s={search_term_string}"},"query-input":{"@type":"PropertyValueSpecification","valueRequired":true,"valueName":"search_term_string"}}],"inLanguage":"de"},{"@type":"Organization","@id":"https:\/\/egyptologyencyclopedia.org\/#organization","name":"M\u0131s\u0131rbilim Ansiklopedisi - Egyptology Encyclopedia","url":"https:\/\/egyptologyencyclopedia.org\/","logo":{"@type":"ImageObject","inLanguage":"de","@id":"https:\/\/egyptologyencyclopedia.org\/#\/schema\/logo\/image\/","url":"https:\/\/egyptologyencyclopedia.org\/wp-content\/uploads\/2025\/10\/cropped-Misirbilim-Ansiklopedisi-2.png","contentUrl":"https:\/\/egyptologyencyclopedia.org\/wp-content\/uploads\/2025\/10\/cropped-Misirbilim-Ansiklopedisi-2.png","width":181,"height":73,"caption":"M\u0131s\u0131rbilim Ansiklopedisi - Egyptology Encyclopedia"},"image":{"@id":"https:\/\/egyptologyencyclopedia.org\/#\/schema\/logo\/image\/"}}]}},"_hostinger_reach_plugin_has_subscription_block":false,"_hostinger_reach_plugin_is_elementor":false,"uagb_featured_image_src":{"full":false,"thumbnail":false,"medium":false,"medium_large":false,"large":false,"1536x1536":false,"2048x2048":false,"trp-custom-language-flag":false,"post_slider_layout_landscape_large":false,"post_slider_layout_portrait_large":false,"post_slider_layout_square_large":false,"post_slider_layout_landscape":false,"post_slider_layout_portrait":false,"post_slider_layout_square":false,"archaeology-museums-pro-homepage-thumb":false,"mailpoet_newsletter_max":false,"vw-gallery-image-medium":false},"uagb_author_info":{"display_name":"Birkan Ayaz","author_link":"https:\/\/egyptologyencyclopedia.org\/de\/author\/birkanayaz26\/"},"uagb_comment_info":0,"uagb_excerpt":"Antik M\u0131s\u0131r&#8217;\u0131n 3.000 y\u0131l\u0131 a\u015fan tarihi boyunca, bilinen b\u00fcy\u00fck ba\u015fkentlerden hen\u00fcz ke\u015ffedilmemi\u015f veya modern \u015fehirlerin alt\u0131nda kalm\u0131\u015f binlerce k\u00fc\u00e7\u00fck kasaba ve k\u00f6ye kadar say\u0131s\u0131z yerle\u015fim yeri olmu\u015ftur. Bu nedenle, M\u0131s\u0131rbilimcilerin bile tam bir listesini \u00e7\u0131karamad\u0131\u011f\u0131 b\u00fct\u00fcn antik \u015fehirleri listelemek imkans\u0131zd\u0131r. Ancak, M\u0131s\u0131r tarihini \u015fekillendiren en \u00f6nemli idari (Nome\/B\u00f6lge ba\u015fkentleri), dini (k\u00fclt merkezleri) ve siyasi (krall\u0131k&hellip;","jetpack_sharing_enabled":true,"_links":{"self":[{"href":"https:\/\/egyptologyencyclopedia.org\/de\/wp-json\/wp\/v2\/pages\/977","targetHints":{"allow":["GET"]}}],"collection":[{"href":"https:\/\/egyptologyencyclopedia.org\/de\/wp-json\/wp\/v2\/pages"}],"about":[{"href":"https:\/\/egyptologyencyclopedia.org\/de\/wp-json\/wp\/v2\/types\/page"}],"author":[{"embeddable":true,"href":"https:\/\/egyptologyencyclopedia.org\/de\/wp-json\/wp\/v2\/users\/1"}],"replies":[{"embeddable":true,"href":"https:\/\/egyptologyencyclopedia.org\/de\/wp-json\/wp\/v2\/comments?post=977"}],"version-history":[{"count":1,"href":"https:\/\/egyptologyencyclopedia.org\/de\/wp-json\/wp\/v2\/pages\/977\/revisions"}],"predecessor-version":[{"id":4882,"href":"https:\/\/egyptologyencyclopedia.org\/de\/wp-json\/wp\/v2\/pages\/977\/revisions\/4882"}],"wp:attachment":[{"href":"https:\/\/egyptologyencyclopedia.org\/de\/wp-json\/wp\/v2\/media?parent=977"}],"curies":[{"name":"wp","href":"https:\/\/api.w.org\/{rel}","templated":true}]}}