{"id":958,"date":"2025-07-27T18:46:46","date_gmt":"2025-07-27T15:46:46","guid":{"rendered":"https:\/\/egyptologytr.wordpress.com\/?page_id=958"},"modified":"2026-03-09T00:53:53","modified_gmt":"2026-03-09T00:53:53","slug":"birkan-ayaz","status":"publish","type":"page","link":"https:\/\/egyptologyencyclopedia.org\/de\/birkan-ayaz\/","title":{"rendered":"Birkan Ayaz"},"content":{"rendered":"<div class=\"wp-block-columns is-layout-flex wp-container-core-columns-is-layout-9d6595d7 wp-block-columns-is-layout-flex\">\n<div class=\"wp-block-column is-layout-flow wp-block-column-is-layout-flow\" style=\"flex-basis:33.33%\"><\/div>\n\n\n\n<div class=\"wp-block-column is-layout-flow wp-block-column-is-layout-flow\" style=\"flex-basis:66.66%\">\n<h3 class=\"wp-block-heading has-black-color has-text-color has-link-color wp-elements-ab5ec93c412a78cb74659aff785abbb0\">\u00dcber<\/h3>\n\n\n\n<p class=\"has-black-color has-text-color has-link-color wp-elements-7d7f66c46498e5de829fc06fee983015\">Birkan Ayaz wurde im Jahr 2005 in Eski\u015fehir geboren. Seine Faszination f\u00fcr die alt\u00e4gyptische Zivilisation wurde bereits in jungen Jahren durch \u00e4gyptenbezogene Kinofilme und popul\u00e4re Publikationen geweckt. Im Laufe der Jahre transformierte sich dieses anf\u00e4ngliche Interesse in eine ernsthafte akademische Neugier, welche Ayaz dazu veranlasste, sich intensiv mit Fachliteratur und Quellenmaterial zur \u00e4gyptischen Geschichte auseinanderzusetzen.<\/p>\n\n\n\n<p class=\"has-black-color has-text-color has-link-color wp-elements-9ac00cf961d1ea846fe5a532228b76c6\"><\/p>\n\n\n\n<div style=\"height:50px\" aria-hidden=\"true\" class=\"wp-block-spacer\"><\/div>\n\n\n\n<h4 class=\"wp-block-heading has-black-color has-text-color has-link-color wp-elements-b6601ee5ce8d97913f04ce9ff075905e\">Projektvision<\/h4>\n\n\n\n<p class=\"has-black-color has-text-color has-link-color wp-elements-ffd9d00516bdc1c5683f054675a05dd9\">Das fundamentale Ziel von Ayaz besteht darin, die alt\u00e4gyptische Geschichte und Arch\u00e4ologie (einschlie\u00dflich der pr\u00e4historischen Epochen) unter Anwendung der zeitgen\u00f6ssischen Methodiken und digitalen Instrumentarien, die das 21. Jahrhundert bietet, zu analysieren.<\/p>\n\n\n\n<p class=\"has-black-color has-text-color has-link-color wp-elements-4f3dcbba4958f0108e35d8cff8009e00\">Unsere Mission ist es, \u00e4gyptologische Studien \u00fcber die Restriktionen traditioneller akademischer Paradigmen und etablierter Tabus hinaus zu f\u00fchren und sie mit einem freien, kritischen sowie interdisziplin\u00e4ren Forschungsansatz zu betrachten. Diese Plattform wurde initiiert, um die gewonnenen Erkenntnisse und kompilierten Informationen in einem verifizierten sowie verst\u00e4ndlichen Format der \u00d6ffentlichkeit kostenfrei zur Verf\u00fcgung zu stellen.<\/p>\n\n\n\n<div style=\"height:71px\" aria-hidden=\"true\" class=\"wp-block-spacer\"><\/div>\n<\/div>\n<\/div>\n\n\n\n<p class=\"has-black-color has-cyan-bluish-gray-background-color has-text-color has-background has-link-color wp-elements-5bc5dc50b479fcbf8471e69c31e321dd\"><strong>En Son <\/strong><\/p>\n\n\n\n<div style=\"height:100px\" aria-hidden=\"true\" class=\"wp-block-spacer\"><\/div>\n\n\n\n<ul class=\"wp-block-social-links is-content-justification-center is-layout-flex wp-container-core-social-links-is-layout-16018d1d wp-block-social-links-is-layout-flex\"><li class=\"wp-social-link wp-social-link-instagram  wp-block-social-link\"><a href=\"https:\/\/www.instagram.com\/birkanayazz\/\" class=\"wp-block-social-link-anchor\"><svg width=\"24\" height=\"24\" viewbox=\"0 0 24 24\" version=\"1.1\" xmlns=\"http:\/\/www.w3.org\/2000\/svg\" aria-hidden=\"true\" focusable=\"false\"><path d=\"M12,4.622c2.403,0,2.688,0.009,3.637,0.052c0.877,0.04,1.354,0.187,1.671,0.31c0.42,0.163,0.72,0.358,1.035,0.673 c0.315,0.315,0.51,0.615,0.673,1.035c0.123,0.317,0.27,0.794,0.31,1.671c0.043,0.949,0.052,1.234,0.052,3.637 s-0.009,2.688-0.052,3.637c-0.04,0.877-0.187,1.354-0.31,1.671c-0.163,0.42-0.358,0.72-0.673,1.035 c-0.315,0.315-0.615,0.51-1.035,0.673c-0.317,0.123-0.794,0.27-1.671,0.31c-0.949,0.043-1.233,0.052-3.637,0.052 s-2.688-0.009-3.637-0.052c-0.877-0.04-1.354-0.187-1.671-0.31c-0.42-0.163-0.72-0.358-1.035-0.673 c-0.315-0.315-0.51-0.615-0.673-1.035c-0.123-0.317-0.27-0.794-0.31-1.671C4.631,14.688,4.622,14.403,4.622,12 s0.009-2.688,0.052-3.637c0.04-0.877,0.187-1.354,0.31-1.671c0.163-0.42,0.358-0.72,0.673-1.035 c0.315-0.315,0.615-0.51,1.035-0.673c0.317-0.123,0.794-0.27,1.671-0.31C9.312,4.631,9.597,4.622,12,4.622 M12,3 C9.556,3,9.249,3.01,8.289,3.054C7.331,3.098,6.677,3.25,6.105,3.472C5.513,3.702,5.011,4.01,4.511,4.511 c-0.5,0.5-0.808,1.002-1.038,1.594C3.25,6.677,3.098,7.331,3.054,8.289C3.01,9.249,3,9.556,3,12c0,2.444,0.01,2.751,0.054,3.711 c0.044,0.958,0.196,1.612,0.418,2.185c0.23,0.592,0.538,1.094,1.038,1.594c0.5,0.5,1.002,0.808,1.594,1.038 c0.572,0.222,1.227,0.375,2.185,0.418C9.249,20.99,9.556,21,12,21s2.751-0.01,3.711-0.054c0.958-0.044,1.612-0.196,2.185-0.418 c0.592-0.23,1.094-0.538,1.594-1.038c0.5-0.5,0.808-1.002,1.038-1.594c0.222-0.572,0.375-1.227,0.418-2.185 C20.99,14.751,21,14.444,21,12s-0.01-2.751-0.054-3.711c-0.044-0.958-0.196-1.612-0.418-2.185c-0.23-0.592-0.538-1.094-1.038-1.594 c-0.5-0.5-1.002-0.808-1.594-1.038c-0.572-0.222-1.227-0.375-2.185-0.418C14.751,3.01,14.444,3,12,3L12,3z M12,7.378 c-2.552,0-4.622,2.069-4.622,4.622S9.448,16.622,12,16.622s4.622-2.069,4.622-4.622S14.552,7.378,12,7.378z M12,15 c-1.657,0-3-1.343-3-3s1.343-3,3-3s3,1.343,3,3S13.657,15,12,15z M16.804,6.116c-0.596,0-1.08,0.484-1.08,1.08 s0.484,1.08,1.08,1.08c0.596,0,1.08-0.484,1.08-1.08S17.401,6.116,16.804,6.116z\"><\/path><\/svg><span class=\"wp-block-social-link-label screen-reader-text\">Instagram<\/span><\/a><\/li>\n\n<li class=\"wp-social-link wp-social-link-x  wp-block-social-link\"><a href=\"https:\/\/x.com\/birkanayazz\" class=\"wp-block-social-link-anchor\"><svg width=\"24\" height=\"24\" viewbox=\"0 0 24 24\" version=\"1.1\" xmlns=\"http:\/\/www.w3.org\/2000\/svg\" aria-hidden=\"true\" focusable=\"false\"><path d=\"M13.982 10.622 20.54 3h-1.554l-5.693 6.618L8.745 3H3.5l6.876 10.007L3.5 21h1.554l6.012-6.989L15.868 21h5.245l-7.131-10.378Zm-2.128 2.474-.697-.997-5.543-7.93H8l4.474 6.4.697.996 5.815 8.318h-2.387l-4.745-6.787Z\" \/><\/svg><span class=\"wp-block-social-link-label screen-reader-text\">X<\/span><\/a><\/li>\n\n<li class=\"wp-social-link wp-social-link-medium  wp-block-social-link\"><a href=\"https:\/\/medium.com\/@birkanayaz\" class=\"wp-block-social-link-anchor\"><svg width=\"24\" height=\"24\" viewbox=\"0 0 24 24\" version=\"1.1\" xmlns=\"http:\/\/www.w3.org\/2000\/svg\" aria-hidden=\"true\" focusable=\"false\"><path d=\"M13.2,12c0,3-2.4,5.4-5.3,5.4S2.6,15,2.6,12s2.4-5.4,5.3-5.4S13.2,9,13.2,12 M19.1,12c0,2.8-1.2,5-2.7,5s-2.7-2.3-2.7-5s1.2-5,2.7-5C17.9,7,19.1,9.2,19.1,12 M21.4,12c0,2.5-0.4,4.5-0.9,4.5c-0.5,0-0.9-2-0.9-4.5s0.4-4.5,0.9-4.5C21,7.5,21.4,9.5,21.4,12\"><\/path><\/svg><span class=\"wp-block-social-link-label screen-reader-text\">Medium<\/span><\/a><\/li><\/ul>\n\n\n\n<p><\/p>\n\n\n\n<div style=\"height:150px\" aria-hidden=\"true\" class=\"wp-block-spacer\"><\/div>","protected":false},"excerpt":{"rendered":"<p>Kurucu Hakk\u0131nda Birkan Ayaz, 2005 y\u0131l\u0131nda Eski\u015fehir&#8217;de do\u011fmu\u015ftur. Antik M\u0131s\u0131r medeniyetine olan ilgisi, erken ya\u015flarda M\u0131s\u0131r temal\u0131 sinema filmleri ve pop\u00fcler yay\u0131nlar arac\u0131l\u0131\u011f\u0131yla ba\u015flam\u0131\u015ft\u0131r. Bu ilgi, ilerleyen y\u0131llarda akademik bir meraka d\u00f6n\u00fc\u015fm\u00fc\u015f ve Ayaz&#8217;\u0131 M\u0131s\u0131r tarihi \u00fczerine odaklanan kitaplar\u0131 ve kaynaklar\u0131 incelemeye y\u00f6neltmi\u015ftir. Projenin Vizyonu Ayaz&#8217;\u0131n temel hedefi, Antik M\u0131s\u0131r tarihini ve arkeolojisini (Tarih \u00f6ncesi &hellip; <\/p>\n<p class=\"link-more\"><a href=\"https:\/\/egyptologyencyclopedia.org\/de\/birkan-ayaz\/\" class=\"more-link\">Continue reading<span class=\"screen-reader-text\"> &#8220;Birkan Ayaz&#8221;<\/span><\/a><\/p>","protected":false},"author":1,"featured_media":2679,"parent":0,"menu_order":0,"comment_status":"closed","ping_status":"closed","template":"","meta":{"_regular_price":[],"currency_symbol":[],"_uag_custom_page_level_css":"","jetpack_post_was_ever_published":false,"footnotes":""},"class_list":["post-958","page","type-page","status-publish","has-post-thumbnail","hentry"],"post_slider_layout_featured_media_urls":{"thumbnail":"","post_slider_layout_landscape_large":"","post_slider_layout_portrait_large":"","post_slider_layout_square_large":"","post_slider_layout_landscape":"","post_slider_layout_portrait":"","post_slider_layout_square":"","full":""},"yoast_head":"<!-- This site is optimized with the Yoast SEO plugin v27.4 - https:\/\/yoast.com\/product\/yoast-seo-wordpress\/ -->\n<title>Birkan Ayaz - M\u0131s\u0131rbilim Ansiklopedisi - Egyptology Encyclopedia<\/title>\n<meta name=\"robots\" content=\"index, follow, max-snippet:-1, max-image-preview:large, max-video-preview:-1\" \/>\n<link rel=\"canonical\" href=\"https:\/\/egyptologyencyclopedia.org\/de\/birkan-ayaz\/\" \/>\n<meta property=\"og:locale\" content=\"de_DE\" \/>\n<meta property=\"og:type\" content=\"article\" \/>\n<meta property=\"og:title\" content=\"Birkan Ayaz - M\u0131s\u0131rbilim Ansiklopedisi - Egyptology Encyclopedia\" \/>\n<meta property=\"og:description\" content=\"Kurucu Hakk\u0131nda Birkan Ayaz, 2005 y\u0131l\u0131nda Eski\u015fehir&#8217;de do\u011fmu\u015ftur. Antik M\u0131s\u0131r medeniyetine olan ilgisi, erken ya\u015flarda M\u0131s\u0131r temal\u0131 sinema filmleri ve pop\u00fcler yay\u0131nlar arac\u0131l\u0131\u011f\u0131yla ba\u015flam\u0131\u015ft\u0131r. Bu ilgi, ilerleyen y\u0131llarda akademik bir meraka d\u00f6n\u00fc\u015fm\u00fc\u015f ve Ayaz&#8217;\u0131 M\u0131s\u0131r tarihi \u00fczerine odaklanan kitaplar\u0131 ve kaynaklar\u0131 incelemeye y\u00f6neltmi\u015ftir. Projenin Vizyonu Ayaz&#8217;\u0131n temel hedefi, Antik M\u0131s\u0131r tarihini ve arkeolojisini (Tarih \u00f6ncesi &hellip; Continue reading &quot;Birkan Ayaz&quot;\" \/>\n<meta property=\"og:url\" content=\"https:\/\/egyptologyencyclopedia.org\/de\/birkan-ayaz\/\" \/>\n<meta property=\"og:site_name\" content=\"M\u0131s\u0131rbilim Ansiklopedisi - Egyptology Encyclopedia\" \/>\n<meta property=\"article:modified_time\" content=\"2026-03-09T00:53:53+00:00\" \/>\n<meta name=\"twitter:card\" content=\"summary_large_image\" \/>\n<meta name=\"twitter:label1\" content=\"Gesch\u00e4tzte Lesezeit\" \/>\n\t<meta name=\"twitter:data1\" content=\"1\u00a0Minute\" \/>\n<script type=\"application\/ld+json\" class=\"yoast-schema-graph\">{\"@context\":\"https:\\\/\\\/schema.org\",\"@graph\":[{\"@type\":\"WebPage\",\"@id\":\"https:\\\/\\\/egyptologyencyclopedia.org\\\/birkan-ayaz\\\/\",\"url\":\"https:\\\/\\\/egyptologyencyclopedia.org\\\/birkan-ayaz\\\/\",\"name\":\"Birkan Ayaz - M\u0131s\u0131rbilim Ansiklopedisi - Egyptology Encyclopedia\",\"isPartOf\":{\"@id\":\"https:\\\/\\\/egyptologyencyclopedia.org\\\/#website\"},\"primaryImageOfPage\":{\"@id\":\"https:\\\/\\\/egyptologyencyclopedia.org\\\/birkan-ayaz\\\/#primaryimage\"},\"image\":{\"@id\":\"https:\\\/\\\/egyptologyencyclopedia.org\\\/birkan-ayaz\\\/#primaryimage\"},\"thumbnailUrl\":\"\",\"datePublished\":\"2025-07-27T15:46:46+00:00\",\"dateModified\":\"2026-03-09T00:53:53+00:00\",\"breadcrumb\":{\"@id\":\"https:\\\/\\\/egyptologyencyclopedia.org\\\/birkan-ayaz\\\/#breadcrumb\"},\"inLanguage\":\"de\",\"potentialAction\":[{\"@type\":\"ReadAction\",\"target\":[\"https:\\\/\\\/egyptologyencyclopedia.org\\\/birkan-ayaz\\\/\"]}]},{\"@type\":\"ImageObject\",\"inLanguage\":\"de\",\"@id\":\"https:\\\/\\\/egyptologyencyclopedia.org\\\/birkan-ayaz\\\/#primaryimage\",\"url\":\"\",\"contentUrl\":\"\"},{\"@type\":\"BreadcrumbList\",\"@id\":\"https:\\\/\\\/egyptologyencyclopedia.org\\\/birkan-ayaz\\\/#breadcrumb\",\"itemListElement\":[{\"@type\":\"ListItem\",\"position\":1,\"name\":\"Anasayfa\",\"item\":\"https:\\\/\\\/saddlebrown-ant-958972.hostingersite.com\\\/de\\\/\"},{\"@type\":\"ListItem\",\"position\":2,\"name\":\"Birkan Ayaz\"}]},{\"@type\":\"WebSite\",\"@id\":\"https:\\\/\\\/egyptologyencyclopedia.org\\\/#website\",\"url\":\"https:\\\/\\\/egyptologyencyclopedia.org\\\/\",\"name\":\"M\u0131s\u0131rbilim Ansiklopedisi - Egyptology Encyclopedia\",\"description\":\"\",\"publisher\":{\"@id\":\"https:\\\/\\\/egyptologyencyclopedia.org\\\/#organization\"},\"potentialAction\":[{\"@type\":\"SearchAction\",\"target\":{\"@type\":\"EntryPoint\",\"urlTemplate\":\"https:\\\/\\\/egyptologyencyclopedia.org\\\/?s={search_term_string}\"},\"query-input\":{\"@type\":\"PropertyValueSpecification\",\"valueRequired\":true,\"valueName\":\"search_term_string\"}}],\"inLanguage\":\"de\"},{\"@type\":\"Organization\",\"@id\":\"https:\\\/\\\/egyptologyencyclopedia.org\\\/#organization\",\"name\":\"M\u0131s\u0131rbilim Ansiklopedisi - Egyptology Encyclopedia\",\"url\":\"https:\\\/\\\/egyptologyencyclopedia.org\\\/\",\"logo\":{\"@type\":\"ImageObject\",\"inLanguage\":\"de\",\"@id\":\"https:\\\/\\\/egyptologyencyclopedia.org\\\/#\\\/schema\\\/logo\\\/image\\\/\",\"url\":\"https:\\\/\\\/egyptologyencyclopedia.org\\\/wp-content\\\/uploads\\\/2025\\\/10\\\/cropped-Misirbilim-Ansiklopedisi-2.png\",\"contentUrl\":\"https:\\\/\\\/egyptologyencyclopedia.org\\\/wp-content\\\/uploads\\\/2025\\\/10\\\/cropped-Misirbilim-Ansiklopedisi-2.png\",\"width\":181,\"height\":73,\"caption\":\"M\u0131s\u0131rbilim Ansiklopedisi - Egyptology Encyclopedia\"},\"image\":{\"@id\":\"https:\\\/\\\/egyptologyencyclopedia.org\\\/#\\\/schema\\\/logo\\\/image\\\/\"}}]}<\/script>\n<!-- \/ Yoast SEO plugin. -->","yoast_head_json":{"title":"Birkan Ayaz - M\u0131s\u0131rbilim Ansiklopedisi - Egyptology Encyclopedia","robots":{"index":"index","follow":"follow","max-snippet":"max-snippet:-1","max-image-preview":"max-image-preview:large","max-video-preview":"max-video-preview:-1"},"canonical":"https:\/\/egyptologyencyclopedia.org\/de\/birkan-ayaz\/","og_locale":"de_DE","og_type":"article","og_title":"Birkan Ayaz - M\u0131s\u0131rbilim Ansiklopedisi - Egyptology Encyclopedia","og_description":"Kurucu Hakk\u0131nda Birkan Ayaz, 2005 y\u0131l\u0131nda Eski\u015fehir&#8217;de do\u011fmu\u015ftur. Antik M\u0131s\u0131r medeniyetine olan ilgisi, erken ya\u015flarda M\u0131s\u0131r temal\u0131 sinema filmleri ve pop\u00fcler yay\u0131nlar arac\u0131l\u0131\u011f\u0131yla ba\u015flam\u0131\u015ft\u0131r. Bu ilgi, ilerleyen y\u0131llarda akademik bir meraka d\u00f6n\u00fc\u015fm\u00fc\u015f ve Ayaz&#8217;\u0131 M\u0131s\u0131r tarihi \u00fczerine odaklanan kitaplar\u0131 ve kaynaklar\u0131 incelemeye y\u00f6neltmi\u015ftir. Projenin Vizyonu Ayaz&#8217;\u0131n temel hedefi, Antik M\u0131s\u0131r tarihini ve arkeolojisini (Tarih \u00f6ncesi &hellip; Continue reading \"Birkan Ayaz\"","og_url":"https:\/\/egyptologyencyclopedia.org\/de\/birkan-ayaz\/","og_site_name":"M\u0131s\u0131rbilim Ansiklopedisi - Egyptology Encyclopedia","article_modified_time":"2026-03-09T00:53:53+00:00","twitter_card":"summary_large_image","twitter_misc":{"Gesch\u00e4tzte Lesezeit":"1\u00a0Minute"},"schema":{"@context":"https:\/\/schema.org","@graph":[{"@type":"WebPage","@id":"https:\/\/egyptologyencyclopedia.org\/birkan-ayaz\/","url":"https:\/\/egyptologyencyclopedia.org\/birkan-ayaz\/","name":"Birkan Ayaz - M\u0131s\u0131rbilim Ansiklopedisi - Egyptology Encyclopedia","isPartOf":{"@id":"https:\/\/egyptologyencyclopedia.org\/#website"},"primaryImageOfPage":{"@id":"https:\/\/egyptologyencyclopedia.org\/birkan-ayaz\/#primaryimage"},"image":{"@id":"https:\/\/egyptologyencyclopedia.org\/birkan-ayaz\/#primaryimage"},"thumbnailUrl":"","datePublished":"2025-07-27T15:46:46+00:00","dateModified":"2026-03-09T00:53:53+00:00","breadcrumb":{"@id":"https:\/\/egyptologyencyclopedia.org\/birkan-ayaz\/#breadcrumb"},"inLanguage":"de","potentialAction":[{"@type":"ReadAction","target":["https:\/\/egyptologyencyclopedia.org\/birkan-ayaz\/"]}]},{"@type":"ImageObject","inLanguage":"de","@id":"https:\/\/egyptologyencyclopedia.org\/birkan-ayaz\/#primaryimage","url":"","contentUrl":""},{"@type":"BreadcrumbList","@id":"https:\/\/egyptologyencyclopedia.org\/birkan-ayaz\/#breadcrumb","itemListElement":[{"@type":"ListItem","position":1,"name":"Anasayfa","item":"https:\/\/saddlebrown-ant-958972.hostingersite.com\/de\/"},{"@type":"ListItem","position":2,"name":"Birkan Ayaz"}]},{"@type":"WebSite","@id":"https:\/\/egyptologyencyclopedia.org\/#website","url":"https:\/\/egyptologyencyclopedia.org\/","name":"M\u0131s\u0131rbilim Ansiklopedisi - Egyptology Encyclopedia","description":"","publisher":{"@id":"https:\/\/egyptologyencyclopedia.org\/#organization"},"potentialAction":[{"@type":"SearchAction","target":{"@type":"EntryPoint","urlTemplate":"https:\/\/egyptologyencyclopedia.org\/?s={search_term_string}"},"query-input":{"@type":"PropertyValueSpecification","valueRequired":true,"valueName":"search_term_string"}}],"inLanguage":"de"},{"@type":"Organization","@id":"https:\/\/egyptologyencyclopedia.org\/#organization","name":"M\u0131s\u0131rbilim Ansiklopedisi - Egyptology Encyclopedia","url":"https:\/\/egyptologyencyclopedia.org\/","logo":{"@type":"ImageObject","inLanguage":"de","@id":"https:\/\/egyptologyencyclopedia.org\/#\/schema\/logo\/image\/","url":"https:\/\/egyptologyencyclopedia.org\/wp-content\/uploads\/2025\/10\/cropped-Misirbilim-Ansiklopedisi-2.png","contentUrl":"https:\/\/egyptologyencyclopedia.org\/wp-content\/uploads\/2025\/10\/cropped-Misirbilim-Ansiklopedisi-2.png","width":181,"height":73,"caption":"M\u0131s\u0131rbilim Ansiklopedisi - Egyptology Encyclopedia"},"image":{"@id":"https:\/\/egyptologyencyclopedia.org\/#\/schema\/logo\/image\/"}}]}},"_hostinger_reach_plugin_has_subscription_block":false,"_hostinger_reach_plugin_is_elementor":false,"uagb_featured_image_src":{"full":false,"thumbnail":false,"medium":false,"medium_large":false,"large":false,"1536x1536":false,"2048x2048":false,"trp-custom-language-flag":false,"post_slider_layout_landscape_large":false,"post_slider_layout_portrait_large":false,"post_slider_layout_square_large":false,"post_slider_layout_landscape":false,"post_slider_layout_portrait":false,"post_slider_layout_square":false,"archaeology-museums-pro-homepage-thumb":false,"mailpoet_newsletter_max":false,"vw-gallery-image-medium":false},"uagb_author_info":{"display_name":"Birkan Ayaz","author_link":"https:\/\/egyptologyencyclopedia.org\/de\/author\/birkanayaz26\/"},"uagb_comment_info":0,"uagb_excerpt":"Kurucu Hakk\u0131nda Birkan Ayaz, 2005 y\u0131l\u0131nda Eski\u015fehir&#8217;de do\u011fmu\u015ftur. Antik M\u0131s\u0131r medeniyetine olan ilgisi, erken ya\u015flarda M\u0131s\u0131r temal\u0131 sinema filmleri ve pop\u00fcler yay\u0131nlar arac\u0131l\u0131\u011f\u0131yla ba\u015flam\u0131\u015ft\u0131r. Bu ilgi, ilerleyen y\u0131llarda akademik bir meraka d\u00f6n\u00fc\u015fm\u00fc\u015f ve Ayaz&#8217;\u0131 M\u0131s\u0131r tarihi \u00fczerine odaklanan kitaplar\u0131 ve kaynaklar\u0131 incelemeye y\u00f6neltmi\u015ftir. Projenin Vizyonu Ayaz&#8217;\u0131n temel hedefi, Antik M\u0131s\u0131r tarihini ve arkeolojisini (Tarih \u00f6ncesi&hellip;","jetpack_sharing_enabled":true,"_links":{"self":[{"href":"https:\/\/egyptologyencyclopedia.org\/de\/wp-json\/wp\/v2\/pages\/958","targetHints":{"allow":["GET"]}}],"collection":[{"href":"https:\/\/egyptologyencyclopedia.org\/de\/wp-json\/wp\/v2\/pages"}],"about":[{"href":"https:\/\/egyptologyencyclopedia.org\/de\/wp-json\/wp\/v2\/types\/page"}],"author":[{"embeddable":true,"href":"https:\/\/egyptologyencyclopedia.org\/de\/wp-json\/wp\/v2\/users\/1"}],"replies":[{"embeddable":true,"href":"https:\/\/egyptologyencyclopedia.org\/de\/wp-json\/wp\/v2\/comments?post=958"}],"version-history":[{"count":10,"href":"https:\/\/egyptologyencyclopedia.org\/de\/wp-json\/wp\/v2\/pages\/958\/revisions"}],"predecessor-version":[{"id":6126,"href":"https:\/\/egyptologyencyclopedia.org\/de\/wp-json\/wp\/v2\/pages\/958\/revisions\/6126"}],"wp:featuredmedia":[{"embeddable":true,"href":"https:\/\/egyptologyencyclopedia.org\/de\/wp-json\/"}],"wp:attachment":[{"href":"https:\/\/egyptologyencyclopedia.org\/de\/wp-json\/wp\/v2\/media?parent=958"}],"curies":[{"name":"wp","href":"https:\/\/api.w.org\/{rel}","templated":true}]}}