{"id":681,"date":"2025-06-03T01:06:02","date_gmt":"2025-06-02T22:06:02","guid":{"rendered":"https:\/\/egyptologytr.wordpress.com\/?page_id=681"},"modified":"2026-02-08T10:22:23","modified_gmt":"2026-02-08T10:22:23","slug":"topluluk-katilimi","status":"publish","type":"page","link":"https:\/\/egyptologyencyclopedia.org\/de\/topluluk-katilimi\/","title":{"rendered":"Gemeinschaftliches Engagement"},"content":{"rendered":"<p class=\"has-black-color has-text-color has-link-color wp-elements-bfd6a962c2d1f800aa1e3ef7cad5085a\">Merhaba ara\u015ft\u0131rmac\u0131 Katk\u0131 Sunabilece\u011fin Alanlar<\/p>\n\n\n\n<h4 class=\"wp-block-heading\"><mark style=\"background-color:rgba(0, 0, 0, 0)\" class=\"has-inline-color has-black-color\">Makale Yazarl\u0131\u011f\u0131<\/mark><\/h4>\n\n\n\n<p class=\"has-black-color has-text-color has-link-color wp-elements-6d4c0d0e648a1006a50a0569efd60695\">Belirli bir konuda (tarih, mitoloji, sanat, mimari, yaz\u0131 vb.) akademik d\u00fczeyde makale yazmak istiyorsan, ba\u015fvurunu bekliyoruz. Yaz\u0131lar\u0131n edit\u00f6r ekibi taraf\u0131ndan incelendikten sonra yay\u0131nlan\u0131r.<\/p>\n\n\n\n<h4 class=\"wp-block-heading\"><mark style=\"background-color:rgba(0, 0, 0, 0)\" class=\"has-inline-color has-black-color\">Kaynak Payla\u015f\u0131m\u0131<\/mark><\/h4>\n\n\n\n<p class=\"has-black-color has-text-color has-link-color wp-elements-68e1395819d914939f59fe88f4092d8a\"><a href=\"https:\/\/bookarchive.egyptologyencyclopedia.org\/\" type=\"link\" id=\"https:\/\/bookarchive.egyptologyencyclopedia.org\/\">PDF kitaplar<\/a>, makaleler, a\u00e7\u0131k eri\u015fimli ar\u015fiv ba\u011flant\u0131lar\u0131 ya da kendi kulland\u0131\u011f\u0131n\u0131z kaynaklar\u0131 bizimle payla\u015fabilirsiniz. Kaynaklar, \u201cReferanslar\u201d b\u00f6l\u00fcm\u00fcnde sizin isminizle yer alabilir.<\/p>\n\n\n\n<h4 class=\"wp-block-heading has-black-color has-text-color has-link-color wp-elements-a0d186e158e629cc05e7dafdc5e81e9e\"><mark style=\"background-color:rgba(0, 0, 0, 0)\" class=\"has-inline-color has-black-color\">\u00c7eviri Deste\u011fi<\/mark><\/h4>\n\n\n\n<p class=\"has-black-color has-text-color has-link-color wp-elements-b26bb69c97981660ebd796b4ff5a87c3\">\u0130ngilizce, Frans\u0131zca veya Almanca gibi dillerden Antik M\u0131s\u0131r\u2019la ilgili makale ya da metinleri T\u00fcrk\u00e7eye \u00e7evirmek isteyenler bizimle ileti\u015fime ge\u00e7ebilir.<\/p>\n\n\n\n<h4 class=\"wp-block-heading has-black-color has-text-color has-link-color wp-elements-9c3bbcd266ad2b3091f03477e19b9eb1\"><mark style=\"background-color:rgba(0, 0, 0, 0)\" class=\"has-inline-color has-black-color\">G\u00f6rsel ve Koleksiyon Katk\u0131s\u0131<\/mark><\/h4>\n\n\n\n<p class=\"has-black-color has-text-color has-link-color wp-elements-ce570e28b0e461c59f617713fef40860\">Kamuya a\u00e7\u0131k m\u00fcze ar\u015fivlerinden \u00f6nemli buldu\u011funuz telifsiz veya kamuya a\u00e7\u0131k (public domain) g\u00f6rselleri bize g\u00f6nderebilirsiniz. \u0130sterseniz kendi \u00e7izim veya infografiklerinizi de yay\u0131nlayabiliriz.<\/p>\n\n\n\n<h4 class=\"wp-block-heading\"><mark style=\"background-color:rgba(0, 0, 0, 0)\" class=\"has-inline-color has-black-color\">Katk\u0131 Yapmak \u0130\u00e7in<\/mark><\/h4>\n\n\n\n<p>Katk\u0131da bulunmak istiyorsan\u0131z, a\u015fa\u011f\u0131daki formu doldurabilir ya da do\u011frudan bizimle ileti\u015fime ge\u00e7ebilirsiniz:<\/p>\n\n\n\n<p class=\"has-black-color has-text-color has-link-color wp-elements-83b79f097693466f770900021c8edd11\">\ud83d\udd17 <strong>Katk\u0131 Formunu Doldurun<\/strong><br>\ud83d\udce7 <strong><a>info@egyptologyencyclopedia.org<\/a><\/strong><\/p>\n\n\n\n<p class=\"has-black-color has-text-color has-link-color wp-elements-8c982c43bbbb8766de205aa6595d7795\">Her katk\u0131, kaynaklarla birlikte do\u011fruluk a\u00e7\u0131s\u0131ndan kontrol edilir ve uygun g\u00f6r\u00fclenler edit\u00f6r onay\u0131yla yay\u0131nlan\u0131r. Katk\u0131lar\u0131n\u0131zla T\u00fcrkiye&#8217;de M\u0131s\u0131rbilim alan\u0131nda dijital bir haf\u0131za in\u015fa ediyoruz.<\/p>\n\n\n\n<h4 class=\"wp-block-heading\"><mark style=\"background-color:rgba(0, 0, 0, 0)\" class=\"has-inline-color has-black-color\">Unutma !<\/mark><\/h4>\n\n\n\n<p class=\"has-black-color has-text-color has-link-color wp-elements-c06a95d01b0d1e94ef20eafa61825280\">Bu site reklam bar\u0131nd\u0131rmaz, sponsor almaz ve hi\u00e7bir ticari ama\u00e7 ta\u015f\u0131maz. Katk\u0131n\u0131z tamamen bilgiye dayal\u0131 bir miras\u0131n payla\u015f\u0131lmas\u0131na hizmet eder.<\/p>\n\n\n\n<p class=\"has-black-color has-text-color has-link-color wp-elements-7aa580d0582ef0a6a069e6197fcab0f1\" style=\"font-style:normal;font-weight:100\"><em><mark style=\"background-color:rgba(0, 0, 0, 0)\" class=\"has-inline-color has-black-color\">\u201cSiz de bu dijital ar\u015fivin bir par\u00e7as\u0131 olun. M\u0131s\u0131r tarihine birlikte \u0131\u015f\u0131k tutal\u0131m.\u201d<\/mark><\/em><\/p>\n\n\n\n<div style=\"height:100px\" aria-hidden=\"true\" class=\"wp-block-spacer\"><\/div>","protected":false},"excerpt":{"rendered":"<p>Merhaba ara\u015ft\u0131rmac\u0131 Katk\u0131 Sunabilece\u011fin Alanlar Makale Yazarl\u0131\u011f\u0131 Belirli bir konuda (tarih, mitoloji, sanat, mimari, yaz\u0131 vb.) akademik d\u00fczeyde makale yazmak istiyorsan, ba\u015fvurunu bekliyoruz. Yaz\u0131lar\u0131n edit\u00f6r ekibi taraf\u0131ndan incelendikten sonra yay\u0131nlan\u0131r. Kaynak Payla\u015f\u0131m\u0131 PDF kitaplar, makaleler, a\u00e7\u0131k eri\u015fimli ar\u015fiv ba\u011flant\u0131lar\u0131 ya da kendi kulland\u0131\u011f\u0131n\u0131z kaynaklar\u0131 bizimle payla\u015fabilirsiniz. Kaynaklar, \u201cReferanslar\u201d b\u00f6l\u00fcm\u00fcnde sizin isminizle yer alabilir. \u00c7eviri Deste\u011fi &hellip; <\/p>\n<p class=\"link-more\"><a href=\"https:\/\/egyptologyencyclopedia.org\/de\/topluluk-katilimi\/\" class=\"more-link\">Continue reading<span class=\"screen-reader-text\"> &#8220;Topluluk Kat\u0131l\u0131m\u0131&#8221;<\/span><\/a><\/p>","protected":false},"author":1,"featured_media":0,"parent":0,"menu_order":0,"comment_status":"closed","ping_status":"closed","template":"","meta":{"_regular_price":[],"currency_symbol":[],"_uag_custom_page_level_css":"","jetpack_post_was_ever_published":false,"footnotes":""},"class_list":["post-681","page","type-page","status-publish","hentry"],"post_slider_layout_featured_media_urls":{"thumbnail":"","post_slider_layout_landscape_large":"","post_slider_layout_portrait_large":"","post_slider_layout_square_large":"","post_slider_layout_landscape":"","post_slider_layout_portrait":"","post_slider_layout_square":"","full":""},"yoast_head":"<!-- This site is optimized with the Yoast SEO plugin v27.4 - https:\/\/yoast.com\/product\/yoast-seo-wordpress\/ -->\n<title>Topluluk Kat\u0131l\u0131m\u0131 - M\u0131s\u0131rbilim Ansiklopedisi - Egyptology Encyclopedia<\/title>\n<meta name=\"description\" content=\"Merhaba ara\u015ft\u0131rmac\u0131 Katk\u0131 Sunabilece\u011fin Alanlar Belirli bir konuda (tarih, mitoloji, sanat, mimari, yaz\u0131 vb.) akademik d\u00fczeyde makale yazmak istiyorsan, ba\u015fvurunu bekliyoruz. Yaz\u0131lar\u0131n edit\u00f6r ekibi taraf\u0131ndan incelendikten sonra yay\u0131nlan\u0131r.\" \/>\n<meta name=\"robots\" content=\"index, follow, max-snippet:-1, max-image-preview:large, max-video-preview:-1\" \/>\n<link rel=\"canonical\" href=\"https:\/\/egyptologyencyclopedia.org\/de\/topluluk-katilimi\/\" \/>\n<meta property=\"og:locale\" content=\"de_DE\" \/>\n<meta property=\"og:type\" content=\"article\" \/>\n<meta property=\"og:title\" content=\"Topluluk Kat\u0131l\u0131m\u0131 - M\u0131s\u0131rbilim Ansiklopedisi - Egyptology Encyclopedia\" \/>\n<meta property=\"og:description\" content=\"Merhaba ara\u015ft\u0131rmac\u0131 Katk\u0131 Sunabilece\u011fin Alanlar Belirli bir konuda (tarih, mitoloji, sanat, mimari, yaz\u0131 vb.) akademik d\u00fczeyde makale yazmak istiyorsan, ba\u015fvurunu bekliyoruz. Yaz\u0131lar\u0131n edit\u00f6r ekibi taraf\u0131ndan incelendikten sonra yay\u0131nlan\u0131r.\" \/>\n<meta property=\"og:url\" content=\"https:\/\/egyptologyencyclopedia.org\/de\/topluluk-katilimi\/\" \/>\n<meta property=\"og:site_name\" content=\"M\u0131s\u0131rbilim Ansiklopedisi - Egyptology Encyclopedia\" \/>\n<meta property=\"article:modified_time\" content=\"2026-02-08T10:22:23+00:00\" \/>\n<meta name=\"twitter:card\" content=\"summary_large_image\" \/>\n<meta name=\"twitter:label1\" content=\"Gesch\u00e4tzte Lesezeit\" \/>\n\t<meta name=\"twitter:data1\" content=\"2\u00a0Minuten\" \/>\n<script type=\"application\/ld+json\" class=\"yoast-schema-graph\">{\"@context\":\"https:\\\/\\\/schema.org\",\"@graph\":[{\"@type\":\"WebPage\",\"@id\":\"https:\\\/\\\/egyptologyencyclopedia.org\\\/topluluk-katilimi\\\/\",\"url\":\"https:\\\/\\\/egyptologyencyclopedia.org\\\/topluluk-katilimi\\\/\",\"name\":\"Topluluk Kat\u0131l\u0131m\u0131 - M\u0131s\u0131rbilim Ansiklopedisi - Egyptology Encyclopedia\",\"isPartOf\":{\"@id\":\"https:\\\/\\\/egyptologyencyclopedia.org\\\/#website\"},\"datePublished\":\"2025-06-02T22:06:02+00:00\",\"dateModified\":\"2026-02-08T10:22:23+00:00\",\"description\":\"Merhaba ara\u015ft\u0131rmac\u0131 Katk\u0131 Sunabilece\u011fin Alanlar Belirli bir konuda (tarih, mitoloji, sanat, mimari, yaz\u0131 vb.) akademik d\u00fczeyde makale yazmak istiyorsan, ba\u015fvurunu bekliyoruz. Yaz\u0131lar\u0131n edit\u00f6r ekibi taraf\u0131ndan incelendikten sonra yay\u0131nlan\u0131r.\",\"breadcrumb\":{\"@id\":\"https:\\\/\\\/egyptologyencyclopedia.org\\\/topluluk-katilimi\\\/#breadcrumb\"},\"inLanguage\":\"de\",\"potentialAction\":[{\"@type\":\"ReadAction\",\"target\":[\"https:\\\/\\\/egyptologyencyclopedia.org\\\/topluluk-katilimi\\\/\"]}]},{\"@type\":\"BreadcrumbList\",\"@id\":\"https:\\\/\\\/egyptologyencyclopedia.org\\\/topluluk-katilimi\\\/#breadcrumb\",\"itemListElement\":[{\"@type\":\"ListItem\",\"position\":1,\"name\":\"Anasayfa\",\"item\":\"https:\\\/\\\/saddlebrown-ant-958972.hostingersite.com\\\/de\\\/\"},{\"@type\":\"ListItem\",\"position\":2,\"name\":\"Topluluk Kat\u0131l\u0131m\u0131\"}]},{\"@type\":\"WebSite\",\"@id\":\"https:\\\/\\\/egyptologyencyclopedia.org\\\/#website\",\"url\":\"https:\\\/\\\/egyptologyencyclopedia.org\\\/\",\"name\":\"M\u0131s\u0131rbilim Ansiklopedisi - Egyptology Encyclopedia\",\"description\":\"\",\"publisher\":{\"@id\":\"https:\\\/\\\/egyptologyencyclopedia.org\\\/#organization\"},\"potentialAction\":[{\"@type\":\"SearchAction\",\"target\":{\"@type\":\"EntryPoint\",\"urlTemplate\":\"https:\\\/\\\/egyptologyencyclopedia.org\\\/?s={search_term_string}\"},\"query-input\":{\"@type\":\"PropertyValueSpecification\",\"valueRequired\":true,\"valueName\":\"search_term_string\"}}],\"inLanguage\":\"de\"},{\"@type\":\"Organization\",\"@id\":\"https:\\\/\\\/egyptologyencyclopedia.org\\\/#organization\",\"name\":\"M\u0131s\u0131rbilim Ansiklopedisi - Egyptology Encyclopedia\",\"url\":\"https:\\\/\\\/egyptologyencyclopedia.org\\\/\",\"logo\":{\"@type\":\"ImageObject\",\"inLanguage\":\"de\",\"@id\":\"https:\\\/\\\/egyptologyencyclopedia.org\\\/#\\\/schema\\\/logo\\\/image\\\/\",\"url\":\"https:\\\/\\\/egyptologyencyclopedia.org\\\/wp-content\\\/uploads\\\/2025\\\/10\\\/cropped-Misirbilim-Ansiklopedisi-2.png\",\"contentUrl\":\"https:\\\/\\\/egyptologyencyclopedia.org\\\/wp-content\\\/uploads\\\/2025\\\/10\\\/cropped-Misirbilim-Ansiklopedisi-2.png\",\"width\":181,\"height\":73,\"caption\":\"M\u0131s\u0131rbilim Ansiklopedisi - Egyptology Encyclopedia\"},\"image\":{\"@id\":\"https:\\\/\\\/egyptologyencyclopedia.org\\\/#\\\/schema\\\/logo\\\/image\\\/\"}}]}<\/script>\n<!-- \/ Yoast SEO plugin. -->","yoast_head_json":{"title":"Topluluk Kat\u0131l\u0131m\u0131 - M\u0131s\u0131rbilim Ansiklopedisi - Egyptology Encyclopedia","description":"Merhaba ara\u015ft\u0131rmac\u0131 Katk\u0131 Sunabilece\u011fin Alanlar Belirli bir konuda (tarih, mitoloji, sanat, mimari, yaz\u0131 vb.) akademik d\u00fczeyde makale yazmak istiyorsan, ba\u015fvurunu bekliyoruz. Yaz\u0131lar\u0131n edit\u00f6r ekibi taraf\u0131ndan incelendikten sonra yay\u0131nlan\u0131r.","robots":{"index":"index","follow":"follow","max-snippet":"max-snippet:-1","max-image-preview":"max-image-preview:large","max-video-preview":"max-video-preview:-1"},"canonical":"https:\/\/egyptologyencyclopedia.org\/de\/topluluk-katilimi\/","og_locale":"de_DE","og_type":"article","og_title":"Topluluk Kat\u0131l\u0131m\u0131 - M\u0131s\u0131rbilim Ansiklopedisi - Egyptology Encyclopedia","og_description":"Merhaba ara\u015ft\u0131rmac\u0131 Katk\u0131 Sunabilece\u011fin Alanlar Belirli bir konuda (tarih, mitoloji, sanat, mimari, yaz\u0131 vb.) akademik d\u00fczeyde makale yazmak istiyorsan, ba\u015fvurunu bekliyoruz. Yaz\u0131lar\u0131n edit\u00f6r ekibi taraf\u0131ndan incelendikten sonra yay\u0131nlan\u0131r.","og_url":"https:\/\/egyptologyencyclopedia.org\/de\/topluluk-katilimi\/","og_site_name":"M\u0131s\u0131rbilim Ansiklopedisi - Egyptology Encyclopedia","article_modified_time":"2026-02-08T10:22:23+00:00","twitter_card":"summary_large_image","twitter_misc":{"Gesch\u00e4tzte Lesezeit":"2\u00a0Minuten"},"schema":{"@context":"https:\/\/schema.org","@graph":[{"@type":"WebPage","@id":"https:\/\/egyptologyencyclopedia.org\/topluluk-katilimi\/","url":"https:\/\/egyptologyencyclopedia.org\/topluluk-katilimi\/","name":"Topluluk Kat\u0131l\u0131m\u0131 - M\u0131s\u0131rbilim Ansiklopedisi - Egyptology Encyclopedia","isPartOf":{"@id":"https:\/\/egyptologyencyclopedia.org\/#website"},"datePublished":"2025-06-02T22:06:02+00:00","dateModified":"2026-02-08T10:22:23+00:00","description":"Merhaba ara\u015ft\u0131rmac\u0131 Katk\u0131 Sunabilece\u011fin Alanlar Belirli bir konuda (tarih, mitoloji, sanat, mimari, yaz\u0131 vb.) akademik d\u00fczeyde makale yazmak istiyorsan, ba\u015fvurunu bekliyoruz. Yaz\u0131lar\u0131n edit\u00f6r ekibi taraf\u0131ndan incelendikten sonra yay\u0131nlan\u0131r.","breadcrumb":{"@id":"https:\/\/egyptologyencyclopedia.org\/topluluk-katilimi\/#breadcrumb"},"inLanguage":"de","potentialAction":[{"@type":"ReadAction","target":["https:\/\/egyptologyencyclopedia.org\/topluluk-katilimi\/"]}]},{"@type":"BreadcrumbList","@id":"https:\/\/egyptologyencyclopedia.org\/topluluk-katilimi\/#breadcrumb","itemListElement":[{"@type":"ListItem","position":1,"name":"Anasayfa","item":"https:\/\/saddlebrown-ant-958972.hostingersite.com\/de\/"},{"@type":"ListItem","position":2,"name":"Topluluk Kat\u0131l\u0131m\u0131"}]},{"@type":"WebSite","@id":"https:\/\/egyptologyencyclopedia.org\/#website","url":"https:\/\/egyptologyencyclopedia.org\/","name":"M\u0131s\u0131rbilim Ansiklopedisi - Egyptology Encyclopedia","description":"","publisher":{"@id":"https:\/\/egyptologyencyclopedia.org\/#organization"},"potentialAction":[{"@type":"SearchAction","target":{"@type":"EntryPoint","urlTemplate":"https:\/\/egyptologyencyclopedia.org\/?s={search_term_string}"},"query-input":{"@type":"PropertyValueSpecification","valueRequired":true,"valueName":"search_term_string"}}],"inLanguage":"de"},{"@type":"Organization","@id":"https:\/\/egyptologyencyclopedia.org\/#organization","name":"M\u0131s\u0131rbilim Ansiklopedisi - Egyptology Encyclopedia","url":"https:\/\/egyptologyencyclopedia.org\/","logo":{"@type":"ImageObject","inLanguage":"de","@id":"https:\/\/egyptologyencyclopedia.org\/#\/schema\/logo\/image\/","url":"https:\/\/egyptologyencyclopedia.org\/wp-content\/uploads\/2025\/10\/cropped-Misirbilim-Ansiklopedisi-2.png","contentUrl":"https:\/\/egyptologyencyclopedia.org\/wp-content\/uploads\/2025\/10\/cropped-Misirbilim-Ansiklopedisi-2.png","width":181,"height":73,"caption":"M\u0131s\u0131rbilim Ansiklopedisi - Egyptology Encyclopedia"},"image":{"@id":"https:\/\/egyptologyencyclopedia.org\/#\/schema\/logo\/image\/"}}]}},"_hostinger_reach_plugin_has_subscription_block":false,"_hostinger_reach_plugin_is_elementor":false,"uagb_featured_image_src":{"full":false,"thumbnail":false,"medium":false,"medium_large":false,"large":false,"1536x1536":false,"2048x2048":false,"trp-custom-language-flag":false,"post_slider_layout_landscape_large":false,"post_slider_layout_portrait_large":false,"post_slider_layout_square_large":false,"post_slider_layout_landscape":false,"post_slider_layout_portrait":false,"post_slider_layout_square":false,"archaeology-museums-pro-homepage-thumb":false,"mailpoet_newsletter_max":false,"vw-gallery-image-medium":false},"uagb_author_info":{"display_name":"Birkan Ayaz","author_link":"https:\/\/egyptologyencyclopedia.org\/de\/author\/birkanayaz26\/"},"uagb_comment_info":0,"uagb_excerpt":"Merhaba ara\u015ft\u0131rmac\u0131 Katk\u0131 Sunabilece\u011fin Alanlar Makale Yazarl\u0131\u011f\u0131 Belirli bir konuda (tarih, mitoloji, sanat, mimari, yaz\u0131 vb.) akademik d\u00fczeyde makale yazmak istiyorsan, ba\u015fvurunu bekliyoruz. Yaz\u0131lar\u0131n edit\u00f6r ekibi taraf\u0131ndan incelendikten sonra yay\u0131nlan\u0131r. Kaynak Payla\u015f\u0131m\u0131 PDF kitaplar, makaleler, a\u00e7\u0131k eri\u015fimli ar\u015fiv ba\u011flant\u0131lar\u0131 ya da kendi kulland\u0131\u011f\u0131n\u0131z kaynaklar\u0131 bizimle payla\u015fabilirsiniz. Kaynaklar, \u201cReferanslar\u201d b\u00f6l\u00fcm\u00fcnde sizin isminizle yer alabilir. \u00c7eviri Deste\u011fi&hellip;","jetpack_sharing_enabled":true,"_links":{"self":[{"href":"https:\/\/egyptologyencyclopedia.org\/de\/wp-json\/wp\/v2\/pages\/681","targetHints":{"allow":["GET"]}}],"collection":[{"href":"https:\/\/egyptologyencyclopedia.org\/de\/wp-json\/wp\/v2\/pages"}],"about":[{"href":"https:\/\/egyptologyencyclopedia.org\/de\/wp-json\/wp\/v2\/types\/page"}],"author":[{"embeddable":true,"href":"https:\/\/egyptologyencyclopedia.org\/de\/wp-json\/wp\/v2\/users\/1"}],"replies":[{"embeddable":true,"href":"https:\/\/egyptologyencyclopedia.org\/de\/wp-json\/wp\/v2\/comments?post=681"}],"version-history":[{"count":6,"href":"https:\/\/egyptologyencyclopedia.org\/de\/wp-json\/wp\/v2\/pages\/681\/revisions"}],"predecessor-version":[{"id":5889,"href":"https:\/\/egyptologyencyclopedia.org\/de\/wp-json\/wp\/v2\/pages\/681\/revisions\/5889"}],"wp:attachment":[{"href":"https:\/\/egyptologyencyclopedia.org\/de\/wp-json\/wp\/v2\/media?parent=681"}],"curies":[{"name":"wp","href":"https:\/\/api.w.org\/{rel}","templated":true}]}}