{"id":563,"date":"2025-05-30T14:11:57","date_gmt":"2025-05-30T11:11:57","guid":{"rendered":"https:\/\/egyptologytr.wordpress.com\/?page_id=563"},"modified":"2026-02-08T10:42:15","modified_gmt":"2026-02-08T10:42:15","slug":"hakkinda","status":"publish","type":"page","link":"https:\/\/egyptologyencyclopedia.org\/de\/hakkinda\/","title":{"rendered":"\u00dcber"},"content":{"rendered":"<p class=\"has-text-align-justify has-black-color has-text-color has-link-color wp-elements-08541b4a2b29678087f8c8a3dcf34e5e\">Antik M\u0131s\u0131r uygarl\u0131\u011f\u0131n\u0131 bilimsel, akademik ve dijital bir platformda ara\u015ft\u0131rmak, belgelemek ve payla\u015fmak amac\u0131yla kurulmu\u015f ba\u011f\u0131ms\u0131z bir bilgi merkezidir. Bu site, T\u00fcrkiye&#8217;de M\u0131s\u0131rbilim alan\u0131nda dijital ar\u015fiv ve yay\u0131nc\u0131l\u0131k faaliyetlerine odaklanan \u00f6nc\u00fc bir projedir.<\/p>\n\n\n\n<p class=\"has-text-align-justify has-black-color has-text-color has-link-color wp-elements-d016bccda560d26ccf4690f893f17e7e\">Projemiz; tarih, arkeoloji, mitoloji, sanat, din, mimari, dil ve yaz\u0131 gibi alanlarda Antik M\u0131s\u0131r\u2019a dair binlerce y\u0131ll\u0131k bilgi birikimini, g\u00fcvenilir kaynaklar \u0131\u015f\u0131\u011f\u0131nda T\u00fcrk\u00e7e olarak sunmay\u0131 hedeflemektedir. Haz\u0131rlanan her i\u00e7erik, \u00f6zg\u00fcn bir anlat\u0131mla, akademik kaynaklar temel al\u0131narak olu\u015fturulur.<\/p>\n\n\n\n<div style=\"height:30px\" aria-hidden=\"true\" class=\"wp-block-spacer\"><\/div>\n\n\n\n<hr class=\"wp-block-separator has-text-color has-white-color has-alpha-channel-opacity has-white-background-color has-background is-style-wide\"\/>\n\n\n\n<p class=\"has-black-color has-text-color has-link-color has-medium-font-size wp-elements-18c78e9661c263ce2dd84dfddc3b725a\"><strong>M\u0131s\u0131rbilim Kaynaklar\u0131na Adanm\u0131\u015f Dijital K\u00fct\u00fcphanemiz<\/strong><\/p>\n\n\n\n<p class=\"has-black-color has-text-color has-link-color wp-elements-5cfda41065bd5205a5f871edda7938b5\">M\u0131s\u0131rbilim Ansiklopedisi projesinin bir par\u00e7as\u0131 olarak, ara\u015ft\u0131rmac\u0131lara, \u00f6\u011frencilere ve t\u00fcm merakl\u0131lara paha bi\u00e7ilmez bir kaynak sunmak amac\u0131yla <strong><a href=\"https:\/\/bookarchive.egyptologyencyclopedia.org\/\" data-type=\"link\" data-id=\"https:\/\/bookarchive.egyptologyencyclopedia.org\/\">\u00c4gyptologie Bucharchiv<\/a><\/strong>&#8216;ni (<a href=\"https:\/\/www.google.com\/search?q=https:\/\/bookarchive.egyptologyencyclopedia.org\" target=\"_blank\" rel=\"noreferrer noopener\">bookarchive.egyptologyencyclopedia.org<\/a>) hayata ge\u00e7irdik. Bu \u00f6zel b\u00f6l\u00fcmde, M\u0131s\u0131rbilim alan\u0131nda telif hakk\u0131 bulunmayan veya kamu mal\u0131 (public domain) stat\u00fcs\u00fcnde olan y\u00fczlerce <strong>kitab\u0131, makaleyi ve ara\u015ft\u0131rma raporunu<\/strong> bir araya getiriyoruz. Amac\u0131m\u0131z, Antik M\u0131s\u0131r \u00fczerine yap\u0131lm\u0131\u015f temel \u00e7al\u0131\u015fmalar\u0131 herkesin eri\u015fimine \u00fccretsiz olarak a\u00e7arak, bilginin yay\u0131lmas\u0131na katk\u0131da bulunmakt\u0131r. Ar\u015fivimizi ziyaret ederek bu de\u011ferli kaynaklar\u0131 inceleyebilir ve \u00e7al\u0131\u015fmalar\u0131n\u0131zda kullanabilirsiniz.<\/p>\n\n\n\n<div style=\"height:100px\" aria-hidden=\"true\" class=\"wp-block-spacer\"><\/div>","protected":false},"excerpt":{"rendered":"<p>Antik M\u0131s\u0131r uygarl\u0131\u011f\u0131n\u0131 bilimsel, akademik ve dijital bir platformda ara\u015ft\u0131rmak, belgelemek ve payla\u015fmak amac\u0131yla kurulmu\u015f ba\u011f\u0131ms\u0131z bir bilgi merkezidir. Bu site, T\u00fcrkiye&#8217;de M\u0131s\u0131rbilim alan\u0131nda dijital ar\u015fiv ve yay\u0131nc\u0131l\u0131k faaliyetlerine odaklanan \u00f6nc\u00fc bir projedir. Projemiz; tarih, arkeoloji, mitoloji, sanat, din, mimari, dil ve yaz\u0131 gibi alanlarda Antik M\u0131s\u0131r\u2019a dair binlerce y\u0131ll\u0131k bilgi birikimini, g\u00fcvenilir kaynaklar \u0131\u015f\u0131\u011f\u0131nda &hellip; <\/p>\n<p class=\"link-more\"><a href=\"https:\/\/egyptologyencyclopedia.org\/de\/hakkinda\/\" class=\"more-link\">Continue reading<span class=\"screen-reader-text\"> &#8220;Hakk\u0131nda&#8221;<\/span><\/a><\/p>","protected":false},"author":1,"featured_media":0,"parent":0,"menu_order":0,"comment_status":"closed","ping_status":"closed","template":"","meta":{"_regular_price":[],"currency_symbol":[],"_uag_custom_page_level_css":"","jetpack_post_was_ever_published":false,"footnotes":""},"class_list":["post-563","page","type-page","status-publish","hentry"],"post_slider_layout_featured_media_urls":{"thumbnail":"","post_slider_layout_landscape_large":"","post_slider_layout_portrait_large":"","post_slider_layout_square_large":"","post_slider_layout_landscape":"","post_slider_layout_portrait":"","post_slider_layout_square":"","full":""},"yoast_head":"<!-- This site is optimized with the Yoast SEO plugin v27.4 - https:\/\/yoast.com\/product\/yoast-seo-wordpress\/ -->\n<title>Hakk\u0131nda - M\u0131s\u0131rbilim Ansiklopedisi - Egyptology Encyclopedia<\/title>\n<meta name=\"description\" content=\"Antik M\u0131s\u0131r uygarl\u0131\u011f\u0131n\u0131 bilimsel, akademik ve dijital bir platformda ara\u015ft\u0131rmak, belgelemek ve payla\u015fmak amac\u0131yla kurulmu\u015f ba\u011f\u0131ms\u0131z bir bilgi merkezidir. Bu site, T\u00fcrkiye&#039;de M\u0131s\u0131rbilim alan\u0131nda dijital ar\u015fiv ve yay\u0131nc\u0131l\u0131k faaliyetlerine odaklanan \u00f6nc\u00fc bir projedir.\" \/>\n<meta name=\"robots\" content=\"index, follow, max-snippet:-1, max-image-preview:large, max-video-preview:-1\" \/>\n<link rel=\"canonical\" href=\"https:\/\/egyptologyencyclopedia.org\/de\/hakkinda\/\" \/>\n<meta property=\"og:locale\" content=\"de_DE\" \/>\n<meta property=\"og:type\" content=\"article\" \/>\n<meta property=\"og:title\" content=\"Hakk\u0131nda - M\u0131s\u0131rbilim Ansiklopedisi - Egyptology Encyclopedia\" \/>\n<meta property=\"og:description\" content=\"Antik M\u0131s\u0131r uygarl\u0131\u011f\u0131n\u0131 bilimsel, akademik ve dijital bir platformda ara\u015ft\u0131rmak, belgelemek ve payla\u015fmak amac\u0131yla kurulmu\u015f ba\u011f\u0131ms\u0131z bir bilgi merkezidir. Bu site, T\u00fcrkiye&#039;de M\u0131s\u0131rbilim alan\u0131nda dijital ar\u015fiv ve yay\u0131nc\u0131l\u0131k faaliyetlerine odaklanan \u00f6nc\u00fc bir projedir.\" \/>\n<meta property=\"og:url\" content=\"https:\/\/egyptologyencyclopedia.org\/de\/hakkinda\/\" \/>\n<meta property=\"og:site_name\" content=\"M\u0131s\u0131rbilim Ansiklopedisi - Egyptology Encyclopedia\" \/>\n<meta property=\"article:modified_time\" content=\"2026-02-08T10:42:15+00:00\" \/>\n<meta name=\"twitter:card\" content=\"summary_large_image\" \/>\n<meta name=\"twitter:label1\" content=\"Gesch\u00e4tzte Lesezeit\" \/>\n\t<meta name=\"twitter:data1\" content=\"1\u00a0Minute\" \/>\n<script type=\"application\/ld+json\" class=\"yoast-schema-graph\">{\"@context\":\"https:\\\/\\\/schema.org\",\"@graph\":[{\"@type\":\"WebPage\",\"@id\":\"https:\\\/\\\/egyptologyencyclopedia.org\\\/hakkinda\\\/\",\"url\":\"https:\\\/\\\/egyptologyencyclopedia.org\\\/hakkinda\\\/\",\"name\":\"Hakk\u0131nda - M\u0131s\u0131rbilim Ansiklopedisi - Egyptology Encyclopedia\",\"isPartOf\":{\"@id\":\"https:\\\/\\\/egyptologyencyclopedia.org\\\/#website\"},\"datePublished\":\"2025-05-30T11:11:57+00:00\",\"dateModified\":\"2026-02-08T10:42:15+00:00\",\"description\":\"Antik M\u0131s\u0131r uygarl\u0131\u011f\u0131n\u0131 bilimsel, akademik ve dijital bir platformda ara\u015ft\u0131rmak, belgelemek ve payla\u015fmak amac\u0131yla kurulmu\u015f ba\u011f\u0131ms\u0131z bir bilgi merkezidir. Bu site, T\u00fcrkiye'de M\u0131s\u0131rbilim alan\u0131nda dijital ar\u015fiv ve yay\u0131nc\u0131l\u0131k faaliyetlerine odaklanan \u00f6nc\u00fc bir projedir.\",\"breadcrumb\":{\"@id\":\"https:\\\/\\\/egyptologyencyclopedia.org\\\/hakkinda\\\/#breadcrumb\"},\"inLanguage\":\"de\",\"potentialAction\":[{\"@type\":\"ReadAction\",\"target\":[\"https:\\\/\\\/egyptologyencyclopedia.org\\\/hakkinda\\\/\"]}]},{\"@type\":\"BreadcrumbList\",\"@id\":\"https:\\\/\\\/egyptologyencyclopedia.org\\\/hakkinda\\\/#breadcrumb\",\"itemListElement\":[{\"@type\":\"ListItem\",\"position\":1,\"name\":\"Anasayfa\",\"item\":\"https:\\\/\\\/saddlebrown-ant-958972.hostingersite.com\\\/de\\\/\"},{\"@type\":\"ListItem\",\"position\":2,\"name\":\"Hakk\u0131nda\"}]},{\"@type\":\"WebSite\",\"@id\":\"https:\\\/\\\/egyptologyencyclopedia.org\\\/#website\",\"url\":\"https:\\\/\\\/egyptologyencyclopedia.org\\\/\",\"name\":\"M\u0131s\u0131rbilim Ansiklopedisi - Egyptology Encyclopedia\",\"description\":\"\",\"publisher\":{\"@id\":\"https:\\\/\\\/egyptologyencyclopedia.org\\\/#organization\"},\"potentialAction\":[{\"@type\":\"SearchAction\",\"target\":{\"@type\":\"EntryPoint\",\"urlTemplate\":\"https:\\\/\\\/egyptologyencyclopedia.org\\\/?s={search_term_string}\"},\"query-input\":{\"@type\":\"PropertyValueSpecification\",\"valueRequired\":true,\"valueName\":\"search_term_string\"}}],\"inLanguage\":\"de\"},{\"@type\":\"Organization\",\"@id\":\"https:\\\/\\\/egyptologyencyclopedia.org\\\/#organization\",\"name\":\"M\u0131s\u0131rbilim Ansiklopedisi - Egyptology Encyclopedia\",\"url\":\"https:\\\/\\\/egyptologyencyclopedia.org\\\/\",\"logo\":{\"@type\":\"ImageObject\",\"inLanguage\":\"de\",\"@id\":\"https:\\\/\\\/egyptologyencyclopedia.org\\\/#\\\/schema\\\/logo\\\/image\\\/\",\"url\":\"https:\\\/\\\/egyptologyencyclopedia.org\\\/wp-content\\\/uploads\\\/2025\\\/10\\\/cropped-Misirbilim-Ansiklopedisi-2.png\",\"contentUrl\":\"https:\\\/\\\/egyptologyencyclopedia.org\\\/wp-content\\\/uploads\\\/2025\\\/10\\\/cropped-Misirbilim-Ansiklopedisi-2.png\",\"width\":181,\"height\":73,\"caption\":\"M\u0131s\u0131rbilim Ansiklopedisi - Egyptology Encyclopedia\"},\"image\":{\"@id\":\"https:\\\/\\\/egyptologyencyclopedia.org\\\/#\\\/schema\\\/logo\\\/image\\\/\"}}]}<\/script>\n<!-- \/ Yoast SEO plugin. -->","yoast_head_json":{"title":"Hakk\u0131nda - M\u0131s\u0131rbilim Ansiklopedisi - Egyptology Encyclopedia","description":"Antik M\u0131s\u0131r uygarl\u0131\u011f\u0131n\u0131 bilimsel, akademik ve dijital bir platformda ara\u015ft\u0131rmak, belgelemek ve payla\u015fmak amac\u0131yla kurulmu\u015f ba\u011f\u0131ms\u0131z bir bilgi merkezidir. Bu site, T\u00fcrkiye'de M\u0131s\u0131rbilim alan\u0131nda dijital ar\u015fiv ve yay\u0131nc\u0131l\u0131k faaliyetlerine odaklanan \u00f6nc\u00fc bir projedir.","robots":{"index":"index","follow":"follow","max-snippet":"max-snippet:-1","max-image-preview":"max-image-preview:large","max-video-preview":"max-video-preview:-1"},"canonical":"https:\/\/egyptologyencyclopedia.org\/de\/hakkinda\/","og_locale":"de_DE","og_type":"article","og_title":"Hakk\u0131nda - M\u0131s\u0131rbilim Ansiklopedisi - Egyptology Encyclopedia","og_description":"Antik M\u0131s\u0131r uygarl\u0131\u011f\u0131n\u0131 bilimsel, akademik ve dijital bir platformda ara\u015ft\u0131rmak, belgelemek ve payla\u015fmak amac\u0131yla kurulmu\u015f ba\u011f\u0131ms\u0131z bir bilgi merkezidir. Bu site, T\u00fcrkiye'de M\u0131s\u0131rbilim alan\u0131nda dijital ar\u015fiv ve yay\u0131nc\u0131l\u0131k faaliyetlerine odaklanan \u00f6nc\u00fc bir projedir.","og_url":"https:\/\/egyptologyencyclopedia.org\/de\/hakkinda\/","og_site_name":"M\u0131s\u0131rbilim Ansiklopedisi - Egyptology Encyclopedia","article_modified_time":"2026-02-08T10:42:15+00:00","twitter_card":"summary_large_image","twitter_misc":{"Gesch\u00e4tzte Lesezeit":"1\u00a0Minute"},"schema":{"@context":"https:\/\/schema.org","@graph":[{"@type":"WebPage","@id":"https:\/\/egyptologyencyclopedia.org\/hakkinda\/","url":"https:\/\/egyptologyencyclopedia.org\/hakkinda\/","name":"Hakk\u0131nda - M\u0131s\u0131rbilim Ansiklopedisi - Egyptology Encyclopedia","isPartOf":{"@id":"https:\/\/egyptologyencyclopedia.org\/#website"},"datePublished":"2025-05-30T11:11:57+00:00","dateModified":"2026-02-08T10:42:15+00:00","description":"Antik M\u0131s\u0131r uygarl\u0131\u011f\u0131n\u0131 bilimsel, akademik ve dijital bir platformda ara\u015ft\u0131rmak, belgelemek ve payla\u015fmak amac\u0131yla kurulmu\u015f ba\u011f\u0131ms\u0131z bir bilgi merkezidir. Bu site, T\u00fcrkiye'de M\u0131s\u0131rbilim alan\u0131nda dijital ar\u015fiv ve yay\u0131nc\u0131l\u0131k faaliyetlerine odaklanan \u00f6nc\u00fc bir projedir.","breadcrumb":{"@id":"https:\/\/egyptologyencyclopedia.org\/hakkinda\/#breadcrumb"},"inLanguage":"de","potentialAction":[{"@type":"ReadAction","target":["https:\/\/egyptologyencyclopedia.org\/hakkinda\/"]}]},{"@type":"BreadcrumbList","@id":"https:\/\/egyptologyencyclopedia.org\/hakkinda\/#breadcrumb","itemListElement":[{"@type":"ListItem","position":1,"name":"Anasayfa","item":"https:\/\/saddlebrown-ant-958972.hostingersite.com\/de\/"},{"@type":"ListItem","position":2,"name":"Hakk\u0131nda"}]},{"@type":"WebSite","@id":"https:\/\/egyptologyencyclopedia.org\/#website","url":"https:\/\/egyptologyencyclopedia.org\/","name":"M\u0131s\u0131rbilim Ansiklopedisi - Egyptology Encyclopedia","description":"","publisher":{"@id":"https:\/\/egyptologyencyclopedia.org\/#organization"},"potentialAction":[{"@type":"SearchAction","target":{"@type":"EntryPoint","urlTemplate":"https:\/\/egyptologyencyclopedia.org\/?s={search_term_string}"},"query-input":{"@type":"PropertyValueSpecification","valueRequired":true,"valueName":"search_term_string"}}],"inLanguage":"de"},{"@type":"Organization","@id":"https:\/\/egyptologyencyclopedia.org\/#organization","name":"M\u0131s\u0131rbilim Ansiklopedisi - Egyptology Encyclopedia","url":"https:\/\/egyptologyencyclopedia.org\/","logo":{"@type":"ImageObject","inLanguage":"de","@id":"https:\/\/egyptologyencyclopedia.org\/#\/schema\/logo\/image\/","url":"https:\/\/egyptologyencyclopedia.org\/wp-content\/uploads\/2025\/10\/cropped-Misirbilim-Ansiklopedisi-2.png","contentUrl":"https:\/\/egyptologyencyclopedia.org\/wp-content\/uploads\/2025\/10\/cropped-Misirbilim-Ansiklopedisi-2.png","width":181,"height":73,"caption":"M\u0131s\u0131rbilim Ansiklopedisi - Egyptology Encyclopedia"},"image":{"@id":"https:\/\/egyptologyencyclopedia.org\/#\/schema\/logo\/image\/"}}]}},"_hostinger_reach_plugin_has_subscription_block":false,"_hostinger_reach_plugin_is_elementor":false,"uagb_featured_image_src":{"full":false,"thumbnail":false,"medium":false,"medium_large":false,"large":false,"1536x1536":false,"2048x2048":false,"trp-custom-language-flag":false,"post_slider_layout_landscape_large":false,"post_slider_layout_portrait_large":false,"post_slider_layout_square_large":false,"post_slider_layout_landscape":false,"post_slider_layout_portrait":false,"post_slider_layout_square":false,"archaeology-museums-pro-homepage-thumb":false,"mailpoet_newsletter_max":false,"vw-gallery-image-medium":false},"uagb_author_info":{"display_name":"Birkan Ayaz","author_link":"https:\/\/egyptologyencyclopedia.org\/de\/author\/birkanayaz26\/"},"uagb_comment_info":0,"uagb_excerpt":"Antik M\u0131s\u0131r uygarl\u0131\u011f\u0131n\u0131 bilimsel, akademik ve dijital bir platformda ara\u015ft\u0131rmak, belgelemek ve payla\u015fmak amac\u0131yla kurulmu\u015f ba\u011f\u0131ms\u0131z bir bilgi merkezidir. Bu site, T\u00fcrkiye&#8217;de M\u0131s\u0131rbilim alan\u0131nda dijital ar\u015fiv ve yay\u0131nc\u0131l\u0131k faaliyetlerine odaklanan \u00f6nc\u00fc bir projedir. Projemiz; tarih, arkeoloji, mitoloji, sanat, din, mimari, dil ve yaz\u0131 gibi alanlarda Antik M\u0131s\u0131r\u2019a dair binlerce y\u0131ll\u0131k bilgi birikimini, g\u00fcvenilir kaynaklar \u0131\u015f\u0131\u011f\u0131nda&hellip;","jetpack_sharing_enabled":true,"_links":{"self":[{"href":"https:\/\/egyptologyencyclopedia.org\/de\/wp-json\/wp\/v2\/pages\/563","targetHints":{"allow":["GET"]}}],"collection":[{"href":"https:\/\/egyptologyencyclopedia.org\/de\/wp-json\/wp\/v2\/pages"}],"about":[{"href":"https:\/\/egyptologyencyclopedia.org\/de\/wp-json\/wp\/v2\/types\/page"}],"author":[{"embeddable":true,"href":"https:\/\/egyptologyencyclopedia.org\/de\/wp-json\/wp\/v2\/users\/1"}],"replies":[{"embeddable":true,"href":"https:\/\/egyptologyencyclopedia.org\/de\/wp-json\/wp\/v2\/comments?post=563"}],"version-history":[{"count":6,"href":"https:\/\/egyptologyencyclopedia.org\/de\/wp-json\/wp\/v2\/pages\/563\/revisions"}],"predecessor-version":[{"id":5890,"href":"https:\/\/egyptologyencyclopedia.org\/de\/wp-json\/wp\/v2\/pages\/563\/revisions\/5890"}],"wp:attachment":[{"href":"https:\/\/egyptologyencyclopedia.org\/de\/wp-json\/wp\/v2\/media?parent=563"}],"curies":[{"name":"wp","href":"https:\/\/api.w.org\/{rel}","templated":true}]}}