{"id":4868,"date":"2025-10-18T11:51:59","date_gmt":"2025-10-18T11:51:59","guid":{"rendered":"https:\/\/egyptologyencyclopedia.org\/?page_id=4868"},"modified":"2026-03-15T19:06:05","modified_gmt":"2026-03-15T19:06:05","slug":"misirin-hanedan-oncesi-donemleri-ve-kulturleri","status":"publish","type":"page","link":"https:\/\/egyptologyencyclopedia.org\/de\/misirin-hanedan-oncesi-donemleri-ve-kulturleri\/","title":{"rendered":"Vordynastische Perioden und Kulturen in \u00c4gypten"},"content":{"rendered":"<figure class=\"wp-block-table is-style-stripes\"><table class=\"has-black-color has-text-color has-link-color has-fixed-layout\"><thead><tr><td><strong>D\u00f6nem<\/strong><\/td><td><strong>K\u00fclt\u00fcr \/ Evre<\/strong><\/td><td><strong>Yakla\u015f\u0131k Tarihler (M\u00d6)<\/strong><\/td><td><strong>Co\u011frafi Konum<\/strong><\/td><td><strong>Temel \u00d6zellikler ve Geli\u015fmeler<\/strong><\/td><\/tr><\/thead><tbody><tr><td><strong>Paleolitik (Eski Ta\u015f \u00c7a\u011f\u0131)<\/strong><\/td><td>\u00c7e\u015fitli Paleolitik K\u00fclt\u00fcrler<\/td><td>~700.000 \u2013 7.000<\/td><td>Nil Vadisi, Bat\u0131 \u00c7\u00f6l\u00fc<\/td><td>G\u00f6\u00e7ebe avc\u0131-toplay\u0131c\u0131 gruplar. Ta\u015f aletler (el baltalar\u0131 vb.). \u0130klimin daha nemli oldu\u011fu d\u00f6nemlerde Sahra&#8217;da ya\u015fam.<\/td><\/tr><tr><td><strong>Neolitik (Cilal\u0131 Ta\u015f \u00c7a\u011f\u0131)<\/strong><\/td><td>Faiyum A K\u00fclt\u00fcr\u00fc<\/td><td>~5500 \u2013 4500<\/td><td><strong><a href=\"https:\/\/egyptologyencyclopedia.org\/de\/antik-kasaba-ve-sehirler\/\">A\u015fa\u011f\u0131 M\u0131s\u0131r<\/a><\/strong> (Kuzey) (Faiyum Vahas\u0131)<\/td><td>\u0130lk yerle\u015fik tar\u0131m denemeleri (bu\u011fday, arpa). Hayvan evcille\u015ftirme (koyun, ke\u00e7i). Kaba \u00e7anak \u00e7\u00f6mlekler.<\/td><\/tr><tr><td><\/td><td>Merimde K\u00fclt\u00fcr\u00fc<\/td><td>~5000 \u2013 4100<\/td><td><strong><a href=\"https:\/\/egyptologyencyclopedia.org\/de\/antik-kasaba-ve-sehirler\/\">A\u015fa\u011f\u0131 M\u0131s\u0131r<\/a><\/strong> (Kuzey) (Delta&#8217;n\u0131n bat\u0131 kenar\u0131)<\/td><td>Kal\u0131c\u0131 k\u00f6y ya\u015fam\u0131n\u0131n geli\u015fmesi. Depolama i\u00e7in kullan\u0131lan ambar \u00e7ukurlar\u0131. Daha geli\u015fmi\u015f \u00e7\u00f6mlek\u00e7ilik.<\/td><\/tr><tr><td><strong>Kalkolitik (Bak\u0131r-Ta\u015f \u00c7a\u011f\u0131)<\/strong> <em>(Hanedan \u00d6ncesi Ba\u015flang\u0131c\u0131)<\/em><\/td><td>Badari K\u00fclt\u00fcr\u00fc<\/td><td>~4400 \u2013 4000<\/td><td><strong><a href=\"https:\/\/egyptologyencyclopedia.org\/de\/antik-kasaba-ve-sehirler\/\">Yukar\u0131 M\u0131s\u0131r<\/a><\/strong> (G\u00fcney) (El-Badari b\u00f6lgesi)<\/td><td><strong>Yukar\u0131 M\u0131s\u0131r&#8217;daki ilk tar\u0131m toplulu\u011fu.<\/strong> \u00c7ok ince cidarl\u0131, parlak, &#8220;dalgal\u0131 y\u00fczeyli&#8221; (ripple-surfaced) \u00e7\u00f6mlekleriyle \u00fcnl\u00fcd\u00fcr. \u0130lk kozmetik paletleri. Stat\u00fc farkl\u0131l\u0131\u011f\u0131n\u0131 g\u00f6steren mezarlar.<\/td><\/tr><tr><td><strong>Hanedan \u00d6ncesi<\/strong> <em>(Kalkolitik Devam\u0131)<\/em><\/td><td><strong>Naqada I<\/strong> (Amratian)<\/td><td>~4000 \u2013 3500<\/td><td><strong><a href=\"https:\/\/egyptologyencyclopedia.org\/de\/antik-kasaba-ve-sehirler\/\">Yukar\u0131 M\u0131s\u0131r<\/a><\/strong> (G\u00fcney) (Naqada, Abydos)<\/td><td>Badari k\u00fclt\u00fcr\u00fcn\u00fcn devam\u0131. &#8220;Siyah tepeli k\u0131rm\u0131z\u0131 \u00e7\u00f6mlek&#8221; (Black-topped red ware) yayg\u0131nd\u0131r. \u0130nsan ve hayvan fig\u00fcrinleri (fildi\u015fi, kil). Sosyal tabakala\u015fman\u0131n artt\u0131\u011f\u0131 mezarlar.<\/td><\/tr><tr><td><\/td><td><strong>Naqada II<\/strong> (Gerzean)<\/td><td>~3500 \u2013 3200<\/td><td><strong><a href=\"https:\/\/egyptologyencyclopedia.org\/de\/antik-kasaba-ve-sehirler\/\">T\u00fcm M\u0131s\u0131r<\/a><\/strong> (K\u00fclt\u00fcr kuzeye yay\u0131ld\u0131)<\/td><td><strong>H\u0131zl\u0131 teknolojik ve sosyal de\u011fi\u015fim.<\/strong> <em>Mezopotamya ile ticaretin ba\u015flamas\u0131<\/em> (silindir m\u00fch\u00fcrler, lapis lazuli). Yeni \u00e7\u00f6mlek stili: &#8220;Marl\u0131 \u00e7\u00f6mlek&#8221; (Marl clay) \u00fczerine gemi, insan ve hayvan resimleri \u00e7izilmesi. Bak\u0131r aletlerin ve silahlar\u0131n yayg\u0131nla\u015fmas\u0131. <em>\u0130lk proto-devletlerin<\/em> (k\u00fc\u00e7\u00fck krall\u0131klar\u0131n) ortaya \u00e7\u0131k\u0131\u015f\u0131. Hierakonpolis (Nekhen) gibi g\u00fc\u00e7 merkezleri y\u00fckseldi.<\/td><\/tr><tr><td><strong>Protodinastik D\u00f6nem<\/strong> <em>(Birle\u015fme S\u00fcreci)<\/em><\/td><td><strong>Naqada III<\/strong> (&#8220;S\u0131f\u0131r\u0131nc\u0131&#8221; Hanedan)<\/td><td>~3200 \u2013 3000<\/td><td><strong><a href=\"https:\/\/egyptologyencyclopedia.org\/de\/antik-kasaba-ve-sehirler\/\">T\u00fcm M\u0131s\u0131r<\/a><\/strong><\/td><td><strong>Siyasi birle\u015fme s\u00fcreci.<\/strong> Krall\u0131k ideolojisinin tam olarak geli\u015fmesi. &#8220;Akrep Kral&#8221; gibi y\u00f6neticilerin varl\u0131\u011f\u0131. <strong>\u0130lk proto-hiyerogliflerin (Serekh) ortaya \u00e7\u0131k\u0131\u015f\u0131.<\/strong> Abydos&#8217;taki U-j Mezar\u0131 (ilk hiyerogliflerin bulundu\u011fu yer). \u00dcnl\u00fc <strong>Narmer Paleti<\/strong> bu d\u00f6nemin sonuna veya 1. Hanedan&#8217;\u0131n ba\u015f\u0131na aittir ve M\u0131s\u0131r&#8217;\u0131n birle\u015fmesini sembolize eder.<\/td><\/tr><tr><td><strong>Erken Hanedan D\u00f6nemi<\/strong><\/td><td><strong><a href=\"https:\/\/egyptologyencyclopedia.org\/de\/antik-misir-krallari\/misir-1-hanedan-krallari-mo-3100-mo-2890\/\">1. Hanedan<\/a><\/strong><\/td><td>~3000<\/td><td><\/td><td>Bu d\u00f6nemin sonunda <strong><a href=\"https:\/\/egyptologyencyclopedia.org\/de\/narmer\/\">Narmer <\/a>(veya <a href=\"https:\/\/egyptologyencyclopedia.org\/de\/narmer\/\">Menes<\/a>)<\/strong>, Yukar\u0131 ve A\u015fa\u011f\u0131 M\u0131s\u0131r&#8217;\u0131 tek bir ta\u00e7 alt\u0131nda birle\u015ftirerek &#8220;tarihi&#8221; d\u00f6nemi resmen ba\u015flat\u0131r.<\/td><\/tr><\/tbody><\/table><\/figure>\n\n\n\n<p><\/p>","protected":false},"excerpt":{"rendered":"<p>D\u00f6nem K\u00fclt\u00fcr \/ Evre Yakla\u015f\u0131k Tarihler (M\u00d6) Co\u011frafi Konum Temel \u00d6zellikler ve Geli\u015fmeler Paleolitik (Eski Ta\u015f \u00c7a\u011f\u0131) \u00c7e\u015fitli Paleolitik K\u00fclt\u00fcrler ~700.000 \u2013 7.000 Nil Vadisi, Bat\u0131 \u00c7\u00f6l\u00fc G\u00f6\u00e7ebe avc\u0131-toplay\u0131c\u0131 gruplar. Ta\u015f aletler (el baltalar\u0131 vb.). \u0130klimin daha nemli oldu\u011fu d\u00f6nemlerde Sahra&#8217;da ya\u015fam. Neolitik (Cilal\u0131 Ta\u015f \u00c7a\u011f\u0131) Faiyum A K\u00fclt\u00fcr\u00fc ~5500 \u2013 4500 A\u015fa\u011f\u0131 M\u0131s\u0131r (Kuzey) &hellip; <\/p>\n<p class=\"link-more\"><a href=\"https:\/\/egyptologyencyclopedia.org\/de\/misirin-hanedan-oncesi-donemleri-ve-kulturleri\/\" class=\"more-link\">Continue reading<span class=\"screen-reader-text\"> &#8220;M\u0131s\u0131r&#8217;\u0131n Hanedan \u00d6ncesi D\u00f6nemleri ve K\u00fclt\u00fcrleri&#8221;<\/span><\/a><\/p>","protected":false},"author":1,"featured_media":0,"parent":0,"menu_order":0,"comment_status":"closed","ping_status":"closed","template":"","meta":{"_regular_price":[],"currency_symbol":[],"_uag_custom_page_level_css":"","jetpack_post_was_ever_published":false,"footnotes":""},"class_list":["post-4868","page","type-page","status-publish","hentry"],"post_slider_layout_featured_media_urls":{"thumbnail":"","post_slider_layout_landscape_large":"","post_slider_layout_portrait_large":"","post_slider_layout_square_large":"","post_slider_layout_landscape":"","post_slider_layout_portrait":"","post_slider_layout_square":"","full":""},"yoast_head":"<!-- This site is optimized with the Yoast SEO plugin v27.4 - https:\/\/yoast.com\/product\/yoast-seo-wordpress\/ -->\n<title>M\u0131s\u0131r&#039;\u0131n Hanedan \u00d6ncesi D\u00f6nemleri ve K\u00fclt\u00fcrleri - M\u0131s\u0131rbilim Ansiklopedisi - Egyptology Encyclopedia<\/title>\n<meta name=\"robots\" content=\"index, follow, max-snippet:-1, max-image-preview:large, max-video-preview:-1\" \/>\n<link rel=\"canonical\" href=\"https:\/\/egyptologyencyclopedia.org\/de\/misirin-hanedan-oncesi-donemleri-ve-kulturleri\/\" \/>\n<meta property=\"og:locale\" content=\"de_DE\" \/>\n<meta property=\"og:type\" content=\"article\" \/>\n<meta property=\"og:title\" content=\"M\u0131s\u0131r&#039;\u0131n Hanedan \u00d6ncesi D\u00f6nemleri ve K\u00fclt\u00fcrleri - M\u0131s\u0131rbilim Ansiklopedisi - Egyptology Encyclopedia\" \/>\n<meta property=\"og:description\" content=\"D\u00f6nem K\u00fclt\u00fcr \/ Evre Yakla\u015f\u0131k Tarihler (M\u00d6) Co\u011frafi Konum Temel \u00d6zellikler ve Geli\u015fmeler Paleolitik (Eski Ta\u015f \u00c7a\u011f\u0131) \u00c7e\u015fitli Paleolitik K\u00fclt\u00fcrler ~700.000 \u2013 7.000 Nil Vadisi, Bat\u0131 \u00c7\u00f6l\u00fc G\u00f6\u00e7ebe avc\u0131-toplay\u0131c\u0131 gruplar. Ta\u015f aletler (el baltalar\u0131 vb.). \u0130klimin daha nemli oldu\u011fu d\u00f6nemlerde Sahra&#8217;da ya\u015fam. Neolitik (Cilal\u0131 Ta\u015f \u00c7a\u011f\u0131) Faiyum A K\u00fclt\u00fcr\u00fc ~5500 \u2013 4500 A\u015fa\u011f\u0131 M\u0131s\u0131r (Kuzey) &hellip; Continue reading &quot;M\u0131s\u0131r&#8217;\u0131n Hanedan \u00d6ncesi D\u00f6nemleri ve K\u00fclt\u00fcrleri&quot;\" \/>\n<meta property=\"og:url\" content=\"https:\/\/egyptologyencyclopedia.org\/de\/misirin-hanedan-oncesi-donemleri-ve-kulturleri\/\" \/>\n<meta property=\"og:site_name\" content=\"M\u0131s\u0131rbilim Ansiklopedisi - Egyptology Encyclopedia\" \/>\n<meta property=\"article:modified_time\" content=\"2026-03-15T19:06:05+00:00\" \/>\n<meta name=\"twitter:card\" content=\"summary_large_image\" \/>\n<meta name=\"twitter:label1\" content=\"Gesch\u00e4tzte Lesezeit\" \/>\n\t<meta name=\"twitter:data1\" content=\"2\u00a0Minuten\" \/>\n<script type=\"application\/ld+json\" class=\"yoast-schema-graph\">{\"@context\":\"https:\\\/\\\/schema.org\",\"@graph\":[{\"@type\":\"WebPage\",\"@id\":\"https:\\\/\\\/egyptologyencyclopedia.org\\\/misirin-hanedan-oncesi-donemleri-ve-kulturleri\\\/\",\"url\":\"https:\\\/\\\/egyptologyencyclopedia.org\\\/misirin-hanedan-oncesi-donemleri-ve-kulturleri\\\/\",\"name\":\"M\u0131s\u0131r'\u0131n Hanedan \u00d6ncesi D\u00f6nemleri ve K\u00fclt\u00fcrleri - M\u0131s\u0131rbilim Ansiklopedisi - Egyptology Encyclopedia\",\"isPartOf\":{\"@id\":\"https:\\\/\\\/egyptologyencyclopedia.org\\\/#website\"},\"datePublished\":\"2025-10-18T11:51:59+00:00\",\"dateModified\":\"2026-03-15T19:06:05+00:00\",\"breadcrumb\":{\"@id\":\"https:\\\/\\\/egyptologyencyclopedia.org\\\/misirin-hanedan-oncesi-donemleri-ve-kulturleri\\\/#breadcrumb\"},\"inLanguage\":\"de\",\"potentialAction\":[{\"@type\":\"ReadAction\",\"target\":[\"https:\\\/\\\/egyptologyencyclopedia.org\\\/misirin-hanedan-oncesi-donemleri-ve-kulturleri\\\/\"]}]},{\"@type\":\"BreadcrumbList\",\"@id\":\"https:\\\/\\\/egyptologyencyclopedia.org\\\/misirin-hanedan-oncesi-donemleri-ve-kulturleri\\\/#breadcrumb\",\"itemListElement\":[{\"@type\":\"ListItem\",\"position\":1,\"name\":\"Anasayfa\",\"item\":\"https:\\\/\\\/saddlebrown-ant-958972.hostingersite.com\\\/de\\\/\"},{\"@type\":\"ListItem\",\"position\":2,\"name\":\"M\u0131s\u0131r&#8217;\u0131n Hanedan \u00d6ncesi D\u00f6nemleri ve K\u00fclt\u00fcrleri\"}]},{\"@type\":\"WebSite\",\"@id\":\"https:\\\/\\\/egyptologyencyclopedia.org\\\/#website\",\"url\":\"https:\\\/\\\/egyptologyencyclopedia.org\\\/\",\"name\":\"M\u0131s\u0131rbilim Ansiklopedisi - Egyptology Encyclopedia\",\"description\":\"\",\"publisher\":{\"@id\":\"https:\\\/\\\/egyptologyencyclopedia.org\\\/#organization\"},\"potentialAction\":[{\"@type\":\"SearchAction\",\"target\":{\"@type\":\"EntryPoint\",\"urlTemplate\":\"https:\\\/\\\/egyptologyencyclopedia.org\\\/?s={search_term_string}\"},\"query-input\":{\"@type\":\"PropertyValueSpecification\",\"valueRequired\":true,\"valueName\":\"search_term_string\"}}],\"inLanguage\":\"de\"},{\"@type\":\"Organization\",\"@id\":\"https:\\\/\\\/egyptologyencyclopedia.org\\\/#organization\",\"name\":\"M\u0131s\u0131rbilim Ansiklopedisi - Egyptology Encyclopedia\",\"url\":\"https:\\\/\\\/egyptologyencyclopedia.org\\\/\",\"logo\":{\"@type\":\"ImageObject\",\"inLanguage\":\"de\",\"@id\":\"https:\\\/\\\/egyptologyencyclopedia.org\\\/#\\\/schema\\\/logo\\\/image\\\/\",\"url\":\"https:\\\/\\\/egyptologyencyclopedia.org\\\/wp-content\\\/uploads\\\/2025\\\/10\\\/cropped-Misirbilim-Ansiklopedisi-2.png\",\"contentUrl\":\"https:\\\/\\\/egyptologyencyclopedia.org\\\/wp-content\\\/uploads\\\/2025\\\/10\\\/cropped-Misirbilim-Ansiklopedisi-2.png\",\"width\":181,\"height\":73,\"caption\":\"M\u0131s\u0131rbilim Ansiklopedisi - Egyptology Encyclopedia\"},\"image\":{\"@id\":\"https:\\\/\\\/egyptologyencyclopedia.org\\\/#\\\/schema\\\/logo\\\/image\\\/\"}}]}<\/script>\n<!-- \/ Yoast SEO plugin. -->","yoast_head_json":{"title":"M\u0131s\u0131r'\u0131n Hanedan \u00d6ncesi D\u00f6nemleri ve K\u00fclt\u00fcrleri - M\u0131s\u0131rbilim Ansiklopedisi - Egyptology Encyclopedia","robots":{"index":"index","follow":"follow","max-snippet":"max-snippet:-1","max-image-preview":"max-image-preview:large","max-video-preview":"max-video-preview:-1"},"canonical":"https:\/\/egyptologyencyclopedia.org\/de\/misirin-hanedan-oncesi-donemleri-ve-kulturleri\/","og_locale":"de_DE","og_type":"article","og_title":"M\u0131s\u0131r'\u0131n Hanedan \u00d6ncesi D\u00f6nemleri ve K\u00fclt\u00fcrleri - M\u0131s\u0131rbilim Ansiklopedisi - Egyptology Encyclopedia","og_description":"D\u00f6nem K\u00fclt\u00fcr \/ Evre Yakla\u015f\u0131k Tarihler (M\u00d6) Co\u011frafi Konum Temel \u00d6zellikler ve Geli\u015fmeler Paleolitik (Eski Ta\u015f \u00c7a\u011f\u0131) \u00c7e\u015fitli Paleolitik K\u00fclt\u00fcrler ~700.000 \u2013 7.000 Nil Vadisi, Bat\u0131 \u00c7\u00f6l\u00fc G\u00f6\u00e7ebe avc\u0131-toplay\u0131c\u0131 gruplar. Ta\u015f aletler (el baltalar\u0131 vb.). \u0130klimin daha nemli oldu\u011fu d\u00f6nemlerde Sahra&#8217;da ya\u015fam. Neolitik (Cilal\u0131 Ta\u015f \u00c7a\u011f\u0131) Faiyum A K\u00fclt\u00fcr\u00fc ~5500 \u2013 4500 A\u015fa\u011f\u0131 M\u0131s\u0131r (Kuzey) &hellip; Continue reading \"M\u0131s\u0131r&#8217;\u0131n Hanedan \u00d6ncesi D\u00f6nemleri ve K\u00fclt\u00fcrleri\"","og_url":"https:\/\/egyptologyencyclopedia.org\/de\/misirin-hanedan-oncesi-donemleri-ve-kulturleri\/","og_site_name":"M\u0131s\u0131rbilim Ansiklopedisi - Egyptology Encyclopedia","article_modified_time":"2026-03-15T19:06:05+00:00","twitter_card":"summary_large_image","twitter_misc":{"Gesch\u00e4tzte Lesezeit":"2\u00a0Minuten"},"schema":{"@context":"https:\/\/schema.org","@graph":[{"@type":"WebPage","@id":"https:\/\/egyptologyencyclopedia.org\/misirin-hanedan-oncesi-donemleri-ve-kulturleri\/","url":"https:\/\/egyptologyencyclopedia.org\/misirin-hanedan-oncesi-donemleri-ve-kulturleri\/","name":"M\u0131s\u0131r'\u0131n Hanedan \u00d6ncesi D\u00f6nemleri ve K\u00fclt\u00fcrleri - M\u0131s\u0131rbilim Ansiklopedisi - Egyptology Encyclopedia","isPartOf":{"@id":"https:\/\/egyptologyencyclopedia.org\/#website"},"datePublished":"2025-10-18T11:51:59+00:00","dateModified":"2026-03-15T19:06:05+00:00","breadcrumb":{"@id":"https:\/\/egyptologyencyclopedia.org\/misirin-hanedan-oncesi-donemleri-ve-kulturleri\/#breadcrumb"},"inLanguage":"de","potentialAction":[{"@type":"ReadAction","target":["https:\/\/egyptologyencyclopedia.org\/misirin-hanedan-oncesi-donemleri-ve-kulturleri\/"]}]},{"@type":"BreadcrumbList","@id":"https:\/\/egyptologyencyclopedia.org\/misirin-hanedan-oncesi-donemleri-ve-kulturleri\/#breadcrumb","itemListElement":[{"@type":"ListItem","position":1,"name":"Anasayfa","item":"https:\/\/saddlebrown-ant-958972.hostingersite.com\/de\/"},{"@type":"ListItem","position":2,"name":"M\u0131s\u0131r&#8217;\u0131n Hanedan \u00d6ncesi D\u00f6nemleri ve K\u00fclt\u00fcrleri"}]},{"@type":"WebSite","@id":"https:\/\/egyptologyencyclopedia.org\/#website","url":"https:\/\/egyptologyencyclopedia.org\/","name":"M\u0131s\u0131rbilim Ansiklopedisi - Egyptology Encyclopedia","description":"","publisher":{"@id":"https:\/\/egyptologyencyclopedia.org\/#organization"},"potentialAction":[{"@type":"SearchAction","target":{"@type":"EntryPoint","urlTemplate":"https:\/\/egyptologyencyclopedia.org\/?s={search_term_string}"},"query-input":{"@type":"PropertyValueSpecification","valueRequired":true,"valueName":"search_term_string"}}],"inLanguage":"de"},{"@type":"Organization","@id":"https:\/\/egyptologyencyclopedia.org\/#organization","name":"M\u0131s\u0131rbilim Ansiklopedisi - Egyptology Encyclopedia","url":"https:\/\/egyptologyencyclopedia.org\/","logo":{"@type":"ImageObject","inLanguage":"de","@id":"https:\/\/egyptologyencyclopedia.org\/#\/schema\/logo\/image\/","url":"https:\/\/egyptologyencyclopedia.org\/wp-content\/uploads\/2025\/10\/cropped-Misirbilim-Ansiklopedisi-2.png","contentUrl":"https:\/\/egyptologyencyclopedia.org\/wp-content\/uploads\/2025\/10\/cropped-Misirbilim-Ansiklopedisi-2.png","width":181,"height":73,"caption":"M\u0131s\u0131rbilim Ansiklopedisi - Egyptology Encyclopedia"},"image":{"@id":"https:\/\/egyptologyencyclopedia.org\/#\/schema\/logo\/image\/"}}]}},"_hostinger_reach_plugin_has_subscription_block":false,"_hostinger_reach_plugin_is_elementor":false,"uagb_featured_image_src":{"full":false,"thumbnail":false,"medium":false,"medium_large":false,"large":false,"1536x1536":false,"2048x2048":false,"trp-custom-language-flag":false,"post_slider_layout_landscape_large":false,"post_slider_layout_portrait_large":false,"post_slider_layout_square_large":false,"post_slider_layout_landscape":false,"post_slider_layout_portrait":false,"post_slider_layout_square":false,"archaeology-museums-pro-homepage-thumb":false,"mailpoet_newsletter_max":false,"vw-gallery-image-medium":false},"uagb_author_info":{"display_name":"Birkan Ayaz","author_link":"https:\/\/egyptologyencyclopedia.org\/de\/author\/birkanayaz26\/"},"uagb_comment_info":0,"uagb_excerpt":"D\u00f6nem K\u00fclt\u00fcr \/ Evre Yakla\u015f\u0131k Tarihler (M\u00d6) Co\u011frafi Konum Temel \u00d6zellikler ve Geli\u015fmeler Paleolitik (Eski Ta\u015f \u00c7a\u011f\u0131) \u00c7e\u015fitli Paleolitik K\u00fclt\u00fcrler ~700.000 \u2013 7.000 Nil Vadisi, Bat\u0131 \u00c7\u00f6l\u00fc G\u00f6\u00e7ebe avc\u0131-toplay\u0131c\u0131 gruplar. Ta\u015f aletler (el baltalar\u0131 vb.). \u0130klimin daha nemli oldu\u011fu d\u00f6nemlerde Sahra&#8217;da ya\u015fam. Neolitik (Cilal\u0131 Ta\u015f \u00c7a\u011f\u0131) Faiyum A K\u00fclt\u00fcr\u00fc ~5500 \u2013 4500 A\u015fa\u011f\u0131 M\u0131s\u0131r (Kuzey)&hellip;","jetpack_sharing_enabled":true,"_links":{"self":[{"href":"https:\/\/egyptologyencyclopedia.org\/de\/wp-json\/wp\/v2\/pages\/4868","targetHints":{"allow":["GET"]}}],"collection":[{"href":"https:\/\/egyptologyencyclopedia.org\/de\/wp-json\/wp\/v2\/pages"}],"about":[{"href":"https:\/\/egyptologyencyclopedia.org\/de\/wp-json\/wp\/v2\/types\/page"}],"author":[{"embeddable":true,"href":"https:\/\/egyptologyencyclopedia.org\/de\/wp-json\/wp\/v2\/users\/1"}],"replies":[{"embeddable":true,"href":"https:\/\/egyptologyencyclopedia.org\/de\/wp-json\/wp\/v2\/comments?post=4868"}],"version-history":[{"count":4,"href":"https:\/\/egyptologyencyclopedia.org\/de\/wp-json\/wp\/v2\/pages\/4868\/revisions"}],"predecessor-version":[{"id":5161,"href":"https:\/\/egyptologyencyclopedia.org\/de\/wp-json\/wp\/v2\/pages\/4868\/revisions\/5161"}],"wp:attachment":[{"href":"https:\/\/egyptologyencyclopedia.org\/de\/wp-json\/wp\/v2\/media?parent=4868"}],"curies":[{"name":"wp","href":"https:\/\/api.w.org\/{rel}","templated":true}]}}