{"id":4863,"date":"2025-10-18T11:44:50","date_gmt":"2025-10-18T11:44:50","guid":{"rendered":"https:\/\/egyptologyencyclopedia.org\/?page_id=4863"},"modified":"2025-11-28T10:04:05","modified_gmt":"2025-11-28T10:04:05","slug":"antik-misir-krallari","status":"publish","type":"page","link":"https:\/\/egyptologyencyclopedia.org\/de\/antik-misir-krallari\/","title":{"rendered":"Die K\u00f6nige des Alten \u00c4gypten"},"content":{"rendered":"<figure class=\"wp-block-table is-style-stripes\"><table class=\"has-black-color has-text-color has-link-color has-fixed-layout\"><thead><tr><td><strong>D\u00f6nem<\/strong><\/td><td><strong>Hanedan<\/strong><\/td><td><strong>Bilinen Ba\u015fl\u0131ca Firavunlar<\/strong><\/td><\/tr><\/thead><tbody><tr><td><strong>Erken Hanedan D\u00f6nemi<\/strong><\/td><td><strong><a href=\"https:\/\/egyptologyencyclopedia.org\/de\/antik-misir-krallari\/misir-1-hanedan-krallari-mo-3100-mo-2890\/\" data-type=\"link\" data-id=\"https:\/\/egyptologyencyclopedia.org\/antik-misir-krallari\/misir-1-hanedan-krallari-mo-3100-mo-2890\/\">1. Hanedan<\/a><\/strong><\/td><td>Narmer (Menes) <br>Aha Djer<br> Djet Den<br> Anedjib <br>Semerkhet <br>Qa&#8217;a<\/td><\/tr><tr><td><\/td><td><strong><a href=\"https:\/\/egyptologyencyclopedia.org\/de\/antik-misir-krallari\/misir-2-hanedan-krallari-mo-2890-mo-2686\/\" data-type=\"link\" data-id=\"https:\/\/egyptologyencyclopedia.org\/antik-misir-krallari\/misir-2-hanedan-krallari-mo-2890-mo-2686\/\">2. Hanedan<\/a><\/strong><\/td><td>Hotepsekhemwy<br>Raneb<br>Nynetjer <br>Peribsen <br>Khasekhemwy<\/td><\/tr><tr><td><strong>Eski Krall\u0131k<\/strong> (Piramitler \u00c7a\u011f\u0131)<\/td><td><strong><a href=\"https:\/\/egyptologyencyclopedia.org\/de\/antik-misir-krallari\/misir-iii-hanedan-krallari-mo-2686-mo-2613\/\" data-type=\"page\" data-id=\"3022\">3. Hanedan<\/a><\/strong><\/td><td>Nebka<br>Djoser (Zoser)<br>Sekhemkhet <br>Huni<\/td><\/tr><tr><td><\/td><td><strong><a href=\"https:\/\/egyptologyencyclopedia.org\/de\/antik-misir-krallari\/misir-iv-hanedan-krallari-mo-2613-mo-2494\/\" data-type=\"link\" data-id=\"https:\/\/egyptologyencyclopedia.org\/antik-misir-krallari\/misir-iv-hanedan-krallari-mo-2613-mo-2494\/\">4. Hanedan<\/a><\/strong><\/td><td>Sneferu<br> Khufu (Keops) <br>Djedefre <br>Khafre (Kefren) Menkaure (Mikerinos) Shepseskaf<\/td><\/tr><tr><td><\/td><td><strong><a href=\"https:\/\/egyptologyencyclopedia.org\/de\/misir-v-hanedan-krallari-mo-2494-mo-2345\/\" data-type=\"page\" data-id=\"3033\">5. Hanedan<\/a><\/strong><\/td><td>Userkaf <br>Sahure <br>Neferirkare <br>Kakai<br> Nyuserre<br> Ini Djedkare<br> Isesi<br> Unas (Wenis)<\/td><\/tr><tr><td><\/td><td><strong><a href=\"https:\/\/egyptologyencyclopedia.org\/de\/misir-vi-hanedan-krallari-mo-2345-mo-2181\/\" data-type=\"page\" data-id=\"3041\">6. Hanedan<\/a><\/strong><\/td><td>Teti<br>Pepi I <br>Merenre<br>Nemtyemsaf I <br>Pepi II<\/td><\/tr><tr><td><strong>Birinci Ara D\u00f6nem<\/strong><\/td><td><strong>7. &#8211; 10. Hanedanlar<\/strong><\/td><td>(Merkezi otoritenin zay\u0131flad\u0131\u011f\u0131, \u00e7ok say\u0131da k\u0131sa \u00f6m\u00fcrl\u00fc ve yerel kral\u0131n oldu\u011fu karma\u015f\u0131k bir d\u00f6nem.)<\/td><\/tr><tr><td><strong>Orta Krall\u0131k<\/strong><\/td><td><strong><a href=\"https:\/\/egyptologyencyclopedia.org\/de\/antik-misir-krallari\/misir-xi-hanedan-krallari-mo-2125-mo-1985\/\" data-type=\"page\" data-id=\"3051\">11. Hanedan<\/a><\/strong><\/td><td>Intef I <br>Intef II <br>Intef III <br>Mentuhotep II (M\u0131s\u0131r&#8217;\u0131 birle\u015ftiren) <br>Mentuhotep III<\/td><\/tr><tr><td><\/td><td><strong><a href=\"https:\/\/egyptologyencyclopedia.org\/de\/antik-misir-krallari\/misir-xii-hanedan-krallari-mo-1985-mo-1773\/\" data-type=\"page\" data-id=\"3055\">12. Hanedan<\/a><\/strong><\/td><td>Amenemhat I <br>Senusret I (Sesostris) Amenemhat II <br>Senusret II <br>Senusret III <br>Amenemhat III Sobekneferu (Kad\u0131n firavun)<\/td><\/tr><tr><td><\/td><td><strong>13. Hanedan<\/strong><\/td><td>(Otoritenin zay\u0131flad\u0131\u011f\u0131, \u00e7ok say\u0131da k\u0131sa s\u00fcreli kral) Neferhotep I, Sobekhotep IV<\/td><\/tr><tr><td><strong>\u0130kinci Ara D\u00f6nem<\/strong><\/td><td><strong>14. Hanedan<\/strong><\/td><td>(Delta&#8217;da yerel y\u00f6neticiler)<\/td><\/tr><tr><td><\/td><td><strong>15. Hanedan (Hiksoslar)<\/strong><\/td><td>Salitis <br>Khyan <br>Apepi (Apophis)<\/td><\/tr><tr><td><\/td><td><strong>16. Hanedan<\/strong><\/td><td>(Hiksoslara ba\u011fl\u0131 yerel krallar)<\/td><\/tr><tr><td><\/td><td><strong>17. Hanedan (Thebes)<\/strong><\/td><td>Seqenenre Tao Kamose<\/td><\/tr><tr><td><strong>Yeni Krall\u0131k<\/strong> (\u0130mparatorluk \u00c7a\u011f\u0131)<\/td><td><strong><a href=\"https:\/\/egyptologyencyclopedia.org\/de\/antik-misir-krallari\/misir-xviii-hanedan-krallari-ve-kraliceleri-mo-1550-mo-1295\/\" data-type=\"page\" data-id=\"3061\">18. Hanedan<\/a><\/strong><\/td><td>Ahmose I (Birle\u015ftirici) Amenhotep I Thutmose I Thutmose II Hatshepsut (Kad\u0131n firavun) Thutmose III (Fatih) Amenhotep II Thutmose IV Amenhotep III Akhenaten (IV. Amenhotep) Tutankhamun Ay Horemheb<\/td><\/tr><tr><td><\/td><td><strong><a href=\"https:\/\/egyptologyencyclopedia.org\/de\/antik-misir-krallari\/misir-xix-hanedan-krallari-ve-kraliceleri-mo-1295-mo-1186\/\" data-type=\"page\" data-id=\"3066\">19. Hanedan<\/a><\/strong><\/td><td>Ramesses I <br>Seti I <br>Ramesses II (B\u00fcy\u00fck Ramses) <br>Merenptah <br>Seti II <br>Twosret (Kad\u0131n firavun)<\/td><\/tr><tr><td><\/td><td><strong><a href=\"https:\/\/egyptologyencyclopedia.org\/de\/antik-misir-krallari\/misir-xx-hanedan-krallari-mo-1186-mo-1069\/\" data-type=\"page\" data-id=\"3071\">20. Hanedan<\/a><\/strong><\/td><td>Setnakhte<br> Ramesses III (Deniz Kavimlerini durduran) Ramesses IV &#8211; Ramesses XI (Hanedan\u0131n zay\u0131flamas\u0131)<\/td><\/tr><tr><td><strong>\u00dc\u00e7\u00fcnc\u00fc Ara D\u00f6nem<\/strong><\/td><td><strong>21. Hanedan (Tanis)<\/strong><\/td><td>Smendes Psusennes I<\/td><\/tr><tr><td><\/td><td><strong>22. Hanedan (Libya)<\/strong><\/td><td>Shoshenq I (\u015ee\u015fonk) Osorkon I <br>Osorkon II<\/td><\/tr><tr><td><\/td><td><strong>23. &#8211; 24. Hanedanlar<\/strong><\/td><td>(Paralel ve yerel Libya\/Sais hanedanlar\u0131)<\/td><\/tr><tr><td><\/td><td><strong><a href=\"https:\/\/egyptologyencyclopedia.org\/de\/antik-misir-krallari\/misir-xxv-hanedan-krallari-mo-744-mo-656\/\" data-type=\"page\" data-id=\"3076\">25. Hanedan (Ku\u015fit\/Nubya)<\/a><\/strong><\/td><td>Kashta Piye (Piankhi) Shabaka<br> Taharqa <br>Tantamani<\/td><\/tr><tr><td><strong>Ge\u00e7 D\u00f6nem<\/strong><\/td><td><strong><a href=\"https:\/\/egyptologyencyclopedia.org\/de\/antik-misir-krallari\/misir-xxvi-hanedan-krallari-mo-664-mo-525\/\" data-type=\"page\" data-id=\"3081\">26. Hanedan (Sais)<\/a><\/strong><\/td><td>Psamtik I (I.Psammetichus) <br>Necho II <br>Amasis II <br>(Ahmose II) <br>Psamtik III<\/td><\/tr><tr><td><\/td><td><strong><a href=\"https:\/\/egyptologyencyclopedia.org\/de\/antik-misir-krallari\/misir-xxvii-hanedan-ilk-pers-donemi\/\" data-type=\"page\" data-id=\"3086\">27. Hanedan (Pers)<\/a><\/strong><\/td><td>Cambyses II (II. Kambises) <br>Darius I (I. Darius) Xerxes I (I. Serhas)<\/td><\/tr><tr><td><\/td><td><strong>28. Hanedan<\/strong><\/td><td>Amyrtaeus (Tek kral, Perslere isyan)<\/td><\/tr><tr><td><\/td><td><strong>29. Hanedan<\/strong><\/td><td>Nepherites I <br>Hakor (Achoris)<\/td><\/tr><tr><td><\/td><td><strong>30. Hanedan (Son Yerli)<\/strong><\/td><td>Nectanebo I <br>Nectanebo II (Son yerli firavun)<\/td><\/tr><tr><td><\/td><td><strong>31. Hanedan (Pers)<\/strong><\/td><td>Artaxerxes III<\/td><\/tr><tr><td><strong>Helenistik D\u00f6nem<\/strong><\/td><td><strong>Makedon Hanedan\u0131<\/strong><\/td><td>B\u00fcy\u00fck \u0130skender <br>IV. Filip <br>Arrhidaeus V. Aleksandros<\/td><\/tr><tr><td><\/td><td><strong>Ptolemaios Hanedan\u0131<\/strong><\/td><td>Ptolemy I <br>Soter Ptolemy II Philadelphus Ptolemy III Euergetes Ptolemy V Epiphanes Cleopatra VII (VII. Kleopatra) (Son firavun)<\/td><\/tr><\/tbody><\/table><\/figure>\n\n\n\n<p><\/p>","protected":false},"excerpt":{"rendered":"<p>D\u00f6nem Hanedan Bilinen Ba\u015fl\u0131ca Firavunlar Erken Hanedan D\u00f6nemi 1. Hanedan Narmer (Menes) Aha Djer Djet Den Anedjib Semerkhet Qa&#8217;a 2. Hanedan HotepsekhemwyRanebNynetjer Peribsen Khasekhemwy Eski Krall\u0131k (Piramitler \u00c7a\u011f\u0131) 3. Hanedan NebkaDjoser (Zoser)Sekhemkhet Huni 4. Hanedan Sneferu Khufu (Keops) Djedefre Khafre (Kefren) Menkaure (Mikerinos) Shepseskaf 5. Hanedan Userkaf Sahure Neferirkare Kakai Nyuserre Ini Djedkare Isesi Unas &hellip; <\/p>\n<p class=\"link-more\"><a href=\"https:\/\/egyptologyencyclopedia.org\/de\/antik-misir-krallari\/\" class=\"more-link\">Continue reading<span class=\"screen-reader-text\"> &#8220;Antik M\u0131s\u0131r Krallar\u0131&#8221;<\/span><\/a><\/p>","protected":false},"author":1,"featured_media":0,"parent":0,"menu_order":0,"comment_status":"closed","ping_status":"closed","template":"","meta":{"_regular_price":[],"currency_symbol":[],"_uag_custom_page_level_css":"","jetpack_post_was_ever_published":false,"footnotes":""},"class_list":["post-4863","page","type-page","status-publish","hentry"],"post_slider_layout_featured_media_urls":{"thumbnail":"","post_slider_layout_landscape_large":"","post_slider_layout_portrait_large":"","post_slider_layout_square_large":"","post_slider_layout_landscape":"","post_slider_layout_portrait":"","post_slider_layout_square":"","full":""},"yoast_head":"<!-- This site is optimized with the Yoast SEO plugin v27.4 - https:\/\/yoast.com\/product\/yoast-seo-wordpress\/ -->\n<title>Antik M\u0131s\u0131r Krallar\u0131 - M\u0131s\u0131rbilim Ansiklopedisi - Egyptology Encyclopedia<\/title>\n<meta name=\"robots\" content=\"index, follow, max-snippet:-1, max-image-preview:large, max-video-preview:-1\" \/>\n<link rel=\"canonical\" href=\"https:\/\/saddlebrown-ant-958972.hostingersite.com\/de\/antik-misir-krallari\/\" \/>\n<meta property=\"og:locale\" content=\"de_DE\" \/>\n<meta property=\"og:type\" content=\"article\" \/>\n<meta property=\"og:title\" content=\"Antik M\u0131s\u0131r Krallar\u0131 - M\u0131s\u0131rbilim Ansiklopedisi - Egyptology Encyclopedia\" \/>\n<meta property=\"og:description\" content=\"D\u00f6nem Hanedan Bilinen Ba\u015fl\u0131ca Firavunlar Erken Hanedan D\u00f6nemi 1. Hanedan Narmer (Menes) Aha Djer Djet Den Anedjib Semerkhet Qa&#8217;a 2. Hanedan HotepsekhemwyRanebNynetjer Peribsen Khasekhemwy Eski Krall\u0131k (Piramitler \u00c7a\u011f\u0131) 3. Hanedan NebkaDjoser (Zoser)Sekhemkhet Huni 4. Hanedan Sneferu Khufu (Keops) Djedefre Khafre (Kefren) Menkaure (Mikerinos) Shepseskaf 5. Hanedan Userkaf Sahure Neferirkare Kakai Nyuserre Ini Djedkare Isesi Unas &hellip; Continue reading &quot;Antik M\u0131s\u0131r Krallar\u0131&quot;\" \/>\n<meta property=\"og:url\" content=\"https:\/\/saddlebrown-ant-958972.hostingersite.com\/de\/antik-misir-krallari\/\" \/>\n<meta property=\"og:site_name\" content=\"M\u0131s\u0131rbilim Ansiklopedisi - Egyptology Encyclopedia\" \/>\n<meta property=\"article:modified_time\" content=\"2025-11-28T10:04:05+00:00\" \/>\n<meta name=\"twitter:card\" content=\"summary_large_image\" \/>\n<meta name=\"twitter:label1\" content=\"Gesch\u00e4tzte Lesezeit\" \/>\n\t<meta name=\"twitter:data1\" content=\"3\u00a0Minuten\" \/>\n<script type=\"application\/ld+json\" class=\"yoast-schema-graph\">{\"@context\":\"https:\\\/\\\/schema.org\",\"@graph\":[{\"@type\":\"WebPage\",\"@id\":\"https:\\\/\\\/saddlebrown-ant-958972.hostingersite.com\\\/de\\\/antik-misir-krallari\\\/\",\"url\":\"https:\\\/\\\/saddlebrown-ant-958972.hostingersite.com\\\/de\\\/antik-misir-krallari\\\/\",\"name\":\"Antik M\u0131s\u0131r Krallar\u0131 - M\u0131s\u0131rbilim Ansiklopedisi - Egyptology Encyclopedia\",\"isPartOf\":{\"@id\":\"https:\\\/\\\/egyptologyencyclopedia.org\\\/#website\"},\"datePublished\":\"2025-10-18T11:44:50+00:00\",\"dateModified\":\"2025-11-28T10:04:05+00:00\",\"breadcrumb\":{\"@id\":\"https:\\\/\\\/saddlebrown-ant-958972.hostingersite.com\\\/de\\\/antik-misir-krallari\\\/#breadcrumb\"},\"inLanguage\":\"de\",\"potentialAction\":[{\"@type\":\"ReadAction\",\"target\":[\"https:\\\/\\\/saddlebrown-ant-958972.hostingersite.com\\\/de\\\/antik-misir-krallari\\\/\"]}]},{\"@type\":\"BreadcrumbList\",\"@id\":\"https:\\\/\\\/saddlebrown-ant-958972.hostingersite.com\\\/de\\\/antik-misir-krallari\\\/#breadcrumb\",\"itemListElement\":[{\"@type\":\"ListItem\",\"position\":1,\"name\":\"Anasayfa\",\"item\":\"https:\\\/\\\/saddlebrown-ant-958972.hostingersite.com\\\/de\\\/\"},{\"@type\":\"ListItem\",\"position\":2,\"name\":\"Antik M\u0131s\u0131r Krallar\u0131\"}]},{\"@type\":\"WebSite\",\"@id\":\"https:\\\/\\\/egyptologyencyclopedia.org\\\/#website\",\"url\":\"https:\\\/\\\/egyptologyencyclopedia.org\\\/\",\"name\":\"M\u0131s\u0131rbilim Ansiklopedisi - Egyptology Encyclopedia\",\"description\":\"\",\"publisher\":{\"@id\":\"https:\\\/\\\/egyptologyencyclopedia.org\\\/#organization\"},\"potentialAction\":[{\"@type\":\"SearchAction\",\"target\":{\"@type\":\"EntryPoint\",\"urlTemplate\":\"https:\\\/\\\/egyptologyencyclopedia.org\\\/?s={search_term_string}\"},\"query-input\":{\"@type\":\"PropertyValueSpecification\",\"valueRequired\":true,\"valueName\":\"search_term_string\"}}],\"inLanguage\":\"de\"},{\"@type\":\"Organization\",\"@id\":\"https:\\\/\\\/egyptologyencyclopedia.org\\\/#organization\",\"name\":\"M\u0131s\u0131rbilim Ansiklopedisi - Egyptology Encyclopedia\",\"url\":\"https:\\\/\\\/egyptologyencyclopedia.org\\\/\",\"logo\":{\"@type\":\"ImageObject\",\"inLanguage\":\"de\",\"@id\":\"https:\\\/\\\/egyptologyencyclopedia.org\\\/#\\\/schema\\\/logo\\\/image\\\/\",\"url\":\"https:\\\/\\\/egyptologyencyclopedia.org\\\/wp-content\\\/uploads\\\/2025\\\/10\\\/cropped-Misirbilim-Ansiklopedisi-2.png\",\"contentUrl\":\"https:\\\/\\\/egyptologyencyclopedia.org\\\/wp-content\\\/uploads\\\/2025\\\/10\\\/cropped-Misirbilim-Ansiklopedisi-2.png\",\"width\":181,\"height\":73,\"caption\":\"M\u0131s\u0131rbilim Ansiklopedisi - Egyptology Encyclopedia\"},\"image\":{\"@id\":\"https:\\\/\\\/egyptologyencyclopedia.org\\\/#\\\/schema\\\/logo\\\/image\\\/\"}}]}<\/script>\n<!-- \/ Yoast SEO plugin. -->","yoast_head_json":{"title":"Antik M\u0131s\u0131r Krallar\u0131 - M\u0131s\u0131rbilim Ansiklopedisi - Egyptology Encyclopedia","robots":{"index":"index","follow":"follow","max-snippet":"max-snippet:-1","max-image-preview":"max-image-preview:large","max-video-preview":"max-video-preview:-1"},"canonical":"https:\/\/saddlebrown-ant-958972.hostingersite.com\/de\/antik-misir-krallari\/","og_locale":"de_DE","og_type":"article","og_title":"Antik M\u0131s\u0131r Krallar\u0131 - M\u0131s\u0131rbilim Ansiklopedisi - Egyptology Encyclopedia","og_description":"D\u00f6nem Hanedan Bilinen Ba\u015fl\u0131ca Firavunlar Erken Hanedan D\u00f6nemi 1. Hanedan Narmer (Menes) Aha Djer Djet Den Anedjib Semerkhet Qa&#8217;a 2. Hanedan HotepsekhemwyRanebNynetjer Peribsen Khasekhemwy Eski Krall\u0131k (Piramitler \u00c7a\u011f\u0131) 3. Hanedan NebkaDjoser (Zoser)Sekhemkhet Huni 4. Hanedan Sneferu Khufu (Keops) Djedefre Khafre (Kefren) Menkaure (Mikerinos) Shepseskaf 5. Hanedan Userkaf Sahure Neferirkare Kakai Nyuserre Ini Djedkare Isesi Unas &hellip; Continue reading \"Antik M\u0131s\u0131r Krallar\u0131\"","og_url":"https:\/\/saddlebrown-ant-958972.hostingersite.com\/de\/antik-misir-krallari\/","og_site_name":"M\u0131s\u0131rbilim Ansiklopedisi - Egyptology Encyclopedia","article_modified_time":"2025-11-28T10:04:05+00:00","twitter_card":"summary_large_image","twitter_misc":{"Gesch\u00e4tzte Lesezeit":"3\u00a0Minuten"},"schema":{"@context":"https:\/\/schema.org","@graph":[{"@type":"WebPage","@id":"https:\/\/saddlebrown-ant-958972.hostingersite.com\/de\/antik-misir-krallari\/","url":"https:\/\/saddlebrown-ant-958972.hostingersite.com\/de\/antik-misir-krallari\/","name":"Antik M\u0131s\u0131r Krallar\u0131 - M\u0131s\u0131rbilim Ansiklopedisi - Egyptology Encyclopedia","isPartOf":{"@id":"https:\/\/egyptologyencyclopedia.org\/#website"},"datePublished":"2025-10-18T11:44:50+00:00","dateModified":"2025-11-28T10:04:05+00:00","breadcrumb":{"@id":"https:\/\/saddlebrown-ant-958972.hostingersite.com\/de\/antik-misir-krallari\/#breadcrumb"},"inLanguage":"de","potentialAction":[{"@type":"ReadAction","target":["https:\/\/saddlebrown-ant-958972.hostingersite.com\/de\/antik-misir-krallari\/"]}]},{"@type":"BreadcrumbList","@id":"https:\/\/saddlebrown-ant-958972.hostingersite.com\/de\/antik-misir-krallari\/#breadcrumb","itemListElement":[{"@type":"ListItem","position":1,"name":"Anasayfa","item":"https:\/\/saddlebrown-ant-958972.hostingersite.com\/de\/"},{"@type":"ListItem","position":2,"name":"Antik M\u0131s\u0131r Krallar\u0131"}]},{"@type":"WebSite","@id":"https:\/\/egyptologyencyclopedia.org\/#website","url":"https:\/\/egyptologyencyclopedia.org\/","name":"M\u0131s\u0131rbilim Ansiklopedisi - Egyptology Encyclopedia","description":"","publisher":{"@id":"https:\/\/egyptologyencyclopedia.org\/#organization"},"potentialAction":[{"@type":"SearchAction","target":{"@type":"EntryPoint","urlTemplate":"https:\/\/egyptologyencyclopedia.org\/?s={search_term_string}"},"query-input":{"@type":"PropertyValueSpecification","valueRequired":true,"valueName":"search_term_string"}}],"inLanguage":"de"},{"@type":"Organization","@id":"https:\/\/egyptologyencyclopedia.org\/#organization","name":"M\u0131s\u0131rbilim Ansiklopedisi - Egyptology Encyclopedia","url":"https:\/\/egyptologyencyclopedia.org\/","logo":{"@type":"ImageObject","inLanguage":"de","@id":"https:\/\/egyptologyencyclopedia.org\/#\/schema\/logo\/image\/","url":"https:\/\/egyptologyencyclopedia.org\/wp-content\/uploads\/2025\/10\/cropped-Misirbilim-Ansiklopedisi-2.png","contentUrl":"https:\/\/egyptologyencyclopedia.org\/wp-content\/uploads\/2025\/10\/cropped-Misirbilim-Ansiklopedisi-2.png","width":181,"height":73,"caption":"M\u0131s\u0131rbilim Ansiklopedisi - Egyptology Encyclopedia"},"image":{"@id":"https:\/\/egyptologyencyclopedia.org\/#\/schema\/logo\/image\/"}}]}},"_hostinger_reach_plugin_has_subscription_block":false,"_hostinger_reach_plugin_is_elementor":false,"uagb_featured_image_src":{"full":false,"thumbnail":false,"medium":false,"medium_large":false,"large":false,"1536x1536":false,"2048x2048":false,"trp-custom-language-flag":false,"post_slider_layout_landscape_large":false,"post_slider_layout_portrait_large":false,"post_slider_layout_square_large":false,"post_slider_layout_landscape":false,"post_slider_layout_portrait":false,"post_slider_layout_square":false,"archaeology-museums-pro-homepage-thumb":false,"mailpoet_newsletter_max":false,"vw-gallery-image-medium":false},"uagb_author_info":{"display_name":"Birkan Ayaz","author_link":"https:\/\/egyptologyencyclopedia.org\/de\/author\/birkanayaz26\/"},"uagb_comment_info":0,"uagb_excerpt":"D\u00f6nem Hanedan Bilinen Ba\u015fl\u0131ca Firavunlar Erken Hanedan D\u00f6nemi 1. Hanedan Narmer (Menes) Aha Djer Djet Den Anedjib Semerkhet Qa&#8217;a 2. Hanedan HotepsekhemwyRanebNynetjer Peribsen Khasekhemwy Eski Krall\u0131k (Piramitler \u00c7a\u011f\u0131) 3. Hanedan NebkaDjoser (Zoser)Sekhemkhet Huni 4. Hanedan Sneferu Khufu (Keops) Djedefre Khafre (Kefren) Menkaure (Mikerinos) Shepseskaf 5. Hanedan Userkaf Sahure Neferirkare Kakai Nyuserre Ini Djedkare Isesi Unas&hellip;","jetpack_sharing_enabled":true,"_links":{"self":[{"href":"https:\/\/egyptologyencyclopedia.org\/de\/wp-json\/wp\/v2\/pages\/4863","targetHints":{"allow":["GET"]}}],"collection":[{"href":"https:\/\/egyptologyencyclopedia.org\/de\/wp-json\/wp\/v2\/pages"}],"about":[{"href":"https:\/\/egyptologyencyclopedia.org\/de\/wp-json\/wp\/v2\/types\/page"}],"author":[{"embeddable":true,"href":"https:\/\/egyptologyencyclopedia.org\/de\/wp-json\/wp\/v2\/users\/1"}],"replies":[{"embeddable":true,"href":"https:\/\/egyptologyencyclopedia.org\/de\/wp-json\/wp\/v2\/comments?post=4863"}],"version-history":[{"count":9,"href":"https:\/\/egyptologyencyclopedia.org\/de\/wp-json\/wp\/v2\/pages\/4863\/revisions"}],"predecessor-version":[{"id":5032,"href":"https:\/\/egyptologyencyclopedia.org\/de\/wp-json\/wp\/v2\/pages\/4863\/revisions\/5032"}],"wp:attachment":[{"href":"https:\/\/egyptologyencyclopedia.org\/de\/wp-json\/wp\/v2\/media?parent=4863"}],"curies":[{"name":"wp","href":"https:\/\/api.w.org\/{rel}","templated":true}]}}