{"id":3960,"date":"2025-10-06T21:24:48","date_gmt":"2025-10-06T21:24:48","guid":{"rendered":"https:\/\/egyptologyencyclopedia.org\/?page_id=3960"},"modified":"2026-02-27T19:30:38","modified_gmt":"2026-02-27T19:30:38","slug":"gizlilik-politikasi","status":"publish","type":"page","link":"https:\/\/egyptologyencyclopedia.org\/de\/home\/gizlilik-politikasi\/","title":{"rendered":"G\u0130ZL\u0130L\u0130K POL\u0130T\u0130KASI"},"content":{"rendered":"<p class=\"has-black-color has-text-color has-link-color wp-elements-02fde56445eadbd318b29278e61db9bf\"><br><em><strong>Son G\u00fcncelleme Tarihi: Ekim 2025<br>M\u0131s\u0131rbilim Ansiklopedisi olarak (bundan b\u00f6yle &#8220;Site&#8221; olarak an\u0131lacakt\u0131r), ziyaret\u00e7ilerimizin gizlili\u011fini ciddiye al\u0131yor ve bu konuda \u015feffaf olmay\u0131 taahh\u00fct ediyoruz. Bu politika, sitemizi kullan\u0131rken hangi bilgileri toplad\u0131\u011f\u0131m\u0131z\u0131, bu bilgileri nas\u0131l kulland\u0131\u011f\u0131m\u0131z\u0131 ve korudu\u011fumuzu a\u00e7\u0131klamaktad\u0131r.<\/strong><\/em><\/p>\n\n\n\n<p class=\"has-black-color has-text-color has-link-color wp-elements-53d4342914f68356637c2154f86a7319\"><br><strong>1. Toplad\u0131\u011f\u0131m\u0131z Ki\u015fisel Veriler ve Toplama Y\u00f6ntemleri<br><\/strong>Sitemiz, ziyaret\u00e7ilerle etkile\u015fim kurarken belirli bilgileri otomatik veya g\u00f6n\u00fcll\u00fc olarak toplamaktad\u0131r.<br>Do\u011frudan Sa\u011flad\u0131\u011f\u0131n\u0131z Bilgiler<br>Bu bilgiler, Sitemizin farkl\u0131 b\u00f6l\u00fcmlerini kullan\u0131rken bize do\u011frudan iletti\u011finiz verilerdir:<\/p>\n\n\n\n<p class=\"has-black-color has-text-color has-link-color wp-elements-03a640fcdf17315b6134cd65e58016d5\"><br><strong>Yorumlar<\/strong><\/p>\n\n\n\n<p class=\"has-black-color has-text-color has-link-color wp-elements-308decc0517d0d9817acdc15fac09240\"> Bir makaleye yorum b\u0131rakt\u0131\u011f\u0131n\u0131zda, form alanlar\u0131nda g\u00f6sterilen veriler (isim, e-posta adresi), IP adresiniz ve taray\u0131c\u0131 kullan\u0131c\u0131 arac\u0131s\u0131 dizginiz toplan\u0131r. Bu, istenmeyen yorum (spam) tespitine yard\u0131mc\u0131 olmak amac\u0131yla yap\u0131l\u0131r. Yorumunuz onayland\u0131ktan sonra, profil resminiz (varsa) yorumunuzun ba\u011flam\u0131nda herkese a\u00e7\u0131k olarak g\u00f6r\u00fcn\u00fcr.<\/p>\n\n\n\n<p class=\"has-black-color has-text-color has-link-color wp-elements-3e27bad56430e92f0829e178c6790712\"><br><strong>\u0130leti\u015fim Formlar\u0131 ve E-posta Abonelikleri<\/strong><\/p>\n\n\n\n<p class=\"has-black-color has-text-color has-link-color wp-elements-523eb5d5afdcc131188f930852df9a30\"> \u0130leti\u015fim formlar\u0131 arac\u0131l\u0131\u011f\u0131yla bize ula\u015ft\u0131\u011f\u0131n\u0131zda veya e-posta b\u00fcltenimize kaydoldu\u011funuzda ad\u0131n\u0131z ve e-posta adresiniz gibi bilgileri toplar\u0131z. Bu bilgiler, size yan\u0131t vermek veya talep etti\u011finiz b\u00fclten i\u00e7eri\u011fini g\u00f6ndermek i\u00e7in kullan\u0131l\u0131r.<\/p>\n\n\n\n<p class=\"has-black-color has-text-color has-link-color wp-elements-ac5dde4c499dc6f931efa3270ef5d800\"><br><strong>Kullan\u0131c\u0131 Kay\u0131tlar\u0131<\/strong><\/p>\n\n\n\n<p class=\"has-black-color has-text-color has-link-color wp-elements-3c468dfbff5dcf15772536832fe4a284\"> Siteye bir kullan\u0131c\u0131 hesab\u0131 olu\u015fturman\u0131z durumunda, bize sa\u011flad\u0131\u011f\u0131n\u0131z kullan\u0131c\u0131 ad\u0131, e-posta adresi ve \u015fifre (\u015fifreler \u015fifrelenmi\u015f olarak saklan\u0131r) gibi bilgileri kaydederiz.<\/p>\n\n\n\n<p class=\"has-black-color has-text-color has-link-color wp-elements-fbe116884eb5fb43f05c0515200405a3\"><br><strong>Otomatik Olarak Toplanan Bilgiler (\u00c7erezler ve Analizler)<br><\/strong>Sitemizi ziyaret etti\u011finizde, deneyiminizi iyile\u015ftirmek ve site trafi\u011fini analiz etmek amac\u0131yla otomatik olarak belirli veriler toplan\u0131r:<br><strong>\u00c7erezler (Cookies):<\/strong> \u00c7erezler, taray\u0131c\u0131n\u0131z taraf\u0131ndan bilgisayar\u0131n\u0131zda depolanan k\u00fc\u00e7\u00fck metin dosyalar\u0131d\u0131r. Sitemiz, tercihlerinizi hat\u0131rlamak (\u00f6rne\u011fin, dil se\u00e7imi), oturum bilgilerinizi saklamak ve istatistiksel veri toplamak i\u00e7in \u00e7erezleri kullan\u0131r.<br>Yorum b\u0131rakt\u0131\u011f\u0131n\u0131zda, ad\u0131n\u0131z, e-posta adresiniz ve web siteniz \u00e7erezlerde saklan\u0131r. Bu, ba\u015fka bir yorum b\u0131rakt\u0131\u011f\u0131n\u0131zda bilgileri tekrar girmek zorunda kalmaman\u0131z i\u00e7indir ve bu \u00e7erezler genellikle bir y\u0131l s\u00fcrer.<br>Giri\u015f yapt\u0131\u011f\u0131n\u0131zda, giri\u015f bilgilerinizi ve ekran g\u00f6r\u00fcnt\u00fcleme tercihlerinizi kaydetmek i\u00e7in \u00e7erezler ayarlan\u0131r.<br><strong>Kullan\u0131m Verileri: <\/strong>IP adresiniz, taray\u0131c\u0131 t\u00fcr\u00fc, i\u015fletim sistemi, ziyaret etti\u011finiz sayfalar, ziyaret s\u00fcresi ve y\u00f6nlendiren siteler gibi verileri toplamak i\u00e7in Google Analytics gibi \u00fc\u00e7\u00fcnc\u00fc taraf analiz hizmetlerini kullan\u0131r\u0131z. Bu veriler, site performans\u0131n\u0131 \u00f6l\u00e7mek ve i\u00e7eri\u011fimizi optimize etmek i\u00e7in kullan\u0131l\u0131r.<\/p>\n\n\n\n<p class=\"has-black-color has-text-color has-link-color wp-elements-45158459635a27dd785e3be13f4171a7\"><br><strong>2. Verilerin Kullan\u0131m Ama\u00e7lar\u0131<br><\/strong>Toplad\u0131\u011f\u0131m\u0131z verileri a\u015fa\u011f\u0131daki ama\u00e7lar i\u00e7in kullan\u0131r\u0131z:<br><strong>Hizmet Sunumu:<\/strong> Talep etti\u011finiz i\u00e7eri\u011fi, hizmetleri ve b\u00fcltenleri sa\u011flamak.<br><strong>Site Optimizasyonu:<\/strong> Site trafi\u011fini ve kullan\u0131m\u0131n\u0131 analiz ederek kullan\u0131c\u0131 deneyimini iyile\u015ftirmek.<br><strong>G\u00fcvenlik:<\/strong> Sitenin g\u00fcvenli\u011fini sa\u011flamak, spam ve k\u00f6t\u00fc ama\u00e7l\u0131 etkinlikleri tespit etmek ve \u00f6nlemek.<br><strong>\u0130leti\u015fim:<\/strong> Sorular\u0131n\u0131za, taleplerinize ve yorumlar\u0131n\u0131za yan\u0131t vermek.<\/p>\n\n\n\n<p class=\"has-black-color has-text-color has-link-color wp-elements-d3eb4cb4daaae136d6b51f2cd7a611e9\"><br><strong>3. Veri Payla\u015f\u0131m\u0131 ve \u00dc\u00e7\u00fcnc\u00fc Taraflar<br><\/strong>Ki\u015fisel verilerinizin gizlili\u011fi bizim i\u00e7in esast\u0131r. Verilerinizi yaln\u0131zca a\u015fa\u011f\u0131daki durumlar haricinde \u00fc\u00e7\u00fcnc\u00fc taraflarla satmay\u0131z, kiralamay\u0131z veya payla\u015fmay\u0131z:<br><strong>\u00dc\u00e7\u00fcnc\u00fc Taraf Servis Sa\u011flay\u0131c\u0131lar\u0131:<\/strong> Web bar\u0131nd\u0131rma, analiz hizmetleri ve e-posta pazarlama hizmetleri gibi temel i\u015flevleri yerine getirmesi i\u00e7in g\u00fcvendi\u011fimiz \u00fc\u00e7\u00fcnc\u00fc taraflarla veri payla\u015f\u0131m\u0131 gerekebilir. Bu sa\u011flay\u0131c\u0131lar, verilerinizi yaln\u0131zca hizmetlerini sa\u011flamak i\u00e7in kullanmakla y\u00fck\u00fcml\u00fcd\u00fcr.<br><strong>Yasal Zorunluluk:<\/strong> Yasalar\u0131n gerektirdi\u011fi veya yasal bir s\u00fcrece uymak, haklar\u0131m\u0131z\u0131 veya m\u00fclkiyetimizi korumak i\u00e7in gerekli oldu\u011funa inand\u0131\u011f\u0131m\u0131z durumlarda verileri if\u015fa edebiliriz.<\/p>\n\n\n\n<p class=\"has-black-color has-text-color has-link-color wp-elements-33a3a66d948a797b02b241feb1311e74\"><br><strong>4. Verilerin Saklanma S\u00fcresi<br><\/strong>Ki\u015fisel verileriniz, toplanma ama\u00e7lar\u0131 i\u00e7in gerekli oldu\u011fu s\u00fcrece saklan\u0131r:<br><strong>Yorum Verileri:<\/strong> Yorumlar ve ili\u015fkili meta verileri, gelecekteki yorumlar\u0131 otomatik olarak tan\u0131y\u0131p onaylayabilmek i\u00e7in s\u00fcresiz olarak saklan\u0131r.<br><strong>E-posta Abonelikleri:<\/strong> Aboneli\u011finizi iptal etmedi\u011finiz s\u00fcrece e-posta adresiniz saklan\u0131r.<br><strong>Analitik Veriler: <\/strong>Google Analytics gibi ara\u00e7lar taraf\u0131ndan toplanan genel kullan\u0131m verileri, ilgili \u00fc\u00e7\u00fcnc\u00fc taraf hizmetinin politikalar\u0131na g\u00f6re saklan\u0131r.<\/p>\n\n\n\n<p class=\"has-black-color has-text-color has-link-color wp-elements-c45d7a5d23eb9a904201e846ecdfa849\"><br><strong>5. Verileriniz \u00dczerindeki Haklar\u0131n\u0131z<br><\/strong>Gizlilik Veri Koruma Y\u00f6netmeli\u011fi kapsam\u0131nda, toplad\u0131\u011f\u0131m\u0131z ki\u015fisel verilerinizle ilgili belirli haklar\u0131n\u0131z bulunmaktad\u0131r:<br><strong>Eri\u015fim Hakk\u0131:<\/strong> Hakk\u0131n\u0131zda tuttu\u011fumuz ki\u015fisel verilerin bir kopyas\u0131n\u0131 talep etme hakk\u0131na sahipsiniz.<br><strong>D\u00fczeltme Hakk\u0131:<\/strong> Yanl\u0131\u015f veya eksik oldu\u011funa inand\u0131\u011f\u0131n\u0131z verilerin d\u00fczeltilmesini talep edebilirsiniz.<br><strong>Silme Hakk\u0131 (Unutulma Hakk\u0131): <\/strong>Yorumlar dahil olmak \u00fczere, hakk\u0131n\u0131zda tuttu\u011fumuz t\u00fcm ki\u015fisel verilerin silinmesini talep edebilirsiniz (yasal veya idari ama\u00e7larla saklanmas\u0131 gereken veriler hari\u00e7).<br><strong>\u0130tiraz Hakk\u0131:<\/strong> Verilerinizin i\u015flenmesine itiraz etme hakk\u0131n\u0131z vard\u0131r.<br>Bu haklar\u0131n\u0131z\u0131 kullanmak isterseniz, l\u00fctfen <a href=\"https:\/\/egyptologyencyclopedia.org\/de\/iletisim\/\">Kontakt <\/a>sayfam\u0131zdan bizimle ileti\u015fime ge\u00e7in.<\/p>\n\n\n\n<p class=\"has-black-color has-text-color has-link-color wp-elements-81dec72a36e6fd3ebddfc8b149cd13d2\"><br><strong>6. Harici Ba\u011flant\u0131lar<br><\/strong>Sitemiz, ba\u015fka web sitelerine ba\u011flant\u0131lar i\u00e7erebilir. Bu sitelerin gizlilik politikalar\u0131ndan sorumlu de\u011filiz. Ba\u015fka bir siteye ge\u00e7ti\u011finizde, o sitenin kendi gizlilik politikas\u0131n\u0131 incelemenizi tavsiye ederiz.<\/p>\n\n\n\n<p class=\"has-black-color has-text-color has-link-color wp-elements-1f0be0ed9aca7e8055b4cb7c896a9592\"><br><strong>7. Politika De\u011fi\u015fiklikleri<br><\/strong>Bu Gizlilik Politikas\u0131n\u0131 zaman zaman g\u00fcncelleyebiliriz. Herhangi bir de\u011fi\u015fiklik yapt\u0131\u011f\u0131m\u0131zda, bu sayfadaki &#8220;Son G\u00fcncelleme Tarihi&#8221; revize edilecektir. \u00d6nemli de\u011fi\u015fiklikler i\u00e7in sizi ayr\u0131ca bilgilendirebiliriz.<\/p>\n\n\n\n<p><\/p>","protected":false},"excerpt":{"rendered":"<p>Son G\u00fcncelleme Tarihi: Ekim 2025M\u0131s\u0131rbilim Ansiklopedisi olarak (bundan b\u00f6yle &#8220;Site&#8221; olarak an\u0131lacakt\u0131r), ziyaret\u00e7ilerimizin gizlili\u011fini ciddiye al\u0131yor ve bu konuda \u015feffaf olmay\u0131 taahh\u00fct ediyoruz. Bu politika, sitemizi kullan\u0131rken hangi bilgileri toplad\u0131\u011f\u0131m\u0131z\u0131, bu bilgileri nas\u0131l kulland\u0131\u011f\u0131m\u0131z\u0131 ve korudu\u011fumuzu a\u00e7\u0131klamaktad\u0131r. 1. Toplad\u0131\u011f\u0131m\u0131z Ki\u015fisel Veriler ve Toplama Y\u00f6ntemleriSitemiz, ziyaret\u00e7ilerle etkile\u015fim kurarken belirli bilgileri otomatik veya g\u00f6n\u00fcll\u00fc olarak toplamaktad\u0131r.Do\u011frudan Sa\u011flad\u0131\u011f\u0131n\u0131z &hellip; <\/p>\n<p class=\"link-more\"><a href=\"https:\/\/egyptologyencyclopedia.org\/de\/home\/gizlilik-politikasi\/\" class=\"more-link\">Continue reading<span class=\"screen-reader-text\"> &#8220;G\u0130ZL\u0130L\u0130K POL\u0130T\u0130KASI&#8221;<\/span><\/a><\/p>","protected":false},"author":1,"featured_media":0,"parent":3318,"menu_order":0,"comment_status":"closed","ping_status":"closed","template":"","meta":{"_regular_price":[],"currency_symbol":[],"_uag_custom_page_level_css":"","jetpack_post_was_ever_published":false,"footnotes":""},"class_list":["post-3960","page","type-page","status-publish","hentry"],"post_slider_layout_featured_media_urls":{"thumbnail":"","post_slider_layout_landscape_large":"","post_slider_layout_portrait_large":"","post_slider_layout_square_large":"","post_slider_layout_landscape":"","post_slider_layout_portrait":"","post_slider_layout_square":"","full":""},"yoast_head":"<!-- This site is optimized with the Yoast SEO plugin v27.4 - https:\/\/yoast.com\/product\/yoast-seo-wordpress\/ -->\n<title>G\u0130ZL\u0130L\u0130K POL\u0130T\u0130KASI - M\u0131s\u0131rbilim Ansiklopedisi - Egyptology Encyclopedia<\/title>\n<meta name=\"robots\" content=\"index, follow, max-snippet:-1, max-image-preview:large, max-video-preview:-1\" \/>\n<link rel=\"canonical\" href=\"https:\/\/egyptologyencyclopedia.org\/de\/home\/gizlilik-politikasi\/\" \/>\n<meta property=\"og:locale\" content=\"de_DE\" \/>\n<meta property=\"og:type\" content=\"article\" \/>\n<meta property=\"og:title\" content=\"G\u0130ZL\u0130L\u0130K POL\u0130T\u0130KASI - M\u0131s\u0131rbilim Ansiklopedisi - Egyptology Encyclopedia\" \/>\n<meta property=\"og:description\" content=\"Son G\u00fcncelleme Tarihi: Ekim 2025M\u0131s\u0131rbilim Ansiklopedisi olarak (bundan b\u00f6yle &#8220;Site&#8221; olarak an\u0131lacakt\u0131r), ziyaret\u00e7ilerimizin gizlili\u011fini ciddiye al\u0131yor ve bu konuda \u015feffaf olmay\u0131 taahh\u00fct ediyoruz. Bu politika, sitemizi kullan\u0131rken hangi bilgileri toplad\u0131\u011f\u0131m\u0131z\u0131, bu bilgileri nas\u0131l kulland\u0131\u011f\u0131m\u0131z\u0131 ve korudu\u011fumuzu a\u00e7\u0131klamaktad\u0131r. 1. Toplad\u0131\u011f\u0131m\u0131z Ki\u015fisel Veriler ve Toplama Y\u00f6ntemleriSitemiz, ziyaret\u00e7ilerle etkile\u015fim kurarken belirli bilgileri otomatik veya g\u00f6n\u00fcll\u00fc olarak toplamaktad\u0131r.Do\u011frudan Sa\u011flad\u0131\u011f\u0131n\u0131z &hellip; Continue reading &quot;G\u0130ZL\u0130L\u0130K POL\u0130T\u0130KASI&quot;\" \/>\n<meta property=\"og:url\" content=\"https:\/\/egyptologyencyclopedia.org\/de\/home\/gizlilik-politikasi\/\" \/>\n<meta property=\"og:site_name\" content=\"M\u0131s\u0131rbilim Ansiklopedisi - Egyptology Encyclopedia\" \/>\n<meta property=\"article:modified_time\" content=\"2026-02-27T19:30:38+00:00\" \/>\n<meta name=\"twitter:card\" content=\"summary_large_image\" \/>\n<meta name=\"twitter:label1\" content=\"Gesch\u00e4tzte Lesezeit\" \/>\n\t<meta name=\"twitter:data1\" content=\"4\u00a0Minuten\" \/>\n<script type=\"application\/ld+json\" class=\"yoast-schema-graph\">{\"@context\":\"https:\\\/\\\/schema.org\",\"@graph\":[{\"@type\":\"WebPage\",\"@id\":\"https:\\\/\\\/egyptologyencyclopedia.org\\\/home\\\/gizlilik-politikasi\\\/\",\"url\":\"https:\\\/\\\/egyptologyencyclopedia.org\\\/home\\\/gizlilik-politikasi\\\/\",\"name\":\"G\u0130ZL\u0130L\u0130K POL\u0130T\u0130KASI - M\u0131s\u0131rbilim Ansiklopedisi - Egyptology Encyclopedia\",\"isPartOf\":{\"@id\":\"https:\\\/\\\/egyptologyencyclopedia.org\\\/#website\"},\"datePublished\":\"2025-10-06T21:24:48+00:00\",\"dateModified\":\"2026-02-27T19:30:38+00:00\",\"breadcrumb\":{\"@id\":\"https:\\\/\\\/egyptologyencyclopedia.org\\\/home\\\/gizlilik-politikasi\\\/#breadcrumb\"},\"inLanguage\":\"de\",\"potentialAction\":[{\"@type\":\"ReadAction\",\"target\":[\"https:\\\/\\\/egyptologyencyclopedia.org\\\/home\\\/gizlilik-politikasi\\\/\"]}]},{\"@type\":\"BreadcrumbList\",\"@id\":\"https:\\\/\\\/egyptologyencyclopedia.org\\\/home\\\/gizlilik-politikasi\\\/#breadcrumb\",\"itemListElement\":[{\"@type\":\"ListItem\",\"position\":1,\"name\":\"Anasayfa\",\"item\":\"https:\\\/\\\/saddlebrown-ant-958972.hostingersite.com\\\/de\\\/\"},{\"@type\":\"ListItem\",\"position\":2,\"name\":\"Home\",\"item\":\"https:\\\/\\\/egyptologyencyclopedia.org\\\/?page_id=3318\"},{\"@type\":\"ListItem\",\"position\":3,\"name\":\"G\u0130ZL\u0130L\u0130K POL\u0130T\u0130KASI\"}]},{\"@type\":\"WebSite\",\"@id\":\"https:\\\/\\\/egyptologyencyclopedia.org\\\/#website\",\"url\":\"https:\\\/\\\/egyptologyencyclopedia.org\\\/\",\"name\":\"M\u0131s\u0131rbilim Ansiklopedisi - Egyptology Encyclopedia\",\"description\":\"\",\"publisher\":{\"@id\":\"https:\\\/\\\/egyptologyencyclopedia.org\\\/#organization\"},\"potentialAction\":[{\"@type\":\"SearchAction\",\"target\":{\"@type\":\"EntryPoint\",\"urlTemplate\":\"https:\\\/\\\/egyptologyencyclopedia.org\\\/?s={search_term_string}\"},\"query-input\":{\"@type\":\"PropertyValueSpecification\",\"valueRequired\":true,\"valueName\":\"search_term_string\"}}],\"inLanguage\":\"de\"},{\"@type\":\"Organization\",\"@id\":\"https:\\\/\\\/egyptologyencyclopedia.org\\\/#organization\",\"name\":\"M\u0131s\u0131rbilim Ansiklopedisi - Egyptology Encyclopedia\",\"url\":\"https:\\\/\\\/egyptologyencyclopedia.org\\\/\",\"logo\":{\"@type\":\"ImageObject\",\"inLanguage\":\"de\",\"@id\":\"https:\\\/\\\/egyptologyencyclopedia.org\\\/#\\\/schema\\\/logo\\\/image\\\/\",\"url\":\"https:\\\/\\\/egyptologyencyclopedia.org\\\/wp-content\\\/uploads\\\/2025\\\/10\\\/cropped-Misirbilim-Ansiklopedisi-2.png\",\"contentUrl\":\"https:\\\/\\\/egyptologyencyclopedia.org\\\/wp-content\\\/uploads\\\/2025\\\/10\\\/cropped-Misirbilim-Ansiklopedisi-2.png\",\"width\":181,\"height\":73,\"caption\":\"M\u0131s\u0131rbilim Ansiklopedisi - Egyptology Encyclopedia\"},\"image\":{\"@id\":\"https:\\\/\\\/egyptologyencyclopedia.org\\\/#\\\/schema\\\/logo\\\/image\\\/\"}}]}<\/script>\n<!-- \/ Yoast SEO plugin. -->","yoast_head_json":{"title":"G\u0130ZL\u0130L\u0130K POL\u0130T\u0130KASI - M\u0131s\u0131rbilim Ansiklopedisi - Egyptology Encyclopedia","robots":{"index":"index","follow":"follow","max-snippet":"max-snippet:-1","max-image-preview":"max-image-preview:large","max-video-preview":"max-video-preview:-1"},"canonical":"https:\/\/egyptologyencyclopedia.org\/de\/home\/gizlilik-politikasi\/","og_locale":"de_DE","og_type":"article","og_title":"G\u0130ZL\u0130L\u0130K POL\u0130T\u0130KASI - M\u0131s\u0131rbilim Ansiklopedisi - Egyptology Encyclopedia","og_description":"Son G\u00fcncelleme Tarihi: Ekim 2025M\u0131s\u0131rbilim Ansiklopedisi olarak (bundan b\u00f6yle &#8220;Site&#8221; olarak an\u0131lacakt\u0131r), ziyaret\u00e7ilerimizin gizlili\u011fini ciddiye al\u0131yor ve bu konuda \u015feffaf olmay\u0131 taahh\u00fct ediyoruz. Bu politika, sitemizi kullan\u0131rken hangi bilgileri toplad\u0131\u011f\u0131m\u0131z\u0131, bu bilgileri nas\u0131l kulland\u0131\u011f\u0131m\u0131z\u0131 ve korudu\u011fumuzu a\u00e7\u0131klamaktad\u0131r. 1. Toplad\u0131\u011f\u0131m\u0131z Ki\u015fisel Veriler ve Toplama Y\u00f6ntemleriSitemiz, ziyaret\u00e7ilerle etkile\u015fim kurarken belirli bilgileri otomatik veya g\u00f6n\u00fcll\u00fc olarak toplamaktad\u0131r.Do\u011frudan Sa\u011flad\u0131\u011f\u0131n\u0131z &hellip; Continue reading \"G\u0130ZL\u0130L\u0130K POL\u0130T\u0130KASI\"","og_url":"https:\/\/egyptologyencyclopedia.org\/de\/home\/gizlilik-politikasi\/","og_site_name":"M\u0131s\u0131rbilim Ansiklopedisi - Egyptology Encyclopedia","article_modified_time":"2026-02-27T19:30:38+00:00","twitter_card":"summary_large_image","twitter_misc":{"Gesch\u00e4tzte Lesezeit":"4\u00a0Minuten"},"schema":{"@context":"https:\/\/schema.org","@graph":[{"@type":"WebPage","@id":"https:\/\/egyptologyencyclopedia.org\/home\/gizlilik-politikasi\/","url":"https:\/\/egyptologyencyclopedia.org\/home\/gizlilik-politikasi\/","name":"G\u0130ZL\u0130L\u0130K POL\u0130T\u0130KASI - M\u0131s\u0131rbilim Ansiklopedisi - Egyptology Encyclopedia","isPartOf":{"@id":"https:\/\/egyptologyencyclopedia.org\/#website"},"datePublished":"2025-10-06T21:24:48+00:00","dateModified":"2026-02-27T19:30:38+00:00","breadcrumb":{"@id":"https:\/\/egyptologyencyclopedia.org\/home\/gizlilik-politikasi\/#breadcrumb"},"inLanguage":"de","potentialAction":[{"@type":"ReadAction","target":["https:\/\/egyptologyencyclopedia.org\/home\/gizlilik-politikasi\/"]}]},{"@type":"BreadcrumbList","@id":"https:\/\/egyptologyencyclopedia.org\/home\/gizlilik-politikasi\/#breadcrumb","itemListElement":[{"@type":"ListItem","position":1,"name":"Anasayfa","item":"https:\/\/saddlebrown-ant-958972.hostingersite.com\/de\/"},{"@type":"ListItem","position":2,"name":"Home","item":"https:\/\/egyptologyencyclopedia.org\/?page_id=3318"},{"@type":"ListItem","position":3,"name":"G\u0130ZL\u0130L\u0130K POL\u0130T\u0130KASI"}]},{"@type":"WebSite","@id":"https:\/\/egyptologyencyclopedia.org\/#website","url":"https:\/\/egyptologyencyclopedia.org\/","name":"M\u0131s\u0131rbilim Ansiklopedisi - Egyptology Encyclopedia","description":"","publisher":{"@id":"https:\/\/egyptologyencyclopedia.org\/#organization"},"potentialAction":[{"@type":"SearchAction","target":{"@type":"EntryPoint","urlTemplate":"https:\/\/egyptologyencyclopedia.org\/?s={search_term_string}"},"query-input":{"@type":"PropertyValueSpecification","valueRequired":true,"valueName":"search_term_string"}}],"inLanguage":"de"},{"@type":"Organization","@id":"https:\/\/egyptologyencyclopedia.org\/#organization","name":"M\u0131s\u0131rbilim Ansiklopedisi - Egyptology Encyclopedia","url":"https:\/\/egyptologyencyclopedia.org\/","logo":{"@type":"ImageObject","inLanguage":"de","@id":"https:\/\/egyptologyencyclopedia.org\/#\/schema\/logo\/image\/","url":"https:\/\/egyptologyencyclopedia.org\/wp-content\/uploads\/2025\/10\/cropped-Misirbilim-Ansiklopedisi-2.png","contentUrl":"https:\/\/egyptologyencyclopedia.org\/wp-content\/uploads\/2025\/10\/cropped-Misirbilim-Ansiklopedisi-2.png","width":181,"height":73,"caption":"M\u0131s\u0131rbilim Ansiklopedisi - Egyptology Encyclopedia"},"image":{"@id":"https:\/\/egyptologyencyclopedia.org\/#\/schema\/logo\/image\/"}}]}},"_hostinger_reach_plugin_has_subscription_block":false,"_hostinger_reach_plugin_is_elementor":false,"uagb_featured_image_src":{"full":false,"thumbnail":false,"medium":false,"medium_large":false,"large":false,"1536x1536":false,"2048x2048":false,"trp-custom-language-flag":false,"post_slider_layout_landscape_large":false,"post_slider_layout_portrait_large":false,"post_slider_layout_square_large":false,"post_slider_layout_landscape":false,"post_slider_layout_portrait":false,"post_slider_layout_square":false,"archaeology-museums-pro-homepage-thumb":false,"mailpoet_newsletter_max":false,"vw-gallery-image-medium":false},"uagb_author_info":{"display_name":"Birkan Ayaz","author_link":"https:\/\/egyptologyencyclopedia.org\/de\/author\/birkanayaz26\/"},"uagb_comment_info":0,"uagb_excerpt":"Son G\u00fcncelleme Tarihi: Ekim 2025M\u0131s\u0131rbilim Ansiklopedisi olarak (bundan b\u00f6yle &#8220;Site&#8221; olarak an\u0131lacakt\u0131r), ziyaret\u00e7ilerimizin gizlili\u011fini ciddiye al\u0131yor ve bu konuda \u015feffaf olmay\u0131 taahh\u00fct ediyoruz. Bu politika, sitemizi kullan\u0131rken hangi bilgileri toplad\u0131\u011f\u0131m\u0131z\u0131, bu bilgileri nas\u0131l kulland\u0131\u011f\u0131m\u0131z\u0131 ve korudu\u011fumuzu a\u00e7\u0131klamaktad\u0131r. 1. Toplad\u0131\u011f\u0131m\u0131z Ki\u015fisel Veriler ve Toplama Y\u00f6ntemleriSitemiz, ziyaret\u00e7ilerle etkile\u015fim kurarken belirli bilgileri otomatik veya g\u00f6n\u00fcll\u00fc olarak toplamaktad\u0131r.Do\u011frudan Sa\u011flad\u0131\u011f\u0131n\u0131z&hellip;","jetpack_sharing_enabled":true,"_links":{"self":[{"href":"https:\/\/egyptologyencyclopedia.org\/de\/wp-json\/wp\/v2\/pages\/3960","targetHints":{"allow":["GET"]}}],"collection":[{"href":"https:\/\/egyptologyencyclopedia.org\/de\/wp-json\/wp\/v2\/pages"}],"about":[{"href":"https:\/\/egyptologyencyclopedia.org\/de\/wp-json\/wp\/v2\/types\/page"}],"author":[{"embeddable":true,"href":"https:\/\/egyptologyencyclopedia.org\/de\/wp-json\/wp\/v2\/users\/1"}],"replies":[{"embeddable":true,"href":"https:\/\/egyptologyencyclopedia.org\/de\/wp-json\/wp\/v2\/comments?post=3960"}],"version-history":[{"count":7,"href":"https:\/\/egyptologyencyclopedia.org\/de\/wp-json\/wp\/v2\/pages\/3960\/revisions"}],"predecessor-version":[{"id":6081,"href":"https:\/\/egyptologyencyclopedia.org\/de\/wp-json\/wp\/v2\/pages\/3960\/revisions\/6081"}],"up":[{"embeddable":true,"href":"https:\/\/egyptologyencyclopedia.org\/de\/wp-json\/wp\/v2\/pages\/3318"}],"wp:attachment":[{"href":"https:\/\/egyptologyencyclopedia.org\/de\/wp-json\/wp\/v2\/media?parent=3960"}],"curies":[{"name":"wp","href":"https:\/\/api.w.org\/{rel}","templated":true}]}}