{"id":3081,"date":"2025-10-20T10:32:30","date_gmt":"2025-10-20T10:32:30","guid":{"rendered":"https:\/\/egyptologyencyclopedia.org\/?page_id=3081"},"modified":"2025-11-28T10:03:31","modified_gmt":"2025-11-28T10:03:31","slug":"misir-xxvi-hanedan-krallari-mo-664-mo-525","status":"publish","type":"page","link":"https:\/\/egyptologyencyclopedia.org\/de\/antik-misir-krallari\/misir-xxvi-hanedan-krallari-mo-664-mo-525\/","title":{"rendered":"M\u0131s\u0131r XXVI. Hanedan Krallar\u0131 (M\u00d6 664 &#8211; M\u00d6 525)"},"content":{"rendered":"<figure class=\"wp-block-table is-style-stripes\"><table class=\"has-black-color has-text-color has-link-color has-fixed-layout\"><tbody><tr><td>Kral<\/td><td>Yakla\u015f\u0131k H\u00fck\u00fcmdarl\u0131k Y\u0131llar\u0131<\/td><td>Notlar <\/td><\/tr><tr><td><strong>I. Psammetichus<\/strong><\/td><td>M\u00d6 664 &#8211; M\u00d6 610<\/td><td>Asur egemenli\u011fini sonland\u0131rarak 26. Hanedan&#8217;\u0131 kurdu ve M\u0131s\u0131r&#8217;a yeniden ba\u011f\u0131ms\u0131zl\u0131k getirdi.<\/td><\/tr><tr><td><strong>II. Nekao<\/strong><\/td><td>M\u00d6 610 &#8211; M\u00d6 595<\/td><td>Nil Nehri&#8217;ni K\u0131z\u0131ldeniz&#8217;e ba\u011flayacak bir kanal in\u015fa etme giri\u015fimleriyle bilinir.<\/td><\/tr><tr><td><strong>II. Psammetichus<\/strong><\/td><td>M\u00d6 595 &#8211; M\u00d6 589<\/td><td>D\u00f6neminde N\u00fcbye&#8217;ye (Ku\u015f) kar\u015f\u0131 seferler d\u00fczenlenmi\u015ftir.<\/td><\/tr><tr><td><strong>Apries<\/strong><\/td><td>M\u00d6 589 &#8211; M\u00d6 570<\/td><td>\u0130\u00e7 sava\u015f sonucu tahttan indirilmi\u015ftir.<\/td><\/tr><tr><td><strong>Amasis<\/strong><\/td><td>M\u00d6 570 &#8211; M\u00d6 526<\/td><td>H\u00fck\u00fcmdarl\u0131\u011f\u0131 s\u0131ras\u0131nda M\u0131s\u0131r b\u00fcy\u00fck bir refah d\u00f6nemi ya\u015fad\u0131. Yunanl\u0131larla yak\u0131n ili\u015fkiler kurdu.<\/td><\/tr><tr><td><strong>III. Psammetichus<\/strong><\/td><td>M\u00d6 526 &#8211; M\u00d6 525<\/td><td>M\u0131s\u0131r&#8217;\u0131n Pers \u0130mparatorlu\u011fu taraf\u0131ndan fethedilmesiyle hanedan\u0131n sonu geldi.<br>E-Tablolar&#8217;a aktar<\/td><\/tr><\/tbody><\/table><\/figure>","protected":false},"excerpt":{"rendered":"<p>Kral Yakla\u015f\u0131k H\u00fck\u00fcmdarl\u0131k Y\u0131llar\u0131 Notlar I. Psammetichus M\u00d6 664 &#8211; M\u00d6 610 Asur egemenli\u011fini sonland\u0131rarak 26. Hanedan&#8217;\u0131 kurdu ve M\u0131s\u0131r&#8217;a yeniden ba\u011f\u0131ms\u0131zl\u0131k getirdi. II. Nekao M\u00d6 610 &#8211; M\u00d6 595 Nil Nehri&#8217;ni K\u0131z\u0131ldeniz&#8217;e ba\u011flayacak bir kanal in\u015fa etme giri\u015fimleriyle bilinir. II. Psammetichus M\u00d6 595 &#8211; M\u00d6 589 D\u00f6neminde N\u00fcbye&#8217;ye (Ku\u015f) kar\u015f\u0131 seferler d\u00fczenlenmi\u015ftir. Apries M\u00d6 &hellip; <\/p>\n<p class=\"link-more\"><a href=\"https:\/\/egyptologyencyclopedia.org\/de\/antik-misir-krallari\/misir-xxvi-hanedan-krallari-mo-664-mo-525\/\" class=\"more-link\">Continue reading<span class=\"screen-reader-text\"> &#8220;M\u0131s\u0131r XXVI. Hanedan Krallar\u0131 (M\u00d6 664 &#8211; M\u00d6 525)&#8221;<\/span><\/a><\/p>","protected":false},"author":1,"featured_media":0,"parent":4863,"menu_order":0,"comment_status":"closed","ping_status":"closed","template":"","meta":{"_regular_price":[],"currency_symbol":[],"_uag_custom_page_level_css":"","jetpack_post_was_ever_published":false,"footnotes":""},"class_list":["post-3081","page","type-page","status-publish","hentry"],"post_slider_layout_featured_media_urls":{"thumbnail":"","post_slider_layout_landscape_large":"","post_slider_layout_portrait_large":"","post_slider_layout_square_large":"","post_slider_layout_landscape":"","post_slider_layout_portrait":"","post_slider_layout_square":"","full":""},"yoast_head":"<!-- This site is optimized with the Yoast SEO plugin v27.4 - https:\/\/yoast.com\/product\/yoast-seo-wordpress\/ -->\n<title>M\u0131s\u0131r XXVI. Hanedan Krallar\u0131 (M\u00d6 664 - M\u00d6 525) - M\u0131s\u0131rbilim Ansiklopedisi - Egyptology Encyclopedia<\/title>\n<meta name=\"robots\" content=\"index, follow, max-snippet:-1, max-image-preview:large, max-video-preview:-1\" \/>\n<link rel=\"canonical\" href=\"https:\/\/egyptologyencyclopedia.org\/de\/antik-misir-krallari\/misir-xxvi-hanedan-krallari-mo-664-mo-525\/\" \/>\n<meta property=\"og:locale\" content=\"de_DE\" \/>\n<meta property=\"og:type\" content=\"article\" \/>\n<meta property=\"og:title\" content=\"M\u0131s\u0131r XXVI. Hanedan Krallar\u0131 (M\u00d6 664 - M\u00d6 525) - M\u0131s\u0131rbilim Ansiklopedisi - Egyptology Encyclopedia\" \/>\n<meta property=\"og:description\" content=\"Kral Yakla\u015f\u0131k H\u00fck\u00fcmdarl\u0131k Y\u0131llar\u0131 Notlar I. Psammetichus M\u00d6 664 &#8211; M\u00d6 610 Asur egemenli\u011fini sonland\u0131rarak 26. Hanedan&#8217;\u0131 kurdu ve M\u0131s\u0131r&#8217;a yeniden ba\u011f\u0131ms\u0131zl\u0131k getirdi. II. Nekao M\u00d6 610 &#8211; M\u00d6 595 Nil Nehri&#8217;ni K\u0131z\u0131ldeniz&#8217;e ba\u011flayacak bir kanal in\u015fa etme giri\u015fimleriyle bilinir. II. Psammetichus M\u00d6 595 &#8211; M\u00d6 589 D\u00f6neminde N\u00fcbye&#8217;ye (Ku\u015f) kar\u015f\u0131 seferler d\u00fczenlenmi\u015ftir. Apries M\u00d6 &hellip; Continue reading &quot;M\u0131s\u0131r XXVI. Hanedan Krallar\u0131 (M\u00d6 664 &#8211; M\u00d6 525)&quot;\" \/>\n<meta property=\"og:url\" content=\"https:\/\/egyptologyencyclopedia.org\/de\/antik-misir-krallari\/misir-xxvi-hanedan-krallari-mo-664-mo-525\/\" \/>\n<meta property=\"og:site_name\" content=\"M\u0131s\u0131rbilim Ansiklopedisi - Egyptology Encyclopedia\" \/>\n<meta property=\"article:modified_time\" content=\"2025-11-28T10:03:31+00:00\" \/>\n<meta name=\"twitter:card\" content=\"summary_large_image\" \/>\n<meta name=\"twitter:label1\" content=\"Gesch\u00e4tzte Lesezeit\" \/>\n\t<meta name=\"twitter:data1\" content=\"1\u00a0Minute\" \/>\n<script type=\"application\/ld+json\" class=\"yoast-schema-graph\">{\"@context\":\"https:\\\/\\\/schema.org\",\"@graph\":[{\"@type\":\"WebPage\",\"@id\":\"https:\\\/\\\/egyptologyencyclopedia.org\\\/antik-misir-krallari\\\/misir-xxvi-hanedan-krallari-mo-664-mo-525\\\/\",\"url\":\"https:\\\/\\\/egyptologyencyclopedia.org\\\/antik-misir-krallari\\\/misir-xxvi-hanedan-krallari-mo-664-mo-525\\\/\",\"name\":\"M\u0131s\u0131r XXVI. Hanedan Krallar\u0131 (M\u00d6 664 - M\u00d6 525) - M\u0131s\u0131rbilim Ansiklopedisi - Egyptology Encyclopedia\",\"isPartOf\":{\"@id\":\"https:\\\/\\\/egyptologyencyclopedia.org\\\/#website\"},\"datePublished\":\"2025-10-20T10:32:30+00:00\",\"dateModified\":\"2025-11-28T10:03:31+00:00\",\"breadcrumb\":{\"@id\":\"https:\\\/\\\/egyptologyencyclopedia.org\\\/antik-misir-krallari\\\/misir-xxvi-hanedan-krallari-mo-664-mo-525\\\/#breadcrumb\"},\"inLanguage\":\"de\",\"potentialAction\":[{\"@type\":\"ReadAction\",\"target\":[\"https:\\\/\\\/egyptologyencyclopedia.org\\\/antik-misir-krallari\\\/misir-xxvi-hanedan-krallari-mo-664-mo-525\\\/\"]}]},{\"@type\":\"BreadcrumbList\",\"@id\":\"https:\\\/\\\/egyptologyencyclopedia.org\\\/antik-misir-krallari\\\/misir-xxvi-hanedan-krallari-mo-664-mo-525\\\/#breadcrumb\",\"itemListElement\":[{\"@type\":\"ListItem\",\"position\":1,\"name\":\"Anasayfa\",\"item\":\"https:\\\/\\\/saddlebrown-ant-958972.hostingersite.com\\\/de\\\/\"},{\"@type\":\"ListItem\",\"position\":2,\"name\":\"Antik M\u0131s\u0131r Krallar\u0131\",\"item\":\"https:\\\/\\\/saddlebrown-ant-958972.hostingersite.com\\\/de\\\/antik-misir-krallari\\\/\"},{\"@type\":\"ListItem\",\"position\":3,\"name\":\"M\u0131s\u0131r XXVI. Hanedan Krallar\u0131 (M\u00d6 664 &#8211; M\u00d6 525)\"}]},{\"@type\":\"WebSite\",\"@id\":\"https:\\\/\\\/egyptologyencyclopedia.org\\\/#website\",\"url\":\"https:\\\/\\\/egyptologyencyclopedia.org\\\/\",\"name\":\"M\u0131s\u0131rbilim Ansiklopedisi - Egyptology Encyclopedia\",\"description\":\"\",\"publisher\":{\"@id\":\"https:\\\/\\\/egyptologyencyclopedia.org\\\/#organization\"},\"potentialAction\":[{\"@type\":\"SearchAction\",\"target\":{\"@type\":\"EntryPoint\",\"urlTemplate\":\"https:\\\/\\\/egyptologyencyclopedia.org\\\/?s={search_term_string}\"},\"query-input\":{\"@type\":\"PropertyValueSpecification\",\"valueRequired\":true,\"valueName\":\"search_term_string\"}}],\"inLanguage\":\"de\"},{\"@type\":\"Organization\",\"@id\":\"https:\\\/\\\/egyptologyencyclopedia.org\\\/#organization\",\"name\":\"M\u0131s\u0131rbilim Ansiklopedisi - Egyptology Encyclopedia\",\"url\":\"https:\\\/\\\/egyptologyencyclopedia.org\\\/\",\"logo\":{\"@type\":\"ImageObject\",\"inLanguage\":\"de\",\"@id\":\"https:\\\/\\\/egyptologyencyclopedia.org\\\/#\\\/schema\\\/logo\\\/image\\\/\",\"url\":\"https:\\\/\\\/egyptologyencyclopedia.org\\\/wp-content\\\/uploads\\\/2025\\\/10\\\/cropped-Misirbilim-Ansiklopedisi-2.png\",\"contentUrl\":\"https:\\\/\\\/egyptologyencyclopedia.org\\\/wp-content\\\/uploads\\\/2025\\\/10\\\/cropped-Misirbilim-Ansiklopedisi-2.png\",\"width\":181,\"height\":73,\"caption\":\"M\u0131s\u0131rbilim Ansiklopedisi - Egyptology Encyclopedia\"},\"image\":{\"@id\":\"https:\\\/\\\/egyptologyencyclopedia.org\\\/#\\\/schema\\\/logo\\\/image\\\/\"}}]}<\/script>\n<!-- \/ Yoast SEO plugin. -->","yoast_head_json":{"title":"M\u0131s\u0131r XXVI. Hanedan Krallar\u0131 (M\u00d6 664 - M\u00d6 525) - M\u0131s\u0131rbilim Ansiklopedisi - Egyptology Encyclopedia","robots":{"index":"index","follow":"follow","max-snippet":"max-snippet:-1","max-image-preview":"max-image-preview:large","max-video-preview":"max-video-preview:-1"},"canonical":"https:\/\/egyptologyencyclopedia.org\/de\/antik-misir-krallari\/misir-xxvi-hanedan-krallari-mo-664-mo-525\/","og_locale":"de_DE","og_type":"article","og_title":"M\u0131s\u0131r XXVI. Hanedan Krallar\u0131 (M\u00d6 664 - M\u00d6 525) - M\u0131s\u0131rbilim Ansiklopedisi - Egyptology Encyclopedia","og_description":"Kral Yakla\u015f\u0131k H\u00fck\u00fcmdarl\u0131k Y\u0131llar\u0131 Notlar I. Psammetichus M\u00d6 664 &#8211; M\u00d6 610 Asur egemenli\u011fini sonland\u0131rarak 26. Hanedan&#8217;\u0131 kurdu ve M\u0131s\u0131r&#8217;a yeniden ba\u011f\u0131ms\u0131zl\u0131k getirdi. II. Nekao M\u00d6 610 &#8211; M\u00d6 595 Nil Nehri&#8217;ni K\u0131z\u0131ldeniz&#8217;e ba\u011flayacak bir kanal in\u015fa etme giri\u015fimleriyle bilinir. II. Psammetichus M\u00d6 595 &#8211; M\u00d6 589 D\u00f6neminde N\u00fcbye&#8217;ye (Ku\u015f) kar\u015f\u0131 seferler d\u00fczenlenmi\u015ftir. Apries M\u00d6 &hellip; Continue reading \"M\u0131s\u0131r XXVI. Hanedan Krallar\u0131 (M\u00d6 664 &#8211; M\u00d6 525)\"","og_url":"https:\/\/egyptologyencyclopedia.org\/de\/antik-misir-krallari\/misir-xxvi-hanedan-krallari-mo-664-mo-525\/","og_site_name":"M\u0131s\u0131rbilim Ansiklopedisi - Egyptology Encyclopedia","article_modified_time":"2025-11-28T10:03:31+00:00","twitter_card":"summary_large_image","twitter_misc":{"Gesch\u00e4tzte Lesezeit":"1\u00a0Minute"},"schema":{"@context":"https:\/\/schema.org","@graph":[{"@type":"WebPage","@id":"https:\/\/egyptologyencyclopedia.org\/antik-misir-krallari\/misir-xxvi-hanedan-krallari-mo-664-mo-525\/","url":"https:\/\/egyptologyencyclopedia.org\/antik-misir-krallari\/misir-xxvi-hanedan-krallari-mo-664-mo-525\/","name":"M\u0131s\u0131r XXVI. Hanedan Krallar\u0131 (M\u00d6 664 - M\u00d6 525) - M\u0131s\u0131rbilim Ansiklopedisi - Egyptology Encyclopedia","isPartOf":{"@id":"https:\/\/egyptologyencyclopedia.org\/#website"},"datePublished":"2025-10-20T10:32:30+00:00","dateModified":"2025-11-28T10:03:31+00:00","breadcrumb":{"@id":"https:\/\/egyptologyencyclopedia.org\/antik-misir-krallari\/misir-xxvi-hanedan-krallari-mo-664-mo-525\/#breadcrumb"},"inLanguage":"de","potentialAction":[{"@type":"ReadAction","target":["https:\/\/egyptologyencyclopedia.org\/antik-misir-krallari\/misir-xxvi-hanedan-krallari-mo-664-mo-525\/"]}]},{"@type":"BreadcrumbList","@id":"https:\/\/egyptologyencyclopedia.org\/antik-misir-krallari\/misir-xxvi-hanedan-krallari-mo-664-mo-525\/#breadcrumb","itemListElement":[{"@type":"ListItem","position":1,"name":"Anasayfa","item":"https:\/\/saddlebrown-ant-958972.hostingersite.com\/de\/"},{"@type":"ListItem","position":2,"name":"Antik M\u0131s\u0131r Krallar\u0131","item":"https:\/\/saddlebrown-ant-958972.hostingersite.com\/de\/antik-misir-krallari\/"},{"@type":"ListItem","position":3,"name":"M\u0131s\u0131r XXVI. Hanedan Krallar\u0131 (M\u00d6 664 &#8211; M\u00d6 525)"}]},{"@type":"WebSite","@id":"https:\/\/egyptologyencyclopedia.org\/#website","url":"https:\/\/egyptologyencyclopedia.org\/","name":"M\u0131s\u0131rbilim Ansiklopedisi - Egyptology Encyclopedia","description":"","publisher":{"@id":"https:\/\/egyptologyencyclopedia.org\/#organization"},"potentialAction":[{"@type":"SearchAction","target":{"@type":"EntryPoint","urlTemplate":"https:\/\/egyptologyencyclopedia.org\/?s={search_term_string}"},"query-input":{"@type":"PropertyValueSpecification","valueRequired":true,"valueName":"search_term_string"}}],"inLanguage":"de"},{"@type":"Organization","@id":"https:\/\/egyptologyencyclopedia.org\/#organization","name":"M\u0131s\u0131rbilim Ansiklopedisi - Egyptology Encyclopedia","url":"https:\/\/egyptologyencyclopedia.org\/","logo":{"@type":"ImageObject","inLanguage":"de","@id":"https:\/\/egyptologyencyclopedia.org\/#\/schema\/logo\/image\/","url":"https:\/\/egyptologyencyclopedia.org\/wp-content\/uploads\/2025\/10\/cropped-Misirbilim-Ansiklopedisi-2.png","contentUrl":"https:\/\/egyptologyencyclopedia.org\/wp-content\/uploads\/2025\/10\/cropped-Misirbilim-Ansiklopedisi-2.png","width":181,"height":73,"caption":"M\u0131s\u0131rbilim Ansiklopedisi - Egyptology Encyclopedia"},"image":{"@id":"https:\/\/egyptologyencyclopedia.org\/#\/schema\/logo\/image\/"}}]}},"_hostinger_reach_plugin_has_subscription_block":false,"_hostinger_reach_plugin_is_elementor":false,"uagb_featured_image_src":{"full":false,"thumbnail":false,"medium":false,"medium_large":false,"large":false,"1536x1536":false,"2048x2048":false,"trp-custom-language-flag":false,"post_slider_layout_landscape_large":false,"post_slider_layout_portrait_large":false,"post_slider_layout_square_large":false,"post_slider_layout_landscape":false,"post_slider_layout_portrait":false,"post_slider_layout_square":false,"archaeology-museums-pro-homepage-thumb":false,"mailpoet_newsletter_max":false,"vw-gallery-image-medium":false},"uagb_author_info":{"display_name":"Birkan Ayaz","author_link":"https:\/\/egyptologyencyclopedia.org\/de\/author\/birkanayaz26\/"},"uagb_comment_info":0,"uagb_excerpt":"Kral Yakla\u015f\u0131k H\u00fck\u00fcmdarl\u0131k Y\u0131llar\u0131 Notlar I. Psammetichus M\u00d6 664 &#8211; M\u00d6 610 Asur egemenli\u011fini sonland\u0131rarak 26. Hanedan&#8217;\u0131 kurdu ve M\u0131s\u0131r&#8217;a yeniden ba\u011f\u0131ms\u0131zl\u0131k getirdi. II. Nekao M\u00d6 610 &#8211; M\u00d6 595 Nil Nehri&#8217;ni K\u0131z\u0131ldeniz&#8217;e ba\u011flayacak bir kanal in\u015fa etme giri\u015fimleriyle bilinir. II. Psammetichus M\u00d6 595 &#8211; M\u00d6 589 D\u00f6neminde N\u00fcbye&#8217;ye (Ku\u015f) kar\u015f\u0131 seferler d\u00fczenlenmi\u015ftir. Apries M\u00d6&hellip;","jetpack_sharing_enabled":true,"_links":{"self":[{"href":"https:\/\/egyptologyencyclopedia.org\/de\/wp-json\/wp\/v2\/pages\/3081","targetHints":{"allow":["GET"]}}],"collection":[{"href":"https:\/\/egyptologyencyclopedia.org\/de\/wp-json\/wp\/v2\/pages"}],"about":[{"href":"https:\/\/egyptologyencyclopedia.org\/de\/wp-json\/wp\/v2\/types\/page"}],"author":[{"embeddable":true,"href":"https:\/\/egyptologyencyclopedia.org\/de\/wp-json\/wp\/v2\/users\/1"}],"replies":[{"embeddable":true,"href":"https:\/\/egyptologyencyclopedia.org\/de\/wp-json\/wp\/v2\/comments?post=3081"}],"version-history":[{"count":3,"href":"https:\/\/egyptologyencyclopedia.org\/de\/wp-json\/wp\/v2\/pages\/3081\/revisions"}],"predecessor-version":[{"id":5023,"href":"https:\/\/egyptologyencyclopedia.org\/de\/wp-json\/wp\/v2\/pages\/3081\/revisions\/5023"}],"up":[{"embeddable":true,"href":"https:\/\/egyptologyencyclopedia.org\/de\/wp-json\/wp\/v2\/pages\/4863"}],"wp:attachment":[{"href":"https:\/\/egyptologyencyclopedia.org\/de\/wp-json\/wp\/v2\/media?parent=3081"}],"curies":[{"name":"wp","href":"https:\/\/api.w.org\/{rel}","templated":true}]}}