{"id":3071,"date":"2025-10-20T10:39:42","date_gmt":"2025-10-20T10:39:42","guid":{"rendered":"https:\/\/egyptologyencyclopedia.org\/?page_id=3071"},"modified":"2026-03-09T22:14:06","modified_gmt":"2026-03-09T22:14:06","slug":"misir-xx-hanedan-krallari-mo-1186-mo-1069","status":"publish","type":"page","link":"https:\/\/egyptologyencyclopedia.org\/de\/antik-misir-krallari\/misir-xx-hanedan-krallari-mo-1186-mo-1069\/","title":{"rendered":"M\u0131s\u0131r XX. Hanedan Krallar\u0131 (M\u00d6 1186 &#8211; M\u00d6 1069)"},"content":{"rendered":"<figure class=\"wp-block-table is-style-stripes\"><table class=\"has-black-color has-text-color has-link-color has-fixed-layout\"><tbody><tr><td><strong>Kral<\/strong><\/td><td><strong>Yakla\u015f\u0131k H\u00fck\u00fcmdarl\u0131k Y\u0131llar\u0131<\/strong><\/td><td><strong>Notlar<\/strong><\/td><\/tr><tr><td>Setnakhte<\/td><td>M\u00d6 1186 &#8211; M\u00d6 1184<\/td><td>Hanedan&#8217;\u0131n kurucusudur.<\/td><\/tr><tr><td><a href=\"https:\/\/egyptologyencyclopedia.org\/de\/iii-ramses\/\" type=\"post\" id=\"1951\">III. Ramses<\/a><\/td><td>M\u00d6 1184 &#8211; M\u00d6 1153<\/td><td>&#8220;Deniz Kavimleri&#8221;ne kar\u015f\u0131 M\u0131s\u0131r&#8217;\u0131 ba\u015far\u0131yla savunan son b\u00fcy\u00fck sava\u015f\u00e7\u0131 firavun olarak bilinir.<\/td><\/tr><tr><td><a href=\"https:\/\/egyptologyencyclopedia.org\/de\/iv-ramses\/\" type=\"post\" id=\"1953\">IV. Ramses<\/a><\/td><td>M\u00d6 1153 &#8211; M\u00d6 1147<\/td><td>D\u00f6neminde b\u00fcy\u00fck projeler yap\u0131lm\u0131\u015ft\u0131r.<\/td><\/tr><tr><td><a href=\"https:\/\/egyptologyencyclopedia.org\/de\/v-ramses\/\" type=\"post\" id=\"1955\">V. Ramses<\/a><\/td><td>M\u00d6 1147 &#8211; M\u00d6 1143<\/td><td>K\u0131sa s\u00fcren h\u00fck\u00fcmdarl\u0131\u011f\u0131 s\u0131ras\u0131nda ekonomik sorunlar ba\u015flad\u0131.<\/td><\/tr><tr><td><a href=\"https:\/\/egyptologyencyclopedia.org\/de\/vi-ramses\/\" type=\"post\" id=\"1957\">VI. Ramses<\/a><\/td><td>M\u00d6 1143 &#8211; M\u00d6 1136<\/td><td>Vadi&#8217;deki mezar\u0131, Tutankhamun&#8217;un mezar\u0131n\u0131n \u00fczerine yap\u0131lm\u0131\u015ft\u0131r.<\/td><\/tr><tr><td><a href=\"https:\/\/egyptologyencyclopedia.org\/de\/vii-ramses\/\" type=\"post\" id=\"1959\">VII. Ramses<\/a><\/td><td>M\u00d6 1136 &#8211; M\u00d6 1129<\/td><td>K\u0131sa bir saltanat d\u00f6nemi oldu.<\/td><\/tr><tr><td><a href=\"https:\/\/egyptologyencyclopedia.org\/de\/viii-ramses\/\" type=\"post\" id=\"1961\">VIII. Ramses<\/a><\/td><td>M\u00d6 1129 &#8211; M\u00d6 1126<\/td><td>H\u00fck\u00fcmdarl\u0131\u011f\u0131 s\u0131ras\u0131nda M\u0131s\u0131r&#8217;da ciddi ekonomik sorunlar ya\u015fand\u0131.<\/td><\/tr><tr><td><a href=\"https:\/\/egyptologyencyclopedia.org\/de\/ix-ramses\/\" type=\"post\" id=\"1963\">IX. Ramses<\/a><\/td><td>M\u00d6 1126 &#8211; M\u00d6 1108<\/td><td>Y\u00f6netimi s\u0131ras\u0131nda firavun mezar h\u0131rs\u0131zl\u0131klar\u0131 yayg\u0131nla\u015ft\u0131.<\/td><\/tr><tr><td><a href=\"https:\/\/egyptologyencyclopedia.org\/de\/x-ramses\/\" type=\"post\" id=\"1965\">X. Ramses<\/a><\/td><td>M\u00d6 1108 &#8211; M\u00d6 1099<\/td><td>Bu d\u00f6nemde M\u0131s\u0131r&#8217;\u0131n merkezi otoritesi iyice zay\u0131flad\u0131.<\/td><\/tr><tr><td><a href=\"https:\/\/egyptologyencyclopedia.org\/de\/xi-ramses\/\" type=\"post\" id=\"1967\">XI. Ramses<\/a><\/td><td>M\u00d6 1099 &#8211; M\u00d6 1069<\/td><td>Yeni Krall\u0131k&#8217;\u0131n son firavunudur.<\/td><\/tr><\/tbody><\/table><\/figure>\n\n\n\n<p><\/p>","protected":false},"excerpt":{"rendered":"<p>Kral Yakla\u015f\u0131k H\u00fck\u00fcmdarl\u0131k Y\u0131llar\u0131 Notlar Setnakhte M\u00d6 1186 &#8211; M\u00d6 1184 Hanedan&#8217;\u0131n kurucusudur. III. Ramses M\u00d6 1184 &#8211; M\u00d6 1153 &#8220;Deniz Kavimleri&#8221;ne kar\u015f\u0131 M\u0131s\u0131r&#8217;\u0131 ba\u015far\u0131yla savunan son b\u00fcy\u00fck sava\u015f\u00e7\u0131 firavun olarak bilinir. IV. Ramses M\u00d6 1153 &#8211; M\u00d6 1147 D\u00f6neminde b\u00fcy\u00fck projeler yap\u0131lm\u0131\u015ft\u0131r. V. Ramses M\u00d6 1147 &#8211; M\u00d6 1143 K\u0131sa s\u00fcren h\u00fck\u00fcmdarl\u0131\u011f\u0131 s\u0131ras\u0131nda ekonomik &hellip; <\/p>\n<p class=\"link-more\"><a href=\"https:\/\/egyptologyencyclopedia.org\/de\/antik-misir-krallari\/misir-xx-hanedan-krallari-mo-1186-mo-1069\/\" class=\"more-link\">Continue reading<span class=\"screen-reader-text\"> &#8220;M\u0131s\u0131r XX. Hanedan Krallar\u0131 (M\u00d6 1186 &#8211; M\u00d6 1069)&#8221;<\/span><\/a><\/p>","protected":false},"author":1,"featured_media":0,"parent":4863,"menu_order":0,"comment_status":"closed","ping_status":"closed","template":"","meta":{"_regular_price":[],"currency_symbol":[],"_uag_custom_page_level_css":"","jetpack_post_was_ever_published":false,"footnotes":""},"class_list":["post-3071","page","type-page","status-publish","hentry"],"post_slider_layout_featured_media_urls":{"thumbnail":"","post_slider_layout_landscape_large":"","post_slider_layout_portrait_large":"","post_slider_layout_square_large":"","post_slider_layout_landscape":"","post_slider_layout_portrait":"","post_slider_layout_square":"","full":""},"yoast_head":"<!-- This site is optimized with the Yoast SEO plugin v27.4 - https:\/\/yoast.com\/product\/yoast-seo-wordpress\/ -->\n<title>M\u0131s\u0131r XX. Hanedan Krallar\u0131 (M\u00d6 1186 - M\u00d6 1069) - M\u0131s\u0131rbilim Ansiklopedisi - Egyptology Encyclopedia<\/title>\n<meta name=\"robots\" content=\"index, follow, max-snippet:-1, max-image-preview:large, max-video-preview:-1\" \/>\n<link rel=\"canonical\" href=\"https:\/\/egyptologyencyclopedia.org\/de\/antik-misir-krallari\/misir-xx-hanedan-krallari-mo-1186-mo-1069\/\" \/>\n<meta property=\"og:locale\" content=\"de_DE\" \/>\n<meta property=\"og:type\" content=\"article\" \/>\n<meta property=\"og:title\" content=\"M\u0131s\u0131r XX. Hanedan Krallar\u0131 (M\u00d6 1186 - M\u00d6 1069) - M\u0131s\u0131rbilim Ansiklopedisi - Egyptology Encyclopedia\" \/>\n<meta property=\"og:description\" content=\"Kral Yakla\u015f\u0131k H\u00fck\u00fcmdarl\u0131k Y\u0131llar\u0131 Notlar Setnakhte M\u00d6 1186 &#8211; M\u00d6 1184 Hanedan&#8217;\u0131n kurucusudur. III. Ramses M\u00d6 1184 &#8211; M\u00d6 1153 &#8220;Deniz Kavimleri&#8221;ne kar\u015f\u0131 M\u0131s\u0131r&#8217;\u0131 ba\u015far\u0131yla savunan son b\u00fcy\u00fck sava\u015f\u00e7\u0131 firavun olarak bilinir. IV. Ramses M\u00d6 1153 &#8211; M\u00d6 1147 D\u00f6neminde b\u00fcy\u00fck projeler yap\u0131lm\u0131\u015ft\u0131r. V. Ramses M\u00d6 1147 &#8211; M\u00d6 1143 K\u0131sa s\u00fcren h\u00fck\u00fcmdarl\u0131\u011f\u0131 s\u0131ras\u0131nda ekonomik &hellip; Continue reading &quot;M\u0131s\u0131r XX. Hanedan Krallar\u0131 (M\u00d6 1186 &#8211; M\u00d6 1069)&quot;\" \/>\n<meta property=\"og:url\" content=\"https:\/\/egyptologyencyclopedia.org\/de\/antik-misir-krallari\/misir-xx-hanedan-krallari-mo-1186-mo-1069\/\" \/>\n<meta property=\"og:site_name\" content=\"M\u0131s\u0131rbilim Ansiklopedisi - Egyptology Encyclopedia\" \/>\n<meta property=\"article:modified_time\" content=\"2026-03-09T22:14:06+00:00\" \/>\n<meta name=\"twitter:card\" content=\"summary_large_image\" \/>\n<meta name=\"twitter:label1\" content=\"Gesch\u00e4tzte Lesezeit\" \/>\n\t<meta name=\"twitter:data1\" content=\"1\u00a0Minute\" \/>\n<script type=\"application\/ld+json\" class=\"yoast-schema-graph\">{\"@context\":\"https:\\\/\\\/schema.org\",\"@graph\":[{\"@type\":\"WebPage\",\"@id\":\"https:\\\/\\\/egyptologyencyclopedia.org\\\/antik-misir-krallari\\\/misir-xx-hanedan-krallari-mo-1186-mo-1069\\\/\",\"url\":\"https:\\\/\\\/egyptologyencyclopedia.org\\\/antik-misir-krallari\\\/misir-xx-hanedan-krallari-mo-1186-mo-1069\\\/\",\"name\":\"M\u0131s\u0131r XX. Hanedan Krallar\u0131 (M\u00d6 1186 - M\u00d6 1069) - M\u0131s\u0131rbilim Ansiklopedisi - Egyptology Encyclopedia\",\"isPartOf\":{\"@id\":\"https:\\\/\\\/egyptologyencyclopedia.org\\\/#website\"},\"datePublished\":\"2025-10-20T10:39:42+00:00\",\"dateModified\":\"2026-03-09T22:14:06+00:00\",\"breadcrumb\":{\"@id\":\"https:\\\/\\\/egyptologyencyclopedia.org\\\/antik-misir-krallari\\\/misir-xx-hanedan-krallari-mo-1186-mo-1069\\\/#breadcrumb\"},\"inLanguage\":\"de\",\"potentialAction\":[{\"@type\":\"ReadAction\",\"target\":[\"https:\\\/\\\/egyptologyencyclopedia.org\\\/antik-misir-krallari\\\/misir-xx-hanedan-krallari-mo-1186-mo-1069\\\/\"]}]},{\"@type\":\"BreadcrumbList\",\"@id\":\"https:\\\/\\\/egyptologyencyclopedia.org\\\/antik-misir-krallari\\\/misir-xx-hanedan-krallari-mo-1186-mo-1069\\\/#breadcrumb\",\"itemListElement\":[{\"@type\":\"ListItem\",\"position\":1,\"name\":\"Anasayfa\",\"item\":\"https:\\\/\\\/saddlebrown-ant-958972.hostingersite.com\\\/de\\\/\"},{\"@type\":\"ListItem\",\"position\":2,\"name\":\"Antik M\u0131s\u0131r Krallar\u0131\",\"item\":\"https:\\\/\\\/saddlebrown-ant-958972.hostingersite.com\\\/de\\\/antik-misir-krallari\\\/\"},{\"@type\":\"ListItem\",\"position\":3,\"name\":\"M\u0131s\u0131r XX. Hanedan Krallar\u0131 (M\u00d6 1186 &#8211; M\u00d6 1069)\"}]},{\"@type\":\"WebSite\",\"@id\":\"https:\\\/\\\/egyptologyencyclopedia.org\\\/#website\",\"url\":\"https:\\\/\\\/egyptologyencyclopedia.org\\\/\",\"name\":\"M\u0131s\u0131rbilim Ansiklopedisi - Egyptology Encyclopedia\",\"description\":\"\",\"publisher\":{\"@id\":\"https:\\\/\\\/egyptologyencyclopedia.org\\\/#organization\"},\"potentialAction\":[{\"@type\":\"SearchAction\",\"target\":{\"@type\":\"EntryPoint\",\"urlTemplate\":\"https:\\\/\\\/egyptologyencyclopedia.org\\\/?s={search_term_string}\"},\"query-input\":{\"@type\":\"PropertyValueSpecification\",\"valueRequired\":true,\"valueName\":\"search_term_string\"}}],\"inLanguage\":\"de\"},{\"@type\":\"Organization\",\"@id\":\"https:\\\/\\\/egyptologyencyclopedia.org\\\/#organization\",\"name\":\"M\u0131s\u0131rbilim Ansiklopedisi - Egyptology Encyclopedia\",\"url\":\"https:\\\/\\\/egyptologyencyclopedia.org\\\/\",\"logo\":{\"@type\":\"ImageObject\",\"inLanguage\":\"de\",\"@id\":\"https:\\\/\\\/egyptologyencyclopedia.org\\\/#\\\/schema\\\/logo\\\/image\\\/\",\"url\":\"https:\\\/\\\/egyptologyencyclopedia.org\\\/wp-content\\\/uploads\\\/2025\\\/10\\\/cropped-Misirbilim-Ansiklopedisi-2.png\",\"contentUrl\":\"https:\\\/\\\/egyptologyencyclopedia.org\\\/wp-content\\\/uploads\\\/2025\\\/10\\\/cropped-Misirbilim-Ansiklopedisi-2.png\",\"width\":181,\"height\":73,\"caption\":\"M\u0131s\u0131rbilim Ansiklopedisi - Egyptology Encyclopedia\"},\"image\":{\"@id\":\"https:\\\/\\\/egyptologyencyclopedia.org\\\/#\\\/schema\\\/logo\\\/image\\\/\"}}]}<\/script>\n<!-- \/ Yoast SEO plugin. -->","yoast_head_json":{"title":"M\u0131s\u0131r XX. Hanedan Krallar\u0131 (M\u00d6 1186 - M\u00d6 1069) - M\u0131s\u0131rbilim Ansiklopedisi - Egyptology Encyclopedia","robots":{"index":"index","follow":"follow","max-snippet":"max-snippet:-1","max-image-preview":"max-image-preview:large","max-video-preview":"max-video-preview:-1"},"canonical":"https:\/\/egyptologyencyclopedia.org\/de\/antik-misir-krallari\/misir-xx-hanedan-krallari-mo-1186-mo-1069\/","og_locale":"de_DE","og_type":"article","og_title":"M\u0131s\u0131r XX. Hanedan Krallar\u0131 (M\u00d6 1186 - M\u00d6 1069) - M\u0131s\u0131rbilim Ansiklopedisi - Egyptology Encyclopedia","og_description":"Kral Yakla\u015f\u0131k H\u00fck\u00fcmdarl\u0131k Y\u0131llar\u0131 Notlar Setnakhte M\u00d6 1186 &#8211; M\u00d6 1184 Hanedan&#8217;\u0131n kurucusudur. III. Ramses M\u00d6 1184 &#8211; M\u00d6 1153 &#8220;Deniz Kavimleri&#8221;ne kar\u015f\u0131 M\u0131s\u0131r&#8217;\u0131 ba\u015far\u0131yla savunan son b\u00fcy\u00fck sava\u015f\u00e7\u0131 firavun olarak bilinir. IV. Ramses M\u00d6 1153 &#8211; M\u00d6 1147 D\u00f6neminde b\u00fcy\u00fck projeler yap\u0131lm\u0131\u015ft\u0131r. V. Ramses M\u00d6 1147 &#8211; M\u00d6 1143 K\u0131sa s\u00fcren h\u00fck\u00fcmdarl\u0131\u011f\u0131 s\u0131ras\u0131nda ekonomik &hellip; Continue reading \"M\u0131s\u0131r XX. Hanedan Krallar\u0131 (M\u00d6 1186 &#8211; M\u00d6 1069)\"","og_url":"https:\/\/egyptologyencyclopedia.org\/de\/antik-misir-krallari\/misir-xx-hanedan-krallari-mo-1186-mo-1069\/","og_site_name":"M\u0131s\u0131rbilim Ansiklopedisi - Egyptology Encyclopedia","article_modified_time":"2026-03-09T22:14:06+00:00","twitter_card":"summary_large_image","twitter_misc":{"Gesch\u00e4tzte Lesezeit":"1\u00a0Minute"},"schema":{"@context":"https:\/\/schema.org","@graph":[{"@type":"WebPage","@id":"https:\/\/egyptologyencyclopedia.org\/antik-misir-krallari\/misir-xx-hanedan-krallari-mo-1186-mo-1069\/","url":"https:\/\/egyptologyencyclopedia.org\/antik-misir-krallari\/misir-xx-hanedan-krallari-mo-1186-mo-1069\/","name":"M\u0131s\u0131r XX. Hanedan Krallar\u0131 (M\u00d6 1186 - M\u00d6 1069) - M\u0131s\u0131rbilim Ansiklopedisi - Egyptology Encyclopedia","isPartOf":{"@id":"https:\/\/egyptologyencyclopedia.org\/#website"},"datePublished":"2025-10-20T10:39:42+00:00","dateModified":"2026-03-09T22:14:06+00:00","breadcrumb":{"@id":"https:\/\/egyptologyencyclopedia.org\/antik-misir-krallari\/misir-xx-hanedan-krallari-mo-1186-mo-1069\/#breadcrumb"},"inLanguage":"de","potentialAction":[{"@type":"ReadAction","target":["https:\/\/egyptologyencyclopedia.org\/antik-misir-krallari\/misir-xx-hanedan-krallari-mo-1186-mo-1069\/"]}]},{"@type":"BreadcrumbList","@id":"https:\/\/egyptologyencyclopedia.org\/antik-misir-krallari\/misir-xx-hanedan-krallari-mo-1186-mo-1069\/#breadcrumb","itemListElement":[{"@type":"ListItem","position":1,"name":"Anasayfa","item":"https:\/\/saddlebrown-ant-958972.hostingersite.com\/de\/"},{"@type":"ListItem","position":2,"name":"Antik M\u0131s\u0131r Krallar\u0131","item":"https:\/\/saddlebrown-ant-958972.hostingersite.com\/de\/antik-misir-krallari\/"},{"@type":"ListItem","position":3,"name":"M\u0131s\u0131r XX. Hanedan Krallar\u0131 (M\u00d6 1186 &#8211; M\u00d6 1069)"}]},{"@type":"WebSite","@id":"https:\/\/egyptologyencyclopedia.org\/#website","url":"https:\/\/egyptologyencyclopedia.org\/","name":"M\u0131s\u0131rbilim Ansiklopedisi - Egyptology Encyclopedia","description":"","publisher":{"@id":"https:\/\/egyptologyencyclopedia.org\/#organization"},"potentialAction":[{"@type":"SearchAction","target":{"@type":"EntryPoint","urlTemplate":"https:\/\/egyptologyencyclopedia.org\/?s={search_term_string}"},"query-input":{"@type":"PropertyValueSpecification","valueRequired":true,"valueName":"search_term_string"}}],"inLanguage":"de"},{"@type":"Organization","@id":"https:\/\/egyptologyencyclopedia.org\/#organization","name":"M\u0131s\u0131rbilim Ansiklopedisi - Egyptology Encyclopedia","url":"https:\/\/egyptologyencyclopedia.org\/","logo":{"@type":"ImageObject","inLanguage":"de","@id":"https:\/\/egyptologyencyclopedia.org\/#\/schema\/logo\/image\/","url":"https:\/\/egyptologyencyclopedia.org\/wp-content\/uploads\/2025\/10\/cropped-Misirbilim-Ansiklopedisi-2.png","contentUrl":"https:\/\/egyptologyencyclopedia.org\/wp-content\/uploads\/2025\/10\/cropped-Misirbilim-Ansiklopedisi-2.png","width":181,"height":73,"caption":"M\u0131s\u0131rbilim Ansiklopedisi - Egyptology Encyclopedia"},"image":{"@id":"https:\/\/egyptologyencyclopedia.org\/#\/schema\/logo\/image\/"}}]}},"_hostinger_reach_plugin_has_subscription_block":false,"_hostinger_reach_plugin_is_elementor":false,"uagb_featured_image_src":{"full":false,"thumbnail":false,"medium":false,"medium_large":false,"large":false,"1536x1536":false,"2048x2048":false,"trp-custom-language-flag":false,"post_slider_layout_landscape_large":false,"post_slider_layout_portrait_large":false,"post_slider_layout_square_large":false,"post_slider_layout_landscape":false,"post_slider_layout_portrait":false,"post_slider_layout_square":false,"archaeology-museums-pro-homepage-thumb":false,"mailpoet_newsletter_max":false,"vw-gallery-image-medium":false},"uagb_author_info":{"display_name":"Birkan Ayaz","author_link":"https:\/\/egyptologyencyclopedia.org\/de\/author\/birkanayaz26\/"},"uagb_comment_info":0,"uagb_excerpt":"Kral Yakla\u015f\u0131k H\u00fck\u00fcmdarl\u0131k Y\u0131llar\u0131 Notlar Setnakhte M\u00d6 1186 &#8211; M\u00d6 1184 Hanedan&#8217;\u0131n kurucusudur. III. Ramses M\u00d6 1184 &#8211; M\u00d6 1153 &#8220;Deniz Kavimleri&#8221;ne kar\u015f\u0131 M\u0131s\u0131r&#8217;\u0131 ba\u015far\u0131yla savunan son b\u00fcy\u00fck sava\u015f\u00e7\u0131 firavun olarak bilinir. IV. Ramses M\u00d6 1153 &#8211; M\u00d6 1147 D\u00f6neminde b\u00fcy\u00fck projeler yap\u0131lm\u0131\u015ft\u0131r. V. Ramses M\u00d6 1147 &#8211; M\u00d6 1143 K\u0131sa s\u00fcren h\u00fck\u00fcmdarl\u0131\u011f\u0131 s\u0131ras\u0131nda ekonomik&hellip;","jetpack_sharing_enabled":true,"_links":{"self":[{"href":"https:\/\/egyptologyencyclopedia.org\/de\/wp-json\/wp\/v2\/pages\/3071","targetHints":{"allow":["GET"]}}],"collection":[{"href":"https:\/\/egyptologyencyclopedia.org\/de\/wp-json\/wp\/v2\/pages"}],"about":[{"href":"https:\/\/egyptologyencyclopedia.org\/de\/wp-json\/wp\/v2\/types\/page"}],"author":[{"embeddable":true,"href":"https:\/\/egyptologyencyclopedia.org\/de\/wp-json\/wp\/v2\/users\/1"}],"replies":[{"embeddable":true,"href":"https:\/\/egyptologyencyclopedia.org\/de\/wp-json\/wp\/v2\/comments?post=3071"}],"version-history":[{"count":4,"href":"https:\/\/egyptologyencyclopedia.org\/de\/wp-json\/wp\/v2\/pages\/3071\/revisions"}],"predecessor-version":[{"id":6133,"href":"https:\/\/egyptologyencyclopedia.org\/de\/wp-json\/wp\/v2\/pages\/3071\/revisions\/6133"}],"up":[{"embeddable":true,"href":"https:\/\/egyptologyencyclopedia.org\/de\/wp-json\/wp\/v2\/pages\/4863"}],"wp:attachment":[{"href":"https:\/\/egyptologyencyclopedia.org\/de\/wp-json\/wp\/v2\/media?parent=3071"}],"curies":[{"name":"wp","href":"https:\/\/api.w.org\/{rel}","templated":true}]}}