{"id":3066,"date":"2025-10-20T11:10:19","date_gmt":"2025-10-20T11:10:19","guid":{"rendered":"https:\/\/egyptologyencyclopedia.org\/?page_id=3066"},"modified":"2026-03-09T16:47:15","modified_gmt":"2026-03-09T16:47:15","slug":"misir-xix-hanedan-krallari-ve-kraliceleri-mo-1295-mo-1186","status":"publish","type":"page","link":"https:\/\/egyptologyencyclopedia.org\/de\/antik-misir-krallari\/misir-xix-hanedan-krallari-ve-kraliceleri-mo-1295-mo-1186\/","title":{"rendered":"M\u0131s\u0131r XIX. Hanedan Krallar\u0131 ve Krali\u00e7eleri (M\u00d6 1295 &#8211; M\u00d6 1186)"},"content":{"rendered":"<figure class=\"wp-block-table is-style-stripes\"><table class=\"has-black-color has-text-color has-link-color has-fixed-layout\"><tbody><tr><td><strong>Kral\/Krali\u00e7e<\/strong><\/td><td><strong>Yakla\u015f\u0131k H\u00fck\u00fcmdarl\u0131k Y\u0131llar\u0131<\/strong><\/td><td><strong>Notlar<\/strong><\/td><\/tr><tr><td><a href=\"https:\/\/egyptologyencyclopedia.org\/de\/i-ramses\/\" type=\"post\" id=\"1933\">I. Ramses<\/a><\/td><td>M\u00d6 1295 &#8211; M\u00d6 1294<\/td><td>Asker k\u00f6kenli bir firavun olup, 19. Hanedan&#8217;\u0131n kurucusudur.<\/td><\/tr><tr><td><a href=\"https:\/\/egyptologyencyclopedia.org\/de\/i-seti\/\" type=\"post\" id=\"1935\">I. Seti<\/a><\/td><td>M\u00d6 1294 &#8211; M\u00d6 1279<\/td><td>D\u00f6neminde b\u00fcy\u00fck tap\u0131naklar ve kendi mezar\u0131 olan muhte\u015fem bir an\u0131t in\u015fa ettirmi\u015ftir.<\/td><\/tr><tr><td><a href=\"https:\/\/egyptologyencyclopedia.org\/de\/ii-ramses-buyuk-ramses\/\" type=\"post\" id=\"1937\">II. Ramses (B\u00fcy\u00fck Ramses)<\/a><\/td><td>M\u00d6 1279 &#8211; M\u00d6 1213<\/td><td>M\u0131s\u0131r&#8217;\u0131n en g\u00fc\u00e7l\u00fc ve en uzun s\u00fcre h\u00fck\u00fcm s\u00fcren firavunlar\u0131ndan biridir.<\/td><\/tr><tr><td>Merneptah<\/td><td>M\u00d6 1213 &#8211; M\u00d6 1203<\/td><td>Ya\u015fl\u0131 bir firavun olarak tahta ge\u00e7ti. Bat\u0131 s\u0131n\u0131rlar\u0131n\u0131 korumu\u015ftur.<\/td><\/tr><tr><td>Amenmeses<\/td><td>M\u00d6 1203 &#8211; M\u00d6 1199<\/td><td>K\u0131sa bir i\u00e7 kar\u0131\u015f\u0131kl\u0131k d\u00f6neminde tahta \u00e7\u0131km\u0131\u015ft\u0131r.<\/td><\/tr><tr><td><a href=\"https:\/\/egyptologyencyclopedia.org\/de\/ii-seti\/\" type=\"post\" id=\"1943\">II. Seti<\/a><\/td><td>M\u00d6 1199 &#8211; M\u00d6 1193<\/td><td>K\u0131sa bir s\u00fcre h\u00fck\u00fcm s\u00fcrm\u00fc\u015ft\u00fcr.<\/td><\/tr><tr><td><a href=\"https:\/\/egyptologyencyclopedia.org\/de\/siptah\/\" type=\"post\" id=\"1945\">Siptah<\/a><\/td><td>M\u00d6 1193 &#8211; M\u00d6 1187<\/td><td>\u00c7ocuk ya\u015fta tahta \u00e7\u0131km\u0131\u015ft\u0131r.<\/td><\/tr><tr><td>Tawosret<\/td><td>M\u00d6 1187 &#8211; M\u00d6 1185<\/td><td>M\u0131s\u0131r&#8217;\u0131n bilinen son kad\u0131n firavunlar\u0131ndan biridir.<\/td><\/tr><\/tbody><\/table><\/figure>\n\n\n\n<p><\/p>","protected":false},"excerpt":{"rendered":"<p>Kral\/Krali\u00e7e Yakla\u015f\u0131k H\u00fck\u00fcmdarl\u0131k Y\u0131llar\u0131 Notlar I. Ramses M\u00d6 1295 &#8211; M\u00d6 1294 Asker k\u00f6kenli bir firavun olup, 19. Hanedan&#8217;\u0131n kurucusudur. I. Seti M\u00d6 1294 &#8211; M\u00d6 1279 D\u00f6neminde b\u00fcy\u00fck tap\u0131naklar ve kendi mezar\u0131 olan muhte\u015fem bir an\u0131t in\u015fa ettirmi\u015ftir. II. Ramses (B\u00fcy\u00fck Ramses) M\u00d6 1279 &#8211; M\u00d6 1213 M\u0131s\u0131r&#8217;\u0131n en g\u00fc\u00e7l\u00fc ve en uzun s\u00fcre &hellip; <\/p>\n<p class=\"link-more\"><a href=\"https:\/\/egyptologyencyclopedia.org\/de\/antik-misir-krallari\/misir-xix-hanedan-krallari-ve-kraliceleri-mo-1295-mo-1186\/\" class=\"more-link\">Continue reading<span class=\"screen-reader-text\"> &#8220;M\u0131s\u0131r XIX. Hanedan Krallar\u0131 ve Krali\u00e7eleri (M\u00d6 1295 &#8211; M\u00d6 1186)&#8221;<\/span><\/a><\/p>","protected":false},"author":1,"featured_media":0,"parent":4863,"menu_order":0,"comment_status":"closed","ping_status":"closed","template":"","meta":{"_regular_price":[],"currency_symbol":[],"_uag_custom_page_level_css":"","jetpack_post_was_ever_published":false,"footnotes":""},"class_list":["post-3066","page","type-page","status-publish","hentry"],"post_slider_layout_featured_media_urls":{"thumbnail":"","post_slider_layout_landscape_large":"","post_slider_layout_portrait_large":"","post_slider_layout_square_large":"","post_slider_layout_landscape":"","post_slider_layout_portrait":"","post_slider_layout_square":"","full":""},"yoast_head":"<!-- This site is optimized with the Yoast SEO plugin v27.4 - https:\/\/yoast.com\/product\/yoast-seo-wordpress\/ -->\n<title>M\u0131s\u0131r XIX. Hanedan Krallar\u0131 ve Krali\u00e7eleri (M\u00d6 1295 - M\u00d6 1186) - M\u0131s\u0131rbilim Ansiklopedisi - Egyptology Encyclopedia<\/title>\n<meta name=\"robots\" content=\"index, follow, max-snippet:-1, max-image-preview:large, max-video-preview:-1\" \/>\n<link rel=\"canonical\" href=\"https:\/\/egyptologyencyclopedia.org\/de\/antik-misir-krallari\/misir-xix-hanedan-krallari-ve-kraliceleri-mo-1295-mo-1186\/\" \/>\n<meta property=\"og:locale\" content=\"de_DE\" \/>\n<meta property=\"og:type\" content=\"article\" \/>\n<meta property=\"og:title\" content=\"M\u0131s\u0131r XIX. Hanedan Krallar\u0131 ve Krali\u00e7eleri (M\u00d6 1295 - M\u00d6 1186) - M\u0131s\u0131rbilim Ansiklopedisi - Egyptology Encyclopedia\" \/>\n<meta property=\"og:description\" content=\"Kral\/Krali\u00e7e Yakla\u015f\u0131k H\u00fck\u00fcmdarl\u0131k Y\u0131llar\u0131 Notlar I. Ramses M\u00d6 1295 &#8211; M\u00d6 1294 Asker k\u00f6kenli bir firavun olup, 19. Hanedan&#8217;\u0131n kurucusudur. I. Seti M\u00d6 1294 &#8211; M\u00d6 1279 D\u00f6neminde b\u00fcy\u00fck tap\u0131naklar ve kendi mezar\u0131 olan muhte\u015fem bir an\u0131t in\u015fa ettirmi\u015ftir. II. Ramses (B\u00fcy\u00fck Ramses) M\u00d6 1279 &#8211; M\u00d6 1213 M\u0131s\u0131r&#8217;\u0131n en g\u00fc\u00e7l\u00fc ve en uzun s\u00fcre &hellip; Continue reading &quot;M\u0131s\u0131r XIX. Hanedan Krallar\u0131 ve Krali\u00e7eleri (M\u00d6 1295 &#8211; M\u00d6 1186)&quot;\" \/>\n<meta property=\"og:url\" content=\"https:\/\/egyptologyencyclopedia.org\/de\/antik-misir-krallari\/misir-xix-hanedan-krallari-ve-kraliceleri-mo-1295-mo-1186\/\" \/>\n<meta property=\"og:site_name\" content=\"M\u0131s\u0131rbilim Ansiklopedisi - Egyptology Encyclopedia\" \/>\n<meta property=\"article:modified_time\" content=\"2026-03-09T16:47:15+00:00\" \/>\n<meta name=\"twitter:card\" content=\"summary_large_image\" \/>\n<meta name=\"twitter:label1\" content=\"Gesch\u00e4tzte Lesezeit\" \/>\n\t<meta name=\"twitter:data1\" content=\"1\u00a0Minute\" \/>\n<script type=\"application\/ld+json\" class=\"yoast-schema-graph\">{\"@context\":\"https:\\\/\\\/schema.org\",\"@graph\":[{\"@type\":\"WebPage\",\"@id\":\"https:\\\/\\\/egyptologyencyclopedia.org\\\/antik-misir-krallari\\\/misir-xix-hanedan-krallari-ve-kraliceleri-mo-1295-mo-1186\\\/\",\"url\":\"https:\\\/\\\/egyptologyencyclopedia.org\\\/antik-misir-krallari\\\/misir-xix-hanedan-krallari-ve-kraliceleri-mo-1295-mo-1186\\\/\",\"name\":\"M\u0131s\u0131r XIX. Hanedan Krallar\u0131 ve Krali\u00e7eleri (M\u00d6 1295 - M\u00d6 1186) - M\u0131s\u0131rbilim Ansiklopedisi - Egyptology Encyclopedia\",\"isPartOf\":{\"@id\":\"https:\\\/\\\/egyptologyencyclopedia.org\\\/#website\"},\"datePublished\":\"2025-10-20T11:10:19+00:00\",\"dateModified\":\"2026-03-09T16:47:15+00:00\",\"breadcrumb\":{\"@id\":\"https:\\\/\\\/egyptologyencyclopedia.org\\\/antik-misir-krallari\\\/misir-xix-hanedan-krallari-ve-kraliceleri-mo-1295-mo-1186\\\/#breadcrumb\"},\"inLanguage\":\"de\",\"potentialAction\":[{\"@type\":\"ReadAction\",\"target\":[\"https:\\\/\\\/egyptologyencyclopedia.org\\\/antik-misir-krallari\\\/misir-xix-hanedan-krallari-ve-kraliceleri-mo-1295-mo-1186\\\/\"]}]},{\"@type\":\"BreadcrumbList\",\"@id\":\"https:\\\/\\\/egyptologyencyclopedia.org\\\/antik-misir-krallari\\\/misir-xix-hanedan-krallari-ve-kraliceleri-mo-1295-mo-1186\\\/#breadcrumb\",\"itemListElement\":[{\"@type\":\"ListItem\",\"position\":1,\"name\":\"Anasayfa\",\"item\":\"https:\\\/\\\/saddlebrown-ant-958972.hostingersite.com\\\/de\\\/\"},{\"@type\":\"ListItem\",\"position\":2,\"name\":\"Antik M\u0131s\u0131r Krallar\u0131\",\"item\":\"https:\\\/\\\/saddlebrown-ant-958972.hostingersite.com\\\/de\\\/antik-misir-krallari\\\/\"},{\"@type\":\"ListItem\",\"position\":3,\"name\":\"M\u0131s\u0131r XIX. Hanedan Krallar\u0131 ve Krali\u00e7eleri (M\u00d6 1295 &#8211; M\u00d6 1186)\"}]},{\"@type\":\"WebSite\",\"@id\":\"https:\\\/\\\/egyptologyencyclopedia.org\\\/#website\",\"url\":\"https:\\\/\\\/egyptologyencyclopedia.org\\\/\",\"name\":\"M\u0131s\u0131rbilim Ansiklopedisi - Egyptology Encyclopedia\",\"description\":\"\",\"publisher\":{\"@id\":\"https:\\\/\\\/egyptologyencyclopedia.org\\\/#organization\"},\"potentialAction\":[{\"@type\":\"SearchAction\",\"target\":{\"@type\":\"EntryPoint\",\"urlTemplate\":\"https:\\\/\\\/egyptologyencyclopedia.org\\\/?s={search_term_string}\"},\"query-input\":{\"@type\":\"PropertyValueSpecification\",\"valueRequired\":true,\"valueName\":\"search_term_string\"}}],\"inLanguage\":\"de\"},{\"@type\":\"Organization\",\"@id\":\"https:\\\/\\\/egyptologyencyclopedia.org\\\/#organization\",\"name\":\"M\u0131s\u0131rbilim Ansiklopedisi - Egyptology Encyclopedia\",\"url\":\"https:\\\/\\\/egyptologyencyclopedia.org\\\/\",\"logo\":{\"@type\":\"ImageObject\",\"inLanguage\":\"de\",\"@id\":\"https:\\\/\\\/egyptologyencyclopedia.org\\\/#\\\/schema\\\/logo\\\/image\\\/\",\"url\":\"https:\\\/\\\/egyptologyencyclopedia.org\\\/wp-content\\\/uploads\\\/2025\\\/10\\\/cropped-Misirbilim-Ansiklopedisi-2.png\",\"contentUrl\":\"https:\\\/\\\/egyptologyencyclopedia.org\\\/wp-content\\\/uploads\\\/2025\\\/10\\\/cropped-Misirbilim-Ansiklopedisi-2.png\",\"width\":181,\"height\":73,\"caption\":\"M\u0131s\u0131rbilim Ansiklopedisi - Egyptology Encyclopedia\"},\"image\":{\"@id\":\"https:\\\/\\\/egyptologyencyclopedia.org\\\/#\\\/schema\\\/logo\\\/image\\\/\"}}]}<\/script>\n<!-- \/ Yoast SEO plugin. -->","yoast_head_json":{"title":"M\u0131s\u0131r XIX. Hanedan Krallar\u0131 ve Krali\u00e7eleri (M\u00d6 1295 - M\u00d6 1186) - M\u0131s\u0131rbilim Ansiklopedisi - Egyptology Encyclopedia","robots":{"index":"index","follow":"follow","max-snippet":"max-snippet:-1","max-image-preview":"max-image-preview:large","max-video-preview":"max-video-preview:-1"},"canonical":"https:\/\/egyptologyencyclopedia.org\/de\/antik-misir-krallari\/misir-xix-hanedan-krallari-ve-kraliceleri-mo-1295-mo-1186\/","og_locale":"de_DE","og_type":"article","og_title":"M\u0131s\u0131r XIX. Hanedan Krallar\u0131 ve Krali\u00e7eleri (M\u00d6 1295 - M\u00d6 1186) - M\u0131s\u0131rbilim Ansiklopedisi - Egyptology Encyclopedia","og_description":"Kral\/Krali\u00e7e Yakla\u015f\u0131k H\u00fck\u00fcmdarl\u0131k Y\u0131llar\u0131 Notlar I. Ramses M\u00d6 1295 &#8211; M\u00d6 1294 Asker k\u00f6kenli bir firavun olup, 19. Hanedan&#8217;\u0131n kurucusudur. I. Seti M\u00d6 1294 &#8211; M\u00d6 1279 D\u00f6neminde b\u00fcy\u00fck tap\u0131naklar ve kendi mezar\u0131 olan muhte\u015fem bir an\u0131t in\u015fa ettirmi\u015ftir. II. Ramses (B\u00fcy\u00fck Ramses) M\u00d6 1279 &#8211; M\u00d6 1213 M\u0131s\u0131r&#8217;\u0131n en g\u00fc\u00e7l\u00fc ve en uzun s\u00fcre &hellip; Continue reading \"M\u0131s\u0131r XIX. Hanedan Krallar\u0131 ve Krali\u00e7eleri (M\u00d6 1295 &#8211; M\u00d6 1186)\"","og_url":"https:\/\/egyptologyencyclopedia.org\/de\/antik-misir-krallari\/misir-xix-hanedan-krallari-ve-kraliceleri-mo-1295-mo-1186\/","og_site_name":"M\u0131s\u0131rbilim Ansiklopedisi - Egyptology Encyclopedia","article_modified_time":"2026-03-09T16:47:15+00:00","twitter_card":"summary_large_image","twitter_misc":{"Gesch\u00e4tzte Lesezeit":"1\u00a0Minute"},"schema":{"@context":"https:\/\/schema.org","@graph":[{"@type":"WebPage","@id":"https:\/\/egyptologyencyclopedia.org\/antik-misir-krallari\/misir-xix-hanedan-krallari-ve-kraliceleri-mo-1295-mo-1186\/","url":"https:\/\/egyptologyencyclopedia.org\/antik-misir-krallari\/misir-xix-hanedan-krallari-ve-kraliceleri-mo-1295-mo-1186\/","name":"M\u0131s\u0131r XIX. Hanedan Krallar\u0131 ve Krali\u00e7eleri (M\u00d6 1295 - M\u00d6 1186) - M\u0131s\u0131rbilim Ansiklopedisi - Egyptology Encyclopedia","isPartOf":{"@id":"https:\/\/egyptologyencyclopedia.org\/#website"},"datePublished":"2025-10-20T11:10:19+00:00","dateModified":"2026-03-09T16:47:15+00:00","breadcrumb":{"@id":"https:\/\/egyptologyencyclopedia.org\/antik-misir-krallari\/misir-xix-hanedan-krallari-ve-kraliceleri-mo-1295-mo-1186\/#breadcrumb"},"inLanguage":"de","potentialAction":[{"@type":"ReadAction","target":["https:\/\/egyptologyencyclopedia.org\/antik-misir-krallari\/misir-xix-hanedan-krallari-ve-kraliceleri-mo-1295-mo-1186\/"]}]},{"@type":"BreadcrumbList","@id":"https:\/\/egyptologyencyclopedia.org\/antik-misir-krallari\/misir-xix-hanedan-krallari-ve-kraliceleri-mo-1295-mo-1186\/#breadcrumb","itemListElement":[{"@type":"ListItem","position":1,"name":"Anasayfa","item":"https:\/\/saddlebrown-ant-958972.hostingersite.com\/de\/"},{"@type":"ListItem","position":2,"name":"Antik M\u0131s\u0131r Krallar\u0131","item":"https:\/\/saddlebrown-ant-958972.hostingersite.com\/de\/antik-misir-krallari\/"},{"@type":"ListItem","position":3,"name":"M\u0131s\u0131r XIX. Hanedan Krallar\u0131 ve Krali\u00e7eleri (M\u00d6 1295 &#8211; M\u00d6 1186)"}]},{"@type":"WebSite","@id":"https:\/\/egyptologyencyclopedia.org\/#website","url":"https:\/\/egyptologyencyclopedia.org\/","name":"M\u0131s\u0131rbilim Ansiklopedisi - Egyptology Encyclopedia","description":"","publisher":{"@id":"https:\/\/egyptologyencyclopedia.org\/#organization"},"potentialAction":[{"@type":"SearchAction","target":{"@type":"EntryPoint","urlTemplate":"https:\/\/egyptologyencyclopedia.org\/?s={search_term_string}"},"query-input":{"@type":"PropertyValueSpecification","valueRequired":true,"valueName":"search_term_string"}}],"inLanguage":"de"},{"@type":"Organization","@id":"https:\/\/egyptologyencyclopedia.org\/#organization","name":"M\u0131s\u0131rbilim Ansiklopedisi - Egyptology Encyclopedia","url":"https:\/\/egyptologyencyclopedia.org\/","logo":{"@type":"ImageObject","inLanguage":"de","@id":"https:\/\/egyptologyencyclopedia.org\/#\/schema\/logo\/image\/","url":"https:\/\/egyptologyencyclopedia.org\/wp-content\/uploads\/2025\/10\/cropped-Misirbilim-Ansiklopedisi-2.png","contentUrl":"https:\/\/egyptologyencyclopedia.org\/wp-content\/uploads\/2025\/10\/cropped-Misirbilim-Ansiklopedisi-2.png","width":181,"height":73,"caption":"M\u0131s\u0131rbilim Ansiklopedisi - Egyptology Encyclopedia"},"image":{"@id":"https:\/\/egyptologyencyclopedia.org\/#\/schema\/logo\/image\/"}}]}},"_hostinger_reach_plugin_has_subscription_block":false,"_hostinger_reach_plugin_is_elementor":false,"uagb_featured_image_src":{"full":false,"thumbnail":false,"medium":false,"medium_large":false,"large":false,"1536x1536":false,"2048x2048":false,"trp-custom-language-flag":false,"post_slider_layout_landscape_large":false,"post_slider_layout_portrait_large":false,"post_slider_layout_square_large":false,"post_slider_layout_landscape":false,"post_slider_layout_portrait":false,"post_slider_layout_square":false,"archaeology-museums-pro-homepage-thumb":false,"mailpoet_newsletter_max":false,"vw-gallery-image-medium":false},"uagb_author_info":{"display_name":"Birkan Ayaz","author_link":"https:\/\/egyptologyencyclopedia.org\/de\/author\/birkanayaz26\/"},"uagb_comment_info":0,"uagb_excerpt":"Kral\/Krali\u00e7e Yakla\u015f\u0131k H\u00fck\u00fcmdarl\u0131k Y\u0131llar\u0131 Notlar I. Ramses M\u00d6 1295 &#8211; M\u00d6 1294 Asker k\u00f6kenli bir firavun olup, 19. Hanedan&#8217;\u0131n kurucusudur. I. Seti M\u00d6 1294 &#8211; M\u00d6 1279 D\u00f6neminde b\u00fcy\u00fck tap\u0131naklar ve kendi mezar\u0131 olan muhte\u015fem bir an\u0131t in\u015fa ettirmi\u015ftir. II. Ramses (B\u00fcy\u00fck Ramses) M\u00d6 1279 &#8211; M\u00d6 1213 M\u0131s\u0131r&#8217;\u0131n en g\u00fc\u00e7l\u00fc ve en uzun s\u00fcre&hellip;","jetpack_sharing_enabled":true,"_links":{"self":[{"href":"https:\/\/egyptologyencyclopedia.org\/de\/wp-json\/wp\/v2\/pages\/3066","targetHints":{"allow":["GET"]}}],"collection":[{"href":"https:\/\/egyptologyencyclopedia.org\/de\/wp-json\/wp\/v2\/pages"}],"about":[{"href":"https:\/\/egyptologyencyclopedia.org\/de\/wp-json\/wp\/v2\/types\/page"}],"author":[{"embeddable":true,"href":"https:\/\/egyptologyencyclopedia.org\/de\/wp-json\/wp\/v2\/users\/1"}],"replies":[{"embeddable":true,"href":"https:\/\/egyptologyencyclopedia.org\/de\/wp-json\/wp\/v2\/comments?post=3066"}],"version-history":[{"count":3,"href":"https:\/\/egyptologyencyclopedia.org\/de\/wp-json\/wp\/v2\/pages\/3066\/revisions"}],"predecessor-version":[{"id":6130,"href":"https:\/\/egyptologyencyclopedia.org\/de\/wp-json\/wp\/v2\/pages\/3066\/revisions\/6130"}],"up":[{"embeddable":true,"href":"https:\/\/egyptologyencyclopedia.org\/de\/wp-json\/wp\/v2\/pages\/4863"}],"wp:attachment":[{"href":"https:\/\/egyptologyencyclopedia.org\/de\/wp-json\/wp\/v2\/media?parent=3066"}],"curies":[{"name":"wp","href":"https:\/\/api.w.org\/{rel}","templated":true}]}}