{"id":3061,"date":"2025-10-20T11:11:38","date_gmt":"2025-10-20T11:11:38","guid":{"rendered":"https:\/\/egyptologyencyclopedia.org\/?page_id=3061"},"modified":"2026-03-09T16:43:36","modified_gmt":"2026-03-09T16:43:36","slug":"misir-xviii-hanedan-krallari-ve-kraliceleri-mo-1550-mo-1295","status":"publish","type":"page","link":"https:\/\/egyptologyencyclopedia.org\/de\/antik-misir-krallari\/misir-xviii-hanedan-krallari-ve-kraliceleri-mo-1550-mo-1295\/","title":{"rendered":"M\u0131s\u0131r XVIII. Hanedan Krallar\u0131 ve Krali\u00e7eleri (M\u00d6 1550 &#8211; M\u00d6 1295)"},"content":{"rendered":"<figure class=\"wp-block-table is-style-stripes\"><table class=\"has-black-color has-text-color has-link-color has-fixed-layout\"><tbody><tr><td>Kral\/Krali\u00e7e<\/td><td>Yakla\u015f\u0131k H\u00fck\u00fcmdarl\u0131k Y\u0131llar\u0131<\/td><td>\u00d6ne \u00c7\u0131kan Notlar<\/td><\/tr><tr><td><strong><a href=\"https:\/\/egyptologyencyclopedia.org\/de\/i-ahmose\/\" type=\"post\" id=\"1905\">I. Ahmos<\/a><\/strong><\/td><td>M\u00d6 1550 &#8211; M\u00d6 1525<\/td><td>\u0130kinci Ara D\u00f6nem&#8217;i sona erdirip, M\u0131s\u0131r&#8217;\u0131 birle\u015ftirerek 18. Hanedan&#8217;\u0131 kurdu.<\/td><\/tr><tr><td><strong><a href=\"https:\/\/egyptologyencyclopedia.org\/de\/i-amenhotep\/\" type=\"post\" id=\"1907\">I. Amenhotep<\/a><\/strong><\/td><td>M\u00d6 1525 &#8211; M\u00d6 1504<\/td><td>Saltanat\u0131 s\u0131ras\u0131nda M\u0131s\u0131r&#8217;da bar\u0131\u015f hakimdi.<\/td><\/tr><tr><td><strong><a href=\"https:\/\/egyptologyencyclopedia.org\/de\/i-thutmose\/\" type=\"post\" id=\"1909\">I. Thutmose<\/a><\/strong><\/td><td>M\u00d6 1504 &#8211; M\u00d6 1492<\/td><td>F\u0131rat Nehri&#8217;ne kadar seferler d\u00fczenleyerek M\u0131s\u0131r \u0130mparatorlu\u011fu&#8217;nu geni\u015fletti.<\/td><\/tr><tr><td><strong><a href=\"https:\/\/egyptologyencyclopedia.org\/de\/ii-thutmose\/\" type=\"post\" id=\"1911\">II. Thutmose<\/a><\/strong><\/td><td>M\u00d6 1492 &#8211; M\u00d6 1479<\/td><td>Krall\u0131\u011f\u0131 k\u0131sa s\u00fcrm\u00fc\u015ft\u00fcr.<\/td><\/tr><tr><td><a href=\"https:\/\/egyptologyencyclopedia.org\/de\/kralice-hatshepsut\/\" type=\"post\" id=\"1913\">Hatshepsut<\/a><\/td><td>M\u00d6 1479 &#8211; M\u00d6 1458<\/td><td>G\u00fc\u00e7l\u00fc bir kad\u0131n firavun olarak bar\u0131\u015f ve refah i\u00e7inde h\u00fckmetti. B\u00fcy\u00fck ticaret seferleri d\u00fczenledi.<\/td><\/tr><tr><td><strong><a href=\"https:\/\/egyptologyencyclopedia.org\/de\/iii-thutmose\/\" type=\"post\" id=\"1915\">III. Thutmose<\/a><\/strong><\/td><td>M\u00d6 1479 &#8211; M\u00d6 1425<\/td><td><strong>&#8220;M\u0131s\u0131r&#8217;\u0131n Napolyon&#8217;u&#8221;<\/strong> olarak an\u0131l\u0131r. En b\u00fcy\u00fck fetihleri yaparak imparatorlu\u011fu zirveye ta\u015f\u0131d\u0131.<\/td><\/tr><tr><td><strong><a href=\"https:\/\/egyptologyencyclopedia.org\/de\/ii-amenhotep\/\" type=\"post\" id=\"1917\">II. Amenhotep<\/a><\/strong><\/td><td>M\u00d6 1425 &#8211; M\u00d6 1400<\/td><td>Askeri yetenekleri ve atletik g\u00fcc\u00fcyle bilinir.<\/td><\/tr><tr><td><strong><a href=\"https:\/\/egyptologyencyclopedia.org\/de\/iv-thutmose\/\" type=\"post\" id=\"1919\">IV. Thutmose<\/a><\/strong><\/td><td>M\u00d6 1400 &#8211; M\u00d6 1390<\/td><td>B\u00fcy\u00fck Sfenks&#8217;in \u00f6n\u00fcnde r\u00fcya g\u00f6rerek tahta ge\u00e7ti\u011fine inan\u0131l\u0131r.<\/td><\/tr><tr><td><strong><a href=\"https:\/\/egyptologyencyclopedia.org\/de\/iii-amenhotep\/\" type=\"post\" id=\"1921\">III. Amenhotep<\/a><\/strong><\/td><td>M\u00d6 1390 &#8211; M\u00d6 1352<\/td><td>M\u0131s\u0131r&#8217;\u0131n en zengin ve en refah d\u00f6nemlerinden birinde h\u00fck\u00fcm s\u00fcrd\u00fc.<\/td><\/tr><tr><td><strong><a href=\"https:\/\/egyptologyencyclopedia.org\/de\/iv-amenhotep-akhenaten\/\" type=\"post\" id=\"1923\">IV. Amenhotep (Akhenaton)<\/a><\/strong><\/td><td>M\u00d6 1352 &#8211; M\u00d6 1336<\/td><td>Geleneksel \u00e7ok tanr\u0131l\u0131 dini terk edip Aton&#8217;a tap\u0131nmay\u0131 emretti.<\/td><\/tr><tr><td><a href=\"https:\/\/egyptologyencyclopedia.org\/de\/tutankhamun\/\" type=\"post\" id=\"1927\">Tutankhamun<\/a><\/td><td>M\u00d6 1336 &#8211; M\u00d6 1327<\/td><td>\u00c7ok gen\u00e7 ya\u015fta tahta \u00e7\u0131kt\u0131. Bozulmam\u0131\u015f mezar\u0131n\u0131n bulunmas\u0131yla \u00fcnl\u00fcd\u00fcr.<\/td><\/tr><tr><td><strong><a href=\"https:\/\/egyptologyencyclopedia.org\/de\/ay\/\" type=\"post\" id=\"1929\">Ay<\/a><\/strong><\/td><td>M\u00d6 1327 &#8211; M\u00d6 1323<\/td><td>Tutankhamun&#8217;un veziriydi. \u00d6l\u00fcm\u00fcnden sonra tahta ge\u00e7ti.<\/td><\/tr><tr><td><a href=\"https:\/\/egyptologyencyclopedia.org\/de\/horemheb\/\" type=\"post\" id=\"1931\">Horemheb<\/a><\/td><td>M\u00d6 1323 &#8211; M\u00d6 1295<\/td><td>Askeri k\u00f6kenli bir firavundur. \u00dclkede istikrar\u0131 yeniden sa\u011flad\u0131.<\/td><\/tr><\/tbody><\/table><\/figure>\n\n\n\n<p><\/p>","protected":false},"excerpt":{"rendered":"<p>Kral\/Krali\u00e7e Yakla\u015f\u0131k H\u00fck\u00fcmdarl\u0131k Y\u0131llar\u0131 \u00d6ne \u00c7\u0131kan Notlar I. Ahmos M\u00d6 1550 &#8211; M\u00d6 1525 \u0130kinci Ara D\u00f6nem&#8217;i sona erdirip, M\u0131s\u0131r&#8217;\u0131 birle\u015ftirerek 18. Hanedan&#8217;\u0131 kurdu. I. Amenhotep M\u00d6 1525 &#8211; M\u00d6 1504 Saltanat\u0131 s\u0131ras\u0131nda M\u0131s\u0131r&#8217;da bar\u0131\u015f hakimdi. I. Thutmose M\u00d6 1504 &#8211; M\u00d6 1492 F\u0131rat Nehri&#8217;ne kadar seferler d\u00fczenleyerek M\u0131s\u0131r \u0130mparatorlu\u011fu&#8217;nu geni\u015fletti. II. Thutmose M\u00d6 1492 &hellip; <\/p>\n<p class=\"link-more\"><a href=\"https:\/\/egyptologyencyclopedia.org\/de\/antik-misir-krallari\/misir-xviii-hanedan-krallari-ve-kraliceleri-mo-1550-mo-1295\/\" class=\"more-link\">Continue reading<span class=\"screen-reader-text\"> &#8220;M\u0131s\u0131r XVIII. Hanedan Krallar\u0131 ve Krali\u00e7eleri (M\u00d6 1550 &#8211; M\u00d6 1295)&#8221;<\/span><\/a><\/p>","protected":false},"author":1,"featured_media":0,"parent":4863,"menu_order":0,"comment_status":"closed","ping_status":"closed","template":"","meta":{"_regular_price":[],"currency_symbol":[],"_uag_custom_page_level_css":"","jetpack_post_was_ever_published":false,"footnotes":""},"class_list":["post-3061","page","type-page","status-publish","hentry"],"post_slider_layout_featured_media_urls":{"thumbnail":"","post_slider_layout_landscape_large":"","post_slider_layout_portrait_large":"","post_slider_layout_square_large":"","post_slider_layout_landscape":"","post_slider_layout_portrait":"","post_slider_layout_square":"","full":""},"yoast_head":"<!-- This site is optimized with the Yoast SEO plugin v27.4 - https:\/\/yoast.com\/product\/yoast-seo-wordpress\/ -->\n<title>M\u0131s\u0131r XVIII. Hanedan Krallar\u0131 ve Krali\u00e7eleri (M\u00d6 1550 - M\u00d6 1295) - M\u0131s\u0131rbilim Ansiklopedisi - Egyptology Encyclopedia<\/title>\n<meta name=\"robots\" content=\"index, follow, max-snippet:-1, max-image-preview:large, max-video-preview:-1\" \/>\n<link rel=\"canonical\" href=\"https:\/\/egyptologyencyclopedia.org\/de\/antik-misir-krallari\/misir-xviii-hanedan-krallari-ve-kraliceleri-mo-1550-mo-1295\/\" \/>\n<meta property=\"og:locale\" content=\"de_DE\" \/>\n<meta property=\"og:type\" content=\"article\" \/>\n<meta property=\"og:title\" content=\"M\u0131s\u0131r XVIII. Hanedan Krallar\u0131 ve Krali\u00e7eleri (M\u00d6 1550 - M\u00d6 1295) - M\u0131s\u0131rbilim Ansiklopedisi - Egyptology Encyclopedia\" \/>\n<meta property=\"og:description\" content=\"Kral\/Krali\u00e7e Yakla\u015f\u0131k H\u00fck\u00fcmdarl\u0131k Y\u0131llar\u0131 \u00d6ne \u00c7\u0131kan Notlar I. Ahmos M\u00d6 1550 &#8211; M\u00d6 1525 \u0130kinci Ara D\u00f6nem&#8217;i sona erdirip, M\u0131s\u0131r&#8217;\u0131 birle\u015ftirerek 18. Hanedan&#8217;\u0131 kurdu. I. Amenhotep M\u00d6 1525 &#8211; M\u00d6 1504 Saltanat\u0131 s\u0131ras\u0131nda M\u0131s\u0131r&#8217;da bar\u0131\u015f hakimdi. I. Thutmose M\u00d6 1504 &#8211; M\u00d6 1492 F\u0131rat Nehri&#8217;ne kadar seferler d\u00fczenleyerek M\u0131s\u0131r \u0130mparatorlu\u011fu&#8217;nu geni\u015fletti. II. Thutmose M\u00d6 1492 &hellip; Continue reading &quot;M\u0131s\u0131r XVIII. Hanedan Krallar\u0131 ve Krali\u00e7eleri (M\u00d6 1550 &#8211; M\u00d6 1295)&quot;\" \/>\n<meta property=\"og:url\" content=\"https:\/\/egyptologyencyclopedia.org\/de\/antik-misir-krallari\/misir-xviii-hanedan-krallari-ve-kraliceleri-mo-1550-mo-1295\/\" \/>\n<meta property=\"og:site_name\" content=\"M\u0131s\u0131rbilim Ansiklopedisi - Egyptology Encyclopedia\" \/>\n<meta property=\"article:modified_time\" content=\"2026-03-09T16:43:36+00:00\" \/>\n<meta name=\"twitter:card\" content=\"summary_large_image\" \/>\n<meta name=\"twitter:label1\" content=\"Gesch\u00e4tzte Lesezeit\" \/>\n\t<meta name=\"twitter:data1\" content=\"2\u00a0Minuten\" \/>\n<script type=\"application\/ld+json\" class=\"yoast-schema-graph\">{\"@context\":\"https:\\\/\\\/schema.org\",\"@graph\":[{\"@type\":\"WebPage\",\"@id\":\"https:\\\/\\\/egyptologyencyclopedia.org\\\/antik-misir-krallari\\\/misir-xviii-hanedan-krallari-ve-kraliceleri-mo-1550-mo-1295\\\/\",\"url\":\"https:\\\/\\\/egyptologyencyclopedia.org\\\/antik-misir-krallari\\\/misir-xviii-hanedan-krallari-ve-kraliceleri-mo-1550-mo-1295\\\/\",\"name\":\"M\u0131s\u0131r XVIII. Hanedan Krallar\u0131 ve Krali\u00e7eleri (M\u00d6 1550 - M\u00d6 1295) - M\u0131s\u0131rbilim Ansiklopedisi - Egyptology Encyclopedia\",\"isPartOf\":{\"@id\":\"https:\\\/\\\/egyptologyencyclopedia.org\\\/#website\"},\"datePublished\":\"2025-10-20T11:11:38+00:00\",\"dateModified\":\"2026-03-09T16:43:36+00:00\",\"breadcrumb\":{\"@id\":\"https:\\\/\\\/egyptologyencyclopedia.org\\\/antik-misir-krallari\\\/misir-xviii-hanedan-krallari-ve-kraliceleri-mo-1550-mo-1295\\\/#breadcrumb\"},\"inLanguage\":\"de\",\"potentialAction\":[{\"@type\":\"ReadAction\",\"target\":[\"https:\\\/\\\/egyptologyencyclopedia.org\\\/antik-misir-krallari\\\/misir-xviii-hanedan-krallari-ve-kraliceleri-mo-1550-mo-1295\\\/\"]}]},{\"@type\":\"BreadcrumbList\",\"@id\":\"https:\\\/\\\/egyptologyencyclopedia.org\\\/antik-misir-krallari\\\/misir-xviii-hanedan-krallari-ve-kraliceleri-mo-1550-mo-1295\\\/#breadcrumb\",\"itemListElement\":[{\"@type\":\"ListItem\",\"position\":1,\"name\":\"Anasayfa\",\"item\":\"https:\\\/\\\/saddlebrown-ant-958972.hostingersite.com\\\/de\\\/\"},{\"@type\":\"ListItem\",\"position\":2,\"name\":\"Antik M\u0131s\u0131r Krallar\u0131\",\"item\":\"https:\\\/\\\/saddlebrown-ant-958972.hostingersite.com\\\/de\\\/antik-misir-krallari\\\/\"},{\"@type\":\"ListItem\",\"position\":3,\"name\":\"M\u0131s\u0131r XVIII. Hanedan Krallar\u0131 ve Krali\u00e7eleri (M\u00d6 1550 &#8211; M\u00d6 1295)\"}]},{\"@type\":\"WebSite\",\"@id\":\"https:\\\/\\\/egyptologyencyclopedia.org\\\/#website\",\"url\":\"https:\\\/\\\/egyptologyencyclopedia.org\\\/\",\"name\":\"M\u0131s\u0131rbilim Ansiklopedisi - Egyptology Encyclopedia\",\"description\":\"\",\"publisher\":{\"@id\":\"https:\\\/\\\/egyptologyencyclopedia.org\\\/#organization\"},\"potentialAction\":[{\"@type\":\"SearchAction\",\"target\":{\"@type\":\"EntryPoint\",\"urlTemplate\":\"https:\\\/\\\/egyptologyencyclopedia.org\\\/?s={search_term_string}\"},\"query-input\":{\"@type\":\"PropertyValueSpecification\",\"valueRequired\":true,\"valueName\":\"search_term_string\"}}],\"inLanguage\":\"de\"},{\"@type\":\"Organization\",\"@id\":\"https:\\\/\\\/egyptologyencyclopedia.org\\\/#organization\",\"name\":\"M\u0131s\u0131rbilim Ansiklopedisi - Egyptology Encyclopedia\",\"url\":\"https:\\\/\\\/egyptologyencyclopedia.org\\\/\",\"logo\":{\"@type\":\"ImageObject\",\"inLanguage\":\"de\",\"@id\":\"https:\\\/\\\/egyptologyencyclopedia.org\\\/#\\\/schema\\\/logo\\\/image\\\/\",\"url\":\"https:\\\/\\\/egyptologyencyclopedia.org\\\/wp-content\\\/uploads\\\/2025\\\/10\\\/cropped-Misirbilim-Ansiklopedisi-2.png\",\"contentUrl\":\"https:\\\/\\\/egyptologyencyclopedia.org\\\/wp-content\\\/uploads\\\/2025\\\/10\\\/cropped-Misirbilim-Ansiklopedisi-2.png\",\"width\":181,\"height\":73,\"caption\":\"M\u0131s\u0131rbilim Ansiklopedisi - Egyptology Encyclopedia\"},\"image\":{\"@id\":\"https:\\\/\\\/egyptologyencyclopedia.org\\\/#\\\/schema\\\/logo\\\/image\\\/\"}}]}<\/script>\n<!-- \/ Yoast SEO plugin. -->","yoast_head_json":{"title":"M\u0131s\u0131r XVIII. Hanedan Krallar\u0131 ve Krali\u00e7eleri (M\u00d6 1550 - M\u00d6 1295) - M\u0131s\u0131rbilim Ansiklopedisi - Egyptology Encyclopedia","robots":{"index":"index","follow":"follow","max-snippet":"max-snippet:-1","max-image-preview":"max-image-preview:large","max-video-preview":"max-video-preview:-1"},"canonical":"https:\/\/egyptologyencyclopedia.org\/de\/antik-misir-krallari\/misir-xviii-hanedan-krallari-ve-kraliceleri-mo-1550-mo-1295\/","og_locale":"de_DE","og_type":"article","og_title":"M\u0131s\u0131r XVIII. Hanedan Krallar\u0131 ve Krali\u00e7eleri (M\u00d6 1550 - M\u00d6 1295) - M\u0131s\u0131rbilim Ansiklopedisi - Egyptology Encyclopedia","og_description":"Kral\/Krali\u00e7e Yakla\u015f\u0131k H\u00fck\u00fcmdarl\u0131k Y\u0131llar\u0131 \u00d6ne \u00c7\u0131kan Notlar I. Ahmos M\u00d6 1550 &#8211; M\u00d6 1525 \u0130kinci Ara D\u00f6nem&#8217;i sona erdirip, M\u0131s\u0131r&#8217;\u0131 birle\u015ftirerek 18. Hanedan&#8217;\u0131 kurdu. I. Amenhotep M\u00d6 1525 &#8211; M\u00d6 1504 Saltanat\u0131 s\u0131ras\u0131nda M\u0131s\u0131r&#8217;da bar\u0131\u015f hakimdi. I. Thutmose M\u00d6 1504 &#8211; M\u00d6 1492 F\u0131rat Nehri&#8217;ne kadar seferler d\u00fczenleyerek M\u0131s\u0131r \u0130mparatorlu\u011fu&#8217;nu geni\u015fletti. II. Thutmose M\u00d6 1492 &hellip; Continue reading \"M\u0131s\u0131r XVIII. Hanedan Krallar\u0131 ve Krali\u00e7eleri (M\u00d6 1550 &#8211; M\u00d6 1295)\"","og_url":"https:\/\/egyptologyencyclopedia.org\/de\/antik-misir-krallari\/misir-xviii-hanedan-krallari-ve-kraliceleri-mo-1550-mo-1295\/","og_site_name":"M\u0131s\u0131rbilim Ansiklopedisi - Egyptology Encyclopedia","article_modified_time":"2026-03-09T16:43:36+00:00","twitter_card":"summary_large_image","twitter_misc":{"Gesch\u00e4tzte Lesezeit":"2\u00a0Minuten"},"schema":{"@context":"https:\/\/schema.org","@graph":[{"@type":"WebPage","@id":"https:\/\/egyptologyencyclopedia.org\/antik-misir-krallari\/misir-xviii-hanedan-krallari-ve-kraliceleri-mo-1550-mo-1295\/","url":"https:\/\/egyptologyencyclopedia.org\/antik-misir-krallari\/misir-xviii-hanedan-krallari-ve-kraliceleri-mo-1550-mo-1295\/","name":"M\u0131s\u0131r XVIII. Hanedan Krallar\u0131 ve Krali\u00e7eleri (M\u00d6 1550 - M\u00d6 1295) - M\u0131s\u0131rbilim Ansiklopedisi - Egyptology Encyclopedia","isPartOf":{"@id":"https:\/\/egyptologyencyclopedia.org\/#website"},"datePublished":"2025-10-20T11:11:38+00:00","dateModified":"2026-03-09T16:43:36+00:00","breadcrumb":{"@id":"https:\/\/egyptologyencyclopedia.org\/antik-misir-krallari\/misir-xviii-hanedan-krallari-ve-kraliceleri-mo-1550-mo-1295\/#breadcrumb"},"inLanguage":"de","potentialAction":[{"@type":"ReadAction","target":["https:\/\/egyptologyencyclopedia.org\/antik-misir-krallari\/misir-xviii-hanedan-krallari-ve-kraliceleri-mo-1550-mo-1295\/"]}]},{"@type":"BreadcrumbList","@id":"https:\/\/egyptologyencyclopedia.org\/antik-misir-krallari\/misir-xviii-hanedan-krallari-ve-kraliceleri-mo-1550-mo-1295\/#breadcrumb","itemListElement":[{"@type":"ListItem","position":1,"name":"Anasayfa","item":"https:\/\/saddlebrown-ant-958972.hostingersite.com\/de\/"},{"@type":"ListItem","position":2,"name":"Antik M\u0131s\u0131r Krallar\u0131","item":"https:\/\/saddlebrown-ant-958972.hostingersite.com\/de\/antik-misir-krallari\/"},{"@type":"ListItem","position":3,"name":"M\u0131s\u0131r XVIII. Hanedan Krallar\u0131 ve Krali\u00e7eleri (M\u00d6 1550 &#8211; M\u00d6 1295)"}]},{"@type":"WebSite","@id":"https:\/\/egyptologyencyclopedia.org\/#website","url":"https:\/\/egyptologyencyclopedia.org\/","name":"M\u0131s\u0131rbilim Ansiklopedisi - Egyptology Encyclopedia","description":"","publisher":{"@id":"https:\/\/egyptologyencyclopedia.org\/#organization"},"potentialAction":[{"@type":"SearchAction","target":{"@type":"EntryPoint","urlTemplate":"https:\/\/egyptologyencyclopedia.org\/?s={search_term_string}"},"query-input":{"@type":"PropertyValueSpecification","valueRequired":true,"valueName":"search_term_string"}}],"inLanguage":"de"},{"@type":"Organization","@id":"https:\/\/egyptologyencyclopedia.org\/#organization","name":"M\u0131s\u0131rbilim Ansiklopedisi - Egyptology Encyclopedia","url":"https:\/\/egyptologyencyclopedia.org\/","logo":{"@type":"ImageObject","inLanguage":"de","@id":"https:\/\/egyptologyencyclopedia.org\/#\/schema\/logo\/image\/","url":"https:\/\/egyptologyencyclopedia.org\/wp-content\/uploads\/2025\/10\/cropped-Misirbilim-Ansiklopedisi-2.png","contentUrl":"https:\/\/egyptologyencyclopedia.org\/wp-content\/uploads\/2025\/10\/cropped-Misirbilim-Ansiklopedisi-2.png","width":181,"height":73,"caption":"M\u0131s\u0131rbilim Ansiklopedisi - Egyptology Encyclopedia"},"image":{"@id":"https:\/\/egyptologyencyclopedia.org\/#\/schema\/logo\/image\/"}}]}},"_hostinger_reach_plugin_has_subscription_block":false,"_hostinger_reach_plugin_is_elementor":false,"uagb_featured_image_src":{"full":false,"thumbnail":false,"medium":false,"medium_large":false,"large":false,"1536x1536":false,"2048x2048":false,"trp-custom-language-flag":false,"post_slider_layout_landscape_large":false,"post_slider_layout_portrait_large":false,"post_slider_layout_square_large":false,"post_slider_layout_landscape":false,"post_slider_layout_portrait":false,"post_slider_layout_square":false,"archaeology-museums-pro-homepage-thumb":false,"mailpoet_newsletter_max":false,"vw-gallery-image-medium":false},"uagb_author_info":{"display_name":"Birkan Ayaz","author_link":"https:\/\/egyptologyencyclopedia.org\/de\/author\/birkanayaz26\/"},"uagb_comment_info":0,"uagb_excerpt":"Kral\/Krali\u00e7e Yakla\u015f\u0131k H\u00fck\u00fcmdarl\u0131k Y\u0131llar\u0131 \u00d6ne \u00c7\u0131kan Notlar I. Ahmos M\u00d6 1550 &#8211; M\u00d6 1525 \u0130kinci Ara D\u00f6nem&#8217;i sona erdirip, M\u0131s\u0131r&#8217;\u0131 birle\u015ftirerek 18. Hanedan&#8217;\u0131 kurdu. I. Amenhotep M\u00d6 1525 &#8211; M\u00d6 1504 Saltanat\u0131 s\u0131ras\u0131nda M\u0131s\u0131r&#8217;da bar\u0131\u015f hakimdi. I. Thutmose M\u00d6 1504 &#8211; M\u00d6 1492 F\u0131rat Nehri&#8217;ne kadar seferler d\u00fczenleyerek M\u0131s\u0131r \u0130mparatorlu\u011fu&#8217;nu geni\u015fletti. II. Thutmose M\u00d6 1492&hellip;","jetpack_sharing_enabled":true,"_links":{"self":[{"href":"https:\/\/egyptologyencyclopedia.org\/de\/wp-json\/wp\/v2\/pages\/3061","targetHints":{"allow":["GET"]}}],"collection":[{"href":"https:\/\/egyptologyencyclopedia.org\/de\/wp-json\/wp\/v2\/pages"}],"about":[{"href":"https:\/\/egyptologyencyclopedia.org\/de\/wp-json\/wp\/v2\/types\/page"}],"author":[{"embeddable":true,"href":"https:\/\/egyptologyencyclopedia.org\/de\/wp-json\/wp\/v2\/users\/1"}],"replies":[{"embeddable":true,"href":"https:\/\/egyptologyencyclopedia.org\/de\/wp-json\/wp\/v2\/comments?post=3061"}],"version-history":[{"count":4,"href":"https:\/\/egyptologyencyclopedia.org\/de\/wp-json\/wp\/v2\/pages\/3061\/revisions"}],"predecessor-version":[{"id":6128,"href":"https:\/\/egyptologyencyclopedia.org\/de\/wp-json\/wp\/v2\/pages\/3061\/revisions\/6128"}],"up":[{"embeddable":true,"href":"https:\/\/egyptologyencyclopedia.org\/de\/wp-json\/wp\/v2\/pages\/4863"}],"wp:attachment":[{"href":"https:\/\/egyptologyencyclopedia.org\/de\/wp-json\/wp\/v2\/media?parent=3061"}],"curies":[{"name":"wp","href":"https:\/\/api.w.org\/{rel}","templated":true}]}}