{"id":3055,"date":"2025-10-20T11:13:46","date_gmt":"2025-10-20T11:13:46","guid":{"rendered":"https:\/\/egyptologyencyclopedia.org\/?page_id=3055"},"modified":"2026-02-10T14:22:01","modified_gmt":"2026-02-10T14:22:01","slug":"misir-xii-hanedan-krallari-mo-1985-mo-1773","status":"publish","type":"page","link":"https:\/\/egyptologyencyclopedia.org\/de\/antik-misir-krallari\/misir-xii-hanedan-krallari-mo-1985-mo-1773\/","title":{"rendered":"M\u0131s\u0131r XII. Hanedan Krallar\u0131 (M\u00d6 1985 &#8211; M\u00d6 1773)"},"content":{"rendered":"<figure class=\"wp-block-table is-style-stripes\"><table class=\"has-black-color has-text-color has-link-color has-fixed-layout\"><tbody><tr><td>Kral<\/td><td>Yakla\u015f\u0131k H\u00fck\u00fcmdarl\u0131k Y\u0131llar\u0131<\/td><td>Notlar<\/td><\/tr><tr><td><a href=\"https:\/\/egyptologyencyclopedia.org\/de\/i-amenemhat\/\" type=\"post\" id=\"5260\">I. Amenemhat<\/a><\/td><td>M\u00d6 1985 &#8211; M\u00d6 1956<\/td><td>Hanedan\u0131n kurucusudur. M\u0131s\u0131r&#8217;\u0131n ba\u015fkentini g\u00fcneye ta\u015f\u0131yarak y\u00f6netimi merkezile\u015ftirdi.<\/td><\/tr><tr><td><a href=\"https:\/\/egyptologyencyclopedia.org\/de\/i-senusret\/\" type=\"post\" id=\"5262\">I. Senusret<\/a><\/td><td>M\u00d6 1965 &#8211; M\u00d6 1920<\/td><td>Y\u00f6netimi o\u011fluyla payla\u015farak ortak h\u00fck\u00fcmdarl\u0131k sistemini ba\u015flatt\u0131.<\/td><\/tr><tr><td><a href=\"https:\/\/egyptologyencyclopedia.org\/de\/ii-amenemhat\/\" type=\"post\" id=\"5264\">II. Amenemhat<\/a><\/td><td>M\u00d6 1922 &#8211; M\u00d6 1878<\/td><td>H\u00fck\u00fcmdarl\u0131\u011f\u0131 s\u0131ras\u0131nda ticaretin geli\u015fti\u011fi bar\u0131\u015f\u00e7\u0131l bir d\u00f6nem ya\u015fand\u0131.<\/td><\/tr><tr><td><a href=\"https:\/\/egyptologyencyclopedia.org\/de\/ii-senusret\/\" type=\"post\" id=\"5267\">II. Senusret<\/a><\/td><td>M\u00d6 1897 &#8211; M\u00d6 1878<\/td><td>Fayum b\u00f6lgesindeki b\u00fcy\u00fck sulama projeleriyle tan\u0131n\u0131r.<\/td><\/tr><tr><td><a href=\"https:\/\/egyptologyencyclopedia.org\/de\/iii-senusret\/\" type=\"post\" id=\"5270\">III. Senusret<\/a><\/td><td>M\u00d6 1878 &#8211; M\u00d6 1840<\/td><td>M\u0131s\u0131r&#8217;\u0131n en g\u00fc\u00e7l\u00fc krallar\u0131ndan biridir. S\u0131n\u0131rlar\u0131 geni\u015fletmek i\u00e7in askeri seferler d\u00fczenlemi\u015ftir.<\/td><\/tr><tr><td><a href=\"https:\/\/egyptologyencyclopedia.org\/de\/iii-amenemhat\/\" type=\"post\" id=\"5272\">III. Amenemhat<\/a><\/td><td>M\u00d6 1842 &#8211; M\u00d6 1797<\/td><td>B\u00fcy\u00fck su i\u015fleri ve devasa piramidi ile bilinir.<\/td><\/tr><tr><td><a href=\"https:\/\/egyptologyencyclopedia.org\/de\/iv-amenemhat\/\" type=\"post\" id=\"5286\">IV. Amenemhat<\/a><\/td><td>M\u00d6 1798 &#8211; M\u00d6 1787<\/td><td>K\u0131sa bir s\u00fcre h\u00fck\u00fcm s\u00fcrm\u00fc\u015ft\u00fcr.<\/td><\/tr><tr><td><strong>Neferusobek<\/strong><\/td><td>M\u00d6 1787 &#8211; M\u00d6 1783<\/td><td>M\u0131s\u0131r&#8217;\u0131n bilinen ilk kad\u0131n firavunlar\u0131ndan biridir.<\/td><\/tr><\/tbody><\/table><\/figure>\n\n\n\n<p><\/p>","protected":false},"excerpt":{"rendered":"<p>Kral Yakla\u015f\u0131k H\u00fck\u00fcmdarl\u0131k Y\u0131llar\u0131 Notlar I. Amenemhat M\u00d6 1985 &#8211; M\u00d6 1956 Hanedan\u0131n kurucusudur. M\u0131s\u0131r&#8217;\u0131n ba\u015fkentini g\u00fcneye ta\u015f\u0131yarak y\u00f6netimi merkezile\u015ftirdi. I. Senusret M\u00d6 1965 &#8211; M\u00d6 1920 Y\u00f6netimi o\u011fluyla payla\u015farak ortak h\u00fck\u00fcmdarl\u0131k sistemini ba\u015flatt\u0131. II. Amenemhat M\u00d6 1922 &#8211; M\u00d6 1878 H\u00fck\u00fcmdarl\u0131\u011f\u0131 s\u0131ras\u0131nda ticaretin geli\u015fti\u011fi bar\u0131\u015f\u00e7\u0131l bir d\u00f6nem ya\u015fand\u0131. II. Senusret M\u00d6 1897 &#8211; M\u00d6 &hellip; <\/p>\n<p class=\"link-more\"><a href=\"https:\/\/egyptologyencyclopedia.org\/de\/antik-misir-krallari\/misir-xii-hanedan-krallari-mo-1985-mo-1773\/\" class=\"more-link\">Continue reading<span class=\"screen-reader-text\"> &#8220;M\u0131s\u0131r XII. Hanedan Krallar\u0131 (M\u00d6 1985 &#8211; M\u00d6 1773)&#8221;<\/span><\/a><\/p>","protected":false},"author":1,"featured_media":0,"parent":4863,"menu_order":0,"comment_status":"closed","ping_status":"closed","template":"","meta":{"_regular_price":[],"currency_symbol":[],"_uag_custom_page_level_css":"","jetpack_post_was_ever_published":false,"footnotes":""},"class_list":["post-3055","page","type-page","status-publish","hentry"],"post_slider_layout_featured_media_urls":{"thumbnail":"","post_slider_layout_landscape_large":"","post_slider_layout_portrait_large":"","post_slider_layout_square_large":"","post_slider_layout_landscape":"","post_slider_layout_portrait":"","post_slider_layout_square":"","full":""},"yoast_head":"<!-- This site is optimized with the Yoast SEO plugin v27.4 - https:\/\/yoast.com\/product\/yoast-seo-wordpress\/ -->\n<title>M\u0131s\u0131r XII. Hanedan Krallar\u0131 (M\u00d6 1985 - M\u00d6 1773) - M\u0131s\u0131rbilim Ansiklopedisi - Egyptology Encyclopedia<\/title>\n<meta name=\"robots\" content=\"index, follow, max-snippet:-1, max-image-preview:large, max-video-preview:-1\" \/>\n<link rel=\"canonical\" href=\"https:\/\/egyptologyencyclopedia.org\/de\/antik-misir-krallari\/misir-xii-hanedan-krallari-mo-1985-mo-1773\/\" \/>\n<meta property=\"og:locale\" content=\"de_DE\" \/>\n<meta property=\"og:type\" content=\"article\" \/>\n<meta property=\"og:title\" content=\"M\u0131s\u0131r XII. Hanedan Krallar\u0131 (M\u00d6 1985 - M\u00d6 1773) - M\u0131s\u0131rbilim Ansiklopedisi - Egyptology Encyclopedia\" \/>\n<meta property=\"og:description\" content=\"Kral Yakla\u015f\u0131k H\u00fck\u00fcmdarl\u0131k Y\u0131llar\u0131 Notlar I. Amenemhat M\u00d6 1985 &#8211; M\u00d6 1956 Hanedan\u0131n kurucusudur. M\u0131s\u0131r&#8217;\u0131n ba\u015fkentini g\u00fcneye ta\u015f\u0131yarak y\u00f6netimi merkezile\u015ftirdi. I. Senusret M\u00d6 1965 &#8211; M\u00d6 1920 Y\u00f6netimi o\u011fluyla payla\u015farak ortak h\u00fck\u00fcmdarl\u0131k sistemini ba\u015flatt\u0131. II. Amenemhat M\u00d6 1922 &#8211; M\u00d6 1878 H\u00fck\u00fcmdarl\u0131\u011f\u0131 s\u0131ras\u0131nda ticaretin geli\u015fti\u011fi bar\u0131\u015f\u00e7\u0131l bir d\u00f6nem ya\u015fand\u0131. II. Senusret M\u00d6 1897 &#8211; M\u00d6 &hellip; Continue reading &quot;M\u0131s\u0131r XII. Hanedan Krallar\u0131 (M\u00d6 1985 &#8211; M\u00d6 1773)&quot;\" \/>\n<meta property=\"og:url\" content=\"https:\/\/egyptologyencyclopedia.org\/de\/antik-misir-krallari\/misir-xii-hanedan-krallari-mo-1985-mo-1773\/\" \/>\n<meta property=\"og:site_name\" content=\"M\u0131s\u0131rbilim Ansiklopedisi - Egyptology Encyclopedia\" \/>\n<meta property=\"article:modified_time\" content=\"2026-02-10T14:22:01+00:00\" \/>\n<meta name=\"twitter:card\" content=\"summary_large_image\" \/>\n<meta name=\"twitter:label1\" content=\"Gesch\u00e4tzte Lesezeit\" \/>\n\t<meta name=\"twitter:data1\" content=\"1\u00a0Minute\" \/>\n<script type=\"application\/ld+json\" class=\"yoast-schema-graph\">{\"@context\":\"https:\\\/\\\/schema.org\",\"@graph\":[{\"@type\":\"WebPage\",\"@id\":\"https:\\\/\\\/egyptologyencyclopedia.org\\\/antik-misir-krallari\\\/misir-xii-hanedan-krallari-mo-1985-mo-1773\\\/\",\"url\":\"https:\\\/\\\/egyptologyencyclopedia.org\\\/antik-misir-krallari\\\/misir-xii-hanedan-krallari-mo-1985-mo-1773\\\/\",\"name\":\"M\u0131s\u0131r XII. Hanedan Krallar\u0131 (M\u00d6 1985 - M\u00d6 1773) - M\u0131s\u0131rbilim Ansiklopedisi - Egyptology Encyclopedia\",\"isPartOf\":{\"@id\":\"https:\\\/\\\/egyptologyencyclopedia.org\\\/#website\"},\"datePublished\":\"2025-10-20T11:13:46+00:00\",\"dateModified\":\"2026-02-10T14:22:01+00:00\",\"breadcrumb\":{\"@id\":\"https:\\\/\\\/egyptologyencyclopedia.org\\\/antik-misir-krallari\\\/misir-xii-hanedan-krallari-mo-1985-mo-1773\\\/#breadcrumb\"},\"inLanguage\":\"de\",\"potentialAction\":[{\"@type\":\"ReadAction\",\"target\":[\"https:\\\/\\\/egyptologyencyclopedia.org\\\/antik-misir-krallari\\\/misir-xii-hanedan-krallari-mo-1985-mo-1773\\\/\"]}]},{\"@type\":\"BreadcrumbList\",\"@id\":\"https:\\\/\\\/egyptologyencyclopedia.org\\\/antik-misir-krallari\\\/misir-xii-hanedan-krallari-mo-1985-mo-1773\\\/#breadcrumb\",\"itemListElement\":[{\"@type\":\"ListItem\",\"position\":1,\"name\":\"Anasayfa\",\"item\":\"https:\\\/\\\/saddlebrown-ant-958972.hostingersite.com\\\/de\\\/\"},{\"@type\":\"ListItem\",\"position\":2,\"name\":\"Antik M\u0131s\u0131r Krallar\u0131\",\"item\":\"https:\\\/\\\/saddlebrown-ant-958972.hostingersite.com\\\/de\\\/antik-misir-krallari\\\/\"},{\"@type\":\"ListItem\",\"position\":3,\"name\":\"M\u0131s\u0131r XII. Hanedan Krallar\u0131 (M\u00d6 1985 &#8211; M\u00d6 1773)\"}]},{\"@type\":\"WebSite\",\"@id\":\"https:\\\/\\\/egyptologyencyclopedia.org\\\/#website\",\"url\":\"https:\\\/\\\/egyptologyencyclopedia.org\\\/\",\"name\":\"M\u0131s\u0131rbilim Ansiklopedisi - Egyptology Encyclopedia\",\"description\":\"\",\"publisher\":{\"@id\":\"https:\\\/\\\/egyptologyencyclopedia.org\\\/#organization\"},\"potentialAction\":[{\"@type\":\"SearchAction\",\"target\":{\"@type\":\"EntryPoint\",\"urlTemplate\":\"https:\\\/\\\/egyptologyencyclopedia.org\\\/?s={search_term_string}\"},\"query-input\":{\"@type\":\"PropertyValueSpecification\",\"valueRequired\":true,\"valueName\":\"search_term_string\"}}],\"inLanguage\":\"de\"},{\"@type\":\"Organization\",\"@id\":\"https:\\\/\\\/egyptologyencyclopedia.org\\\/#organization\",\"name\":\"M\u0131s\u0131rbilim Ansiklopedisi - Egyptology Encyclopedia\",\"url\":\"https:\\\/\\\/egyptologyencyclopedia.org\\\/\",\"logo\":{\"@type\":\"ImageObject\",\"inLanguage\":\"de\",\"@id\":\"https:\\\/\\\/egyptologyencyclopedia.org\\\/#\\\/schema\\\/logo\\\/image\\\/\",\"url\":\"https:\\\/\\\/egyptologyencyclopedia.org\\\/wp-content\\\/uploads\\\/2025\\\/10\\\/cropped-Misirbilim-Ansiklopedisi-2.png\",\"contentUrl\":\"https:\\\/\\\/egyptologyencyclopedia.org\\\/wp-content\\\/uploads\\\/2025\\\/10\\\/cropped-Misirbilim-Ansiklopedisi-2.png\",\"width\":181,\"height\":73,\"caption\":\"M\u0131s\u0131rbilim Ansiklopedisi - Egyptology Encyclopedia\"},\"image\":{\"@id\":\"https:\\\/\\\/egyptologyencyclopedia.org\\\/#\\\/schema\\\/logo\\\/image\\\/\"}}]}<\/script>\n<!-- \/ Yoast SEO plugin. -->","yoast_head_json":{"title":"M\u0131s\u0131r XII. Hanedan Krallar\u0131 (M\u00d6 1985 - M\u00d6 1773) - M\u0131s\u0131rbilim Ansiklopedisi - Egyptology Encyclopedia","robots":{"index":"index","follow":"follow","max-snippet":"max-snippet:-1","max-image-preview":"max-image-preview:large","max-video-preview":"max-video-preview:-1"},"canonical":"https:\/\/egyptologyencyclopedia.org\/de\/antik-misir-krallari\/misir-xii-hanedan-krallari-mo-1985-mo-1773\/","og_locale":"de_DE","og_type":"article","og_title":"M\u0131s\u0131r XII. Hanedan Krallar\u0131 (M\u00d6 1985 - M\u00d6 1773) - M\u0131s\u0131rbilim Ansiklopedisi - Egyptology Encyclopedia","og_description":"Kral Yakla\u015f\u0131k H\u00fck\u00fcmdarl\u0131k Y\u0131llar\u0131 Notlar I. Amenemhat M\u00d6 1985 &#8211; M\u00d6 1956 Hanedan\u0131n kurucusudur. M\u0131s\u0131r&#8217;\u0131n ba\u015fkentini g\u00fcneye ta\u015f\u0131yarak y\u00f6netimi merkezile\u015ftirdi. I. Senusret M\u00d6 1965 &#8211; M\u00d6 1920 Y\u00f6netimi o\u011fluyla payla\u015farak ortak h\u00fck\u00fcmdarl\u0131k sistemini ba\u015flatt\u0131. II. Amenemhat M\u00d6 1922 &#8211; M\u00d6 1878 H\u00fck\u00fcmdarl\u0131\u011f\u0131 s\u0131ras\u0131nda ticaretin geli\u015fti\u011fi bar\u0131\u015f\u00e7\u0131l bir d\u00f6nem ya\u015fand\u0131. II. Senusret M\u00d6 1897 &#8211; M\u00d6 &hellip; Continue reading \"M\u0131s\u0131r XII. Hanedan Krallar\u0131 (M\u00d6 1985 &#8211; M\u00d6 1773)\"","og_url":"https:\/\/egyptologyencyclopedia.org\/de\/antik-misir-krallari\/misir-xii-hanedan-krallari-mo-1985-mo-1773\/","og_site_name":"M\u0131s\u0131rbilim Ansiklopedisi - Egyptology Encyclopedia","article_modified_time":"2026-02-10T14:22:01+00:00","twitter_card":"summary_large_image","twitter_misc":{"Gesch\u00e4tzte Lesezeit":"1\u00a0Minute"},"schema":{"@context":"https:\/\/schema.org","@graph":[{"@type":"WebPage","@id":"https:\/\/egyptologyencyclopedia.org\/antik-misir-krallari\/misir-xii-hanedan-krallari-mo-1985-mo-1773\/","url":"https:\/\/egyptologyencyclopedia.org\/antik-misir-krallari\/misir-xii-hanedan-krallari-mo-1985-mo-1773\/","name":"M\u0131s\u0131r XII. Hanedan Krallar\u0131 (M\u00d6 1985 - M\u00d6 1773) - M\u0131s\u0131rbilim Ansiklopedisi - Egyptology Encyclopedia","isPartOf":{"@id":"https:\/\/egyptologyencyclopedia.org\/#website"},"datePublished":"2025-10-20T11:13:46+00:00","dateModified":"2026-02-10T14:22:01+00:00","breadcrumb":{"@id":"https:\/\/egyptologyencyclopedia.org\/antik-misir-krallari\/misir-xii-hanedan-krallari-mo-1985-mo-1773\/#breadcrumb"},"inLanguage":"de","potentialAction":[{"@type":"ReadAction","target":["https:\/\/egyptologyencyclopedia.org\/antik-misir-krallari\/misir-xii-hanedan-krallari-mo-1985-mo-1773\/"]}]},{"@type":"BreadcrumbList","@id":"https:\/\/egyptologyencyclopedia.org\/antik-misir-krallari\/misir-xii-hanedan-krallari-mo-1985-mo-1773\/#breadcrumb","itemListElement":[{"@type":"ListItem","position":1,"name":"Anasayfa","item":"https:\/\/saddlebrown-ant-958972.hostingersite.com\/de\/"},{"@type":"ListItem","position":2,"name":"Antik M\u0131s\u0131r Krallar\u0131","item":"https:\/\/saddlebrown-ant-958972.hostingersite.com\/de\/antik-misir-krallari\/"},{"@type":"ListItem","position":3,"name":"M\u0131s\u0131r XII. Hanedan Krallar\u0131 (M\u00d6 1985 &#8211; M\u00d6 1773)"}]},{"@type":"WebSite","@id":"https:\/\/egyptologyencyclopedia.org\/#website","url":"https:\/\/egyptologyencyclopedia.org\/","name":"M\u0131s\u0131rbilim Ansiklopedisi - Egyptology Encyclopedia","description":"","publisher":{"@id":"https:\/\/egyptologyencyclopedia.org\/#organization"},"potentialAction":[{"@type":"SearchAction","target":{"@type":"EntryPoint","urlTemplate":"https:\/\/egyptologyencyclopedia.org\/?s={search_term_string}"},"query-input":{"@type":"PropertyValueSpecification","valueRequired":true,"valueName":"search_term_string"}}],"inLanguage":"de"},{"@type":"Organization","@id":"https:\/\/egyptologyencyclopedia.org\/#organization","name":"M\u0131s\u0131rbilim Ansiklopedisi - Egyptology Encyclopedia","url":"https:\/\/egyptologyencyclopedia.org\/","logo":{"@type":"ImageObject","inLanguage":"de","@id":"https:\/\/egyptologyencyclopedia.org\/#\/schema\/logo\/image\/","url":"https:\/\/egyptologyencyclopedia.org\/wp-content\/uploads\/2025\/10\/cropped-Misirbilim-Ansiklopedisi-2.png","contentUrl":"https:\/\/egyptologyencyclopedia.org\/wp-content\/uploads\/2025\/10\/cropped-Misirbilim-Ansiklopedisi-2.png","width":181,"height":73,"caption":"M\u0131s\u0131rbilim Ansiklopedisi - Egyptology Encyclopedia"},"image":{"@id":"https:\/\/egyptologyencyclopedia.org\/#\/schema\/logo\/image\/"}}]}},"_hostinger_reach_plugin_has_subscription_block":false,"_hostinger_reach_plugin_is_elementor":false,"uagb_featured_image_src":{"full":false,"thumbnail":false,"medium":false,"medium_large":false,"large":false,"1536x1536":false,"2048x2048":false,"trp-custom-language-flag":false,"post_slider_layout_landscape_large":false,"post_slider_layout_portrait_large":false,"post_slider_layout_square_large":false,"post_slider_layout_landscape":false,"post_slider_layout_portrait":false,"post_slider_layout_square":false,"archaeology-museums-pro-homepage-thumb":false,"mailpoet_newsletter_max":false,"vw-gallery-image-medium":false},"uagb_author_info":{"display_name":"Birkan Ayaz","author_link":"https:\/\/egyptologyencyclopedia.org\/de\/author\/birkanayaz26\/"},"uagb_comment_info":0,"uagb_excerpt":"Kral Yakla\u015f\u0131k H\u00fck\u00fcmdarl\u0131k Y\u0131llar\u0131 Notlar I. Amenemhat M\u00d6 1985 &#8211; M\u00d6 1956 Hanedan\u0131n kurucusudur. M\u0131s\u0131r&#8217;\u0131n ba\u015fkentini g\u00fcneye ta\u015f\u0131yarak y\u00f6netimi merkezile\u015ftirdi. I. Senusret M\u00d6 1965 &#8211; M\u00d6 1920 Y\u00f6netimi o\u011fluyla payla\u015farak ortak h\u00fck\u00fcmdarl\u0131k sistemini ba\u015flatt\u0131. II. Amenemhat M\u00d6 1922 &#8211; M\u00d6 1878 H\u00fck\u00fcmdarl\u0131\u011f\u0131 s\u0131ras\u0131nda ticaretin geli\u015fti\u011fi bar\u0131\u015f\u00e7\u0131l bir d\u00f6nem ya\u015fand\u0131. II. Senusret M\u00d6 1897 &#8211; M\u00d6&hellip;","jetpack_sharing_enabled":true,"_links":{"self":[{"href":"https:\/\/egyptologyencyclopedia.org\/de\/wp-json\/wp\/v2\/pages\/3055","targetHints":{"allow":["GET"]}}],"collection":[{"href":"https:\/\/egyptologyencyclopedia.org\/de\/wp-json\/wp\/v2\/pages"}],"about":[{"href":"https:\/\/egyptologyencyclopedia.org\/de\/wp-json\/wp\/v2\/types\/page"}],"author":[{"embeddable":true,"href":"https:\/\/egyptologyencyclopedia.org\/de\/wp-json\/wp\/v2\/users\/1"}],"replies":[{"embeddable":true,"href":"https:\/\/egyptologyencyclopedia.org\/de\/wp-json\/wp\/v2\/comments?post=3055"}],"version-history":[{"count":3,"href":"https:\/\/egyptologyencyclopedia.org\/de\/wp-json\/wp\/v2\/pages\/3055\/revisions"}],"predecessor-version":[{"id":5930,"href":"https:\/\/egyptologyencyclopedia.org\/de\/wp-json\/wp\/v2\/pages\/3055\/revisions\/5930"}],"up":[{"embeddable":true,"href":"https:\/\/egyptologyencyclopedia.org\/de\/wp-json\/wp\/v2\/pages\/4863"}],"wp:attachment":[{"href":"https:\/\/egyptologyencyclopedia.org\/de\/wp-json\/wp\/v2\/media?parent=3055"}],"curies":[{"name":"wp","href":"https:\/\/api.w.org\/{rel}","templated":true}]}}