{"id":3051,"date":"2025-10-20T10:38:14","date_gmt":"2025-10-20T10:38:14","guid":{"rendered":"https:\/\/egyptologyencyclopedia.org\/?page_id=3051"},"modified":"2026-03-21T02:07:29","modified_gmt":"2026-03-21T02:07:29","slug":"misir-xi-hanedan-krallari-mo-2125-mo-1985","status":"publish","type":"page","link":"https:\/\/egyptologyencyclopedia.org\/de\/antik-misir-krallari\/misir-xi-hanedan-krallari-mo-2125-mo-1985\/","title":{"rendered":"M\u0131s\u0131r XI. Hanedan Krallar\u0131 (M\u00d6 2125 &#8211; M\u00d6 1985)"},"content":{"rendered":"<figure class=\"wp-block-table is-style-stripes\"><table class=\"has-black-color has-text-color has-link-color has-fixed-layout\"><tbody><tr><td><strong>Kral<\/strong><\/td><td><strong>Yakla\u015f\u0131k H\u00fck\u00fcmdarl\u0131k Y\u0131llar\u0131<\/strong><\/td><td><strong>Notlar<\/strong><\/td><\/tr><tr><td><a href=\"https:\/\/egyptologyencyclopedia.org\/de\/i-mentuhotep\/\" type=\"post\" id=\"6214\">I. Mentuhotep<\/a><\/td><td>yakl. M\u00d6 2134<\/td><td>Hanedan\u0131n Kurucusu<\/td><\/tr><tr><td><a href=\"https:\/\/egyptologyencyclopedia.org\/de\/i-intef\/\">I. Intef<\/a><\/td><td>M\u00d6 2125 &#8211; M\u00d6 2112<\/td><td>Thebes merkezli 11. Hanedan&#8217;\u0131n ilk kral\u0131d\u0131r.<\/td><\/tr><tr><td><a href=\"https:\/\/egyptologyencyclopedia.org\/de\/ii-intef\/\">II. Intef<\/a><\/td><td>M\u00d6 2112 &#8211; M\u00d6 2063<\/td><td>Yukar\u0131 M\u0131s\u0131r&#8217;\u0131 kontrol alt\u0131na alarak hanedan\u0131n g\u00fcc\u00fcn\u00fc art\u0131rm\u0131\u015ft\u0131r.<\/td><\/tr><tr><td><a href=\"https:\/\/egyptologyencyclopedia.org\/de\/iii-intef\/\">III. Intef<\/a><\/td><td>M\u00d6 2063 &#8211; M\u00d6 2055<\/td><td>H\u00fck\u00fcmdarl\u0131\u011f\u0131 s\u0131ras\u0131nda hanedan\u0131n s\u0131n\u0131rlar\u0131 geni\u015flemi\u015ftir.<\/td><\/tr><tr><td><a href=\"https:\/\/egyptologyencyclopedia.org\/de\/ii-mentuhotep\/\">II. Mentuhotep<\/a><\/td><td>M\u00d6 2055 &#8211; M\u00d6 2004<\/td><td>M\u0131s\u0131r&#8217;\u0131 yeniden birle\u015ftirerek Birinci Ara D\u00f6nem&#8217;i sonland\u0131rm\u0131\u015f ve Orta Krall\u0131k&#8217;\u0131 kurmu\u015ftur.<\/td><\/tr><tr><td><a href=\"https:\/\/egyptologyencyclopedia.org\/de\/iii-mentuhotep\/\" type=\"post\" id=\"6208\">III. Mentuhotep<\/a><\/td><td>M\u00d6 2004 &#8211; M\u00d6 1992<\/td><td>D\u00f6neminde deniz ticaretini geli\u015ftirmi\u015ftir.<\/td><\/tr><tr><td><a href=\"https:\/\/egyptologyencyclopedia.org\/de\/iv-mentuhotep\/\">IV. Mentuhotep<\/a><\/td><td>M\u00d6 1992 &#8211; M\u00d6 1985<\/td><td>Hanedan\u0131n son kral\u0131 oldu\u011fu d\u00fc\u015f\u00fcn\u00fclmektedir.<\/td><\/tr><\/tbody><\/table><\/figure>\n\n\n\n<p><\/p>","protected":false},"excerpt":{"rendered":"<p>Kral Yakla\u015f\u0131k H\u00fck\u00fcmdarl\u0131k Y\u0131llar\u0131 Notlar I. Mentuhotep yakl. M\u00d6 2134 Hanedan\u0131n Kurucusu I. Intef M\u00d6 2125 &#8211; M\u00d6 2112 Thebes merkezli 11. Hanedan&#8217;\u0131n ilk kral\u0131d\u0131r. II. Intef M\u00d6 2112 &#8211; M\u00d6 2063 Yukar\u0131 M\u0131s\u0131r&#8217;\u0131 kontrol alt\u0131na alarak hanedan\u0131n g\u00fcc\u00fcn\u00fc art\u0131rm\u0131\u015ft\u0131r. III. Intef M\u00d6 2063 &#8211; M\u00d6 2055 H\u00fck\u00fcmdarl\u0131\u011f\u0131 s\u0131ras\u0131nda hanedan\u0131n s\u0131n\u0131rlar\u0131 geni\u015flemi\u015ftir. II. Mentuhotep M\u00d6 &hellip; <\/p>\n<p class=\"link-more\"><a href=\"https:\/\/egyptologyencyclopedia.org\/de\/antik-misir-krallari\/misir-xi-hanedan-krallari-mo-2125-mo-1985\/\" class=\"more-link\">Continue reading<span class=\"screen-reader-text\"> &#8220;M\u0131s\u0131r XI. Hanedan Krallar\u0131 (M\u00d6 2125 &#8211; M\u00d6 1985)&#8221;<\/span><\/a><\/p>","protected":false},"author":1,"featured_media":0,"parent":4863,"menu_order":0,"comment_status":"closed","ping_status":"closed","template":"","meta":{"_regular_price":[],"currency_symbol":[],"_uag_custom_page_level_css":"","jetpack_post_was_ever_published":false,"footnotes":""},"class_list":["post-3051","page","type-page","status-publish","hentry"],"post_slider_layout_featured_media_urls":{"thumbnail":"","post_slider_layout_landscape_large":"","post_slider_layout_portrait_large":"","post_slider_layout_square_large":"","post_slider_layout_landscape":"","post_slider_layout_portrait":"","post_slider_layout_square":"","full":""},"yoast_head":"<!-- This site is optimized with the Yoast SEO plugin v27.4 - https:\/\/yoast.com\/product\/yoast-seo-wordpress\/ -->\n<title>M\u0131s\u0131r XI. Hanedan Krallar\u0131 (M\u00d6 2125 - M\u00d6 1985) - M\u0131s\u0131rbilim Ansiklopedisi - Egyptology Encyclopedia<\/title>\n<meta name=\"description\" content=\"M\u0131s\u0131r XI. Hanedan Krallar\u0131 (M\u00d6 2125 - M\u00d6 1985) Mentuhotep yakl. M\u00d6 2134 Hanedan\u0131n Kurucusu I.Intef M\u00d6 2125 - M\u00d6 2112 Thebes merkezli 11. Hanedan&#039;\u0131n ilk kral\u0131d\u0131r. II. Intef M\u00d6 2112 - M\u00d6 2063Yukar\u0131 M\u0131s\u0131r&#039;\u0131 kontrol alt\u0131na alarak hanedan\u0131n g\u00fcc\u00fcn\u00fc art\u0131rm\u0131\u015ft\u0131r. III. Intef M\u00d6 2063 - M\u00d6 2055H\u00fck\u00fcmdarl\u0131\u011f\u0131 s\u0131ras\u0131nda hanedan\u0131n s\u0131n\u0131rlar\u0131 geni\u015flemi\u015ftir. II. Mentuhotep M\u00d6 2055 - M\u00d6 2004 M\u0131s\u0131r&#039;\u0131 yeniden birle\u015ftirerek Birinci Ara D\u00f6nemi sonland\u0131rm\u0131\u015f ve Orta Krall\u0131\u011f\u0131 kurmu\u015ftur. III. Mentuhotep M\u00d6 2004 - M\u00d6 1992D\u00f6neminde deniz ticaretini geli\u015ftirmi\u015ftir.IV. MentuhotepM\u00d6 1992 - M\u00d6 1985Hanedan\u0131n son kral\u0131 oldu\u011fu d\u00fc\u015f\u00fcn\u00fclmektedir.\" \/>\n<meta name=\"robots\" content=\"index, follow, max-snippet:-1, max-image-preview:large, max-video-preview:-1\" \/>\n<link rel=\"canonical\" href=\"https:\/\/egyptologyencyclopedia.org\/de\/antik-misir-krallari\/misir-xi-hanedan-krallari-mo-2125-mo-1985\/\" \/>\n<meta property=\"og:locale\" content=\"de_DE\" \/>\n<meta property=\"og:type\" content=\"article\" \/>\n<meta property=\"og:title\" content=\"M\u0131s\u0131r XI. Hanedan Krallar\u0131 (M\u00d6 2125 - M\u00d6 1985) - M\u0131s\u0131rbilim Ansiklopedisi - Egyptology Encyclopedia\" \/>\n<meta property=\"og:description\" content=\"M\u0131s\u0131r XI. Hanedan Krallar\u0131 (M\u00d6 2125 - M\u00d6 1985) Mentuhotep yakl. M\u00d6 2134 Hanedan\u0131n Kurucusu I.Intef M\u00d6 2125 - M\u00d6 2112 Thebes merkezli 11. Hanedan&#039;\u0131n ilk kral\u0131d\u0131r. II. Intef M\u00d6 2112 - M\u00d6 2063Yukar\u0131 M\u0131s\u0131r&#039;\u0131 kontrol alt\u0131na alarak hanedan\u0131n g\u00fcc\u00fcn\u00fc art\u0131rm\u0131\u015ft\u0131r. III. Intef M\u00d6 2063 - M\u00d6 2055H\u00fck\u00fcmdarl\u0131\u011f\u0131 s\u0131ras\u0131nda hanedan\u0131n s\u0131n\u0131rlar\u0131 geni\u015flemi\u015ftir. II. Mentuhotep M\u00d6 2055 - M\u00d6 2004 M\u0131s\u0131r&#039;\u0131 yeniden birle\u015ftirerek Birinci Ara D\u00f6nemi sonland\u0131rm\u0131\u015f ve Orta Krall\u0131\u011f\u0131 kurmu\u015ftur. III. Mentuhotep M\u00d6 2004 - M\u00d6 1992D\u00f6neminde deniz ticaretini geli\u015ftirmi\u015ftir.IV. MentuhotepM\u00d6 1992 - M\u00d6 1985Hanedan\u0131n son kral\u0131 oldu\u011fu d\u00fc\u015f\u00fcn\u00fclmektedir.\" \/>\n<meta property=\"og:url\" content=\"https:\/\/egyptologyencyclopedia.org\/de\/antik-misir-krallari\/misir-xi-hanedan-krallari-mo-2125-mo-1985\/\" \/>\n<meta property=\"og:site_name\" content=\"M\u0131s\u0131rbilim Ansiklopedisi - Egyptology Encyclopedia\" \/>\n<meta property=\"article:modified_time\" content=\"2026-03-21T02:07:29+00:00\" \/>\n<meta name=\"twitter:card\" content=\"summary_large_image\" \/>\n<meta name=\"twitter:label1\" content=\"Gesch\u00e4tzte Lesezeit\" \/>\n\t<meta name=\"twitter:data1\" content=\"1\u00a0Minute\" \/>\n<script type=\"application\/ld+json\" class=\"yoast-schema-graph\">{\"@context\":\"https:\\\/\\\/schema.org\",\"@graph\":[{\"@type\":\"WebPage\",\"@id\":\"https:\\\/\\\/egyptologyencyclopedia.org\\\/antik-misir-krallari\\\/misir-xi-hanedan-krallari-mo-2125-mo-1985\\\/\",\"url\":\"https:\\\/\\\/egyptologyencyclopedia.org\\\/antik-misir-krallari\\\/misir-xi-hanedan-krallari-mo-2125-mo-1985\\\/\",\"name\":\"M\u0131s\u0131r XI. Hanedan Krallar\u0131 (M\u00d6 2125 - M\u00d6 1985) - M\u0131s\u0131rbilim Ansiklopedisi - Egyptology Encyclopedia\",\"isPartOf\":{\"@id\":\"https:\\\/\\\/egyptologyencyclopedia.org\\\/#website\"},\"datePublished\":\"2025-10-20T10:38:14+00:00\",\"dateModified\":\"2026-03-21T02:07:29+00:00\",\"description\":\"M\u0131s\u0131r XI. Hanedan Krallar\u0131 (M\u00d6 2125 - M\u00d6 1985) Mentuhotep yakl. M\u00d6 2134 Hanedan\u0131n Kurucusu I.Intef M\u00d6 2125 - M\u00d6 2112 Thebes merkezli 11. Hanedan'\u0131n ilk kral\u0131d\u0131r. II. Intef M\u00d6 2112 - M\u00d6 2063Yukar\u0131 M\u0131s\u0131r'\u0131 kontrol alt\u0131na alarak hanedan\u0131n g\u00fcc\u00fcn\u00fc art\u0131rm\u0131\u015ft\u0131r. III. Intef M\u00d6 2063 - M\u00d6 2055H\u00fck\u00fcmdarl\u0131\u011f\u0131 s\u0131ras\u0131nda hanedan\u0131n s\u0131n\u0131rlar\u0131 geni\u015flemi\u015ftir. II. Mentuhotep M\u00d6 2055 - M\u00d6 2004 M\u0131s\u0131r'\u0131 yeniden birle\u015ftirerek Birinci Ara D\u00f6nemi sonland\u0131rm\u0131\u015f ve Orta Krall\u0131\u011f\u0131 kurmu\u015ftur. III. Mentuhotep M\u00d6 2004 - M\u00d6 1992D\u00f6neminde deniz ticaretini geli\u015ftirmi\u015ftir.IV. MentuhotepM\u00d6 1992 - M\u00d6 1985Hanedan\u0131n son kral\u0131 oldu\u011fu d\u00fc\u015f\u00fcn\u00fclmektedir.\",\"breadcrumb\":{\"@id\":\"https:\\\/\\\/egyptologyencyclopedia.org\\\/antik-misir-krallari\\\/misir-xi-hanedan-krallari-mo-2125-mo-1985\\\/#breadcrumb\"},\"inLanguage\":\"de\",\"potentialAction\":[{\"@type\":\"ReadAction\",\"target\":[\"https:\\\/\\\/egyptologyencyclopedia.org\\\/antik-misir-krallari\\\/misir-xi-hanedan-krallari-mo-2125-mo-1985\\\/\"]}]},{\"@type\":\"BreadcrumbList\",\"@id\":\"https:\\\/\\\/egyptologyencyclopedia.org\\\/antik-misir-krallari\\\/misir-xi-hanedan-krallari-mo-2125-mo-1985\\\/#breadcrumb\",\"itemListElement\":[{\"@type\":\"ListItem\",\"position\":1,\"name\":\"Anasayfa\",\"item\":\"https:\\\/\\\/saddlebrown-ant-958972.hostingersite.com\\\/de\\\/\"},{\"@type\":\"ListItem\",\"position\":2,\"name\":\"Antik M\u0131s\u0131r Krallar\u0131\",\"item\":\"https:\\\/\\\/saddlebrown-ant-958972.hostingersite.com\\\/de\\\/antik-misir-krallari\\\/\"},{\"@type\":\"ListItem\",\"position\":3,\"name\":\"M\u0131s\u0131r XI. Hanedan Krallar\u0131 (M\u00d6 2125 &#8211; M\u00d6 1985)\"}]},{\"@type\":\"WebSite\",\"@id\":\"https:\\\/\\\/egyptologyencyclopedia.org\\\/#website\",\"url\":\"https:\\\/\\\/egyptologyencyclopedia.org\\\/\",\"name\":\"M\u0131s\u0131rbilim Ansiklopedisi - Egyptology Encyclopedia\",\"description\":\"\",\"publisher\":{\"@id\":\"https:\\\/\\\/egyptologyencyclopedia.org\\\/#organization\"},\"potentialAction\":[{\"@type\":\"SearchAction\",\"target\":{\"@type\":\"EntryPoint\",\"urlTemplate\":\"https:\\\/\\\/egyptologyencyclopedia.org\\\/?s={search_term_string}\"},\"query-input\":{\"@type\":\"PropertyValueSpecification\",\"valueRequired\":true,\"valueName\":\"search_term_string\"}}],\"inLanguage\":\"de\"},{\"@type\":\"Organization\",\"@id\":\"https:\\\/\\\/egyptologyencyclopedia.org\\\/#organization\",\"name\":\"M\u0131s\u0131rbilim Ansiklopedisi - Egyptology Encyclopedia\",\"url\":\"https:\\\/\\\/egyptologyencyclopedia.org\\\/\",\"logo\":{\"@type\":\"ImageObject\",\"inLanguage\":\"de\",\"@id\":\"https:\\\/\\\/egyptologyencyclopedia.org\\\/#\\\/schema\\\/logo\\\/image\\\/\",\"url\":\"https:\\\/\\\/egyptologyencyclopedia.org\\\/wp-content\\\/uploads\\\/2025\\\/10\\\/cropped-Misirbilim-Ansiklopedisi-2.png\",\"contentUrl\":\"https:\\\/\\\/egyptologyencyclopedia.org\\\/wp-content\\\/uploads\\\/2025\\\/10\\\/cropped-Misirbilim-Ansiklopedisi-2.png\",\"width\":181,\"height\":73,\"caption\":\"M\u0131s\u0131rbilim Ansiklopedisi - Egyptology Encyclopedia\"},\"image\":{\"@id\":\"https:\\\/\\\/egyptologyencyclopedia.org\\\/#\\\/schema\\\/logo\\\/image\\\/\"}}]}<\/script>\n<!-- \/ Yoast SEO plugin. -->","yoast_head_json":{"title":"M\u0131s\u0131r XI. Hanedan Krallar\u0131 (M\u00d6 2125 - M\u00d6 1985) - M\u0131s\u0131rbilim Ansiklopedisi - Egyptology Encyclopedia","description":"M\u0131s\u0131r XI. Hanedan Krallar\u0131 (M\u00d6 2125 - M\u00d6 1985) Mentuhotep yakl. M\u00d6 2134 Hanedan\u0131n Kurucusu I.Intef M\u00d6 2125 - M\u00d6 2112 Thebes merkezli 11. Hanedan'\u0131n ilk kral\u0131d\u0131r. II. Intef M\u00d6 2112 - M\u00d6 2063Yukar\u0131 M\u0131s\u0131r'\u0131 kontrol alt\u0131na alarak hanedan\u0131n g\u00fcc\u00fcn\u00fc art\u0131rm\u0131\u015ft\u0131r. III. Intef M\u00d6 2063 - M\u00d6 2055H\u00fck\u00fcmdarl\u0131\u011f\u0131 s\u0131ras\u0131nda hanedan\u0131n s\u0131n\u0131rlar\u0131 geni\u015flemi\u015ftir. II. Mentuhotep M\u00d6 2055 - M\u00d6 2004 M\u0131s\u0131r'\u0131 yeniden birle\u015ftirerek Birinci Ara D\u00f6nemi sonland\u0131rm\u0131\u015f ve Orta Krall\u0131\u011f\u0131 kurmu\u015ftur. III. Mentuhotep M\u00d6 2004 - M\u00d6 1992D\u00f6neminde deniz ticaretini geli\u015ftirmi\u015ftir.IV. MentuhotepM\u00d6 1992 - M\u00d6 1985Hanedan\u0131n son kral\u0131 oldu\u011fu d\u00fc\u015f\u00fcn\u00fclmektedir.","robots":{"index":"index","follow":"follow","max-snippet":"max-snippet:-1","max-image-preview":"max-image-preview:large","max-video-preview":"max-video-preview:-1"},"canonical":"https:\/\/egyptologyencyclopedia.org\/de\/antik-misir-krallari\/misir-xi-hanedan-krallari-mo-2125-mo-1985\/","og_locale":"de_DE","og_type":"article","og_title":"M\u0131s\u0131r XI. Hanedan Krallar\u0131 (M\u00d6 2125 - M\u00d6 1985) - M\u0131s\u0131rbilim Ansiklopedisi - Egyptology Encyclopedia","og_description":"M\u0131s\u0131r XI. Hanedan Krallar\u0131 (M\u00d6 2125 - M\u00d6 1985) Mentuhotep yakl. M\u00d6 2134 Hanedan\u0131n Kurucusu I.Intef M\u00d6 2125 - M\u00d6 2112 Thebes merkezli 11. Hanedan'\u0131n ilk kral\u0131d\u0131r. II. Intef M\u00d6 2112 - M\u00d6 2063Yukar\u0131 M\u0131s\u0131r'\u0131 kontrol alt\u0131na alarak hanedan\u0131n g\u00fcc\u00fcn\u00fc art\u0131rm\u0131\u015ft\u0131r. III. Intef M\u00d6 2063 - M\u00d6 2055H\u00fck\u00fcmdarl\u0131\u011f\u0131 s\u0131ras\u0131nda hanedan\u0131n s\u0131n\u0131rlar\u0131 geni\u015flemi\u015ftir. II. Mentuhotep M\u00d6 2055 - M\u00d6 2004 M\u0131s\u0131r'\u0131 yeniden birle\u015ftirerek Birinci Ara D\u00f6nemi sonland\u0131rm\u0131\u015f ve Orta Krall\u0131\u011f\u0131 kurmu\u015ftur. III. Mentuhotep M\u00d6 2004 - M\u00d6 1992D\u00f6neminde deniz ticaretini geli\u015ftirmi\u015ftir.IV. MentuhotepM\u00d6 1992 - M\u00d6 1985Hanedan\u0131n son kral\u0131 oldu\u011fu d\u00fc\u015f\u00fcn\u00fclmektedir.","og_url":"https:\/\/egyptologyencyclopedia.org\/de\/antik-misir-krallari\/misir-xi-hanedan-krallari-mo-2125-mo-1985\/","og_site_name":"M\u0131s\u0131rbilim Ansiklopedisi - Egyptology Encyclopedia","article_modified_time":"2026-03-21T02:07:29+00:00","twitter_card":"summary_large_image","twitter_misc":{"Gesch\u00e4tzte Lesezeit":"1\u00a0Minute"},"schema":{"@context":"https:\/\/schema.org","@graph":[{"@type":"WebPage","@id":"https:\/\/egyptologyencyclopedia.org\/antik-misir-krallari\/misir-xi-hanedan-krallari-mo-2125-mo-1985\/","url":"https:\/\/egyptologyencyclopedia.org\/antik-misir-krallari\/misir-xi-hanedan-krallari-mo-2125-mo-1985\/","name":"M\u0131s\u0131r XI. Hanedan Krallar\u0131 (M\u00d6 2125 - M\u00d6 1985) - M\u0131s\u0131rbilim Ansiklopedisi - Egyptology Encyclopedia","isPartOf":{"@id":"https:\/\/egyptologyencyclopedia.org\/#website"},"datePublished":"2025-10-20T10:38:14+00:00","dateModified":"2026-03-21T02:07:29+00:00","description":"M\u0131s\u0131r XI. Hanedan Krallar\u0131 (M\u00d6 2125 - M\u00d6 1985) Mentuhotep yakl. M\u00d6 2134 Hanedan\u0131n Kurucusu I.Intef M\u00d6 2125 - M\u00d6 2112 Thebes merkezli 11. Hanedan'\u0131n ilk kral\u0131d\u0131r. II. Intef M\u00d6 2112 - M\u00d6 2063Yukar\u0131 M\u0131s\u0131r'\u0131 kontrol alt\u0131na alarak hanedan\u0131n g\u00fcc\u00fcn\u00fc art\u0131rm\u0131\u015ft\u0131r. III. Intef M\u00d6 2063 - M\u00d6 2055H\u00fck\u00fcmdarl\u0131\u011f\u0131 s\u0131ras\u0131nda hanedan\u0131n s\u0131n\u0131rlar\u0131 geni\u015flemi\u015ftir. II. Mentuhotep M\u00d6 2055 - M\u00d6 2004 M\u0131s\u0131r'\u0131 yeniden birle\u015ftirerek Birinci Ara D\u00f6nemi sonland\u0131rm\u0131\u015f ve Orta Krall\u0131\u011f\u0131 kurmu\u015ftur. III. Mentuhotep M\u00d6 2004 - M\u00d6 1992D\u00f6neminde deniz ticaretini geli\u015ftirmi\u015ftir.IV. MentuhotepM\u00d6 1992 - M\u00d6 1985Hanedan\u0131n son kral\u0131 oldu\u011fu d\u00fc\u015f\u00fcn\u00fclmektedir.","breadcrumb":{"@id":"https:\/\/egyptologyencyclopedia.org\/antik-misir-krallari\/misir-xi-hanedan-krallari-mo-2125-mo-1985\/#breadcrumb"},"inLanguage":"de","potentialAction":[{"@type":"ReadAction","target":["https:\/\/egyptologyencyclopedia.org\/antik-misir-krallari\/misir-xi-hanedan-krallari-mo-2125-mo-1985\/"]}]},{"@type":"BreadcrumbList","@id":"https:\/\/egyptologyencyclopedia.org\/antik-misir-krallari\/misir-xi-hanedan-krallari-mo-2125-mo-1985\/#breadcrumb","itemListElement":[{"@type":"ListItem","position":1,"name":"Anasayfa","item":"https:\/\/saddlebrown-ant-958972.hostingersite.com\/de\/"},{"@type":"ListItem","position":2,"name":"Antik M\u0131s\u0131r Krallar\u0131","item":"https:\/\/saddlebrown-ant-958972.hostingersite.com\/de\/antik-misir-krallari\/"},{"@type":"ListItem","position":3,"name":"M\u0131s\u0131r XI. Hanedan Krallar\u0131 (M\u00d6 2125 &#8211; M\u00d6 1985)"}]},{"@type":"WebSite","@id":"https:\/\/egyptologyencyclopedia.org\/#website","url":"https:\/\/egyptologyencyclopedia.org\/","name":"M\u0131s\u0131rbilim Ansiklopedisi - Egyptology Encyclopedia","description":"","publisher":{"@id":"https:\/\/egyptologyencyclopedia.org\/#organization"},"potentialAction":[{"@type":"SearchAction","target":{"@type":"EntryPoint","urlTemplate":"https:\/\/egyptologyencyclopedia.org\/?s={search_term_string}"},"query-input":{"@type":"PropertyValueSpecification","valueRequired":true,"valueName":"search_term_string"}}],"inLanguage":"de"},{"@type":"Organization","@id":"https:\/\/egyptologyencyclopedia.org\/#organization","name":"M\u0131s\u0131rbilim Ansiklopedisi - Egyptology Encyclopedia","url":"https:\/\/egyptologyencyclopedia.org\/","logo":{"@type":"ImageObject","inLanguage":"de","@id":"https:\/\/egyptologyencyclopedia.org\/#\/schema\/logo\/image\/","url":"https:\/\/egyptologyencyclopedia.org\/wp-content\/uploads\/2025\/10\/cropped-Misirbilim-Ansiklopedisi-2.png","contentUrl":"https:\/\/egyptologyencyclopedia.org\/wp-content\/uploads\/2025\/10\/cropped-Misirbilim-Ansiklopedisi-2.png","width":181,"height":73,"caption":"M\u0131s\u0131rbilim Ansiklopedisi - Egyptology Encyclopedia"},"image":{"@id":"https:\/\/egyptologyencyclopedia.org\/#\/schema\/logo\/image\/"}}]}},"_hostinger_reach_plugin_has_subscription_block":false,"_hostinger_reach_plugin_is_elementor":false,"uagb_featured_image_src":{"full":false,"thumbnail":false,"medium":false,"medium_large":false,"large":false,"1536x1536":false,"2048x2048":false,"trp-custom-language-flag":false,"post_slider_layout_landscape_large":false,"post_slider_layout_portrait_large":false,"post_slider_layout_square_large":false,"post_slider_layout_landscape":false,"post_slider_layout_portrait":false,"post_slider_layout_square":false,"archaeology-museums-pro-homepage-thumb":false,"mailpoet_newsletter_max":false,"vw-gallery-image-medium":false},"uagb_author_info":{"display_name":"Birkan Ayaz","author_link":"https:\/\/egyptologyencyclopedia.org\/de\/author\/birkanayaz26\/"},"uagb_comment_info":0,"uagb_excerpt":"Kral Yakla\u015f\u0131k H\u00fck\u00fcmdarl\u0131k Y\u0131llar\u0131 Notlar I. Mentuhotep yakl. M\u00d6 2134 Hanedan\u0131n Kurucusu I. Intef M\u00d6 2125 &#8211; M\u00d6 2112 Thebes merkezli 11. Hanedan&#8217;\u0131n ilk kral\u0131d\u0131r. II. Intef M\u00d6 2112 &#8211; M\u00d6 2063 Yukar\u0131 M\u0131s\u0131r&#8217;\u0131 kontrol alt\u0131na alarak hanedan\u0131n g\u00fcc\u00fcn\u00fc art\u0131rm\u0131\u015ft\u0131r. III. Intef M\u00d6 2063 &#8211; M\u00d6 2055 H\u00fck\u00fcmdarl\u0131\u011f\u0131 s\u0131ras\u0131nda hanedan\u0131n s\u0131n\u0131rlar\u0131 geni\u015flemi\u015ftir. II. Mentuhotep M\u00d6&hellip;","jetpack_sharing_enabled":true,"_links":{"self":[{"href":"https:\/\/egyptologyencyclopedia.org\/de\/wp-json\/wp\/v2\/pages\/3051","targetHints":{"allow":["GET"]}}],"collection":[{"href":"https:\/\/egyptologyencyclopedia.org\/de\/wp-json\/wp\/v2\/pages"}],"about":[{"href":"https:\/\/egyptologyencyclopedia.org\/de\/wp-json\/wp\/v2\/types\/page"}],"author":[{"embeddable":true,"href":"https:\/\/egyptologyencyclopedia.org\/de\/wp-json\/wp\/v2\/users\/1"}],"replies":[{"embeddable":true,"href":"https:\/\/egyptologyencyclopedia.org\/de\/wp-json\/wp\/v2\/comments?post=3051"}],"version-history":[{"count":5,"href":"https:\/\/egyptologyencyclopedia.org\/de\/wp-json\/wp\/v2\/pages\/3051\/revisions"}],"predecessor-version":[{"id":6216,"href":"https:\/\/egyptologyencyclopedia.org\/de\/wp-json\/wp\/v2\/pages\/3051\/revisions\/6216"}],"up":[{"embeddable":true,"href":"https:\/\/egyptologyencyclopedia.org\/de\/wp-json\/wp\/v2\/pages\/4863"}],"wp:attachment":[{"href":"https:\/\/egyptologyencyclopedia.org\/de\/wp-json\/wp\/v2\/media?parent=3051"}],"curies":[{"name":"wp","href":"https:\/\/api.w.org\/{rel}","templated":true}]}}