{"id":3041,"date":"2025-08-31T18:17:59","date_gmt":"2025-08-31T15:17:59","guid":{"rendered":"https:\/\/egyptologyencyclopedia.org\/?page_id=3041"},"modified":"2026-02-24T14:14:24","modified_gmt":"2026-02-24T14:14:24","slug":"misir-vi-hanedan-krallari-mo-2345-mo-2181","status":"publish","type":"page","link":"https:\/\/egyptologyencyclopedia.org\/de\/antik-misir-krallari\/misir-vi-hanedan-krallari-mo-2345-mo-2181\/","title":{"rendered":"M\u0131s\u0131r VI. Hanedan Krallar\u0131 (M\u00d6 2345 &#8211; M\u00d6 2181)"},"content":{"rendered":"<figure class=\"wp-block-table is-style-stripes has-pt-serif-font-family\"><table class=\"has-black-color has-text-color has-link-color has-fixed-layout\"><tbody><tr><td><strong>Kral<\/strong><\/td><td><strong>Yakla\u015f\u0131k H\u00fck\u00fcmdarl\u0131k Y\u0131llar\u0131<\/strong><\/td><td><strong>Notlar<\/strong><\/td><\/tr><tr><td><a href=\"https:\/\/egyptologyencyclopedia.org\/de\/teti\/\" type=\"post\" id=\"1553\">Teti<\/a><\/td><td>M\u00d6 2345 &#8211; M\u00d6 2333<\/td><td>Hanedan\u0131n kurucusu ve veziri Mereruka&#8217;n\u0131n g\u00f6rkemli mezar\u0131ndan bilinir.<\/td><\/tr><tr><td><a href=\"https:\/\/egyptologyencyclopedia.org\/de\/userkare\/\" type=\"post\" id=\"1555\">Userkare<\/a><\/td><td>M\u00d6 2333 &#8211; M\u00d6 2332<\/td><td>Hakk\u0131nda \u00e7ok az bilgi bulunan k\u0131sa s\u00fcreli bir h\u00fck\u00fcmdard\u0131r.<\/td><\/tr><tr><td><a href=\"https:\/\/egyptologyencyclopedia.org\/de\/pepi-meryre\/\" type=\"post\" id=\"1557\">I. Pepi<\/a><\/td><td>M\u00d6 2332 &#8211; M\u00d6 2283 <\/td><td>Neredeyse 50 y\u0131l h\u00fck\u00fcm s\u00fcrm\u00fc\u015ft\u00fcr. Nil deltas\u0131nda ticaret ve maden operasyonlar\u0131 yapm\u0131\u015ft\u0131r.<\/td><\/tr><tr><td><a href=\"https:\/\/egyptologyencyclopedia.org\/de\/merenre-antyemsaf\/\" type=\"post\" id=\"1565\">I. Merenre Antyemsaf<\/a><\/td><td>M\u00d6 2283 &#8211; M\u00d6 2278<\/td><td>Gen\u00e7 ya\u015fta tahta ge\u00e7ti ve k\u0131sa bir h\u00fck\u00fcmdarl\u0131\u011f\u0131 oldu.<\/td><\/tr><tr><td><a href=\"https:\/\/egyptologyencyclopedia.org\/de\/pepi-neferkare\/\" type=\"post\" id=\"1561\">II. Pepi Neferkare<\/a><\/td><td>M\u00d6 2278 &#8211; M\u00d6 2184<\/td><td>94 y\u0131l ile tarihin bilinen en uzun s\u00fcre tahtta kalan h\u00fck\u00fcmdar\u0131d\u0131r. Uzun h\u00fck\u00fcmdarl\u0131\u011f\u0131 merkezi otoritenin zay\u0131flamas\u0131na yol a\u00e7m\u0131\u015ft\u0131r.<\/td><\/tr><tr><td>II. Merenre Nemtyemsaf <\/td><td>M\u00d6 2184 &#8211; M\u00d6 2181<\/td><td>Pepi II&#8217;den sonra sadece bir y\u0131l h\u00fck\u00fcm s\u00fcrm\u00fc\u015ft\u00fcr.<\/td><\/tr><\/tbody><\/table><\/figure>\n\n\n\n<div style=\"height:150px\" aria-hidden=\"true\" class=\"wp-block-spacer\"><\/div>","protected":false},"excerpt":{"rendered":"<p>Kral Yakla\u015f\u0131k H\u00fck\u00fcmdarl\u0131k Y\u0131llar\u0131 Notlar Teti M\u00d6 2345 &#8211; M\u00d6 2333 Hanedan\u0131n kurucusu ve veziri Mereruka&#8217;n\u0131n g\u00f6rkemli mezar\u0131ndan bilinir. Userkare M\u00d6 2333 &#8211; M\u00d6 2332 Hakk\u0131nda \u00e7ok az bilgi bulunan k\u0131sa s\u00fcreli bir h\u00fck\u00fcmdard\u0131r. I. Pepi M\u00d6 2332 &#8211; M\u00d6 2283 Neredeyse 50 y\u0131l h\u00fck\u00fcm s\u00fcrm\u00fc\u015ft\u00fcr. Nil deltas\u0131nda ticaret ve maden operasyonlar\u0131 yapm\u0131\u015ft\u0131r. I. Merenre &hellip; <\/p>\n<p class=\"link-more\"><a href=\"https:\/\/egyptologyencyclopedia.org\/de\/antik-misir-krallari\/misir-vi-hanedan-krallari-mo-2345-mo-2181\/\" class=\"more-link\">Continue reading<span class=\"screen-reader-text\"> &#8220;M\u0131s\u0131r VI. Hanedan Krallar\u0131 (M\u00d6 2345 &#8211; M\u00d6 2181)&#8221;<\/span><\/a><\/p>","protected":false},"author":1,"featured_media":3183,"parent":4863,"menu_order":0,"comment_status":"closed","ping_status":"closed","template":"","meta":{"_regular_price":[],"currency_symbol":[],"_uag_custom_page_level_css":"","jetpack_post_was_ever_published":false,"footnotes":""},"class_list":["post-3041","page","type-page","status-publish","has-post-thumbnail","hentry"],"post_slider_layout_featured_media_urls":{"thumbnail":"","post_slider_layout_landscape_large":"","post_slider_layout_portrait_large":"","post_slider_layout_square_large":"","post_slider_layout_landscape":"","post_slider_layout_portrait":"","post_slider_layout_square":"","full":""},"yoast_head":"<!-- This site is optimized with the Yoast SEO plugin v27.4 - https:\/\/yoast.com\/product\/yoast-seo-wordpress\/ -->\n<title>M\u0131s\u0131r VI. Hanedan Krallar\u0131 (M\u00d6 2345 - M\u00d6 2181) - M\u0131s\u0131rbilim Ansiklopedisi - Egyptology Encyclopedia<\/title>\n<meta name=\"robots\" content=\"index, follow, max-snippet:-1, max-image-preview:large, max-video-preview:-1\" \/>\n<link rel=\"canonical\" href=\"https:\/\/egyptologyencyclopedia.org\/de\/antik-misir-krallari\/misir-vi-hanedan-krallari-mo-2345-mo-2181\/\" \/>\n<meta property=\"og:locale\" content=\"de_DE\" \/>\n<meta property=\"og:type\" content=\"article\" \/>\n<meta property=\"og:title\" content=\"M\u0131s\u0131r VI. Hanedan Krallar\u0131 (M\u00d6 2345 - M\u00d6 2181) - M\u0131s\u0131rbilim Ansiklopedisi - Egyptology Encyclopedia\" \/>\n<meta property=\"og:description\" content=\"Kral Yakla\u015f\u0131k H\u00fck\u00fcmdarl\u0131k Y\u0131llar\u0131 Notlar Teti M\u00d6 2345 &#8211; M\u00d6 2333 Hanedan\u0131n kurucusu ve veziri Mereruka&#8217;n\u0131n g\u00f6rkemli mezar\u0131ndan bilinir. Userkare M\u00d6 2333 &#8211; M\u00d6 2332 Hakk\u0131nda \u00e7ok az bilgi bulunan k\u0131sa s\u00fcreli bir h\u00fck\u00fcmdard\u0131r. I. Pepi M\u00d6 2332 &#8211; M\u00d6 2283 Neredeyse 50 y\u0131l h\u00fck\u00fcm s\u00fcrm\u00fc\u015ft\u00fcr. Nil deltas\u0131nda ticaret ve maden operasyonlar\u0131 yapm\u0131\u015ft\u0131r. I. Merenre &hellip; Continue reading &quot;M\u0131s\u0131r VI. Hanedan Krallar\u0131 (M\u00d6 2345 &#8211; M\u00d6 2181)&quot;\" \/>\n<meta property=\"og:url\" content=\"https:\/\/egyptologyencyclopedia.org\/de\/antik-misir-krallari\/misir-vi-hanedan-krallari-mo-2345-mo-2181\/\" \/>\n<meta property=\"og:site_name\" content=\"M\u0131s\u0131rbilim Ansiklopedisi - Egyptology Encyclopedia\" \/>\n<meta property=\"article:modified_time\" content=\"2026-02-24T14:14:24+00:00\" \/>\n<meta name=\"twitter:card\" content=\"summary_large_image\" \/>\n<meta name=\"twitter:label1\" content=\"Gesch\u00e4tzte Lesezeit\" \/>\n\t<meta name=\"twitter:data1\" content=\"1\u00a0Minute\" \/>\n<script type=\"application\/ld+json\" class=\"yoast-schema-graph\">{\"@context\":\"https:\\\/\\\/schema.org\",\"@graph\":[{\"@type\":\"WebPage\",\"@id\":\"https:\\\/\\\/egyptologyencyclopedia.org\\\/antik-misir-krallari\\\/misir-vi-hanedan-krallari-mo-2345-mo-2181\\\/\",\"url\":\"https:\\\/\\\/egyptologyencyclopedia.org\\\/antik-misir-krallari\\\/misir-vi-hanedan-krallari-mo-2345-mo-2181\\\/\",\"name\":\"M\u0131s\u0131r VI. Hanedan Krallar\u0131 (M\u00d6 2345 - M\u00d6 2181) - M\u0131s\u0131rbilim Ansiklopedisi - Egyptology Encyclopedia\",\"isPartOf\":{\"@id\":\"https:\\\/\\\/egyptologyencyclopedia.org\\\/#website\"},\"primaryImageOfPage\":{\"@id\":\"https:\\\/\\\/egyptologyencyclopedia.org\\\/antik-misir-krallari\\\/misir-vi-hanedan-krallari-mo-2345-mo-2181\\\/#primaryimage\"},\"image\":{\"@id\":\"https:\\\/\\\/egyptologyencyclopedia.org\\\/antik-misir-krallari\\\/misir-vi-hanedan-krallari-mo-2345-mo-2181\\\/#primaryimage\"},\"thumbnailUrl\":\"\",\"datePublished\":\"2025-08-31T15:17:59+00:00\",\"dateModified\":\"2026-02-24T14:14:24+00:00\",\"breadcrumb\":{\"@id\":\"https:\\\/\\\/egyptologyencyclopedia.org\\\/antik-misir-krallari\\\/misir-vi-hanedan-krallari-mo-2345-mo-2181\\\/#breadcrumb\"},\"inLanguage\":\"de\",\"potentialAction\":[{\"@type\":\"ReadAction\",\"target\":[\"https:\\\/\\\/egyptologyencyclopedia.org\\\/antik-misir-krallari\\\/misir-vi-hanedan-krallari-mo-2345-mo-2181\\\/\"]}]},{\"@type\":\"ImageObject\",\"inLanguage\":\"de\",\"@id\":\"https:\\\/\\\/egyptologyencyclopedia.org\\\/antik-misir-krallari\\\/misir-vi-hanedan-krallari-mo-2345-mo-2181\\\/#primaryimage\",\"url\":\"\",\"contentUrl\":\"\"},{\"@type\":\"BreadcrumbList\",\"@id\":\"https:\\\/\\\/egyptologyencyclopedia.org\\\/antik-misir-krallari\\\/misir-vi-hanedan-krallari-mo-2345-mo-2181\\\/#breadcrumb\",\"itemListElement\":[{\"@type\":\"ListItem\",\"position\":1,\"name\":\"Anasayfa\",\"item\":\"https:\\\/\\\/saddlebrown-ant-958972.hostingersite.com\\\/de\\\/\"},{\"@type\":\"ListItem\",\"position\":2,\"name\":\"Antik M\u0131s\u0131r Krallar\u0131\",\"item\":\"https:\\\/\\\/saddlebrown-ant-958972.hostingersite.com\\\/de\\\/antik-misir-krallari\\\/\"},{\"@type\":\"ListItem\",\"position\":3,\"name\":\"M\u0131s\u0131r VI. Hanedan Krallar\u0131 (M\u00d6 2345 &#8211; M\u00d6 2181)\"}]},{\"@type\":\"WebSite\",\"@id\":\"https:\\\/\\\/egyptologyencyclopedia.org\\\/#website\",\"url\":\"https:\\\/\\\/egyptologyencyclopedia.org\\\/\",\"name\":\"M\u0131s\u0131rbilim Ansiklopedisi - Egyptology Encyclopedia\",\"description\":\"\",\"publisher\":{\"@id\":\"https:\\\/\\\/egyptologyencyclopedia.org\\\/#organization\"},\"potentialAction\":[{\"@type\":\"SearchAction\",\"target\":{\"@type\":\"EntryPoint\",\"urlTemplate\":\"https:\\\/\\\/egyptologyencyclopedia.org\\\/?s={search_term_string}\"},\"query-input\":{\"@type\":\"PropertyValueSpecification\",\"valueRequired\":true,\"valueName\":\"search_term_string\"}}],\"inLanguage\":\"de\"},{\"@type\":\"Organization\",\"@id\":\"https:\\\/\\\/egyptologyencyclopedia.org\\\/#organization\",\"name\":\"M\u0131s\u0131rbilim Ansiklopedisi - Egyptology Encyclopedia\",\"url\":\"https:\\\/\\\/egyptologyencyclopedia.org\\\/\",\"logo\":{\"@type\":\"ImageObject\",\"inLanguage\":\"de\",\"@id\":\"https:\\\/\\\/egyptologyencyclopedia.org\\\/#\\\/schema\\\/logo\\\/image\\\/\",\"url\":\"https:\\\/\\\/egyptologyencyclopedia.org\\\/wp-content\\\/uploads\\\/2025\\\/10\\\/cropped-Misirbilim-Ansiklopedisi-2.png\",\"contentUrl\":\"https:\\\/\\\/egyptologyencyclopedia.org\\\/wp-content\\\/uploads\\\/2025\\\/10\\\/cropped-Misirbilim-Ansiklopedisi-2.png\",\"width\":181,\"height\":73,\"caption\":\"M\u0131s\u0131rbilim Ansiklopedisi - Egyptology Encyclopedia\"},\"image\":{\"@id\":\"https:\\\/\\\/egyptologyencyclopedia.org\\\/#\\\/schema\\\/logo\\\/image\\\/\"}}]}<\/script>\n<!-- \/ Yoast SEO plugin. -->","yoast_head_json":{"title":"M\u0131s\u0131r VI. Hanedan Krallar\u0131 (M\u00d6 2345 - M\u00d6 2181) - M\u0131s\u0131rbilim Ansiklopedisi - Egyptology Encyclopedia","robots":{"index":"index","follow":"follow","max-snippet":"max-snippet:-1","max-image-preview":"max-image-preview:large","max-video-preview":"max-video-preview:-1"},"canonical":"https:\/\/egyptologyencyclopedia.org\/de\/antik-misir-krallari\/misir-vi-hanedan-krallari-mo-2345-mo-2181\/","og_locale":"de_DE","og_type":"article","og_title":"M\u0131s\u0131r VI. Hanedan Krallar\u0131 (M\u00d6 2345 - M\u00d6 2181) - M\u0131s\u0131rbilim Ansiklopedisi - Egyptology Encyclopedia","og_description":"Kral Yakla\u015f\u0131k H\u00fck\u00fcmdarl\u0131k Y\u0131llar\u0131 Notlar Teti M\u00d6 2345 &#8211; M\u00d6 2333 Hanedan\u0131n kurucusu ve veziri Mereruka&#8217;n\u0131n g\u00f6rkemli mezar\u0131ndan bilinir. Userkare M\u00d6 2333 &#8211; M\u00d6 2332 Hakk\u0131nda \u00e7ok az bilgi bulunan k\u0131sa s\u00fcreli bir h\u00fck\u00fcmdard\u0131r. I. Pepi M\u00d6 2332 &#8211; M\u00d6 2283 Neredeyse 50 y\u0131l h\u00fck\u00fcm s\u00fcrm\u00fc\u015ft\u00fcr. Nil deltas\u0131nda ticaret ve maden operasyonlar\u0131 yapm\u0131\u015ft\u0131r. I. Merenre &hellip; Continue reading \"M\u0131s\u0131r VI. Hanedan Krallar\u0131 (M\u00d6 2345 &#8211; M\u00d6 2181)\"","og_url":"https:\/\/egyptologyencyclopedia.org\/de\/antik-misir-krallari\/misir-vi-hanedan-krallari-mo-2345-mo-2181\/","og_site_name":"M\u0131s\u0131rbilim Ansiklopedisi - Egyptology Encyclopedia","article_modified_time":"2026-02-24T14:14:24+00:00","twitter_card":"summary_large_image","twitter_misc":{"Gesch\u00e4tzte Lesezeit":"1\u00a0Minute"},"schema":{"@context":"https:\/\/schema.org","@graph":[{"@type":"WebPage","@id":"https:\/\/egyptologyencyclopedia.org\/antik-misir-krallari\/misir-vi-hanedan-krallari-mo-2345-mo-2181\/","url":"https:\/\/egyptologyencyclopedia.org\/antik-misir-krallari\/misir-vi-hanedan-krallari-mo-2345-mo-2181\/","name":"M\u0131s\u0131r VI. Hanedan Krallar\u0131 (M\u00d6 2345 - M\u00d6 2181) - M\u0131s\u0131rbilim Ansiklopedisi - Egyptology Encyclopedia","isPartOf":{"@id":"https:\/\/egyptologyencyclopedia.org\/#website"},"primaryImageOfPage":{"@id":"https:\/\/egyptologyencyclopedia.org\/antik-misir-krallari\/misir-vi-hanedan-krallari-mo-2345-mo-2181\/#primaryimage"},"image":{"@id":"https:\/\/egyptologyencyclopedia.org\/antik-misir-krallari\/misir-vi-hanedan-krallari-mo-2345-mo-2181\/#primaryimage"},"thumbnailUrl":"","datePublished":"2025-08-31T15:17:59+00:00","dateModified":"2026-02-24T14:14:24+00:00","breadcrumb":{"@id":"https:\/\/egyptologyencyclopedia.org\/antik-misir-krallari\/misir-vi-hanedan-krallari-mo-2345-mo-2181\/#breadcrumb"},"inLanguage":"de","potentialAction":[{"@type":"ReadAction","target":["https:\/\/egyptologyencyclopedia.org\/antik-misir-krallari\/misir-vi-hanedan-krallari-mo-2345-mo-2181\/"]}]},{"@type":"ImageObject","inLanguage":"de","@id":"https:\/\/egyptologyencyclopedia.org\/antik-misir-krallari\/misir-vi-hanedan-krallari-mo-2345-mo-2181\/#primaryimage","url":"","contentUrl":""},{"@type":"BreadcrumbList","@id":"https:\/\/egyptologyencyclopedia.org\/antik-misir-krallari\/misir-vi-hanedan-krallari-mo-2345-mo-2181\/#breadcrumb","itemListElement":[{"@type":"ListItem","position":1,"name":"Anasayfa","item":"https:\/\/saddlebrown-ant-958972.hostingersite.com\/de\/"},{"@type":"ListItem","position":2,"name":"Antik M\u0131s\u0131r Krallar\u0131","item":"https:\/\/saddlebrown-ant-958972.hostingersite.com\/de\/antik-misir-krallari\/"},{"@type":"ListItem","position":3,"name":"M\u0131s\u0131r VI. Hanedan Krallar\u0131 (M\u00d6 2345 &#8211; M\u00d6 2181)"}]},{"@type":"WebSite","@id":"https:\/\/egyptologyencyclopedia.org\/#website","url":"https:\/\/egyptologyencyclopedia.org\/","name":"M\u0131s\u0131rbilim Ansiklopedisi - Egyptology Encyclopedia","description":"","publisher":{"@id":"https:\/\/egyptologyencyclopedia.org\/#organization"},"potentialAction":[{"@type":"SearchAction","target":{"@type":"EntryPoint","urlTemplate":"https:\/\/egyptologyencyclopedia.org\/?s={search_term_string}"},"query-input":{"@type":"PropertyValueSpecification","valueRequired":true,"valueName":"search_term_string"}}],"inLanguage":"de"},{"@type":"Organization","@id":"https:\/\/egyptologyencyclopedia.org\/#organization","name":"M\u0131s\u0131rbilim Ansiklopedisi - Egyptology Encyclopedia","url":"https:\/\/egyptologyencyclopedia.org\/","logo":{"@type":"ImageObject","inLanguage":"de","@id":"https:\/\/egyptologyencyclopedia.org\/#\/schema\/logo\/image\/","url":"https:\/\/egyptologyencyclopedia.org\/wp-content\/uploads\/2025\/10\/cropped-Misirbilim-Ansiklopedisi-2.png","contentUrl":"https:\/\/egyptologyencyclopedia.org\/wp-content\/uploads\/2025\/10\/cropped-Misirbilim-Ansiklopedisi-2.png","width":181,"height":73,"caption":"M\u0131s\u0131rbilim Ansiklopedisi - Egyptology Encyclopedia"},"image":{"@id":"https:\/\/egyptologyencyclopedia.org\/#\/schema\/logo\/image\/"}}]}},"_hostinger_reach_plugin_has_subscription_block":false,"_hostinger_reach_plugin_is_elementor":false,"uagb_featured_image_src":{"full":false,"thumbnail":false,"medium":false,"medium_large":false,"large":false,"1536x1536":false,"2048x2048":false,"trp-custom-language-flag":false,"post_slider_layout_landscape_large":false,"post_slider_layout_portrait_large":false,"post_slider_layout_square_large":false,"post_slider_layout_landscape":false,"post_slider_layout_portrait":false,"post_slider_layout_square":false,"archaeology-museums-pro-homepage-thumb":false,"mailpoet_newsletter_max":false,"vw-gallery-image-medium":false},"uagb_author_info":{"display_name":"Birkan Ayaz","author_link":"https:\/\/egyptologyencyclopedia.org\/de\/author\/birkanayaz26\/"},"uagb_comment_info":0,"uagb_excerpt":"Kral Yakla\u015f\u0131k H\u00fck\u00fcmdarl\u0131k Y\u0131llar\u0131 Notlar Teti M\u00d6 2345 &#8211; M\u00d6 2333 Hanedan\u0131n kurucusu ve veziri Mereruka&#8217;n\u0131n g\u00f6rkemli mezar\u0131ndan bilinir. Userkare M\u00d6 2333 &#8211; M\u00d6 2332 Hakk\u0131nda \u00e7ok az bilgi bulunan k\u0131sa s\u00fcreli bir h\u00fck\u00fcmdard\u0131r. I. Pepi M\u00d6 2332 &#8211; M\u00d6 2283 Neredeyse 50 y\u0131l h\u00fck\u00fcm s\u00fcrm\u00fc\u015ft\u00fcr. Nil deltas\u0131nda ticaret ve maden operasyonlar\u0131 yapm\u0131\u015ft\u0131r. I. Merenre&hellip;","jetpack_sharing_enabled":true,"_links":{"self":[{"href":"https:\/\/egyptologyencyclopedia.org\/de\/wp-json\/wp\/v2\/pages\/3041","targetHints":{"allow":["GET"]}}],"collection":[{"href":"https:\/\/egyptologyencyclopedia.org\/de\/wp-json\/wp\/v2\/pages"}],"about":[{"href":"https:\/\/egyptologyencyclopedia.org\/de\/wp-json\/wp\/v2\/types\/page"}],"author":[{"embeddable":true,"href":"https:\/\/egyptologyencyclopedia.org\/de\/wp-json\/wp\/v2\/users\/1"}],"replies":[{"embeddable":true,"href":"https:\/\/egyptologyencyclopedia.org\/de\/wp-json\/wp\/v2\/comments?post=3041"}],"version-history":[{"count":4,"href":"https:\/\/egyptologyencyclopedia.org\/de\/wp-json\/wp\/v2\/pages\/3041\/revisions"}],"predecessor-version":[{"id":6039,"href":"https:\/\/egyptologyencyclopedia.org\/de\/wp-json\/wp\/v2\/pages\/3041\/revisions\/6039"}],"up":[{"embeddable":true,"href":"https:\/\/egyptologyencyclopedia.org\/de\/wp-json\/wp\/v2\/pages\/4863"}],"wp:featuredmedia":[{"embeddable":true,"href":"https:\/\/egyptologyencyclopedia.org\/de\/wp-json\/"}],"wp:attachment":[{"href":"https:\/\/egyptologyencyclopedia.org\/de\/wp-json\/wp\/v2\/media?parent=3041"}],"curies":[{"name":"wp","href":"https:\/\/api.w.org\/{rel}","templated":true}]}}