{"id":3033,"date":"2025-08-31T18:21:15","date_gmt":"2025-08-31T15:21:15","guid":{"rendered":"https:\/\/egyptologyencyclopedia.org\/?page_id=3033"},"modified":"2026-02-23T18:57:22","modified_gmt":"2026-02-23T18:57:22","slug":"misir-v-hanedan-krallari-mo-2494-mo-2345","status":"publish","type":"page","link":"https:\/\/egyptologyencyclopedia.org\/de\/antik-misir-krallari\/misir-v-hanedan-krallari-mo-2494-mo-2345\/","title":{"rendered":"M\u0131s\u0131r V. Hanedan Krallar\u0131 (M\u00d6 2494 &#8211; M\u00d6 2345)"},"content":{"rendered":"<figure class=\"wp-block-table is-style-stripes has-pt-serif-font-family\"><table class=\"has-black-color has-text-color has-link-color has-fixed-layout\"><tbody><tr><td><strong>Kral<\/strong><\/td><td><strong>Yakla\u015f\u0131k H\u00fck\u00fcmdarl\u0131k Y\u0131llar\u0131<\/strong><\/td><td><strong>Notlar<\/strong><\/td><\/tr><tr><td><a href=\"https:\/\/egyptologyencyclopedia.org\/de\/userkaf\/\">Userkaf<\/a><\/td><td>M\u00d6 2494 &#8211; M\u00d6 2487<\/td><td>Hanedan\u0131n kurucusu ve G\u00fcne\u015f Tanr\u0131s\u0131 Ra i\u00e7in tap\u0131naklar in\u015fa eden ilk firavunlardand\u0131r.<\/td><\/tr><tr><td><a href=\"https:\/\/egyptologyencyclopedia.org\/de\/sahure\/\">Sahure<\/a><\/td><td>M\u00d6 2487 &#8211; M\u00d6 2477<\/td><td>Abusir&#8217;deki piramit kompleksi iyi korunmu\u015ftur ve sanatsal a\u00e7\u0131dan \u00f6nemlidir.<\/td><\/tr><tr><td><a href=\"https:\/\/egyptologyencyclopedia.org\/de\/neferirkare-kakai\/\">Neferirkare Kakai<\/a><\/td><td>M\u00d6 2477 &#8211; M\u00d6 2467<\/td><td>H\u00fck\u00fcmdarl\u0131\u011f\u0131 s\u0131ras\u0131nda M\u0131s\u0131r&#8217;da b\u00fcrokrasinin geli\u015fti\u011fi d\u00fc\u015f\u00fcn\u00fcl\u00fcr.<\/td><\/tr><tr><td><a href=\"https:\/\/egyptologyencyclopedia.org\/de\/neferefre\/\">Neferefre<\/a><\/td><td>M\u00d6 2460 &#8211; M\u00d6 2453<\/td><td>H\u00fck\u00fcmdarl\u0131\u011f\u0131 k\u0131sa s\u00fcrm\u00fc\u015ft\u00fcr, ancak mezar\u0131ndan \u00f6nemli papir\u00fcs belgeleri bulunmu\u015ftur.<\/td><\/tr><tr><td><a href=\"https:\/\/egyptologyencyclopedia.org\/de\/nyuserre-ini\/\">Nyuserre Ini<\/a><\/td><td>M\u00d6 2453 &#8211; M\u00d6 2422<\/td><td>D\u00f6nemi bar\u0131\u015f ve refah d\u00f6nemi olarak bilinir. Abusir&#8217;deki en b\u00fcy\u00fck g\u00fcne\u015f tap\u0131na\u011f\u0131n\u0131 in\u015fa etmi\u015ftir.<\/td><\/tr><tr><td><a href=\"https:\/\/egyptologyencyclopedia.org\/de\/menkauhor-kaiu\/\" type=\"post\" id=\"1545\">Menkauhor Kaiu<\/a><\/td><td>M\u00d6 2422 &#8211; M\u00d6 2414<\/td><td>Mezar\u0131 hen\u00fcz tam olarak ke\u015ffedilmemi\u015ftir.<\/td><\/tr><tr><td><a href=\"https:\/\/egyptologyencyclopedia.org\/de\/djedkare-isesi\/\">Djedkare Isesi<\/a><\/td><td>M\u00d6 2414 &#8211; M\u00d6 2375<\/td><td>M\u0131s\u0131r y\u00f6netiminde \u00f6nemli reformlar yapm\u0131\u015ft\u0131r.<\/td><\/tr><tr><td><a href=\"https:\/\/egyptologyencyclopedia.org\/de\/unas\/\">Unas<\/a><\/td><td>M\u00d6 2375 &#8211; M\u00d6 2345<\/td><td>Piramidi, i\u00e7 duvarlar\u0131na hiyeroglif metinlerin (Piramit Metinleri) yaz\u0131ld\u0131\u011f\u0131 ilk piramittir.<\/td><\/tr><\/tbody><\/table><\/figure>","protected":false},"excerpt":{"rendered":"<p>Kral Yakla\u015f\u0131k H\u00fck\u00fcmdarl\u0131k Y\u0131llar\u0131 Notlar Userkaf M\u00d6 2494 &#8211; M\u00d6 2487 Hanedan\u0131n kurucusu ve G\u00fcne\u015f Tanr\u0131s\u0131 Ra i\u00e7in tap\u0131naklar in\u015fa eden ilk firavunlardand\u0131r. Sahure M\u00d6 2487 &#8211; M\u00d6 2477 Abusir&#8217;deki piramit kompleksi iyi korunmu\u015ftur ve sanatsal a\u00e7\u0131dan \u00f6nemlidir. Neferirkare Kakai M\u00d6 2477 &#8211; M\u00d6 2467 H\u00fck\u00fcmdarl\u0131\u011f\u0131 s\u0131ras\u0131nda M\u0131s\u0131r&#8217;da b\u00fcrokrasinin geli\u015fti\u011fi d\u00fc\u015f\u00fcn\u00fcl\u00fcr. Neferefre M\u00d6 2460 &#8211; &hellip; <\/p>\n<p class=\"link-more\"><a href=\"https:\/\/egyptologyencyclopedia.org\/de\/antik-misir-krallari\/misir-v-hanedan-krallari-mo-2494-mo-2345\/\" class=\"more-link\">Continue reading<span class=\"screen-reader-text\"> &#8220;M\u0131s\u0131r V. Hanedan Krallar\u0131 (M\u00d6 2494 &#8211; M\u00d6 2345)&#8221;<\/span><\/a><\/p>","protected":false},"author":1,"featured_media":3241,"parent":4863,"menu_order":0,"comment_status":"closed","ping_status":"closed","template":"","meta":{"_regular_price":[],"currency_symbol":[],"_uag_custom_page_level_css":"","jetpack_post_was_ever_published":false,"footnotes":""},"class_list":["post-3033","page","type-page","status-publish","has-post-thumbnail","hentry"],"post_slider_layout_featured_media_urls":{"thumbnail":"","post_slider_layout_landscape_large":"","post_slider_layout_portrait_large":"","post_slider_layout_square_large":"","post_slider_layout_landscape":"","post_slider_layout_portrait":"","post_slider_layout_square":"","full":""},"yoast_head":"<!-- This site is optimized with the Yoast SEO plugin v27.4 - https:\/\/yoast.com\/product\/yoast-seo-wordpress\/ -->\n<title>M\u0131s\u0131r V. Hanedan Krallar\u0131 (M\u00d6 2494 - M\u00d6 2345) - M\u0131s\u0131rbilim Ansiklopedisi - Egyptology Encyclopedia<\/title>\n<meta name=\"robots\" content=\"index, follow, max-snippet:-1, max-image-preview:large, max-video-preview:-1\" \/>\n<link rel=\"canonical\" href=\"https:\/\/egyptologyencyclopedia.org\/de\/antik-misir-krallari\/misir-v-hanedan-krallari-mo-2494-mo-2345\/\" \/>\n<meta property=\"og:locale\" content=\"de_DE\" \/>\n<meta property=\"og:type\" content=\"article\" \/>\n<meta property=\"og:title\" content=\"M\u0131s\u0131r V. Hanedan Krallar\u0131 (M\u00d6 2494 - M\u00d6 2345) - M\u0131s\u0131rbilim Ansiklopedisi - Egyptology Encyclopedia\" \/>\n<meta property=\"og:description\" content=\"Kral Yakla\u015f\u0131k H\u00fck\u00fcmdarl\u0131k Y\u0131llar\u0131 Notlar Userkaf M\u00d6 2494 &#8211; M\u00d6 2487 Hanedan\u0131n kurucusu ve G\u00fcne\u015f Tanr\u0131s\u0131 Ra i\u00e7in tap\u0131naklar in\u015fa eden ilk firavunlardand\u0131r. Sahure M\u00d6 2487 &#8211; M\u00d6 2477 Abusir&#8217;deki piramit kompleksi iyi korunmu\u015ftur ve sanatsal a\u00e7\u0131dan \u00f6nemlidir. Neferirkare Kakai M\u00d6 2477 &#8211; M\u00d6 2467 H\u00fck\u00fcmdarl\u0131\u011f\u0131 s\u0131ras\u0131nda M\u0131s\u0131r&#8217;da b\u00fcrokrasinin geli\u015fti\u011fi d\u00fc\u015f\u00fcn\u00fcl\u00fcr. Neferefre M\u00d6 2460 &#8211; &hellip; Continue reading &quot;M\u0131s\u0131r V. Hanedan Krallar\u0131 (M\u00d6 2494 &#8211; M\u00d6 2345)&quot;\" \/>\n<meta property=\"og:url\" content=\"https:\/\/egyptologyencyclopedia.org\/de\/antik-misir-krallari\/misir-v-hanedan-krallari-mo-2494-mo-2345\/\" \/>\n<meta property=\"og:site_name\" content=\"M\u0131s\u0131rbilim Ansiklopedisi - Egyptology Encyclopedia\" \/>\n<meta property=\"article:modified_time\" content=\"2026-02-23T18:57:22+00:00\" \/>\n<meta name=\"twitter:card\" content=\"summary_large_image\" \/>\n<meta name=\"twitter:label1\" content=\"Gesch\u00e4tzte Lesezeit\" \/>\n\t<meta name=\"twitter:data1\" content=\"1\u00a0Minute\" \/>\n<script type=\"application\/ld+json\" class=\"yoast-schema-graph\">{\"@context\":\"https:\\\/\\\/schema.org\",\"@graph\":[{\"@type\":\"WebPage\",\"@id\":\"https:\\\/\\\/egyptologyencyclopedia.org\\\/antik-misir-krallari\\\/misir-v-hanedan-krallari-mo-2494-mo-2345\\\/\",\"url\":\"https:\\\/\\\/egyptologyencyclopedia.org\\\/antik-misir-krallari\\\/misir-v-hanedan-krallari-mo-2494-mo-2345\\\/\",\"name\":\"M\u0131s\u0131r V. Hanedan Krallar\u0131 (M\u00d6 2494 - M\u00d6 2345) - M\u0131s\u0131rbilim Ansiklopedisi - Egyptology Encyclopedia\",\"isPartOf\":{\"@id\":\"https:\\\/\\\/egyptologyencyclopedia.org\\\/#website\"},\"primaryImageOfPage\":{\"@id\":\"https:\\\/\\\/egyptologyencyclopedia.org\\\/antik-misir-krallari\\\/misir-v-hanedan-krallari-mo-2494-mo-2345\\\/#primaryimage\"},\"image\":{\"@id\":\"https:\\\/\\\/egyptologyencyclopedia.org\\\/antik-misir-krallari\\\/misir-v-hanedan-krallari-mo-2494-mo-2345\\\/#primaryimage\"},\"thumbnailUrl\":\"\",\"datePublished\":\"2025-08-31T15:21:15+00:00\",\"dateModified\":\"2026-02-23T18:57:22+00:00\",\"breadcrumb\":{\"@id\":\"https:\\\/\\\/egyptologyencyclopedia.org\\\/antik-misir-krallari\\\/misir-v-hanedan-krallari-mo-2494-mo-2345\\\/#breadcrumb\"},\"inLanguage\":\"de\",\"potentialAction\":[{\"@type\":\"ReadAction\",\"target\":[\"https:\\\/\\\/egyptologyencyclopedia.org\\\/antik-misir-krallari\\\/misir-v-hanedan-krallari-mo-2494-mo-2345\\\/\"]}]},{\"@type\":\"ImageObject\",\"inLanguage\":\"de\",\"@id\":\"https:\\\/\\\/egyptologyencyclopedia.org\\\/antik-misir-krallari\\\/misir-v-hanedan-krallari-mo-2494-mo-2345\\\/#primaryimage\",\"url\":\"\",\"contentUrl\":\"\"},{\"@type\":\"BreadcrumbList\",\"@id\":\"https:\\\/\\\/egyptologyencyclopedia.org\\\/antik-misir-krallari\\\/misir-v-hanedan-krallari-mo-2494-mo-2345\\\/#breadcrumb\",\"itemListElement\":[{\"@type\":\"ListItem\",\"position\":1,\"name\":\"Anasayfa\",\"item\":\"https:\\\/\\\/saddlebrown-ant-958972.hostingersite.com\\\/de\\\/\"},{\"@type\":\"ListItem\",\"position\":2,\"name\":\"Antik M\u0131s\u0131r Krallar\u0131\",\"item\":\"https:\\\/\\\/saddlebrown-ant-958972.hostingersite.com\\\/de\\\/antik-misir-krallari\\\/\"},{\"@type\":\"ListItem\",\"position\":3,\"name\":\"M\u0131s\u0131r V. Hanedan Krallar\u0131 (M\u00d6 2494 &#8211; M\u00d6 2345)\"}]},{\"@type\":\"WebSite\",\"@id\":\"https:\\\/\\\/egyptologyencyclopedia.org\\\/#website\",\"url\":\"https:\\\/\\\/egyptologyencyclopedia.org\\\/\",\"name\":\"M\u0131s\u0131rbilim Ansiklopedisi - Egyptology Encyclopedia\",\"description\":\"\",\"publisher\":{\"@id\":\"https:\\\/\\\/egyptologyencyclopedia.org\\\/#organization\"},\"potentialAction\":[{\"@type\":\"SearchAction\",\"target\":{\"@type\":\"EntryPoint\",\"urlTemplate\":\"https:\\\/\\\/egyptologyencyclopedia.org\\\/?s={search_term_string}\"},\"query-input\":{\"@type\":\"PropertyValueSpecification\",\"valueRequired\":true,\"valueName\":\"search_term_string\"}}],\"inLanguage\":\"de\"},{\"@type\":\"Organization\",\"@id\":\"https:\\\/\\\/egyptologyencyclopedia.org\\\/#organization\",\"name\":\"M\u0131s\u0131rbilim Ansiklopedisi - Egyptology Encyclopedia\",\"url\":\"https:\\\/\\\/egyptologyencyclopedia.org\\\/\",\"logo\":{\"@type\":\"ImageObject\",\"inLanguage\":\"de\",\"@id\":\"https:\\\/\\\/egyptologyencyclopedia.org\\\/#\\\/schema\\\/logo\\\/image\\\/\",\"url\":\"https:\\\/\\\/egyptologyencyclopedia.org\\\/wp-content\\\/uploads\\\/2025\\\/10\\\/cropped-Misirbilim-Ansiklopedisi-2.png\",\"contentUrl\":\"https:\\\/\\\/egyptologyencyclopedia.org\\\/wp-content\\\/uploads\\\/2025\\\/10\\\/cropped-Misirbilim-Ansiklopedisi-2.png\",\"width\":181,\"height\":73,\"caption\":\"M\u0131s\u0131rbilim Ansiklopedisi - Egyptology Encyclopedia\"},\"image\":{\"@id\":\"https:\\\/\\\/egyptologyencyclopedia.org\\\/#\\\/schema\\\/logo\\\/image\\\/\"}}]}<\/script>\n<!-- \/ Yoast SEO plugin. -->","yoast_head_json":{"title":"M\u0131s\u0131r V. Hanedan Krallar\u0131 (M\u00d6 2494 - M\u00d6 2345) - M\u0131s\u0131rbilim Ansiklopedisi - Egyptology Encyclopedia","robots":{"index":"index","follow":"follow","max-snippet":"max-snippet:-1","max-image-preview":"max-image-preview:large","max-video-preview":"max-video-preview:-1"},"canonical":"https:\/\/egyptologyencyclopedia.org\/de\/antik-misir-krallari\/misir-v-hanedan-krallari-mo-2494-mo-2345\/","og_locale":"de_DE","og_type":"article","og_title":"M\u0131s\u0131r V. Hanedan Krallar\u0131 (M\u00d6 2494 - M\u00d6 2345) - M\u0131s\u0131rbilim Ansiklopedisi - Egyptology Encyclopedia","og_description":"Kral Yakla\u015f\u0131k H\u00fck\u00fcmdarl\u0131k Y\u0131llar\u0131 Notlar Userkaf M\u00d6 2494 &#8211; M\u00d6 2487 Hanedan\u0131n kurucusu ve G\u00fcne\u015f Tanr\u0131s\u0131 Ra i\u00e7in tap\u0131naklar in\u015fa eden ilk firavunlardand\u0131r. Sahure M\u00d6 2487 &#8211; M\u00d6 2477 Abusir&#8217;deki piramit kompleksi iyi korunmu\u015ftur ve sanatsal a\u00e7\u0131dan \u00f6nemlidir. Neferirkare Kakai M\u00d6 2477 &#8211; M\u00d6 2467 H\u00fck\u00fcmdarl\u0131\u011f\u0131 s\u0131ras\u0131nda M\u0131s\u0131r&#8217;da b\u00fcrokrasinin geli\u015fti\u011fi d\u00fc\u015f\u00fcn\u00fcl\u00fcr. Neferefre M\u00d6 2460 &#8211; &hellip; Continue reading \"M\u0131s\u0131r V. Hanedan Krallar\u0131 (M\u00d6 2494 &#8211; M\u00d6 2345)\"","og_url":"https:\/\/egyptologyencyclopedia.org\/de\/antik-misir-krallari\/misir-v-hanedan-krallari-mo-2494-mo-2345\/","og_site_name":"M\u0131s\u0131rbilim Ansiklopedisi - Egyptology Encyclopedia","article_modified_time":"2026-02-23T18:57:22+00:00","twitter_card":"summary_large_image","twitter_misc":{"Gesch\u00e4tzte Lesezeit":"1\u00a0Minute"},"schema":{"@context":"https:\/\/schema.org","@graph":[{"@type":"WebPage","@id":"https:\/\/egyptologyencyclopedia.org\/antik-misir-krallari\/misir-v-hanedan-krallari-mo-2494-mo-2345\/","url":"https:\/\/egyptologyencyclopedia.org\/antik-misir-krallari\/misir-v-hanedan-krallari-mo-2494-mo-2345\/","name":"M\u0131s\u0131r V. Hanedan Krallar\u0131 (M\u00d6 2494 - M\u00d6 2345) - M\u0131s\u0131rbilim Ansiklopedisi - Egyptology Encyclopedia","isPartOf":{"@id":"https:\/\/egyptologyencyclopedia.org\/#website"},"primaryImageOfPage":{"@id":"https:\/\/egyptologyencyclopedia.org\/antik-misir-krallari\/misir-v-hanedan-krallari-mo-2494-mo-2345\/#primaryimage"},"image":{"@id":"https:\/\/egyptologyencyclopedia.org\/antik-misir-krallari\/misir-v-hanedan-krallari-mo-2494-mo-2345\/#primaryimage"},"thumbnailUrl":"","datePublished":"2025-08-31T15:21:15+00:00","dateModified":"2026-02-23T18:57:22+00:00","breadcrumb":{"@id":"https:\/\/egyptologyencyclopedia.org\/antik-misir-krallari\/misir-v-hanedan-krallari-mo-2494-mo-2345\/#breadcrumb"},"inLanguage":"de","potentialAction":[{"@type":"ReadAction","target":["https:\/\/egyptologyencyclopedia.org\/antik-misir-krallari\/misir-v-hanedan-krallari-mo-2494-mo-2345\/"]}]},{"@type":"ImageObject","inLanguage":"de","@id":"https:\/\/egyptologyencyclopedia.org\/antik-misir-krallari\/misir-v-hanedan-krallari-mo-2494-mo-2345\/#primaryimage","url":"","contentUrl":""},{"@type":"BreadcrumbList","@id":"https:\/\/egyptologyencyclopedia.org\/antik-misir-krallari\/misir-v-hanedan-krallari-mo-2494-mo-2345\/#breadcrumb","itemListElement":[{"@type":"ListItem","position":1,"name":"Anasayfa","item":"https:\/\/saddlebrown-ant-958972.hostingersite.com\/de\/"},{"@type":"ListItem","position":2,"name":"Antik M\u0131s\u0131r Krallar\u0131","item":"https:\/\/saddlebrown-ant-958972.hostingersite.com\/de\/antik-misir-krallari\/"},{"@type":"ListItem","position":3,"name":"M\u0131s\u0131r V. Hanedan Krallar\u0131 (M\u00d6 2494 &#8211; M\u00d6 2345)"}]},{"@type":"WebSite","@id":"https:\/\/egyptologyencyclopedia.org\/#website","url":"https:\/\/egyptologyencyclopedia.org\/","name":"M\u0131s\u0131rbilim Ansiklopedisi - Egyptology Encyclopedia","description":"","publisher":{"@id":"https:\/\/egyptologyencyclopedia.org\/#organization"},"potentialAction":[{"@type":"SearchAction","target":{"@type":"EntryPoint","urlTemplate":"https:\/\/egyptologyencyclopedia.org\/?s={search_term_string}"},"query-input":{"@type":"PropertyValueSpecification","valueRequired":true,"valueName":"search_term_string"}}],"inLanguage":"de"},{"@type":"Organization","@id":"https:\/\/egyptologyencyclopedia.org\/#organization","name":"M\u0131s\u0131rbilim Ansiklopedisi - Egyptology Encyclopedia","url":"https:\/\/egyptologyencyclopedia.org\/","logo":{"@type":"ImageObject","inLanguage":"de","@id":"https:\/\/egyptologyencyclopedia.org\/#\/schema\/logo\/image\/","url":"https:\/\/egyptologyencyclopedia.org\/wp-content\/uploads\/2025\/10\/cropped-Misirbilim-Ansiklopedisi-2.png","contentUrl":"https:\/\/egyptologyencyclopedia.org\/wp-content\/uploads\/2025\/10\/cropped-Misirbilim-Ansiklopedisi-2.png","width":181,"height":73,"caption":"M\u0131s\u0131rbilim Ansiklopedisi - Egyptology Encyclopedia"},"image":{"@id":"https:\/\/egyptologyencyclopedia.org\/#\/schema\/logo\/image\/"}}]}},"_hostinger_reach_plugin_has_subscription_block":false,"_hostinger_reach_plugin_is_elementor":false,"uagb_featured_image_src":{"full":false,"thumbnail":false,"medium":false,"medium_large":false,"large":false,"1536x1536":false,"2048x2048":false,"trp-custom-language-flag":false,"post_slider_layout_landscape_large":false,"post_slider_layout_portrait_large":false,"post_slider_layout_square_large":false,"post_slider_layout_landscape":false,"post_slider_layout_portrait":false,"post_slider_layout_square":false,"archaeology-museums-pro-homepage-thumb":false,"mailpoet_newsletter_max":false,"vw-gallery-image-medium":false},"uagb_author_info":{"display_name":"Birkan Ayaz","author_link":"https:\/\/egyptologyencyclopedia.org\/de\/author\/birkanayaz26\/"},"uagb_comment_info":0,"uagb_excerpt":"Kral Yakla\u015f\u0131k H\u00fck\u00fcmdarl\u0131k Y\u0131llar\u0131 Notlar Userkaf M\u00d6 2494 &#8211; M\u00d6 2487 Hanedan\u0131n kurucusu ve G\u00fcne\u015f Tanr\u0131s\u0131 Ra i\u00e7in tap\u0131naklar in\u015fa eden ilk firavunlardand\u0131r. Sahure M\u00d6 2487 &#8211; M\u00d6 2477 Abusir&#8217;deki piramit kompleksi iyi korunmu\u015ftur ve sanatsal a\u00e7\u0131dan \u00f6nemlidir. Neferirkare Kakai M\u00d6 2477 &#8211; M\u00d6 2467 H\u00fck\u00fcmdarl\u0131\u011f\u0131 s\u0131ras\u0131nda M\u0131s\u0131r&#8217;da b\u00fcrokrasinin geli\u015fti\u011fi d\u00fc\u015f\u00fcn\u00fcl\u00fcr. Neferefre M\u00d6 2460 &#8211;&hellip;","jetpack_sharing_enabled":true,"_links":{"self":[{"href":"https:\/\/egyptologyencyclopedia.org\/de\/wp-json\/wp\/v2\/pages\/3033","targetHints":{"allow":["GET"]}}],"collection":[{"href":"https:\/\/egyptologyencyclopedia.org\/de\/wp-json\/wp\/v2\/pages"}],"about":[{"href":"https:\/\/egyptologyencyclopedia.org\/de\/wp-json\/wp\/v2\/types\/page"}],"author":[{"embeddable":true,"href":"https:\/\/egyptologyencyclopedia.org\/de\/wp-json\/wp\/v2\/users\/1"}],"replies":[{"embeddable":true,"href":"https:\/\/egyptologyencyclopedia.org\/de\/wp-json\/wp\/v2\/comments?post=3033"}],"version-history":[{"count":4,"href":"https:\/\/egyptologyencyclopedia.org\/de\/wp-json\/wp\/v2\/pages\/3033\/revisions"}],"predecessor-version":[{"id":6032,"href":"https:\/\/egyptologyencyclopedia.org\/de\/wp-json\/wp\/v2\/pages\/3033\/revisions\/6032"}],"up":[{"embeddable":true,"href":"https:\/\/egyptologyencyclopedia.org\/de\/wp-json\/wp\/v2\/pages\/4863"}],"wp:featuredmedia":[{"embeddable":true,"href":"https:\/\/egyptologyencyclopedia.org\/de\/wp-json\/"}],"wp:attachment":[{"href":"https:\/\/egyptologyencyclopedia.org\/de\/wp-json\/wp\/v2\/media?parent=3033"}],"curies":[{"name":"wp","href":"https:\/\/api.w.org\/{rel}","templated":true}]}}