{"id":3018,"date":"2025-08-30T11:00:35","date_gmt":"2025-08-30T08:00:35","guid":{"rendered":"https:\/\/egyptologyencyclopedia.org\/?page_id=3018"},"modified":"2026-02-25T20:44:25","modified_gmt":"2026-02-25T20:44:25","slug":"misir-2-hanedan-krallari-mo-2890-mo-2686","status":"publish","type":"page","link":"https:\/\/egyptologyencyclopedia.org\/de\/antik-misir-krallari\/misir-2-hanedan-krallari-mo-2890-mo-2686\/","title":{"rendered":"M\u0131s\u0131r II. Hanedan Krallar\u0131 (M\u00d6 2890 &#8211; M\u00d6 2686)"},"content":{"rendered":"<figure class=\"wp-block-table is-style-stripes has-pt-serif-font-family\"><table class=\"has-black-color has-text-color has-link-color has-fixed-layout\"><tbody><tr><td><strong>Kral<\/strong><\/td><td><strong>Yakla\u015f\u0131k Y\u0131l<\/strong><\/td><td><strong>Notlar<\/strong><\/td><\/tr><tr><td><a href=\"https:\/\/egyptologyencyclopedia.org\/de\/hotepsekhemwy\/\">Hotepsekhemwy<\/a><\/td><td>M\u00d6 2890<\/td><td>1 ve 2. Hanedan&#8217;\u0131 birle\u015ftiren kral olarak kabul edilir.<\/td><\/tr><tr><td><a href=\"https:\/\/egyptologyencyclopedia.org\/de\/raneb-nebra\/\">Raneb<\/a><\/td><td>M\u00d6 2865<\/td><td>Bilinen en eski tam isimli an\u0131ta sahip krald\u0131r.<\/td><\/tr><tr><td><a href=\"https:\/\/egyptologyencyclopedia.org\/de\/nynetjer\/\">Nynetjer<\/a><\/td><td>M\u00d6 2850<\/td><td>Yakla\u015f\u0131k 45 y\u0131l gibi uzun bir s\u00fcre h\u00fck\u00fcm s\u00fcrm\u00fc\u015ft\u00fcr.<\/td><\/tr><tr><td><a href=\"https:\/\/egyptologyencyclopedia.org\/de\/sekhemib-perenmaat\/\">Sekhemib-Perenmaat<\/a><\/td><td>M\u00d6 2740<\/td><td>Kendi ad\u0131n\u0131, Horus yerine Set fig\u00fcr\u00fcyle kullanan nadir krallardand\u0131r.<\/td><\/tr><tr><td>Khasekhemwy<\/td><td>M\u00d6 2730<\/td><td>Hanedan\u0131n son kral\u0131d\u0131r. \u00dclkenin i\u00e7 kar\u0131\u015f\u0131kl\u0131klar\u0131n\u0131 bast\u0131rd\u0131\u011f\u0131 d\u00fc\u015f\u00fcn\u00fclmektedir.<\/td><\/tr><\/tbody><\/table><\/figure>\n\n\n\n<div style=\"height:150px\" aria-hidden=\"true\" class=\"wp-block-spacer\"><\/div>","protected":false},"excerpt":{"rendered":"<p>Kral Yakla\u015f\u0131k Y\u0131l Notlar Hotepsekhemwy M\u00d6 2890 1 ve 2. Hanedan&#8217;\u0131 birle\u015ftiren kral olarak kabul edilir. Raneb M\u00d6 2865 Bilinen en eski tam isimli an\u0131ta sahip krald\u0131r. Nynetjer M\u00d6 2850 Yakla\u015f\u0131k 45 y\u0131l gibi uzun bir s\u00fcre h\u00fck\u00fcm s\u00fcrm\u00fc\u015ft\u00fcr. Sekhemib-Perenmaat M\u00d6 2740 Kendi ad\u0131n\u0131, Horus yerine Set fig\u00fcr\u00fcyle kullanan nadir krallardand\u0131r. Khasekhemwy M\u00d6 2730 Hanedan\u0131n &hellip; <\/p>\n<p class=\"link-more\"><a href=\"https:\/\/egyptologyencyclopedia.org\/de\/antik-misir-krallari\/misir-2-hanedan-krallari-mo-2890-mo-2686\/\" class=\"more-link\">Continue reading<span class=\"screen-reader-text\"> &#8220;M\u0131s\u0131r II. Hanedan Krallar\u0131 (M\u00d6 2890 &#8211; M\u00d6 2686)&#8221;<\/span><\/a><\/p>","protected":false},"author":1,"featured_media":3181,"parent":4863,"menu_order":0,"comment_status":"closed","ping_status":"closed","template":"","meta":{"_regular_price":[],"currency_symbol":[],"_uag_custom_page_level_css":"","jetpack_post_was_ever_published":false,"footnotes":""},"class_list":["post-3018","page","type-page","status-publish","has-post-thumbnail","hentry"],"post_slider_layout_featured_media_urls":{"thumbnail":"","post_slider_layout_landscape_large":"","post_slider_layout_portrait_large":"","post_slider_layout_square_large":"","post_slider_layout_landscape":"","post_slider_layout_portrait":"","post_slider_layout_square":"","full":""},"yoast_head":"<!-- This site is optimized with the Yoast SEO plugin v27.4 - https:\/\/yoast.com\/product\/yoast-seo-wordpress\/ -->\n<title>M\u0131s\u0131r II. Hanedan Krallar\u0131 (M\u00d6 2890 - M\u00d6 2686) - M\u0131s\u0131rbilim Ansiklopedisi - Egyptology Encyclopedia<\/title>\n<meta name=\"robots\" content=\"index, follow, max-snippet:-1, max-image-preview:large, max-video-preview:-1\" \/>\n<link rel=\"canonical\" href=\"https:\/\/egyptologyencyclopedia.org\/de\/antik-misir-krallari\/misir-2-hanedan-krallari-mo-2890-mo-2686\/\" \/>\n<meta property=\"og:locale\" content=\"de_DE\" \/>\n<meta property=\"og:type\" content=\"article\" \/>\n<meta property=\"og:title\" content=\"M\u0131s\u0131r II. Hanedan Krallar\u0131 (M\u00d6 2890 - M\u00d6 2686) - M\u0131s\u0131rbilim Ansiklopedisi - Egyptology Encyclopedia\" \/>\n<meta property=\"og:description\" content=\"Kral Yakla\u015f\u0131k Y\u0131l Notlar Hotepsekhemwy M\u00d6 2890 1 ve 2. Hanedan&#8217;\u0131 birle\u015ftiren kral olarak kabul edilir. Raneb M\u00d6 2865 Bilinen en eski tam isimli an\u0131ta sahip krald\u0131r. Nynetjer M\u00d6 2850 Yakla\u015f\u0131k 45 y\u0131l gibi uzun bir s\u00fcre h\u00fck\u00fcm s\u00fcrm\u00fc\u015ft\u00fcr. Sekhemib-Perenmaat M\u00d6 2740 Kendi ad\u0131n\u0131, Horus yerine Set fig\u00fcr\u00fcyle kullanan nadir krallardand\u0131r. Khasekhemwy M\u00d6 2730 Hanedan\u0131n &hellip; Continue reading &quot;M\u0131s\u0131r II. Hanedan Krallar\u0131 (M\u00d6 2890 &#8211; M\u00d6 2686)&quot;\" \/>\n<meta property=\"og:url\" content=\"https:\/\/egyptologyencyclopedia.org\/de\/antik-misir-krallari\/misir-2-hanedan-krallari-mo-2890-mo-2686\/\" \/>\n<meta property=\"og:site_name\" content=\"M\u0131s\u0131rbilim Ansiklopedisi - Egyptology Encyclopedia\" \/>\n<meta property=\"article:modified_time\" content=\"2026-02-25T20:44:25+00:00\" \/>\n<meta name=\"twitter:card\" content=\"summary_large_image\" \/>\n<meta name=\"twitter:label1\" content=\"Gesch\u00e4tzte Lesezeit\" \/>\n\t<meta name=\"twitter:data1\" content=\"1\u00a0Minute\" \/>\n<script type=\"application\/ld+json\" class=\"yoast-schema-graph\">{\"@context\":\"https:\\\/\\\/schema.org\",\"@graph\":[{\"@type\":\"WebPage\",\"@id\":\"https:\\\/\\\/egyptologyencyclopedia.org\\\/antik-misir-krallari\\\/misir-2-hanedan-krallari-mo-2890-mo-2686\\\/\",\"url\":\"https:\\\/\\\/egyptologyencyclopedia.org\\\/antik-misir-krallari\\\/misir-2-hanedan-krallari-mo-2890-mo-2686\\\/\",\"name\":\"M\u0131s\u0131r II. Hanedan Krallar\u0131 (M\u00d6 2890 - M\u00d6 2686) - M\u0131s\u0131rbilim Ansiklopedisi - Egyptology Encyclopedia\",\"isPartOf\":{\"@id\":\"https:\\\/\\\/egyptologyencyclopedia.org\\\/#website\"},\"primaryImageOfPage\":{\"@id\":\"https:\\\/\\\/egyptologyencyclopedia.org\\\/antik-misir-krallari\\\/misir-2-hanedan-krallari-mo-2890-mo-2686\\\/#primaryimage\"},\"image\":{\"@id\":\"https:\\\/\\\/egyptologyencyclopedia.org\\\/antik-misir-krallari\\\/misir-2-hanedan-krallari-mo-2890-mo-2686\\\/#primaryimage\"},\"thumbnailUrl\":\"\",\"datePublished\":\"2025-08-30T08:00:35+00:00\",\"dateModified\":\"2026-02-25T20:44:25+00:00\",\"breadcrumb\":{\"@id\":\"https:\\\/\\\/egyptologyencyclopedia.org\\\/antik-misir-krallari\\\/misir-2-hanedan-krallari-mo-2890-mo-2686\\\/#breadcrumb\"},\"inLanguage\":\"de\",\"potentialAction\":[{\"@type\":\"ReadAction\",\"target\":[\"https:\\\/\\\/egyptologyencyclopedia.org\\\/antik-misir-krallari\\\/misir-2-hanedan-krallari-mo-2890-mo-2686\\\/\"]}]},{\"@type\":\"ImageObject\",\"inLanguage\":\"de\",\"@id\":\"https:\\\/\\\/egyptologyencyclopedia.org\\\/antik-misir-krallari\\\/misir-2-hanedan-krallari-mo-2890-mo-2686\\\/#primaryimage\",\"url\":\"\",\"contentUrl\":\"\"},{\"@type\":\"BreadcrumbList\",\"@id\":\"https:\\\/\\\/egyptologyencyclopedia.org\\\/antik-misir-krallari\\\/misir-2-hanedan-krallari-mo-2890-mo-2686\\\/#breadcrumb\",\"itemListElement\":[{\"@type\":\"ListItem\",\"position\":1,\"name\":\"Anasayfa\",\"item\":\"https:\\\/\\\/saddlebrown-ant-958972.hostingersite.com\\\/de\\\/\"},{\"@type\":\"ListItem\",\"position\":2,\"name\":\"Antik M\u0131s\u0131r Krallar\u0131\",\"item\":\"https:\\\/\\\/saddlebrown-ant-958972.hostingersite.com\\\/de\\\/antik-misir-krallari\\\/\"},{\"@type\":\"ListItem\",\"position\":3,\"name\":\"M\u0131s\u0131r II. Hanedan Krallar\u0131 (M\u00d6 2890 &#8211; M\u00d6 2686)\"}]},{\"@type\":\"WebSite\",\"@id\":\"https:\\\/\\\/egyptologyencyclopedia.org\\\/#website\",\"url\":\"https:\\\/\\\/egyptologyencyclopedia.org\\\/\",\"name\":\"M\u0131s\u0131rbilim Ansiklopedisi - Egyptology Encyclopedia\",\"description\":\"\",\"publisher\":{\"@id\":\"https:\\\/\\\/egyptologyencyclopedia.org\\\/#organization\"},\"potentialAction\":[{\"@type\":\"SearchAction\",\"target\":{\"@type\":\"EntryPoint\",\"urlTemplate\":\"https:\\\/\\\/egyptologyencyclopedia.org\\\/?s={search_term_string}\"},\"query-input\":{\"@type\":\"PropertyValueSpecification\",\"valueRequired\":true,\"valueName\":\"search_term_string\"}}],\"inLanguage\":\"de\"},{\"@type\":\"Organization\",\"@id\":\"https:\\\/\\\/egyptologyencyclopedia.org\\\/#organization\",\"name\":\"M\u0131s\u0131rbilim Ansiklopedisi - Egyptology Encyclopedia\",\"url\":\"https:\\\/\\\/egyptologyencyclopedia.org\\\/\",\"logo\":{\"@type\":\"ImageObject\",\"inLanguage\":\"de\",\"@id\":\"https:\\\/\\\/egyptologyencyclopedia.org\\\/#\\\/schema\\\/logo\\\/image\\\/\",\"url\":\"https:\\\/\\\/egyptologyencyclopedia.org\\\/wp-content\\\/uploads\\\/2025\\\/10\\\/cropped-Misirbilim-Ansiklopedisi-2.png\",\"contentUrl\":\"https:\\\/\\\/egyptologyencyclopedia.org\\\/wp-content\\\/uploads\\\/2025\\\/10\\\/cropped-Misirbilim-Ansiklopedisi-2.png\",\"width\":181,\"height\":73,\"caption\":\"M\u0131s\u0131rbilim Ansiklopedisi - Egyptology Encyclopedia\"},\"image\":{\"@id\":\"https:\\\/\\\/egyptologyencyclopedia.org\\\/#\\\/schema\\\/logo\\\/image\\\/\"}}]}<\/script>\n<!-- \/ Yoast SEO plugin. -->","yoast_head_json":{"title":"M\u0131s\u0131r II. Hanedan Krallar\u0131 (M\u00d6 2890 - M\u00d6 2686) - M\u0131s\u0131rbilim Ansiklopedisi - Egyptology Encyclopedia","robots":{"index":"index","follow":"follow","max-snippet":"max-snippet:-1","max-image-preview":"max-image-preview:large","max-video-preview":"max-video-preview:-1"},"canonical":"https:\/\/egyptologyencyclopedia.org\/de\/antik-misir-krallari\/misir-2-hanedan-krallari-mo-2890-mo-2686\/","og_locale":"de_DE","og_type":"article","og_title":"M\u0131s\u0131r II. Hanedan Krallar\u0131 (M\u00d6 2890 - M\u00d6 2686) - M\u0131s\u0131rbilim Ansiklopedisi - Egyptology Encyclopedia","og_description":"Kral Yakla\u015f\u0131k Y\u0131l Notlar Hotepsekhemwy M\u00d6 2890 1 ve 2. Hanedan&#8217;\u0131 birle\u015ftiren kral olarak kabul edilir. Raneb M\u00d6 2865 Bilinen en eski tam isimli an\u0131ta sahip krald\u0131r. Nynetjer M\u00d6 2850 Yakla\u015f\u0131k 45 y\u0131l gibi uzun bir s\u00fcre h\u00fck\u00fcm s\u00fcrm\u00fc\u015ft\u00fcr. Sekhemib-Perenmaat M\u00d6 2740 Kendi ad\u0131n\u0131, Horus yerine Set fig\u00fcr\u00fcyle kullanan nadir krallardand\u0131r. Khasekhemwy M\u00d6 2730 Hanedan\u0131n &hellip; Continue reading \"M\u0131s\u0131r II. Hanedan Krallar\u0131 (M\u00d6 2890 &#8211; M\u00d6 2686)\"","og_url":"https:\/\/egyptologyencyclopedia.org\/de\/antik-misir-krallari\/misir-2-hanedan-krallari-mo-2890-mo-2686\/","og_site_name":"M\u0131s\u0131rbilim Ansiklopedisi - Egyptology Encyclopedia","article_modified_time":"2026-02-25T20:44:25+00:00","twitter_card":"summary_large_image","twitter_misc":{"Gesch\u00e4tzte Lesezeit":"1\u00a0Minute"},"schema":{"@context":"https:\/\/schema.org","@graph":[{"@type":"WebPage","@id":"https:\/\/egyptologyencyclopedia.org\/antik-misir-krallari\/misir-2-hanedan-krallari-mo-2890-mo-2686\/","url":"https:\/\/egyptologyencyclopedia.org\/antik-misir-krallari\/misir-2-hanedan-krallari-mo-2890-mo-2686\/","name":"M\u0131s\u0131r II. Hanedan Krallar\u0131 (M\u00d6 2890 - M\u00d6 2686) - M\u0131s\u0131rbilim Ansiklopedisi - Egyptology Encyclopedia","isPartOf":{"@id":"https:\/\/egyptologyencyclopedia.org\/#website"},"primaryImageOfPage":{"@id":"https:\/\/egyptologyencyclopedia.org\/antik-misir-krallari\/misir-2-hanedan-krallari-mo-2890-mo-2686\/#primaryimage"},"image":{"@id":"https:\/\/egyptologyencyclopedia.org\/antik-misir-krallari\/misir-2-hanedan-krallari-mo-2890-mo-2686\/#primaryimage"},"thumbnailUrl":"","datePublished":"2025-08-30T08:00:35+00:00","dateModified":"2026-02-25T20:44:25+00:00","breadcrumb":{"@id":"https:\/\/egyptologyencyclopedia.org\/antik-misir-krallari\/misir-2-hanedan-krallari-mo-2890-mo-2686\/#breadcrumb"},"inLanguage":"de","potentialAction":[{"@type":"ReadAction","target":["https:\/\/egyptologyencyclopedia.org\/antik-misir-krallari\/misir-2-hanedan-krallari-mo-2890-mo-2686\/"]}]},{"@type":"ImageObject","inLanguage":"de","@id":"https:\/\/egyptologyencyclopedia.org\/antik-misir-krallari\/misir-2-hanedan-krallari-mo-2890-mo-2686\/#primaryimage","url":"","contentUrl":""},{"@type":"BreadcrumbList","@id":"https:\/\/egyptologyencyclopedia.org\/antik-misir-krallari\/misir-2-hanedan-krallari-mo-2890-mo-2686\/#breadcrumb","itemListElement":[{"@type":"ListItem","position":1,"name":"Anasayfa","item":"https:\/\/saddlebrown-ant-958972.hostingersite.com\/de\/"},{"@type":"ListItem","position":2,"name":"Antik M\u0131s\u0131r Krallar\u0131","item":"https:\/\/saddlebrown-ant-958972.hostingersite.com\/de\/antik-misir-krallari\/"},{"@type":"ListItem","position":3,"name":"M\u0131s\u0131r II. Hanedan Krallar\u0131 (M\u00d6 2890 &#8211; M\u00d6 2686)"}]},{"@type":"WebSite","@id":"https:\/\/egyptologyencyclopedia.org\/#website","url":"https:\/\/egyptologyencyclopedia.org\/","name":"M\u0131s\u0131rbilim Ansiklopedisi - Egyptology Encyclopedia","description":"","publisher":{"@id":"https:\/\/egyptologyencyclopedia.org\/#organization"},"potentialAction":[{"@type":"SearchAction","target":{"@type":"EntryPoint","urlTemplate":"https:\/\/egyptologyencyclopedia.org\/?s={search_term_string}"},"query-input":{"@type":"PropertyValueSpecification","valueRequired":true,"valueName":"search_term_string"}}],"inLanguage":"de"},{"@type":"Organization","@id":"https:\/\/egyptologyencyclopedia.org\/#organization","name":"M\u0131s\u0131rbilim Ansiklopedisi - Egyptology Encyclopedia","url":"https:\/\/egyptologyencyclopedia.org\/","logo":{"@type":"ImageObject","inLanguage":"de","@id":"https:\/\/egyptologyencyclopedia.org\/#\/schema\/logo\/image\/","url":"https:\/\/egyptologyencyclopedia.org\/wp-content\/uploads\/2025\/10\/cropped-Misirbilim-Ansiklopedisi-2.png","contentUrl":"https:\/\/egyptologyencyclopedia.org\/wp-content\/uploads\/2025\/10\/cropped-Misirbilim-Ansiklopedisi-2.png","width":181,"height":73,"caption":"M\u0131s\u0131rbilim Ansiklopedisi - Egyptology Encyclopedia"},"image":{"@id":"https:\/\/egyptologyencyclopedia.org\/#\/schema\/logo\/image\/"}}]}},"_hostinger_reach_plugin_has_subscription_block":false,"_hostinger_reach_plugin_is_elementor":false,"uagb_featured_image_src":{"full":false,"thumbnail":false,"medium":false,"medium_large":false,"large":false,"1536x1536":false,"2048x2048":false,"trp-custom-language-flag":false,"post_slider_layout_landscape_large":false,"post_slider_layout_portrait_large":false,"post_slider_layout_square_large":false,"post_slider_layout_landscape":false,"post_slider_layout_portrait":false,"post_slider_layout_square":false,"archaeology-museums-pro-homepage-thumb":false,"mailpoet_newsletter_max":false,"vw-gallery-image-medium":false},"uagb_author_info":{"display_name":"Birkan Ayaz","author_link":"https:\/\/egyptologyencyclopedia.org\/de\/author\/birkanayaz26\/"},"uagb_comment_info":0,"uagb_excerpt":"Kral Yakla\u015f\u0131k Y\u0131l Notlar Hotepsekhemwy M\u00d6 2890 1 ve 2. Hanedan&#8217;\u0131 birle\u015ftiren kral olarak kabul edilir. Raneb M\u00d6 2865 Bilinen en eski tam isimli an\u0131ta sahip krald\u0131r. Nynetjer M\u00d6 2850 Yakla\u015f\u0131k 45 y\u0131l gibi uzun bir s\u00fcre h\u00fck\u00fcm s\u00fcrm\u00fc\u015ft\u00fcr. Sekhemib-Perenmaat M\u00d6 2740 Kendi ad\u0131n\u0131, Horus yerine Set fig\u00fcr\u00fcyle kullanan nadir krallardand\u0131r. Khasekhemwy M\u00d6 2730 Hanedan\u0131n&hellip;","jetpack_sharing_enabled":true,"_links":{"self":[{"href":"https:\/\/egyptologyencyclopedia.org\/de\/wp-json\/wp\/v2\/pages\/3018","targetHints":{"allow":["GET"]}}],"collection":[{"href":"https:\/\/egyptologyencyclopedia.org\/de\/wp-json\/wp\/v2\/pages"}],"about":[{"href":"https:\/\/egyptologyencyclopedia.org\/de\/wp-json\/wp\/v2\/types\/page"}],"author":[{"embeddable":true,"href":"https:\/\/egyptologyencyclopedia.org\/de\/wp-json\/wp\/v2\/users\/1"}],"replies":[{"embeddable":true,"href":"https:\/\/egyptologyencyclopedia.org\/de\/wp-json\/wp\/v2\/comments?post=3018"}],"version-history":[{"count":4,"href":"https:\/\/egyptologyencyclopedia.org\/de\/wp-json\/wp\/v2\/pages\/3018\/revisions"}],"predecessor-version":[{"id":6058,"href":"https:\/\/egyptologyencyclopedia.org\/de\/wp-json\/wp\/v2\/pages\/3018\/revisions\/6058"}],"up":[{"embeddable":true,"href":"https:\/\/egyptologyencyclopedia.org\/de\/wp-json\/wp\/v2\/pages\/4863"}],"wp:featuredmedia":[{"embeddable":true,"href":"https:\/\/egyptologyencyclopedia.org\/de\/wp-json\/"}],"wp:attachment":[{"href":"https:\/\/egyptologyencyclopedia.org\/de\/wp-json\/wp\/v2\/media?parent=3018"}],"curies":[{"name":"wp","href":"https:\/\/api.w.org\/{rel}","templated":true}]}}