{"id":3011,"date":"2025-08-30T10:54:34","date_gmt":"2025-08-30T07:54:34","guid":{"rendered":"https:\/\/egyptologyencyclopedia.org\/?page_id=3011"},"modified":"2025-11-29T14:07:10","modified_gmt":"2025-11-29T14:07:10","slug":"misir-1-hanedan-krallari-mo-3100-mo-2890","status":"publish","type":"page","link":"https:\/\/egyptologyencyclopedia.org\/de\/antik-misir-krallari\/misir-1-hanedan-krallari-mo-3100-mo-2890\/","title":{"rendered":"M\u0131s\u0131r I. Hanedan Krallar\u0131 (M\u00d6 3100 &#8211; M\u00d6 2890)"},"content":{"rendered":"<figure class=\"wp-block-table is-style-stripes has-pt-serif-font-family\"><table class=\"has-black-color has-text-color has-link-color has-fixed-layout\"><tbody><tr><td><strong>Kral<\/strong><\/td><td><strong>Yakla\u015f\u0131k Y\u0131l<\/strong><\/td><td><strong>Notlar<\/strong><\/td><\/tr><tr><td><a href=\"https:\/\/egyptologyencyclopedia.org\/de\/narmer\/\">Narmer (Menes)<\/a><\/td><td>M\u00d6 3100<\/td><td>M\u0131s\u0131r&#8217;\u0131 birle\u015ftiren ilk kral oldu\u011fu d\u00fc\u015f\u00fcn\u00fclmektedir.<\/td><\/tr><tr><td><a href=\"https:\/\/egyptologyencyclopedia.org\/de\/hor-aha\/\">Aha<\/a><\/td><td>M\u00d6 3080<\/td><td>Narmer&#8217;in halefi.<\/td><\/tr><tr><td><a href=\"https:\/\/egyptologyencyclopedia.org\/de\/djer\/\">Djer<\/a><\/td><td>M\u00d6 3050<\/td><td>M\u0131s\u0131r&#8217;daki ilk hanedan mezarlar\u0131ndan baz\u0131lar\u0131 onun d\u00f6nemine aittir.<\/td><\/tr><tr><td><a href=\"https:\/\/egyptologyencyclopedia.org\/de\/djet\/\">Djet<\/a><\/td><td>M\u00d6 3000<\/td><td>Genellikle Horus y\u0131lan\u0131 olarak tasvir edilmi\u015ftir.<\/td><\/tr><tr><td><a href=\"https:\/\/egyptologyencyclopedia.org\/de\/den\/\">Den<\/a><\/td><td>M\u00d6 2980<\/td><td>M\u0131s\u0131r&#8217;\u0131n en uzun s\u00fcre tahtta kalan 1. Hanedan kral\u0131 olarak bilinir.<\/td><\/tr><tr><td><a href=\"https:\/\/egyptologyencyclopedia.org\/de\/anedjib\/\">Anedjib<\/a><\/td><td>M\u00d6 2940<\/td><td>Horus y\u0131lan\u0131 sembol\u00fcn\u00fc kullanm\u0131\u015ft\u0131r.<\/td><\/tr><tr><td><a href=\"https:\/\/egyptologyencyclopedia.org\/de\/semerkhet\/\">Semerkhet<\/a><\/td><td>M\u00d6 2920<\/td><td>K\u0131sa s\u00fcre tahtta kalm\u0131\u015ft\u0131r.<\/td><\/tr><tr><td><a href=\"https:\/\/egyptologyencyclopedia.org\/de\/qaa\/\">Qaa<\/a><\/td><td>M\u00d6 2910<\/td><td>Hanedan\u0131n son kral\u0131d\u0131r.<\/td><\/tr><\/tbody><\/table><\/figure>","protected":false},"excerpt":{"rendered":"<p>Kral Yakla\u015f\u0131k Y\u0131l Notlar Narmer (Menes) M\u00d6 3100 M\u0131s\u0131r&#8217;\u0131 birle\u015ftiren ilk kral oldu\u011fu d\u00fc\u015f\u00fcn\u00fclmektedir. Aha M\u00d6 3080 Narmer&#8217;in halefi. Djer M\u00d6 3050 M\u0131s\u0131r&#8217;daki ilk hanedan mezarlar\u0131ndan baz\u0131lar\u0131 onun d\u00f6nemine aittir. Djet M\u00d6 3000 Genellikle Horus y\u0131lan\u0131 olarak tasvir edilmi\u015ftir. Den M\u00d6 2980 M\u0131s\u0131r&#8217;\u0131n en uzun s\u00fcre tahtta kalan 1. Hanedan kral\u0131 olarak bilinir. Anedjib M\u00d6 &hellip; <\/p>\n<p class=\"link-more\"><a href=\"https:\/\/egyptologyencyclopedia.org\/de\/antik-misir-krallari\/misir-1-hanedan-krallari-mo-3100-mo-2890\/\" class=\"more-link\">Continue reading<span class=\"screen-reader-text\"> &#8220;M\u0131s\u0131r I. Hanedan Krallar\u0131 (M\u00d6 3100 &#8211; M\u00d6 2890)&#8221;<\/span><\/a><\/p>","protected":false},"author":1,"featured_media":3180,"parent":4863,"menu_order":0,"comment_status":"closed","ping_status":"closed","template":"","meta":{"_regular_price":[],"currency_symbol":[],"_uag_custom_page_level_css":"","jetpack_post_was_ever_published":false,"footnotes":""},"class_list":["post-3011","page","type-page","status-publish","has-post-thumbnail","hentry"],"post_slider_layout_featured_media_urls":{"thumbnail":"","post_slider_layout_landscape_large":"","post_slider_layout_portrait_large":"","post_slider_layout_square_large":"","post_slider_layout_landscape":"","post_slider_layout_portrait":"","post_slider_layout_square":"","full":""},"yoast_head":"<!-- This site is optimized with the Yoast SEO plugin v27.4 - https:\/\/yoast.com\/product\/yoast-seo-wordpress\/ -->\n<title>M\u0131s\u0131r I. Hanedan Krallar\u0131 (M\u00d6 3100 - M\u00d6 2890) - M\u0131s\u0131rbilim Ansiklopedisi - Egyptology Encyclopedia<\/title>\n<meta name=\"robots\" content=\"index, follow, max-snippet:-1, max-image-preview:large, max-video-preview:-1\" \/>\n<link rel=\"canonical\" href=\"https:\/\/egyptologyencyclopedia.org\/de\/antik-misir-krallari\/misir-1-hanedan-krallari-mo-3100-mo-2890\/\" \/>\n<meta property=\"og:locale\" content=\"de_DE\" \/>\n<meta property=\"og:type\" content=\"article\" \/>\n<meta property=\"og:title\" content=\"M\u0131s\u0131r I. Hanedan Krallar\u0131 (M\u00d6 3100 - M\u00d6 2890) - M\u0131s\u0131rbilim Ansiklopedisi - Egyptology Encyclopedia\" \/>\n<meta property=\"og:description\" content=\"Kral Yakla\u015f\u0131k Y\u0131l Notlar Narmer (Menes) M\u00d6 3100 M\u0131s\u0131r&#8217;\u0131 birle\u015ftiren ilk kral oldu\u011fu d\u00fc\u015f\u00fcn\u00fclmektedir. Aha M\u00d6 3080 Narmer&#8217;in halefi. Djer M\u00d6 3050 M\u0131s\u0131r&#8217;daki ilk hanedan mezarlar\u0131ndan baz\u0131lar\u0131 onun d\u00f6nemine aittir. Djet M\u00d6 3000 Genellikle Horus y\u0131lan\u0131 olarak tasvir edilmi\u015ftir. Den M\u00d6 2980 M\u0131s\u0131r&#8217;\u0131n en uzun s\u00fcre tahtta kalan 1. Hanedan kral\u0131 olarak bilinir. Anedjib M\u00d6 &hellip; Continue reading &quot;M\u0131s\u0131r I. Hanedan Krallar\u0131 (M\u00d6 3100 &#8211; M\u00d6 2890)&quot;\" \/>\n<meta property=\"og:url\" content=\"https:\/\/egyptologyencyclopedia.org\/de\/antik-misir-krallari\/misir-1-hanedan-krallari-mo-3100-mo-2890\/\" \/>\n<meta property=\"og:site_name\" content=\"M\u0131s\u0131rbilim Ansiklopedisi - Egyptology Encyclopedia\" \/>\n<meta property=\"article:modified_time\" content=\"2025-11-29T14:07:10+00:00\" \/>\n<meta name=\"twitter:card\" content=\"summary_large_image\" \/>\n<meta name=\"twitter:label1\" content=\"Gesch\u00e4tzte Lesezeit\" \/>\n\t<meta name=\"twitter:data1\" content=\"1\u00a0Minute\" \/>\n<script type=\"application\/ld+json\" class=\"yoast-schema-graph\">{\"@context\":\"https:\\\/\\\/schema.org\",\"@graph\":[{\"@type\":\"WebPage\",\"@id\":\"https:\\\/\\\/egyptologyencyclopedia.org\\\/antik-misir-krallari\\\/misir-1-hanedan-krallari-mo-3100-mo-2890\\\/\",\"url\":\"https:\\\/\\\/egyptologyencyclopedia.org\\\/antik-misir-krallari\\\/misir-1-hanedan-krallari-mo-3100-mo-2890\\\/\",\"name\":\"M\u0131s\u0131r I. Hanedan Krallar\u0131 (M\u00d6 3100 - M\u00d6 2890) - M\u0131s\u0131rbilim Ansiklopedisi - Egyptology Encyclopedia\",\"isPartOf\":{\"@id\":\"https:\\\/\\\/egyptologyencyclopedia.org\\\/#website\"},\"primaryImageOfPage\":{\"@id\":\"https:\\\/\\\/egyptologyencyclopedia.org\\\/antik-misir-krallari\\\/misir-1-hanedan-krallari-mo-3100-mo-2890\\\/#primaryimage\"},\"image\":{\"@id\":\"https:\\\/\\\/egyptologyencyclopedia.org\\\/antik-misir-krallari\\\/misir-1-hanedan-krallari-mo-3100-mo-2890\\\/#primaryimage\"},\"thumbnailUrl\":\"\",\"datePublished\":\"2025-08-30T07:54:34+00:00\",\"dateModified\":\"2025-11-29T14:07:10+00:00\",\"breadcrumb\":{\"@id\":\"https:\\\/\\\/egyptologyencyclopedia.org\\\/antik-misir-krallari\\\/misir-1-hanedan-krallari-mo-3100-mo-2890\\\/#breadcrumb\"},\"inLanguage\":\"de\",\"potentialAction\":[{\"@type\":\"ReadAction\",\"target\":[\"https:\\\/\\\/egyptologyencyclopedia.org\\\/antik-misir-krallari\\\/misir-1-hanedan-krallari-mo-3100-mo-2890\\\/\"]}]},{\"@type\":\"ImageObject\",\"inLanguage\":\"de\",\"@id\":\"https:\\\/\\\/egyptologyencyclopedia.org\\\/antik-misir-krallari\\\/misir-1-hanedan-krallari-mo-3100-mo-2890\\\/#primaryimage\",\"url\":\"\",\"contentUrl\":\"\"},{\"@type\":\"BreadcrumbList\",\"@id\":\"https:\\\/\\\/egyptologyencyclopedia.org\\\/antik-misir-krallari\\\/misir-1-hanedan-krallari-mo-3100-mo-2890\\\/#breadcrumb\",\"itemListElement\":[{\"@type\":\"ListItem\",\"position\":1,\"name\":\"Anasayfa\",\"item\":\"https:\\\/\\\/saddlebrown-ant-958972.hostingersite.com\\\/de\\\/\"},{\"@type\":\"ListItem\",\"position\":2,\"name\":\"Antik M\u0131s\u0131r Krallar\u0131\",\"item\":\"https:\\\/\\\/saddlebrown-ant-958972.hostingersite.com\\\/de\\\/antik-misir-krallari\\\/\"},{\"@type\":\"ListItem\",\"position\":3,\"name\":\"M\u0131s\u0131r I. Hanedan Krallar\u0131 (M\u00d6 3100 &#8211; M\u00d6 2890)\"}]},{\"@type\":\"WebSite\",\"@id\":\"https:\\\/\\\/egyptologyencyclopedia.org\\\/#website\",\"url\":\"https:\\\/\\\/egyptologyencyclopedia.org\\\/\",\"name\":\"M\u0131s\u0131rbilim Ansiklopedisi - Egyptology Encyclopedia\",\"description\":\"\",\"publisher\":{\"@id\":\"https:\\\/\\\/egyptologyencyclopedia.org\\\/#organization\"},\"potentialAction\":[{\"@type\":\"SearchAction\",\"target\":{\"@type\":\"EntryPoint\",\"urlTemplate\":\"https:\\\/\\\/egyptologyencyclopedia.org\\\/?s={search_term_string}\"},\"query-input\":{\"@type\":\"PropertyValueSpecification\",\"valueRequired\":true,\"valueName\":\"search_term_string\"}}],\"inLanguage\":\"de\"},{\"@type\":\"Organization\",\"@id\":\"https:\\\/\\\/egyptologyencyclopedia.org\\\/#organization\",\"name\":\"M\u0131s\u0131rbilim Ansiklopedisi - Egyptology Encyclopedia\",\"url\":\"https:\\\/\\\/egyptologyencyclopedia.org\\\/\",\"logo\":{\"@type\":\"ImageObject\",\"inLanguage\":\"de\",\"@id\":\"https:\\\/\\\/egyptologyencyclopedia.org\\\/#\\\/schema\\\/logo\\\/image\\\/\",\"url\":\"https:\\\/\\\/egyptologyencyclopedia.org\\\/wp-content\\\/uploads\\\/2025\\\/10\\\/cropped-Misirbilim-Ansiklopedisi-2.png\",\"contentUrl\":\"https:\\\/\\\/egyptologyencyclopedia.org\\\/wp-content\\\/uploads\\\/2025\\\/10\\\/cropped-Misirbilim-Ansiklopedisi-2.png\",\"width\":181,\"height\":73,\"caption\":\"M\u0131s\u0131rbilim Ansiklopedisi - Egyptology Encyclopedia\"},\"image\":{\"@id\":\"https:\\\/\\\/egyptologyencyclopedia.org\\\/#\\\/schema\\\/logo\\\/image\\\/\"}}]}<\/script>\n<!-- \/ Yoast SEO plugin. -->","yoast_head_json":{"title":"M\u0131s\u0131r I. Hanedan Krallar\u0131 (M\u00d6 3100 - M\u00d6 2890) - M\u0131s\u0131rbilim Ansiklopedisi - Egyptology Encyclopedia","robots":{"index":"index","follow":"follow","max-snippet":"max-snippet:-1","max-image-preview":"max-image-preview:large","max-video-preview":"max-video-preview:-1"},"canonical":"https:\/\/egyptologyencyclopedia.org\/de\/antik-misir-krallari\/misir-1-hanedan-krallari-mo-3100-mo-2890\/","og_locale":"de_DE","og_type":"article","og_title":"M\u0131s\u0131r I. Hanedan Krallar\u0131 (M\u00d6 3100 - M\u00d6 2890) - M\u0131s\u0131rbilim Ansiklopedisi - Egyptology Encyclopedia","og_description":"Kral Yakla\u015f\u0131k Y\u0131l Notlar Narmer (Menes) M\u00d6 3100 M\u0131s\u0131r&#8217;\u0131 birle\u015ftiren ilk kral oldu\u011fu d\u00fc\u015f\u00fcn\u00fclmektedir. Aha M\u00d6 3080 Narmer&#8217;in halefi. Djer M\u00d6 3050 M\u0131s\u0131r&#8217;daki ilk hanedan mezarlar\u0131ndan baz\u0131lar\u0131 onun d\u00f6nemine aittir. Djet M\u00d6 3000 Genellikle Horus y\u0131lan\u0131 olarak tasvir edilmi\u015ftir. Den M\u00d6 2980 M\u0131s\u0131r&#8217;\u0131n en uzun s\u00fcre tahtta kalan 1. Hanedan kral\u0131 olarak bilinir. Anedjib M\u00d6 &hellip; Continue reading \"M\u0131s\u0131r I. Hanedan Krallar\u0131 (M\u00d6 3100 &#8211; M\u00d6 2890)\"","og_url":"https:\/\/egyptologyencyclopedia.org\/de\/antik-misir-krallari\/misir-1-hanedan-krallari-mo-3100-mo-2890\/","og_site_name":"M\u0131s\u0131rbilim Ansiklopedisi - Egyptology Encyclopedia","article_modified_time":"2025-11-29T14:07:10+00:00","twitter_card":"summary_large_image","twitter_misc":{"Gesch\u00e4tzte Lesezeit":"1\u00a0Minute"},"schema":{"@context":"https:\/\/schema.org","@graph":[{"@type":"WebPage","@id":"https:\/\/egyptologyencyclopedia.org\/antik-misir-krallari\/misir-1-hanedan-krallari-mo-3100-mo-2890\/","url":"https:\/\/egyptologyencyclopedia.org\/antik-misir-krallari\/misir-1-hanedan-krallari-mo-3100-mo-2890\/","name":"M\u0131s\u0131r I. Hanedan Krallar\u0131 (M\u00d6 3100 - M\u00d6 2890) - M\u0131s\u0131rbilim Ansiklopedisi - Egyptology Encyclopedia","isPartOf":{"@id":"https:\/\/egyptologyencyclopedia.org\/#website"},"primaryImageOfPage":{"@id":"https:\/\/egyptologyencyclopedia.org\/antik-misir-krallari\/misir-1-hanedan-krallari-mo-3100-mo-2890\/#primaryimage"},"image":{"@id":"https:\/\/egyptologyencyclopedia.org\/antik-misir-krallari\/misir-1-hanedan-krallari-mo-3100-mo-2890\/#primaryimage"},"thumbnailUrl":"","datePublished":"2025-08-30T07:54:34+00:00","dateModified":"2025-11-29T14:07:10+00:00","breadcrumb":{"@id":"https:\/\/egyptologyencyclopedia.org\/antik-misir-krallari\/misir-1-hanedan-krallari-mo-3100-mo-2890\/#breadcrumb"},"inLanguage":"de","potentialAction":[{"@type":"ReadAction","target":["https:\/\/egyptologyencyclopedia.org\/antik-misir-krallari\/misir-1-hanedan-krallari-mo-3100-mo-2890\/"]}]},{"@type":"ImageObject","inLanguage":"de","@id":"https:\/\/egyptologyencyclopedia.org\/antik-misir-krallari\/misir-1-hanedan-krallari-mo-3100-mo-2890\/#primaryimage","url":"","contentUrl":""},{"@type":"BreadcrumbList","@id":"https:\/\/egyptologyencyclopedia.org\/antik-misir-krallari\/misir-1-hanedan-krallari-mo-3100-mo-2890\/#breadcrumb","itemListElement":[{"@type":"ListItem","position":1,"name":"Anasayfa","item":"https:\/\/saddlebrown-ant-958972.hostingersite.com\/de\/"},{"@type":"ListItem","position":2,"name":"Antik M\u0131s\u0131r Krallar\u0131","item":"https:\/\/saddlebrown-ant-958972.hostingersite.com\/de\/antik-misir-krallari\/"},{"@type":"ListItem","position":3,"name":"M\u0131s\u0131r I. Hanedan Krallar\u0131 (M\u00d6 3100 &#8211; M\u00d6 2890)"}]},{"@type":"WebSite","@id":"https:\/\/egyptologyencyclopedia.org\/#website","url":"https:\/\/egyptologyencyclopedia.org\/","name":"M\u0131s\u0131rbilim Ansiklopedisi - Egyptology Encyclopedia","description":"","publisher":{"@id":"https:\/\/egyptologyencyclopedia.org\/#organization"},"potentialAction":[{"@type":"SearchAction","target":{"@type":"EntryPoint","urlTemplate":"https:\/\/egyptologyencyclopedia.org\/?s={search_term_string}"},"query-input":{"@type":"PropertyValueSpecification","valueRequired":true,"valueName":"search_term_string"}}],"inLanguage":"de"},{"@type":"Organization","@id":"https:\/\/egyptologyencyclopedia.org\/#organization","name":"M\u0131s\u0131rbilim Ansiklopedisi - Egyptology Encyclopedia","url":"https:\/\/egyptologyencyclopedia.org\/","logo":{"@type":"ImageObject","inLanguage":"de","@id":"https:\/\/egyptologyencyclopedia.org\/#\/schema\/logo\/image\/","url":"https:\/\/egyptologyencyclopedia.org\/wp-content\/uploads\/2025\/10\/cropped-Misirbilim-Ansiklopedisi-2.png","contentUrl":"https:\/\/egyptologyencyclopedia.org\/wp-content\/uploads\/2025\/10\/cropped-Misirbilim-Ansiklopedisi-2.png","width":181,"height":73,"caption":"M\u0131s\u0131rbilim Ansiklopedisi - Egyptology Encyclopedia"},"image":{"@id":"https:\/\/egyptologyencyclopedia.org\/#\/schema\/logo\/image\/"}}]}},"_hostinger_reach_plugin_has_subscription_block":false,"_hostinger_reach_plugin_is_elementor":false,"uagb_featured_image_src":{"full":false,"thumbnail":false,"medium":false,"medium_large":false,"large":false,"1536x1536":false,"2048x2048":false,"trp-custom-language-flag":false,"post_slider_layout_landscape_large":false,"post_slider_layout_portrait_large":false,"post_slider_layout_square_large":false,"post_slider_layout_landscape":false,"post_slider_layout_portrait":false,"post_slider_layout_square":false,"archaeology-museums-pro-homepage-thumb":false,"mailpoet_newsletter_max":false,"vw-gallery-image-medium":false},"uagb_author_info":{"display_name":"Birkan Ayaz","author_link":"https:\/\/egyptologyencyclopedia.org\/de\/author\/birkanayaz26\/"},"uagb_comment_info":0,"uagb_excerpt":"Kral Yakla\u015f\u0131k Y\u0131l Notlar Narmer (Menes) M\u00d6 3100 M\u0131s\u0131r&#8217;\u0131 birle\u015ftiren ilk kral oldu\u011fu d\u00fc\u015f\u00fcn\u00fclmektedir. Aha M\u00d6 3080 Narmer&#8217;in halefi. Djer M\u00d6 3050 M\u0131s\u0131r&#8217;daki ilk hanedan mezarlar\u0131ndan baz\u0131lar\u0131 onun d\u00f6nemine aittir. Djet M\u00d6 3000 Genellikle Horus y\u0131lan\u0131 olarak tasvir edilmi\u015ftir. Den M\u00d6 2980 M\u0131s\u0131r&#8217;\u0131n en uzun s\u00fcre tahtta kalan 1. Hanedan kral\u0131 olarak bilinir. Anedjib M\u00d6&hellip;","jetpack_sharing_enabled":true,"_links":{"self":[{"href":"https:\/\/egyptologyencyclopedia.org\/de\/wp-json\/wp\/v2\/pages\/3011","targetHints":{"allow":["GET"]}}],"collection":[{"href":"https:\/\/egyptologyencyclopedia.org\/de\/wp-json\/wp\/v2\/pages"}],"about":[{"href":"https:\/\/egyptologyencyclopedia.org\/de\/wp-json\/wp\/v2\/types\/page"}],"author":[{"embeddable":true,"href":"https:\/\/egyptologyencyclopedia.org\/de\/wp-json\/wp\/v2\/users\/1"}],"replies":[{"embeddable":true,"href":"https:\/\/egyptologyencyclopedia.org\/de\/wp-json\/wp\/v2\/comments?post=3011"}],"version-history":[{"count":3,"href":"https:\/\/egyptologyencyclopedia.org\/de\/wp-json\/wp\/v2\/pages\/3011\/revisions"}],"predecessor-version":[{"id":5234,"href":"https:\/\/egyptologyencyclopedia.org\/de\/wp-json\/wp\/v2\/pages\/3011\/revisions\/5234"}],"up":[{"embeddable":true,"href":"https:\/\/egyptologyencyclopedia.org\/de\/wp-json\/wp\/v2\/pages\/4863"}],"wp:featuredmedia":[{"embeddable":true,"href":"https:\/\/egyptologyencyclopedia.org\/de\/wp-json\/"}],"wp:attachment":[{"href":"https:\/\/egyptologyencyclopedia.org\/de\/wp-json\/wp\/v2\/media?parent=3011"}],"curies":[{"name":"wp","href":"https:\/\/api.w.org\/{rel}","templated":true}]}}