{"id":1271,"date":"2025-07-25T20:20:38","date_gmt":"2025-07-25T17:20:38","guid":{"rendered":"https:\/\/egyptologytr.wordpress.com\/?page_id=1271"},"modified":"2026-02-10T18:40:46","modified_gmt":"2026-02-10T18:40:46","slug":"bu-proje","status":"publish","type":"page","link":"https:\/\/egyptologyencyclopedia.org\/de\/bu-proje\/","title":{"rendered":"Dieses Projekt"},"content":{"rendered":"<div class=\"wp-block-group\"><div class=\"wp-block-group__inner-container is-layout-constrained wp-block-group-is-layout-constrained\">\n<p class=\"has-text-align-justify has-black-color has-text-color has-link-color wp-elements-4dd48ce3b0e133a2536a2b003039f2cf\">Die Enzyklop\u00e4die der \u00c4gyptologie wurde mit dem Ziel gegr\u00fcndet, ein modernes Fenster zur faszinierenden Welt des Alten \u00c4gypten zu \u00f6ffnen und die tief verwurzelte Geschichte dieser antiken Zivilisation, ihre reiche Kultur, die Tiefen der Mythologie und die aufregenden Ergebnisse jahrhundertelanger arch\u00e4ologischer Entdeckungen zusammenzubringen. Mit seinem umfassenden und detaillierten Informationsgehalt m\u00f6chten wir nicht nur Akademikern und Forschern, sondern auch allgemeinen Lesern, die sich f\u00fcr die \u00c4gyptologie interessieren, eine zuverl\u00e4ssige Informationsquelle bieten. Durch die Verbesserung der Zug\u00e4nglichkeit von Informationen m\u00f6chte diese Plattform Aspekte des alten \u00c4gyptens beleuchten, die oft in Geheimnisse geh\u00fcllt sind, und verst\u00e4ndliche Inhalte bereitstellen, die durch aktuelle und wissenschaftliche Daten gest\u00fctzt werden. Unser oberstes Ziel ist es, das einzigartige Erbe dieser einzigartigen Zivilisation in der digitalen Umgebung zu verewigen und den Wissenshunger von Geschichtsliebhabern zu stillen, w\u00e4hrend es gleichzeitig an k\u00fcnftige Generationen vollst\u00e4ndig weitergegeben wird.<\/p>\n\n\n\n<p class=\"has-text-align-justify has-black-color has-text-color has-link-color wp-elements-a876883989aec4c1887657074cd903e3\">Bu \u00f6zel ve iddial\u0131 projenin arkas\u0131ndaki isim, tarih e\u011fitimi almakta olan ve y\u0131llar\u0131n\u0131 Antik M\u0131s\u0131r&#8217;\u0131n s\u0131rlar\u0131n\u0131 ara\u015ft\u0131rmaya, \u00e7\u00f6z\u00fcmlemeye ve anlamaya adam\u0131\u015f gen\u00e7 bir M\u0131s\u0131rbilim Ara\u015ft\u0131rmac\u0131s\u0131 olan <a href=\"https:\/\/egyptologyencyclopedia.org\/de\/birkan-ayaz\/\">Birkan Ayaz<\/a>\u2018ist.<\/p>\n\n\n\n<div style=\"height:30px\" aria-hidden=\"true\" class=\"wp-block-spacer\"><\/div>\n\n\n\n<p class=\"has-text-align-justify\"><strong>Unsere Projektmethodik; Wie wird die Enzyklop\u00e4die der \u00c4gyptologie erstellt?<\/strong><\/p>\n\n\n\n<p class=\"has-black-color has-text-color has-link-color wp-elements-033968b261a31630e8c97a402712a175\"><strong>Unsere Philosophie und unser Ziel<br><\/strong>Die Enzyklop\u00e4die der \u00c4gyptologie ist keine blo\u00dfe Zusammenstellung von Informationen aus dem Internet, sondern eine zuverl\u00e4ssige Informationsquelle, die mit wissenschaftlicher Strenge und moderner Technologie aufbereitet wurde. Unser Ziel ist es, die faszinierende Welt des Alten \u00c4gyptens f\u00fcr jedermann auf m\u00f6glichst genaue und verst\u00e4ndliche Weise zug\u00e4nglich zu machen. Um dieses Ziel zu erreichen, verfolgen wir eine vierstufige Projektmethodik.<\/p>\n\n\n\n<div style=\"height:30px\" aria-hidden=\"true\" class=\"wp-block-spacer\"><\/div>\n\n\n\n<p class=\"has-black-color has-text-color has-link-color wp-elements-324978d51bbf87facfdb85c12e0bc0ea\"><strong>Ressourcenrecherche und unsere Bibliothek<br><\/strong>Jeder Enzyklop\u00e4die-Artikel ist das Ergebnis eines umfangreichen Forschungsprozesses. Die Grundlage unseres Projekts ist eine Sammlung ma\u00dfgeblicher Werke auf dem Gebiet der \u00c4gyptologie. <strong>unsere physische und digitale Buchbibliothek<\/strong> bildet den Kern unserer Inhalte. Universit\u00e4tspublikationen, wissenschaftliche Zeitschriften, Ausgrabungsberichte und Werke von \u00c4gyptologie-Experten sind die wichtigsten Informationsquellen f\u00fcr unsere Inhalte. F\u00fcr jeden neuen Artikel werden zun\u00e4chst Informationen aus diesen zuverl\u00e4ssigen Quellen gesammelt und Referenzen zusammengestellt.<\/p>\n\n\n\n<div style=\"height:30px\" aria-hidden=\"true\" class=\"wp-block-spacer\"><\/div>\n\n\n\n<p class=\"has-black-color has-text-color has-link-color wp-elements-403933e550d579e29f15d6c3c34ecfd5\"><strong>Erstellung von Inhalten und Schreibprozess<br><\/strong>Die gesammelten Rohinformationen werden vom Redakteur so umstrukturiert, dass sie f\u00fcr den Leser leicht zu verstehen sind. In diesem Stadium wird die komplexe akademische Sprache vereinfacht und die Informationen werden in einer chronologischen und thematischen Einheit pr\u00e4sentiert. Unser Ziel ist es, nicht nur zu erkl\u00e4ren, \u201cwas ein Thema ist\u201d, sondern auch, \u201cwarum es wichtig ist\u201d. Jeder Artikel ist in einer flie\u00dfenden Erz\u00e4hlung mit einer Einleitung, einer Entwicklung und einer Schlussfolgerung verfasst.<\/p>\n\n\n\n<p class=\"has-black-color has-text-color has-link-color wp-elements-9ac00cf961d1ea846fe5a532228b76c6\"><\/p>\n\n\n\n<p class=\"has-black-color has-text-color has-link-color wp-elements-a5c5c72029b4c23f1f21d826fe4722fa\"><br><strong>Einsatz von Technologie und k\u00fcnstlicher Intelligenz<br><\/strong>Technologie ist unser wichtigster Helfer, der die Geschwindigkeit und Effizienz unseres Projekts erh\u00f6ht. Insbesondere f\u00fcr die Erstellung erster \u00dcbersetzungsentw\u00fcrfe aktueller wissenschaftlicher Artikel und Entdeckungsnachrichten in Fremdsprachen (Englisch, Deutsch, Franz\u00f6sisch usw.) <strong>yapay zeka (AI) destekli \u00e7eviri ara\u00e7lar\u0131ndan %50 oran\u0131nda destek al\u0131yoruz.<\/strong><br>Allerdings sind diese \u00dcbersetzungen <strong>ist nur ein Ausgangspunkt.<\/strong> Jeder von der KI generierte Text wird von einem Editor analysiert <strong>Ganz genau.<\/strong> In Bezug auf die \u00dcbereinstimmung mit der \u00e4gyptologischen Terminologie, die Vollst\u00e4ndigkeit der Bedeutung und die Genauigkeit <strong>\u00fcberpr\u00fcft, umgeschrieben und angereichert.<\/strong> KI ist ein Werkzeug; der endg\u00fcltige Inhalt ist ein Produkt menschlicher Expertise und redaktioneller Kontrolle.<\/p>\n\n\n\n<p class=\"has-black-color has-text-color has-link-color wp-elements-9ac00cf961d1ea846fe5a532228b76c6\"><\/p>\n\n\n\n<p class=\"has-black-color has-text-color has-link-color wp-elements-d8b246f8e4d1d7f75a5820c4f4d8b7f7\"><br><strong>Endkontrolle, Visualisierung und Ver\u00f6ffentlichung<br><\/strong>Jeder Artikel wird nach dem Verfassen und Redigieren vor der Ver\u00f6ffentlichung einer abschlie\u00dfenden \u00dcberpr\u00fcfung der Fakten unterzogen. Relevante Karten, Bilder und Diagramme werden dann hinzugef\u00fcgt, um den Inhalt zu bereichern. Das Bildmaterial wird sorgf\u00e4ltig ausgew\u00e4hlt, um ein besseres Verst\u00e4ndnis des Themas zu erm\u00f6glichen. Wenn alle diese Schritte abgeschlossen sind, ist der Artikel bereit f\u00fcr die Ver\u00f6ffentlichung in der Enzyklop\u00e4die der \u00c4gyptologie.<\/p>\n<\/div><\/div>","protected":false},"excerpt":{"rendered":"<p>M\u0131s\u0131rbilim Ansiklopedisi, Antik M\u0131s\u0131r&#8217;\u0131n binlerce y\u0131ll\u0131k b\u00fcy\u00fcleyici d\u00fcnyas\u0131na modern bir pencere a\u00e7ma, bu kadim uygarl\u0131\u011f\u0131n k\u00f6kl\u00fc tarihini, zengin k\u00fclt\u00fcr\u00fcn\u00fc, mitolojinin derinliklerini ve y\u00fczy\u0131llard\u0131r s\u00fcregelen arkeolojik ke\u015fiflerin heyecan verici sonu\u00e7lar\u0131n\u0131 merakl\u0131lar\u0131yla bulu\u015fturma misyonuyla kurulmu\u015ftur. Kapsaml\u0131 ve detayl\u0131 bilgi i\u00e7eri\u011fiyle, yaln\u0131zca akademisyenlerin ve ara\u015ft\u0131rmac\u0131lar\u0131n de\u011fil, ayn\u0131 zamanda M\u0131s\u0131rbilime g\u00f6n\u00fcl veren genel okuyucu kitlesinin de g\u00fcvenilir bir bilgi &hellip; <\/p>\n<p class=\"link-more\"><a href=\"https:\/\/egyptologyencyclopedia.org\/de\/bu-proje\/\" class=\"more-link\">Continue reading<span class=\"screen-reader-text\"> &#8220;Bu Proje&#8221;<\/span><\/a><\/p>","protected":false},"author":1,"featured_media":0,"parent":0,"menu_order":0,"comment_status":"closed","ping_status":"closed","template":"","meta":{"_regular_price":[],"currency_symbol":[],"_uag_custom_page_level_css":"","jetpack_post_was_ever_published":false,"footnotes":""},"class_list":["post-1271","page","type-page","status-publish","hentry"],"post_slider_layout_featured_media_urls":{"thumbnail":"","post_slider_layout_landscape_large":"","post_slider_layout_portrait_large":"","post_slider_layout_square_large":"","post_slider_layout_landscape":"","post_slider_layout_portrait":"","post_slider_layout_square":"","full":""},"yoast_head":"<!-- This site is optimized with the Yoast SEO plugin v27.4 - https:\/\/yoast.com\/product\/yoast-seo-wordpress\/ -->\n<title>Bu Proje - M\u0131s\u0131rbilim Ansiklopedisi - Egyptology Encyclopedia<\/title>\n<meta name=\"robots\" content=\"index, follow, max-snippet:-1, max-image-preview:large, max-video-preview:-1\" \/>\n<link rel=\"canonical\" href=\"https:\/\/egyptologyencyclopedia.org\/de\/bu-proje\/\" \/>\n<meta property=\"og:locale\" content=\"de_DE\" \/>\n<meta property=\"og:type\" content=\"article\" \/>\n<meta property=\"og:title\" content=\"Bu Proje - M\u0131s\u0131rbilim Ansiklopedisi - Egyptology Encyclopedia\" \/>\n<meta property=\"og:description\" content=\"M\u0131s\u0131rbilim Ansiklopedisi, Antik M\u0131s\u0131r&#8217;\u0131n binlerce y\u0131ll\u0131k b\u00fcy\u00fcleyici d\u00fcnyas\u0131na modern bir pencere a\u00e7ma, bu kadim uygarl\u0131\u011f\u0131n k\u00f6kl\u00fc tarihini, zengin k\u00fclt\u00fcr\u00fcn\u00fc, mitolojinin derinliklerini ve y\u00fczy\u0131llard\u0131r s\u00fcregelen arkeolojik ke\u015fiflerin heyecan verici sonu\u00e7lar\u0131n\u0131 merakl\u0131lar\u0131yla bulu\u015fturma misyonuyla kurulmu\u015ftur. Kapsaml\u0131 ve detayl\u0131 bilgi i\u00e7eri\u011fiyle, yaln\u0131zca akademisyenlerin ve ara\u015ft\u0131rmac\u0131lar\u0131n de\u011fil, ayn\u0131 zamanda M\u0131s\u0131rbilime g\u00f6n\u00fcl veren genel okuyucu kitlesinin de g\u00fcvenilir bir bilgi &hellip; Continue reading &quot;Bu Proje&quot;\" \/>\n<meta property=\"og:url\" content=\"https:\/\/egyptologyencyclopedia.org\/de\/bu-proje\/\" \/>\n<meta property=\"og:site_name\" content=\"M\u0131s\u0131rbilim Ansiklopedisi - Egyptology Encyclopedia\" \/>\n<meta property=\"article:modified_time\" content=\"2026-02-10T18:40:46+00:00\" \/>\n<meta name=\"twitter:card\" content=\"summary_large_image\" \/>\n<meta name=\"twitter:label1\" content=\"Gesch\u00e4tzte Lesezeit\" \/>\n\t<meta name=\"twitter:data1\" content=\"3\u00a0Minuten\" \/>\n<script type=\"application\/ld+json\" class=\"yoast-schema-graph\">{\"@context\":\"https:\\\/\\\/schema.org\",\"@graph\":[{\"@type\":\"WebPage\",\"@id\":\"https:\\\/\\\/egyptologyencyclopedia.org\\\/bu-proje\\\/\",\"url\":\"https:\\\/\\\/egyptologyencyclopedia.org\\\/bu-proje\\\/\",\"name\":\"Bu Proje - M\u0131s\u0131rbilim Ansiklopedisi - Egyptology Encyclopedia\",\"isPartOf\":{\"@id\":\"https:\\\/\\\/egyptologyencyclopedia.org\\\/#website\"},\"datePublished\":\"2025-07-25T17:20:38+00:00\",\"dateModified\":\"2026-02-10T18:40:46+00:00\",\"breadcrumb\":{\"@id\":\"https:\\\/\\\/egyptologyencyclopedia.org\\\/bu-proje\\\/#breadcrumb\"},\"inLanguage\":\"de\",\"potentialAction\":[{\"@type\":\"ReadAction\",\"target\":[\"https:\\\/\\\/egyptologyencyclopedia.org\\\/bu-proje\\\/\"]}]},{\"@type\":\"BreadcrumbList\",\"@id\":\"https:\\\/\\\/egyptologyencyclopedia.org\\\/bu-proje\\\/#breadcrumb\",\"itemListElement\":[{\"@type\":\"ListItem\",\"position\":1,\"name\":\"Anasayfa\",\"item\":\"https:\\\/\\\/saddlebrown-ant-958972.hostingersite.com\\\/de\\\/\"},{\"@type\":\"ListItem\",\"position\":2,\"name\":\"Bu Proje\"}]},{\"@type\":\"WebSite\",\"@id\":\"https:\\\/\\\/egyptologyencyclopedia.org\\\/#website\",\"url\":\"https:\\\/\\\/egyptologyencyclopedia.org\\\/\",\"name\":\"M\u0131s\u0131rbilim Ansiklopedisi - Egyptology Encyclopedia\",\"description\":\"\",\"publisher\":{\"@id\":\"https:\\\/\\\/egyptologyencyclopedia.org\\\/#organization\"},\"potentialAction\":[{\"@type\":\"SearchAction\",\"target\":{\"@type\":\"EntryPoint\",\"urlTemplate\":\"https:\\\/\\\/egyptologyencyclopedia.org\\\/?s={search_term_string}\"},\"query-input\":{\"@type\":\"PropertyValueSpecification\",\"valueRequired\":true,\"valueName\":\"search_term_string\"}}],\"inLanguage\":\"de\"},{\"@type\":\"Organization\",\"@id\":\"https:\\\/\\\/egyptologyencyclopedia.org\\\/#organization\",\"name\":\"M\u0131s\u0131rbilim Ansiklopedisi - Egyptology Encyclopedia\",\"url\":\"https:\\\/\\\/egyptologyencyclopedia.org\\\/\",\"logo\":{\"@type\":\"ImageObject\",\"inLanguage\":\"de\",\"@id\":\"https:\\\/\\\/egyptologyencyclopedia.org\\\/#\\\/schema\\\/logo\\\/image\\\/\",\"url\":\"https:\\\/\\\/egyptologyencyclopedia.org\\\/wp-content\\\/uploads\\\/2025\\\/10\\\/cropped-Misirbilim-Ansiklopedisi-2.png\",\"contentUrl\":\"https:\\\/\\\/egyptologyencyclopedia.org\\\/wp-content\\\/uploads\\\/2025\\\/10\\\/cropped-Misirbilim-Ansiklopedisi-2.png\",\"width\":181,\"height\":73,\"caption\":\"M\u0131s\u0131rbilim Ansiklopedisi - Egyptology Encyclopedia\"},\"image\":{\"@id\":\"https:\\\/\\\/egyptologyencyclopedia.org\\\/#\\\/schema\\\/logo\\\/image\\\/\"}}]}<\/script>\n<!-- \/ Yoast SEO plugin. -->","yoast_head_json":{"title":"Bu Proje - M\u0131s\u0131rbilim Ansiklopedisi - Egyptology Encyclopedia","robots":{"index":"index","follow":"follow","max-snippet":"max-snippet:-1","max-image-preview":"max-image-preview:large","max-video-preview":"max-video-preview:-1"},"canonical":"https:\/\/egyptologyencyclopedia.org\/de\/bu-proje\/","og_locale":"de_DE","og_type":"article","og_title":"Bu Proje - M\u0131s\u0131rbilim Ansiklopedisi - Egyptology Encyclopedia","og_description":"M\u0131s\u0131rbilim Ansiklopedisi, Antik M\u0131s\u0131r&#8217;\u0131n binlerce y\u0131ll\u0131k b\u00fcy\u00fcleyici d\u00fcnyas\u0131na modern bir pencere a\u00e7ma, bu kadim uygarl\u0131\u011f\u0131n k\u00f6kl\u00fc tarihini, zengin k\u00fclt\u00fcr\u00fcn\u00fc, mitolojinin derinliklerini ve y\u00fczy\u0131llard\u0131r s\u00fcregelen arkeolojik ke\u015fiflerin heyecan verici sonu\u00e7lar\u0131n\u0131 merakl\u0131lar\u0131yla bulu\u015fturma misyonuyla kurulmu\u015ftur. Kapsaml\u0131 ve detayl\u0131 bilgi i\u00e7eri\u011fiyle, yaln\u0131zca akademisyenlerin ve ara\u015ft\u0131rmac\u0131lar\u0131n de\u011fil, ayn\u0131 zamanda M\u0131s\u0131rbilime g\u00f6n\u00fcl veren genel okuyucu kitlesinin de g\u00fcvenilir bir bilgi &hellip; Continue reading \"Bu Proje\"","og_url":"https:\/\/egyptologyencyclopedia.org\/de\/bu-proje\/","og_site_name":"M\u0131s\u0131rbilim Ansiklopedisi - Egyptology Encyclopedia","article_modified_time":"2026-02-10T18:40:46+00:00","twitter_card":"summary_large_image","twitter_misc":{"Gesch\u00e4tzte Lesezeit":"3\u00a0Minuten"},"schema":{"@context":"https:\/\/schema.org","@graph":[{"@type":"WebPage","@id":"https:\/\/egyptologyencyclopedia.org\/bu-proje\/","url":"https:\/\/egyptologyencyclopedia.org\/bu-proje\/","name":"Bu Proje - M\u0131s\u0131rbilim Ansiklopedisi - Egyptology Encyclopedia","isPartOf":{"@id":"https:\/\/egyptologyencyclopedia.org\/#website"},"datePublished":"2025-07-25T17:20:38+00:00","dateModified":"2026-02-10T18:40:46+00:00","breadcrumb":{"@id":"https:\/\/egyptologyencyclopedia.org\/bu-proje\/#breadcrumb"},"inLanguage":"de","potentialAction":[{"@type":"ReadAction","target":["https:\/\/egyptologyencyclopedia.org\/bu-proje\/"]}]},{"@type":"BreadcrumbList","@id":"https:\/\/egyptologyencyclopedia.org\/bu-proje\/#breadcrumb","itemListElement":[{"@type":"ListItem","position":1,"name":"Anasayfa","item":"https:\/\/saddlebrown-ant-958972.hostingersite.com\/de\/"},{"@type":"ListItem","position":2,"name":"Bu Proje"}]},{"@type":"WebSite","@id":"https:\/\/egyptologyencyclopedia.org\/#website","url":"https:\/\/egyptologyencyclopedia.org\/","name":"M\u0131s\u0131rbilim Ansiklopedisi - Egyptology Encyclopedia","description":"","publisher":{"@id":"https:\/\/egyptologyencyclopedia.org\/#organization"},"potentialAction":[{"@type":"SearchAction","target":{"@type":"EntryPoint","urlTemplate":"https:\/\/egyptologyencyclopedia.org\/?s={search_term_string}"},"query-input":{"@type":"PropertyValueSpecification","valueRequired":true,"valueName":"search_term_string"}}],"inLanguage":"de"},{"@type":"Organization","@id":"https:\/\/egyptologyencyclopedia.org\/#organization","name":"M\u0131s\u0131rbilim Ansiklopedisi - Egyptology Encyclopedia","url":"https:\/\/egyptologyencyclopedia.org\/","logo":{"@type":"ImageObject","inLanguage":"de","@id":"https:\/\/egyptologyencyclopedia.org\/#\/schema\/logo\/image\/","url":"https:\/\/egyptologyencyclopedia.org\/wp-content\/uploads\/2025\/10\/cropped-Misirbilim-Ansiklopedisi-2.png","contentUrl":"https:\/\/egyptologyencyclopedia.org\/wp-content\/uploads\/2025\/10\/cropped-Misirbilim-Ansiklopedisi-2.png","width":181,"height":73,"caption":"M\u0131s\u0131rbilim Ansiklopedisi - Egyptology Encyclopedia"},"image":{"@id":"https:\/\/egyptologyencyclopedia.org\/#\/schema\/logo\/image\/"}}]}},"_hostinger_reach_plugin_has_subscription_block":false,"_hostinger_reach_plugin_is_elementor":false,"uagb_featured_image_src":{"full":false,"thumbnail":false,"medium":false,"medium_large":false,"large":false,"1536x1536":false,"2048x2048":false,"trp-custom-language-flag":false,"post_slider_layout_landscape_large":false,"post_slider_layout_portrait_large":false,"post_slider_layout_square_large":false,"post_slider_layout_landscape":false,"post_slider_layout_portrait":false,"post_slider_layout_square":false,"archaeology-museums-pro-homepage-thumb":false,"mailpoet_newsletter_max":false,"vw-gallery-image-medium":false},"uagb_author_info":{"display_name":"Birkan Ayaz","author_link":"https:\/\/egyptologyencyclopedia.org\/de\/author\/birkanayaz26\/"},"uagb_comment_info":0,"uagb_excerpt":"M\u0131s\u0131rbilim Ansiklopedisi, Antik M\u0131s\u0131r&#8217;\u0131n binlerce y\u0131ll\u0131k b\u00fcy\u00fcleyici d\u00fcnyas\u0131na modern bir pencere a\u00e7ma, bu kadim uygarl\u0131\u011f\u0131n k\u00f6kl\u00fc tarihini, zengin k\u00fclt\u00fcr\u00fcn\u00fc, mitolojinin derinliklerini ve y\u00fczy\u0131llard\u0131r s\u00fcregelen arkeolojik ke\u015fiflerin heyecan verici sonu\u00e7lar\u0131n\u0131 merakl\u0131lar\u0131yla bulu\u015fturma misyonuyla kurulmu\u015ftur. Kapsaml\u0131 ve detayl\u0131 bilgi i\u00e7eri\u011fiyle, yaln\u0131zca akademisyenlerin ve ara\u015ft\u0131rmac\u0131lar\u0131n de\u011fil, ayn\u0131 zamanda M\u0131s\u0131rbilime g\u00f6n\u00fcl veren genel okuyucu kitlesinin de g\u00fcvenilir bir bilgi&hellip;","jetpack_sharing_enabled":true,"_links":{"self":[{"href":"https:\/\/egyptologyencyclopedia.org\/de\/wp-json\/wp\/v2\/pages\/1271","targetHints":{"allow":["GET"]}}],"collection":[{"href":"https:\/\/egyptologyencyclopedia.org\/de\/wp-json\/wp\/v2\/pages"}],"about":[{"href":"https:\/\/egyptologyencyclopedia.org\/de\/wp-json\/wp\/v2\/types\/page"}],"author":[{"embeddable":true,"href":"https:\/\/egyptologyencyclopedia.org\/de\/wp-json\/wp\/v2\/users\/1"}],"replies":[{"embeddable":true,"href":"https:\/\/egyptologyencyclopedia.org\/de\/wp-json\/wp\/v2\/comments?post=1271"}],"version-history":[{"count":10,"href":"https:\/\/egyptologyencyclopedia.org\/de\/wp-json\/wp\/v2\/pages\/1271\/revisions"}],"predecessor-version":[{"id":5892,"href":"https:\/\/egyptologyencyclopedia.org\/de\/wp-json\/wp\/v2\/pages\/1271\/revisions\/5892"}],"wp:attachment":[{"href":"https:\/\/egyptologyencyclopedia.org\/de\/wp-json\/wp\/v2\/media?parent=1271"}],"curies":[{"name":"wp","href":"https:\/\/api.w.org\/{rel}","templated":true}]}}